{"id":2180,"date":"2014-03-10T18:06:00","date_gmt":"2014-03-10T17:06:00","guid":{"rendered":"https:\/\/www.speziell.net\/beta\/?page_id=2180"},"modified":"2025-02-27T13:25:44","modified_gmt":"2025-02-27T12:25:44","slug":"tommy","status":"publish","type":"page","link":"https:\/\/www.speziell.net\/beta\/en\/home\/tommy\/","title":{"rendered":"TOMMY"},"content":{"rendered":"<div data-elementor-type=\"wp-page\" data-elementor-id=\"2180\" class=\"elementor elementor-2180\" data-elementor-post-type=\"page\">\n\t\t\t\t\t\t<section class=\"elementor-section elementor-top-section elementor-element elementor-element-1d8eb51b elementor-section-boxed elementor-section-height-default elementor-section-height-default\" data-id=\"1d8eb51b\" data-element_type=\"section\" data-e-type=\"section\">\n\t\t\t\t\t\t<div class=\"elementor-container elementor-column-gap-default\">\n\t\t\t\t\t<div class=\"elementor-column elementor-col-100 elementor-top-column elementor-element elementor-element-656e20f\" data-id=\"656e20f\" data-element_type=\"column\" data-e-type=\"column\">\n\t\t\t<div class=\"elementor-widget-wrap elementor-element-populated\">\n\t\t\t\t\t\t<div class=\"elementor-element elementor-element-7cf9391f elementor-hidden-mobile elementor-hidden-tablet elementor-widget elementor-widget-image\" data-id=\"7cf9391f\" data-element_type=\"widget\" data-e-type=\"widget\" data-widget_type=\"image.default\">\n\t\t\t\t<div class=\"elementor-widget-container\">\n\t\t\t\t\t\t\t\t\t\t\t\t\t\t\t\t<a href=\"https:\/\/www.speziell.net\/beta\/en\/home\/\">\n\t\t\t\t\t\t\t<img decoding=\"async\" width=\"100\" height=\"100\" src=\"https:\/\/www.speziell.net\/beta\/wp-content\/uploads\/2023\/02\/speziell_logo_grau-1.svg\" class=\"attachment-large size-large wp-image-731\" alt=\"Designstudio speziell\u00ae \u2013 Fleckenstein Pohlmann Schwer GbR\" \/>\t\t\t\t\t\t\t\t<\/a>\n\t\t\t\t\t\t\t\t\t\t\t\t\t\t\t<\/div>\n\t\t\t\t<\/div>\n\t\t\t\t<div class=\"elementor-element elementor-element-2cb34528 elementor-hidden-desktop elementor-widget elementor-widget-image\" data-id=\"2cb34528\" data-element_type=\"widget\" data-e-type=\"widget\" data-widget_type=\"image.default\">\n\t\t\t\t<div class=\"elementor-widget-container\">\n\t\t\t\t\t\t\t\t\t\t\t\t\t\t\t\t<a href=\"https:\/\/www.speziell.net\/beta\/en\/home\/\">\n\t\t\t\t\t\t\t<img decoding=\"async\" width=\"100\" height=\"100\" src=\"https:\/\/www.speziell.net\/beta\/wp-content\/uploads\/2023\/03\/speziell_logo_oSubline.svg\" class=\"attachment-large size-large wp-image-2739\" alt=\"\" \/>\t\t\t\t\t\t\t\t<\/a>\n\t\t\t\t\t\t\t\t\t\t\t\t\t\t\t<\/div>\n\t\t\t\t<\/div>\n\t\t\t\t\t<\/div>\n\t\t<\/div>\n\t\t\t\t\t<\/div>\n\t\t<\/section>\n\t\t\t\t<section class=\"elementor-section elementor-top-section elementor-element elementor-element-135143fc elementor-section-boxed elementor-section-height-default elementor-section-height-default\" data-id=\"135143fc\" data-element_type=\"section\" data-e-type=\"section\">\n\t\t\t\t\t\t<div class=\"elementor-container elementor-column-gap-default\">\n\t\t\t\t\t<div class=\"elementor-column elementor-col-50 elementor-top-column elementor-element elementor-element-5f2f642f\" data-id=\"5f2f642f\" data-element_type=\"column\" data-e-type=\"column\">\n\t\t\t<div class=\"elementor-widget-wrap elementor-element-populated\">\n\t\t\t\t\t\t<div class=\"elementor-element elementor-element-316a458a elementor-widget elementor-widget-heading\" data-id=\"316a458a\" data-element_type=\"widget\" data-e-type=\"widget\" data-widget_type=\"heading.default\">\n\t\t\t\t<div class=\"elementor-widget-container\">\n\t\t\t\t\t<h2 class=\"elementor-heading-title elementor-size-default\">STUDIO DOMO: TOMMY<\/h2>\t\t\t\t<\/div>\n\t\t\t\t<\/div>\n\t\t\t\t<div class=\"elementor-element elementor-element-428bfbe elementor-widget elementor-widget-text-editor\" data-id=\"428bfbe\" data-element_type=\"widget\" data-e-type=\"widget\" data-widget_type=\"text-editor.default\">\n\t\t\t\t<div class=\"elementor-widget-container\">\n\t\t\t\t\t\t\t\t\t<p>Lamp with adjustable head<\/p>\t\t\t\t\t\t\t\t<\/div>\n\t\t\t\t<\/div>\n\t\t\t\t<div class=\"elementor-element elementor-element-160c97d8 elementor-widget elementor-widget-text-editor\" data-id=\"160c97d8\" data-element_type=\"widget\" data-e-type=\"widget\" data-widget_type=\"text-editor.default\">\n\t\t\t\t<div class=\"elementor-widget-container\">\n\t\t\t\t\t\t\t\t\t<p>With TOMMY, the light direction can be adjusted to the respective situation quickly: The back of the shade can be tightened anywhere in the curved wire frame like a toggle. Depending on the position, the light shines towards the ceiling, the wall or diagonally. In this way, TOMMY becomes either a ceiling floodlight, a mood light or a reading lamp.<\/p>\n<p>A coloured textile cable supplies the movable light module with power. All LEDs, energy-saving lamps or incandescent lamps with the common E 27 base are suitable as light sources.<\/p>\n<p>The chrome-plated wire frame is firmly supported on a stable cast metal base and can optionally be fitted with a second lampshade.<\/p><p>Award:<br>-German Design Award: Nominee 2015<\/p><p>Manufacturer:<br><a href=\"http:\/\/studiodomo.net\/en\" target=\"_blank\" rel=\"noopener\">http:\/\/studiodomo.net\/en<\/a><\/p>\n<p><br><\/p>\t\t\t\t\t\t\t\t<\/div>\n\t\t\t\t<\/div>\n\t\t\t\t\t<\/div>\n\t\t<\/div>\n\t\t\t\t<div class=\"elementor-column elementor-col-50 elementor-top-column elementor-element elementor-element-3b182def\" data-id=\"3b182def\" data-element_type=\"column\" data-e-type=\"column\">\n\t\t\t<div class=\"elementor-widget-wrap elementor-element-populated\">\n\t\t\t\t\t\t<div class=\"elementor-element elementor-element-5e6df1c elementor-widget elementor-widget-gallery\" data-id=\"5e6df1c\" data-element_type=\"widget\" data-e-type=\"widget\" data-settings=\"{&quot;gallery_layout&quot;:&quot;masonry&quot;,&quot;columns&quot;:2,&quot;lazyload&quot;:&quot;yes&quot;,&quot;columns_tablet&quot;:2,&quot;columns_mobile&quot;:1,&quot;gap&quot;:{&quot;unit&quot;:&quot;px&quot;,&quot;size&quot;:10,&quot;sizes&quot;:[]},&quot;gap_tablet&quot;:{&quot;unit&quot;:&quot;px&quot;,&quot;size&quot;:10,&quot;sizes&quot;:[]},&quot;gap_mobile&quot;:{&quot;unit&quot;:&quot;px&quot;,&quot;size&quot;:10,&quot;sizes&quot;:[]},&quot;link_to&quot;:&quot;file&quot;,&quot;overlay_background&quot;:&quot;yes&quot;,&quot;content_hover_animation&quot;:&quot;fade-in&quot;}\" data-widget_type=\"gallery.default\">\n\t\t\t\t<div class=\"elementor-widget-container\">\n\t\t\t\t\t\t\t<div class=\"elementor-gallery__container\">\n\t\t\t\t\t\t\t<a class=\"e-gallery-item elementor-gallery-item elementor-animated-content\" href=\"https:\/\/www.speziell.net\/beta\/wp-content\/uploads\/2023\/03\/2014_Studio-Domo_TOMMY_by_speziell_1-Funktion.jpg\" data-elementor-open-lightbox=\"yes\" data-elementor-lightbox-slideshow=\"5e6df1c\" data-elementor-lightbox-title=\"2014_Studio Domo_TOMMY_by_speziell_1 Funktion\" data-elementor-lightbox-description=\"Studio Domo: Leuchte Tommy by Designstudio speziell\u00ae \u2013 Durch den Klemmechanismus kann die Position des Leuchtenkopfs einfach ver\u00e4ndert werden\" data-e-action-hash=\"#elementor-action%3Aaction%3Dlightbox%26settings%3DeyJpZCI6MjE4MiwidXJsIjoiaHR0cHM6XC9cL3d3dy5zcGV6aWVsbC5uZXRcL2JldGFcL3dwLWNvbnRlbnRcL3VwbG9hZHNcLzIwMjNcLzAzXC8yMDE0X1N0dWRpby1Eb21vX1RPTU1ZX2J5X3NwZXppZWxsXzEtRnVua3Rpb24uanBnIiwic2xpZGVzaG93IjoiNWU2ZGYxYyJ9\">\n\t\t\t\t\t<div class=\"e-gallery-image elementor-gallery-item__image\" data-thumbnail=\"https:\/\/www.speziell.net\/beta\/wp-content\/uploads\/2023\/03\/2014_Studio-Domo_TOMMY_by_speziell_1-Funktion-1024x1024.jpg\" data-width=\"800\" data-height=\"800\" aria-label=\"Studio Domo: Leuchte Tommy by Designstudio speziell\u00ae \u2013 Durch den Klemmechanismus kann die Position des Leuchtenkopfs einfach ver\u00e4ndert werden\" role=\"img\" ><\/div>\n\t\t\t\t\t\t\t\t\t\t\t<div class=\"elementor-gallery-item__overlay\"><\/div>\n\t\t\t\t\t\t\t\t\t\t\t\t\t\t<\/a>\n\t\t\t\t\t\t\t<a class=\"e-gallery-item elementor-gallery-item elementor-animated-content\" href=\"https:\/\/www.speziell.net\/beta\/wp-content\/uploads\/2023\/03\/2014_Studio-Domo_TOMMY_by_speziell_3-Ausrichtungen.jpg\" data-elementor-open-lightbox=\"yes\" data-elementor-lightbox-slideshow=\"5e6df1c\" data-elementor-lightbox-title=\"2014_Studio Domo_TOMMY_by_speziell_3 Ausrichtungen\" data-elementor-lightbox-description=\"Studio Domo: Leuchte Tommy by Designstudio speziell\u00ae \u2013 Der Leuchtenkopf l\u00e4sst sich in drei Positionen fixieren und erzeugt unterschiedliche Lichtstimmungen \" data-e-action-hash=\"#elementor-action%3Aaction%3Dlightbox%26settings%3DeyJpZCI6MjE4NCwidXJsIjoiaHR0cHM6XC9cL3d3dy5zcGV6aWVsbC5uZXRcL2JldGFcL3dwLWNvbnRlbnRcL3VwbG9hZHNcLzIwMjNcLzAzXC8yMDE0X1N0dWRpby1Eb21vX1RPTU1ZX2J5X3NwZXppZWxsXzMtQXVzcmljaHR1bmdlbi5qcGciLCJzbGlkZXNob3ciOiI1ZTZkZjFjIn0%3D\">\n\t\t\t\t\t<div class=\"e-gallery-image elementor-gallery-item__image\" data-thumbnail=\"https:\/\/www.speziell.net\/beta\/wp-content\/uploads\/2023\/03\/2014_Studio-Domo_TOMMY_by_speziell_3-Ausrichtungen-1024x621.jpg\" data-width=\"800\" data-height=\"485\" aria-label=\"Studio Domo: Leuchte Tommy by Designstudio speziell\u00ae \u2013 Der Leuchtenkopf l\u00e4sst sich in drei Positionen fixieren und erzeugt unterschiedliche Lichtstimmungen\" role=\"img\" ><\/div>\n\t\t\t\t\t\t\t\t\t\t\t<div class=\"elementor-gallery-item__overlay\"><\/div>\n\t\t\t\t\t\t\t\t\t\t\t\t\t\t<\/a>\n\t\t\t\t\t\t\t<a class=\"e-gallery-item elementor-gallery-item elementor-animated-content\" href=\"https:\/\/www.speziell.net\/beta\/wp-content\/uploads\/2023\/03\/2014_Studio-Domo_TOMMY_by_speziell_Location-3.jpg\" data-elementor-open-lightbox=\"yes\" data-elementor-lightbox-slideshow=\"5e6df1c\" data-elementor-lightbox-title=\"2014_Studio Domo_TOMMY_by_speziell_Location 3\" data-elementor-lightbox-description=\"Studio Domo: Leuchte Tommy by Designstudio speziell\u00ae \u2013 Ist der Leuchtenkopf nach oben gestellt, entsteht ein stimmungsvolles indirektes Licht\" data-e-action-hash=\"#elementor-action%3Aaction%3Dlightbox%26settings%3DeyJpZCI6MjE5MCwidXJsIjoiaHR0cHM6XC9cL3d3dy5zcGV6aWVsbC5uZXRcL2JldGFcL3dwLWNvbnRlbnRcL3VwbG9hZHNcLzIwMjNcLzAzXC8yMDE0X1N0dWRpby1Eb21vX1RPTU1ZX2J5X3NwZXppZWxsX0xvY2F0aW9uLTMuanBnIiwic2xpZGVzaG93IjoiNWU2ZGYxYyJ9\">\n\t\t\t\t\t<div class=\"e-gallery-image elementor-gallery-item__image\" data-thumbnail=\"https:\/\/www.speziell.net\/beta\/wp-content\/uploads\/2023\/03\/2014_Studio-Domo_TOMMY_by_speziell_Location-3-588x1024.jpg\" data-width=\"588\" data-height=\"1024\" aria-label=\"Studio Domo: Leuchte Tommy by Designstudio speziell\u00ae \u2013 Ist der Leuchtenkopf nach oben gestellt, entsteht ein stimmungsvolles indirektes Licht\" role=\"img\" ><\/div>\n\t\t\t\t\t\t\t\t\t\t\t<div class=\"elementor-gallery-item__overlay\"><\/div>\n\t\t\t\t\t\t\t\t\t\t\t\t\t\t<\/a>\n\t\t\t\t\t\t\t<a class=\"e-gallery-item elementor-gallery-item elementor-animated-content\" href=\"https:\/\/www.speziell.net\/beta\/wp-content\/uploads\/2023\/03\/2014_Studio-Domo_TOMMY_by_speziell_Location-2.jpg\" data-elementor-open-lightbox=\"yes\" data-elementor-lightbox-slideshow=\"5e6df1c\" data-elementor-lightbox-title=\"2014_Studio Domo_TOMMY_by_speziell_Location 2\" data-elementor-lightbox-description=\"Studio Domo: Leuchte Tommy by Designstudio speziell\u00ae \u2013 Ist der Leuchtenkopf vertikal ausgerichtet, fungiert Tommy als Deckenfluter\" data-e-action-hash=\"#elementor-action%3Aaction%3Dlightbox%26settings%3DeyJpZCI6MjE4OSwidXJsIjoiaHR0cHM6XC9cL3d3dy5zcGV6aWVsbC5uZXRcL2JldGFcL3dwLWNvbnRlbnRcL3VwbG9hZHNcLzIwMjNcLzAzXC8yMDE0X1N0dWRpby1Eb21vX1RPTU1ZX2J5X3NwZXppZWxsX0xvY2F0aW9uLTIuanBnIiwic2xpZGVzaG93IjoiNWU2ZGYxYyJ9\">\n\t\t\t\t\t<div class=\"e-gallery-image elementor-gallery-item__image\" data-thumbnail=\"https:\/\/www.speziell.net\/beta\/wp-content\/uploads\/2023\/03\/2014_Studio-Domo_TOMMY_by_speziell_Location-2-588x1024.jpg\" data-width=\"588\" data-height=\"1024\" aria-label=\"Studio Domo: Leuchte Tommy by Designstudio speziell\u00ae \u2013 Ist der Leuchtenkopf vertikal ausgerichtet, fungiert Tommy als Deckenfluter\" role=\"img\" ><\/div>\n\t\t\t\t\t\t\t\t\t\t\t<div class=\"elementor-gallery-item__overlay\"><\/div>\n\t\t\t\t\t\t\t\t\t\t\t\t\t\t<\/a>\n\t\t\t\t\t\t\t<a class=\"e-gallery-item elementor-gallery-item elementor-animated-content\" href=\"https:\/\/www.speziell.net\/beta\/wp-content\/uploads\/2023\/03\/2014_Studio-Domo_TOMMY_by_speziell_Location-1.jpg\" data-elementor-open-lightbox=\"yes\" data-elementor-lightbox-slideshow=\"5e6df1c\" data-elementor-lightbox-title=\"2014_Studio Domo_TOMMY_by_speziell_Location 1\" data-elementor-lightbox-description=\"Studio Domo: Leuchte Tommy by Designstudio speziell\u00ae \u2013 Ein nach unten gerichteter Leuchtenkopf erzeugt ein Arbeitslicht\" data-e-action-hash=\"#elementor-action%3Aaction%3Dlightbox%26settings%3DeyJpZCI6MjE4OCwidXJsIjoiaHR0cHM6XC9cL3d3dy5zcGV6aWVsbC5uZXRcL2JldGFcL3dwLWNvbnRlbnRcL3VwbG9hZHNcLzIwMjNcLzAzXC8yMDE0X1N0dWRpby1Eb21vX1RPTU1ZX2J5X3NwZXppZWxsX0xvY2F0aW9uLTEuanBnIiwic2xpZGVzaG93IjoiNWU2ZGYxYyJ9\">\n\t\t\t\t\t<div class=\"e-gallery-image elementor-gallery-item__image\" data-thumbnail=\"https:\/\/www.speziell.net\/beta\/wp-content\/uploads\/2023\/03\/2014_Studio-Domo_TOMMY_by_speziell_Location-1-711x1024.jpg\" data-width=\"711\" data-height=\"1024\" aria-label=\"Studio Domo: Leuchte Tommy by Designstudio speziell\u00ae \u2013 Ein nach unten gerichteter Leuchtenkopf erzeugt ein Arbeitslicht\" role=\"img\" ><\/div>\n\t\t\t\t\t\t\t\t\t\t\t<div class=\"elementor-gallery-item__overlay\"><\/div>\n\t\t\t\t\t\t\t\t\t\t\t\t\t\t<\/a>\n\t\t\t\t\t\t\t<a class=\"e-gallery-item elementor-gallery-item elementor-animated-content\" href=\"https:\/\/www.speziell.net\/beta\/wp-content\/uploads\/2023\/03\/2014_Studio-Domo_TOMMY_by_speziell_Stimmungsbild.jpg\" data-elementor-open-lightbox=\"yes\" data-elementor-lightbox-slideshow=\"5e6df1c\" data-elementor-lightbox-title=\"2014_Studio Domo_TOMMY_by_speziell_Stimmungsbild\" data-elementor-lightbox-description=\"Studio Domo: Leuchte Tommy by Designstudio speziell\u00ae \u2013 Die filigrane Lecuhte wirkt im Raum grafisch\" data-e-action-hash=\"#elementor-action%3Aaction%3Dlightbox%26settings%3DeyJpZCI6MjE5MSwidXJsIjoiaHR0cHM6XC9cL3d3dy5zcGV6aWVsbC5uZXRcL2JldGFcL3dwLWNvbnRlbnRcL3VwbG9hZHNcLzIwMjNcLzAzXC8yMDE0X1N0dWRpby1Eb21vX1RPTU1ZX2J5X3NwZXppZWxsX1N0aW1tdW5nc2JpbGQuanBnIiwic2xpZGVzaG93IjoiNWU2ZGYxYyJ9\">\n\t\t\t\t\t<div class=\"e-gallery-image elementor-gallery-item__image\" data-thumbnail=\"https:\/\/www.speziell.net\/beta\/wp-content\/uploads\/2023\/03\/2014_Studio-Domo_TOMMY_by_speziell_Stimmungsbild-683x1024.jpg\" data-width=\"683\" data-height=\"1024\" aria-label=\"Studio Domo: Leuchte Tommy by Designstudio speziell\u00ae \u2013 Die filigrane Lecuhte wirkt im Raum grafisch\" role=\"img\" ><\/div>\n\t\t\t\t\t\t\t\t\t\t\t<div class=\"elementor-gallery-item__overlay\"><\/div>\n\t\t\t\t\t\t\t\t\t\t\t\t\t\t<\/a>\n\t\t\t\t\t\t\t<a class=\"e-gallery-item elementor-gallery-item elementor-animated-content\" href=\"https:\/\/www.speziell.net\/beta\/wp-content\/uploads\/2023\/03\/2014_Studio-Domo_TOMMY_by_speziell_Freisteller.jpg\" data-elementor-open-lightbox=\"yes\" data-elementor-lightbox-slideshow=\"5e6df1c\" data-elementor-lightbox-title=\"2014_Studio Domo_TOMMY_by_speziell_Freisteller\" data-elementor-lightbox-description=\"Studio Domo: Leuchte Tommy by Designstudio speziell\u00ae \u2013 Der skulpturale Leuchtenkopf kontrastiert visuell das Drahtgestell\" data-e-action-hash=\"#elementor-action%3Aaction%3Dlightbox%26settings%3DeyJpZCI6MjE4NywidXJsIjoiaHR0cHM6XC9cL3d3dy5zcGV6aWVsbC5uZXRcL2JldGFcL3dwLWNvbnRlbnRcL3VwbG9hZHNcLzIwMjNcLzAzXC8yMDE0X1N0dWRpby1Eb21vX1RPTU1ZX2J5X3NwZXppZWxsX0ZyZWlzdGVsbGVyLmpwZyIsInNsaWRlc2hvdyI6IjVlNmRmMWMifQ%3D%3D\">\n\t\t\t\t\t<div class=\"e-gallery-image elementor-gallery-item__image\" data-thumbnail=\"https:\/\/www.speziell.net\/beta\/wp-content\/uploads\/2023\/03\/2014_Studio-Domo_TOMMY_by_speziell_Freisteller-530x1024.jpg\" data-width=\"530\" data-height=\"1024\" aria-label=\"Studio Domo: Leuchte Tommy by Designstudio speziell\u00ae \u2013 Der skulpturale Leuchtenkopf kontrastiert visuell das Drahtgestell\" role=\"img\" ><\/div>\n\t\t\t\t\t\t\t\t\t\t\t<div class=\"elementor-gallery-item__overlay\"><\/div>\n\t\t\t\t\t\t\t\t\t\t\t\t\t\t<\/a>\n\t\t\t\t\t\t\t<a class=\"e-gallery-item elementor-gallery-item elementor-animated-content\" href=\"https:\/\/www.speziell.net\/beta\/wp-content\/uploads\/2023\/10\/2014_Studio-Domo_TOMMY_by_speziell_Black_2.jpg\" data-elementor-open-lightbox=\"yes\" data-elementor-lightbox-slideshow=\"5e6df1c\" data-elementor-lightbox-title=\"2014_Studio Domo_TOMMY_by_speziell_Black_2\" data-elementor-lightbox-description=\"Studio Domo: Leuchte Tommy by Designstudio speziell\u00ae \u2013 In schwarzer Ausf\u00fchrung wirkt die Gestalt wie Typografie\" data-e-action-hash=\"#elementor-action%3Aaction%3Dlightbox%26settings%3DeyJpZCI6NDUyMCwidXJsIjoiaHR0cHM6XC9cL3d3dy5zcGV6aWVsbC5uZXRcL2JldGFcL3dwLWNvbnRlbnRcL3VwbG9hZHNcLzIwMjNcLzEwXC8yMDE0X1N0dWRpby1Eb21vX1RPTU1ZX2J5X3NwZXppZWxsX0JsYWNrXzIuanBnIiwic2xpZGVzaG93IjoiNWU2ZGYxYyJ9\">\n\t\t\t\t\t<div class=\"e-gallery-image elementor-gallery-item__image\" data-thumbnail=\"https:\/\/www.speziell.net\/beta\/wp-content\/uploads\/2023\/10\/2014_Studio-Domo_TOMMY_by_speziell_Black_2-1024x1024.jpg\" data-width=\"800\" data-height=\"800\" aria-label=\"Studio Domo: Leuchte Tommy by Designstudio speziell\u00ae \u2013 In schwarzer Ausf\u00fchrung wirkt die Gestalt wie Typografie\" role=\"img\" ><\/div>\n\t\t\t\t\t\t\t\t\t\t\t<div class=\"elementor-gallery-item__overlay\"><\/div>\n\t\t\t\t\t\t\t\t\t\t\t\t\t\t<\/a>\n\t\t\t\t\t<\/div>\n\t\t\t\t\t<\/div>\n\t\t\t\t<\/div>\n\t\t\t\t\t<\/div>\n\t\t<\/div>\n\t\t\t\t\t<\/div>\n\t\t<\/section>\n\t\t\t\t<\/div>","protected":false},"excerpt":{"rendered":"<p>STUDIO DOMO: TOMMY Leuchte mit verstellbarem Kopf Bei TOMMY l\u00e4sst sich die Lichtausrichtung im Handumdrehen an die jeweilige Situation anpassen: Die R\u00fcckseite des Schirmes kann wie ein Knebel \u00fcberall im gebogenen Drahtgestell verspannt werden. Je nach Position strahlt das Licht gegen die Decke, die Wand oder diagonal. So wird TOMMY wahlweise zum Deckenfluter, zum Stimmungslicht [&hellip;]<\/p>\n","protected":false},"author":1,"featured_media":2185,"parent":9,"menu_order":0,"comment_status":"closed","ping_status":"closed","template":"","meta":{"footnotes":""},"class_list":["post-2180","page","type-page","status-publish","has-post-thumbnail","hentry"],"_links":{"self":[{"href":"https:\/\/www.speziell.net\/beta\/en\/wp-json\/wp\/v2\/pages\/2180","targetHints":{"allow":["GET"]}}],"collection":[{"href":"https:\/\/www.speziell.net\/beta\/en\/wp-json\/wp\/v2\/pages"}],"about":[{"href":"https:\/\/www.speziell.net\/beta\/en\/wp-json\/wp\/v2\/types\/page"}],"author":[{"embeddable":true,"href":"https:\/\/www.speziell.net\/beta\/en\/wp-json\/wp\/v2\/users\/1"}],"replies":[{"embeddable":true,"href":"https:\/\/www.speziell.net\/beta\/en\/wp-json\/wp\/v2\/comments?post=2180"}],"version-history":[{"count":42,"href":"https:\/\/www.speziell.net\/beta\/en\/wp-json\/wp\/v2\/pages\/2180\/revisions"}],"predecessor-version":[{"id":5320,"href":"https:\/\/www.speziell.net\/beta\/en\/wp-json\/wp\/v2\/pages\/2180\/revisions\/5320"}],"up":[{"embeddable":true,"href":"https:\/\/www.speziell.net\/beta\/en\/wp-json\/wp\/v2\/pages\/9"}],"wp:featuredmedia":[{"embeddable":true,"href":"https:\/\/www.speziell.net\/beta\/en\/wp-json\/wp\/v2\/media\/2185"}],"wp:attachment":[{"href":"https:\/\/www.speziell.net\/beta\/en\/wp-json\/wp\/v2\/media?parent=2180"}],"curies":[{"name":"wp","href":"https:\/\/api.w.org\/{rel}","templated":true}]}}