{"id":2247,"date":"2004-03-13T12:09:00","date_gmt":"2004-03-13T11:09:00","guid":{"rendered":"https:\/\/www.speziell.net\/beta\/?page_id=2247"},"modified":"2023-11-06T11:50:44","modified_gmt":"2023-11-06T10:50:44","slug":"polly","status":"publish","type":"page","link":"https:\/\/www.speziell.net\/beta\/en\/home\/polly\/","title":{"rendered":"POLLY"},"content":{"rendered":"<div data-elementor-type=\"wp-page\" data-elementor-id=\"2247\" class=\"elementor elementor-2247\" data-elementor-post-type=\"page\">\n\t\t\t\t\t\t<section class=\"elementor-section elementor-top-section elementor-element elementor-element-65334b5e elementor-section-boxed elementor-section-height-default elementor-section-height-default\" data-id=\"65334b5e\" data-element_type=\"section\" data-e-type=\"section\">\n\t\t\t\t\t\t<div class=\"elementor-container elementor-column-gap-default\">\n\t\t\t\t\t<div class=\"elementor-column elementor-col-100 elementor-top-column elementor-element elementor-element-5f1b74fd\" data-id=\"5f1b74fd\" data-element_type=\"column\" data-e-type=\"column\">\n\t\t\t<div class=\"elementor-widget-wrap elementor-element-populated\">\n\t\t\t\t\t\t<div class=\"elementor-element elementor-element-258d2de9 elementor-hidden-mobile elementor-hidden-tablet elementor-widget elementor-widget-image\" data-id=\"258d2de9\" data-element_type=\"widget\" data-e-type=\"widget\" data-widget_type=\"image.default\">\n\t\t\t\t<div class=\"elementor-widget-container\">\n\t\t\t\t\t\t\t\t\t\t\t\t\t\t\t\t<a href=\"https:\/\/www.speziell.net\/beta\/en\/home\/\">\n\t\t\t\t\t\t\t<img decoding=\"async\" width=\"100\" height=\"100\" src=\"https:\/\/www.speziell.net\/beta\/wp-content\/uploads\/2023\/02\/speziell_logo_grau-1.svg\" class=\"attachment-large size-large wp-image-731\" alt=\"Designstudio speziell\u00ae \u2013 Fleckenstein Pohlmann Schwer GbR\" \/>\t\t\t\t\t\t\t\t<\/a>\n\t\t\t\t\t\t\t\t\t\t\t\t\t\t\t<\/div>\n\t\t\t\t<\/div>\n\t\t\t\t<div class=\"elementor-element elementor-element-3cdbb3a elementor-hidden-desktop elementor-widget elementor-widget-image\" data-id=\"3cdbb3a\" data-element_type=\"widget\" data-e-type=\"widget\" data-widget_type=\"image.default\">\n\t\t\t\t<div class=\"elementor-widget-container\">\n\t\t\t\t\t\t\t\t\t\t\t\t\t\t\t\t<a href=\"https:\/\/www.speziell.net\/beta\/en\/home\/\">\n\t\t\t\t\t\t\t<img decoding=\"async\" width=\"100\" height=\"100\" src=\"https:\/\/www.speziell.net\/beta\/wp-content\/uploads\/2023\/03\/speziell_logo_oSubline.svg\" class=\"attachment-large size-large wp-image-2739\" alt=\"\" \/>\t\t\t\t\t\t\t\t<\/a>\n\t\t\t\t\t\t\t\t\t\t\t\t\t\t\t<\/div>\n\t\t\t\t<\/div>\n\t\t\t\t\t<\/div>\n\t\t<\/div>\n\t\t\t\t\t<\/div>\n\t\t<\/section>\n\t\t\t\t<section class=\"elementor-section elementor-top-section elementor-element elementor-element-7d586326 elementor-section-boxed elementor-section-height-default elementor-section-height-default\" data-id=\"7d586326\" data-element_type=\"section\" data-e-type=\"section\">\n\t\t\t\t\t\t<div class=\"elementor-container elementor-column-gap-default\">\n\t\t\t\t\t<div class=\"elementor-column elementor-col-50 elementor-top-column elementor-element elementor-element-4ab45f63\" data-id=\"4ab45f63\" data-element_type=\"column\" data-e-type=\"column\">\n\t\t\t<div class=\"elementor-widget-wrap elementor-element-populated\">\n\t\t\t\t\t\t<div class=\"elementor-element elementor-element-5026feca elementor-widget elementor-widget-heading\" data-id=\"5026feca\" data-element_type=\"widget\" data-e-type=\"widget\" data-widget_type=\"heading.default\">\n\t\t\t\t<div class=\"elementor-widget-container\">\n\t\t\t\t\t<h2 class=\"elementor-heading-title elementor-size-default\">STUDIO DOMO: POLLY<\/h2>\t\t\t\t<\/div>\n\t\t\t\t<\/div>\n\t\t\t\t<div class=\"elementor-element elementor-element-7c23e3a1 elementor-widget elementor-widget-text-editor\" data-id=\"7c23e3a1\" data-element_type=\"widget\" data-e-type=\"widget\" data-widget_type=\"text-editor.default\">\n\t\t\t\t<div class=\"elementor-widget-container\">\n\t\t\t\t\t\t\t\t\t<p>Laundry Basket<\/p>\t\t\t\t\t\t\t\t<\/div>\n\t\t\t\t<\/div>\n\t\t\t\t<div class=\"elementor-element elementor-element-4ed9385e elementor-widget elementor-widget-text-editor\" data-id=\"4ed9385e\" data-element_type=\"widget\" data-e-type=\"widget\" data-widget_type=\"text-editor.default\">\n\t\t\t\t<div class=\"elementor-widget-container\">\n\t\t\t\t\t\t\t\t\t<p>The laundry basket hangs on a wire frame and can be taken off. With its carrying handles and high-quality material, it has the appearance of an elegant bag. It is a convenient way of taking worn clothing to the washing machine or laundry. The three-dimensional textile material is stable and light, and its pores ensure good aeration.<\/p><p>When POLLY is empty, the surrounding collar can be put on the frame with just a few swift moves.<\/p><p>To collect coloureds separately from whites and woollen items, several POLLYs can be connected with a linking element. They thus form an orderly row.<\/p><p>Award:<br \/>-iF product design award 2015<\/p><p>Manufacturer:<br \/><a href=\"http:\/\/studiodomo.net\/en\" target=\"_blank\" rel=\"noopener\">http:\/\/studiodomo.net\/en<\/a><\/p><p>\u00a0<\/p>\t\t\t\t\t\t\t\t<\/div>\n\t\t\t\t<\/div>\n\t\t\t\t\t<\/div>\n\t\t<\/div>\n\t\t\t\t<div class=\"elementor-column elementor-col-50 elementor-top-column elementor-element elementor-element-2b38a89a\" data-id=\"2b38a89a\" data-element_type=\"column\" data-e-type=\"column\">\n\t\t\t<div class=\"elementor-widget-wrap elementor-element-populated\">\n\t\t\t\t\t\t<div class=\"elementor-element elementor-element-58a2efe8 elementor-widget elementor-widget-gallery\" data-id=\"58a2efe8\" data-element_type=\"widget\" data-e-type=\"widget\" data-settings=\"{&quot;gallery_layout&quot;:&quot;masonry&quot;,&quot;columns&quot;:2,&quot;lazyload&quot;:&quot;yes&quot;,&quot;columns_tablet&quot;:2,&quot;columns_mobile&quot;:1,&quot;gap&quot;:{&quot;unit&quot;:&quot;px&quot;,&quot;size&quot;:10,&quot;sizes&quot;:[]},&quot;gap_tablet&quot;:{&quot;unit&quot;:&quot;px&quot;,&quot;size&quot;:10,&quot;sizes&quot;:[]},&quot;gap_mobile&quot;:{&quot;unit&quot;:&quot;px&quot;,&quot;size&quot;:10,&quot;sizes&quot;:[]},&quot;link_to&quot;:&quot;file&quot;,&quot;overlay_background&quot;:&quot;yes&quot;,&quot;content_hover_animation&quot;:&quot;fade-in&quot;}\" data-widget_type=\"gallery.default\">\n\t\t\t\t<div class=\"elementor-widget-container\">\n\t\t\t\t\t\t\t<div class=\"elementor-gallery__container\">\n\t\t\t\t\t\t\t<a class=\"e-gallery-item elementor-gallery-item elementor-animated-content\" href=\"https:\/\/www.speziell.net\/beta\/wp-content\/uploads\/2023\/03\/2014_StudioDomo_POLLY_by_speziell_gereiht.jpg\" data-elementor-open-lightbox=\"yes\" data-elementor-lightbox-slideshow=\"58a2efe8\" data-elementor-lightbox-title=\"2014_StudioDomo_POLLY_by_speziell_gereiht\" data-elementor-lightbox-description=\"Studio Domo: W\u00e4schesammler Polly by Designstudio speziell\u00ae \u2013 Der W\u00e4schesack besteht aus einem Abstandsgewirke f\u00fcr gute Durchl\u00fcftung, er kann abgenommen werden, um die W\u00e4sche zu transportieren\" data-e-action-hash=\"#elementor-action%3Aaction%3Dlightbox%26settings%3DeyJpZCI6MjI0NSwidXJsIjoiaHR0cHM6XC9cL3d3dy5zcGV6aWVsbC5uZXRcL2JldGFcL3dwLWNvbnRlbnRcL3VwbG9hZHNcLzIwMjNcLzAzXC8yMDE0X1N0dWRpb0RvbW9fUE9MTFlfYnlfc3BlemllbGxfZ2VyZWlodC5qcGciLCJzbGlkZXNob3ciOiI1OGEyZWZlOCJ9\">\n\t\t\t\t\t<div class=\"e-gallery-image elementor-gallery-item__image\" data-thumbnail=\"https:\/\/www.speziell.net\/beta\/wp-content\/uploads\/2023\/03\/2014_StudioDomo_POLLY_by_speziell_gereiht-763x1024.jpg\" data-width=\"763\" data-height=\"1024\" aria-label=\"Studio Domo: W\u00e4schesammler Polly by Designstudio speziell\u00ae \u2013 Der W\u00e4schesack besteht aus einem Abstandsgewirke f\u00fcr gute Durchl\u00fcftung, er kann abgenommen werden, um die W\u00e4sche zu transportieren\" role=\"img\" ><\/div>\n\t\t\t\t\t\t\t\t\t\t\t<div class=\"elementor-gallery-item__overlay\"><\/div>\n\t\t\t\t\t\t\t\t\t\t\t\t\t\t<\/a>\n\t\t\t\t\t\t\t<a class=\"e-gallery-item elementor-gallery-item elementor-animated-content\" href=\"https:\/\/www.speziell.net\/beta\/wp-content\/uploads\/2023\/03\/2014_StudioDomo_POLLY_by_speziell_portabel.jpg\" data-elementor-open-lightbox=\"yes\" data-elementor-lightbox-slideshow=\"58a2efe8\" data-elementor-lightbox-title=\"2014_StudioDomo_POLLY_by_speziell_portabel\" data-elementor-lightbox-description=\"Studio Domo: W\u00e4schesammler Polly by Designstudio speziell\u00ae \u2013 Der W\u00e4schesack besteht aus einem Abstandsgewirke f\u00fcr gute Durchl\u00fcftung, er kann abgenommen werden, um die W\u00e4sche zu transportieren\" data-e-action-hash=\"#elementor-action%3Aaction%3Dlightbox%26settings%3DeyJpZCI6MjI0NiwidXJsIjoiaHR0cHM6XC9cL3d3dy5zcGV6aWVsbC5uZXRcL2JldGFcL3dwLWNvbnRlbnRcL3VwbG9hZHNcLzIwMjNcLzAzXC8yMDE0X1N0dWRpb0RvbW9fUE9MTFlfYnlfc3BlemllbGxfcG9ydGFiZWwuanBnIiwic2xpZGVzaG93IjoiNThhMmVmZTgifQ%3D%3D\">\n\t\t\t\t\t<div class=\"e-gallery-image elementor-gallery-item__image\" data-thumbnail=\"https:\/\/www.speziell.net\/beta\/wp-content\/uploads\/2023\/03\/2014_StudioDomo_POLLY_by_speziell_portabel-763x1024.jpg\" data-width=\"763\" data-height=\"1024\" aria-label=\"Studio Domo: W\u00e4schesammler Polly by Designstudio speziell\u00ae \u2013 Der W\u00e4schesack besteht aus einem Abstandsgewirke f\u00fcr gute Durchl\u00fcftung, er kann abgenommen werden, um die W\u00e4sche zu transportieren\" role=\"img\" ><\/div>\n\t\t\t\t\t\t\t\t\t\t\t<div class=\"elementor-gallery-item__overlay\"><\/div>\n\t\t\t\t\t\t\t\t\t\t\t\t\t\t<\/a>\n\t\t\t\t\t<\/div>\n\t\t\t\t\t<\/div>\n\t\t\t\t<\/div>\n\t\t\t\t\t<\/div>\n\t\t<\/div>\n\t\t\t\t\t<\/div>\n\t\t<\/section>\n\t\t\t\t<\/div>","protected":false},"excerpt":{"rendered":"<p>STUDIO DOMO: POLLY W\u00e4schesammler Der W\u00e4schesammler h\u00e4ngt auf einem Drahtgestell und kann abgenommen werden. Mit seinen Tragegriffen und dem hochwertigen Material wirkt er wie eine elegante Tasche. Gebrauchte Kleidung wird so komfortabel zur Waschmaschine oder in die W\u00e4scherei gebracht. Das dreidimensionale Textilmaterial ist stabil und leicht, seine Poren sorgen f\u00fcr eine gute Durchl\u00fcftung. Wenn POLLY [&hellip;]<\/p>\n","protected":false},"author":1,"featured_media":2245,"parent":9,"menu_order":0,"comment_status":"closed","ping_status":"closed","template":"","meta":{"footnotes":""},"class_list":["post-2247","page","type-page","status-publish","has-post-thumbnail","hentry"],"_links":{"self":[{"href":"https:\/\/www.speziell.net\/beta\/en\/wp-json\/wp\/v2\/pages\/2247","targetHints":{"allow":["GET"]}}],"collection":[{"href":"https:\/\/www.speziell.net\/beta\/en\/wp-json\/wp\/v2\/pages"}],"about":[{"href":"https:\/\/www.speziell.net\/beta\/en\/wp-json\/wp\/v2\/types\/page"}],"author":[{"embeddable":true,"href":"https:\/\/www.speziell.net\/beta\/en\/wp-json\/wp\/v2\/users\/1"}],"replies":[{"embeddable":true,"href":"https:\/\/www.speziell.net\/beta\/en\/wp-json\/wp\/v2\/comments?post=2247"}],"version-history":[{"count":31,"href":"https:\/\/www.speziell.net\/beta\/en\/wp-json\/wp\/v2\/pages\/2247\/revisions"}],"predecessor-version":[{"id":5076,"href":"https:\/\/www.speziell.net\/beta\/en\/wp-json\/wp\/v2\/pages\/2247\/revisions\/5076"}],"up":[{"embeddable":true,"href":"https:\/\/www.speziell.net\/beta\/en\/wp-json\/wp\/v2\/pages\/9"}],"wp:featuredmedia":[{"embeddable":true,"href":"https:\/\/www.speziell.net\/beta\/en\/wp-json\/wp\/v2\/media\/2245"}],"wp:attachment":[{"href":"https:\/\/www.speziell.net\/beta\/en\/wp-json\/wp\/v2\/media?parent=2247"}],"curies":[{"name":"wp","href":"https:\/\/api.w.org\/{rel}","templated":true}]}}