{"id":2257,"date":"2009-03-13T14:47:00","date_gmt":"2009-03-13T13:47:00","guid":{"rendered":"https:\/\/www.speziell.net\/beta\/?page_id=2257"},"modified":"2023-11-06T12:04:26","modified_gmt":"2023-11-06T11:04:26","slug":"tao","status":"publish","type":"page","link":"https:\/\/www.speziell.net\/beta\/en\/home\/tao\/","title":{"rendered":"TAO"},"content":{"rendered":"<div data-elementor-type=\"wp-page\" data-elementor-id=\"2257\" class=\"elementor elementor-2257\" data-elementor-post-type=\"page\">\n\t\t\t\t\t\t<section class=\"elementor-section elementor-top-section elementor-element elementor-element-553e2ea0 elementor-section-boxed elementor-section-height-default elementor-section-height-default\" data-id=\"553e2ea0\" data-element_type=\"section\" data-e-type=\"section\">\n\t\t\t\t\t\t<div class=\"elementor-container elementor-column-gap-default\">\n\t\t\t\t\t<div class=\"elementor-column elementor-col-100 elementor-top-column elementor-element elementor-element-7fcd9ba0\" data-id=\"7fcd9ba0\" data-element_type=\"column\" data-e-type=\"column\">\n\t\t\t<div class=\"elementor-widget-wrap elementor-element-populated\">\n\t\t\t\t\t\t<div class=\"elementor-element elementor-element-18aa74e4 elementor-hidden-mobile elementor-hidden-tablet elementor-widget elementor-widget-image\" data-id=\"18aa74e4\" data-element_type=\"widget\" data-e-type=\"widget\" data-widget_type=\"image.default\">\n\t\t\t\t<div class=\"elementor-widget-container\">\n\t\t\t\t\t\t\t\t\t\t\t\t\t\t\t\t<a href=\"https:\/\/www.speziell.net\/beta\/en\/home\/\">\n\t\t\t\t\t\t\t<img decoding=\"async\" width=\"100\" height=\"100\" src=\"https:\/\/www.speziell.net\/beta\/wp-content\/uploads\/2023\/02\/speziell_logo_grau-1.svg\" class=\"attachment-large size-large wp-image-731\" alt=\"Designstudio speziell\u00ae \u2013 Fleckenstein Pohlmann Schwer GbR\" \/>\t\t\t\t\t\t\t\t<\/a>\n\t\t\t\t\t\t\t\t\t\t\t\t\t\t\t<\/div>\n\t\t\t\t<\/div>\n\t\t\t\t<div class=\"elementor-element elementor-element-7f4cf84c elementor-hidden-desktop elementor-widget elementor-widget-image\" data-id=\"7f4cf84c\" data-element_type=\"widget\" data-e-type=\"widget\" data-widget_type=\"image.default\">\n\t\t\t\t<div class=\"elementor-widget-container\">\n\t\t\t\t\t\t\t\t\t\t\t\t\t\t\t\t<a href=\"https:\/\/www.speziell.net\/beta\/en\/home\/\">\n\t\t\t\t\t\t\t<img decoding=\"async\" width=\"100\" height=\"100\" src=\"https:\/\/www.speziell.net\/beta\/wp-content\/uploads\/2023\/03\/speziell_logo_oSubline.svg\" class=\"attachment-large size-large wp-image-2739\" alt=\"\" \/>\t\t\t\t\t\t\t\t<\/a>\n\t\t\t\t\t\t\t\t\t\t\t\t\t\t\t<\/div>\n\t\t\t\t<\/div>\n\t\t\t\t\t<\/div>\n\t\t<\/div>\n\t\t\t\t\t<\/div>\n\t\t<\/section>\n\t\t\t\t<section class=\"elementor-section elementor-top-section elementor-element elementor-element-20de41d6 elementor-section-boxed elementor-section-height-default elementor-section-height-default\" data-id=\"20de41d6\" data-element_type=\"section\" data-e-type=\"section\">\n\t\t\t\t\t\t<div class=\"elementor-container elementor-column-gap-default\">\n\t\t\t\t\t<div class=\"elementor-column elementor-col-50 elementor-top-column elementor-element elementor-element-21840b05\" data-id=\"21840b05\" data-element_type=\"column\" data-e-type=\"column\">\n\t\t\t<div class=\"elementor-widget-wrap elementor-element-populated\">\n\t\t\t\t\t\t<div class=\"elementor-element elementor-element-69a2826a elementor-widget elementor-widget-heading\" data-id=\"69a2826a\" data-element_type=\"widget\" data-e-type=\"widget\" data-widget_type=\"heading.default\">\n\t\t\t\t<div class=\"elementor-widget-container\">\n\t\t\t\t\t<h2 class=\"elementor-heading-title elementor-size-default\">KAHLA PORZELLAN: TAO<\/h2>\t\t\t\t<\/div>\n\t\t\t\t<\/div>\n\t\t\t\t<div class=\"elementor-element elementor-element-34fdb2c0 elementor-widget elementor-widget-text-editor\" data-id=\"34fdb2c0\" data-element_type=\"widget\" data-e-type=\"widget\" data-widget_type=\"text-editor.default\">\n\t\t\t\t<div class=\"elementor-widget-container\">\n\t\t\t\t\t\t\t\t\t<p>20-piece porcelain-range<\/p>\t\t\t\t\t\t\t\t<\/div>\n\t\t\t\t<\/div>\n\t\t\t\t<div class=\"elementor-element elementor-element-4fd046b5 elementor-widget elementor-widget-text-editor\" data-id=\"4fd046b5\" data-element_type=\"widget\" data-e-type=\"widget\" data-widget_type=\"text-editor.default\">\n\t\t\t\t<div class=\"elementor-widget-container\">\n\t\t\t\t\t\t\t\t\t<p>Soft, flowing shapes, as if modelled by water, characterise all the items within the TAO porcelain range. Their formal calm expresses sensuality and harmony.<\/p><p>Inspired by the wave effect, caused by drops on a smooth surface of water, the different plates merge into one another and seem to hover on the table. Like touchstones, cups and bowls invite you to enjoy using them with all your senses. Accessories such as salt and pepper shakers, vases, pourers and dips look like finds from a river, given a distinctive shape by both the elements and time.<\/p><p>Whether Ayurvedic or Mediterranean cuisine, Italian espresso or white tea from Kenya - selected ingredients, loving preparation and holistic indulgence will find their equivalent in TAO.<\/p><p>Award:<br \/>-iF design award 2010<\/p><p>Manufacturer:<br \/><span style=\"box-sizing: border-box; background-color: #ffffff; text-decoration: none; color: var( --e-global-color-primary ); box-shadow: none; font-family: 'IBM Plex Sans', sans-serif; font-size: 19px; font-weight: 300; font-style: normal; font-variant-ligatures: normal; font-variant-caps: normal; letter-spacing: normal; orphans: 2; text-align: start; text-indent: 0px; text-transform: none; white-space: normal; widows: 2; word-spacing: 0px; -webkit-text-stroke-width: 0px;\"><a href=\"https:\/\/www.kahlaporzellan.com\/\" target=\"_blank\" rel=\"noopener\">https:\/\/www.kahlaporzellan.com\/<\/a><\/span><\/p><p>\u00a0<\/p>\t\t\t\t\t\t\t\t<\/div>\n\t\t\t\t<\/div>\n\t\t\t\t\t<\/div>\n\t\t<\/div>\n\t\t\t\t<div class=\"elementor-column elementor-col-50 elementor-top-column elementor-element elementor-element-2acfa71c\" data-id=\"2acfa71c\" data-element_type=\"column\" data-e-type=\"column\">\n\t\t\t<div class=\"elementor-widget-wrap elementor-element-populated\">\n\t\t\t\t\t\t<div class=\"elementor-element elementor-element-295240f5 elementor-widget elementor-widget-gallery\" data-id=\"295240f5\" data-element_type=\"widget\" data-e-type=\"widget\" data-settings=\"{&quot;gallery_layout&quot;:&quot;masonry&quot;,&quot;columns&quot;:2,&quot;lazyload&quot;:&quot;yes&quot;,&quot;columns_tablet&quot;:2,&quot;columns_mobile&quot;:1,&quot;gap&quot;:{&quot;unit&quot;:&quot;px&quot;,&quot;size&quot;:10,&quot;sizes&quot;:[]},&quot;gap_tablet&quot;:{&quot;unit&quot;:&quot;px&quot;,&quot;size&quot;:10,&quot;sizes&quot;:[]},&quot;gap_mobile&quot;:{&quot;unit&quot;:&quot;px&quot;,&quot;size&quot;:10,&quot;sizes&quot;:[]},&quot;link_to&quot;:&quot;file&quot;,&quot;overlay_background&quot;:&quot;yes&quot;,&quot;content_hover_animation&quot;:&quot;fade-in&quot;}\" data-widget_type=\"gallery.default\">\n\t\t\t\t<div class=\"elementor-widget-container\">\n\t\t\t\t\t\t\t<div class=\"elementor-gallery__container\">\n\t\t\t\t\t\t\t<a class=\"e-gallery-item elementor-gallery-item elementor-animated-content\" href=\"https:\/\/www.speziell.net\/beta\/wp-content\/uploads\/2023\/03\/2009_Kahal_TAO_by_speziell_Flachteile_Freisteller.jpg\" data-elementor-open-lightbox=\"yes\" data-elementor-lightbox-slideshow=\"295240f5\" data-elementor-lightbox-title=\"2009_Kahal_TAO_by_speziell_Flachteile_Freisteller\" data-elementor-lightbox-description=\"Kahla Porzellan: Hotelporzellanserie TAO by Designstudio speziell\u00ae \u2013 Teller, Dipschalen, Salz\/Pfefferstreuer und Vase\" data-e-action-hash=\"#elementor-action%3Aaction%3Dlightbox%26settings%3DeyJpZCI6MjI2MSwidXJsIjoiaHR0cHM6XC9cL3d3dy5zcGV6aWVsbC5uZXRcL2JldGFcL3dwLWNvbnRlbnRcL3VwbG9hZHNcLzIwMjNcLzAzXC8yMDA5X0thaGFsX1RBT19ieV9zcGV6aWVsbF9GbGFjaHRlaWxlX0ZyZWlzdGVsbGVyLmpwZyIsInNsaWRlc2hvdyI6IjI5NTI0MGY1In0%3D\">\n\t\t\t\t\t<div class=\"e-gallery-image elementor-gallery-item__image\" data-thumbnail=\"https:\/\/www.speziell.net\/beta\/wp-content\/uploads\/2023\/03\/2009_Kahal_TAO_by_speziell_Flachteile_Freisteller-1024x683.jpg\" data-width=\"800\" data-height=\"534\" aria-label=\"Kahla Porzellan: Hotelporzellanserie TAO by Designstudio speziell\u00ae \u2013 Teller, Dipschalen, Salz\/Pfefferstreuer und Vase\" role=\"img\" ><\/div>\n\t\t\t\t\t\t\t\t\t\t\t<div class=\"elementor-gallery-item__overlay\"><\/div>\n\t\t\t\t\t\t\t\t\t\t\t\t\t\t<\/a>\n\t\t\t\t\t\t\t<a class=\"e-gallery-item elementor-gallery-item elementor-animated-content\" href=\"https:\/\/www.speziell.net\/beta\/wp-content\/uploads\/2023\/03\/2009_Kahal_TAO_by_speziell_Brotzeit.jpg\" data-elementor-open-lightbox=\"yes\" data-elementor-lightbox-slideshow=\"295240f5\" data-elementor-lightbox-title=\"2009_Kahal_TAO_by_speziell_Brotzeit\" data-elementor-lightbox-description=\"Kahla Porzellan: Hotelporzellanserie TAO by Designstudio speziell\u00ae \u2013 Vase und Teller f\u00fcr die Brotzeit\" data-e-action-hash=\"#elementor-action%3Aaction%3Dlightbox%26settings%3DeyJpZCI6MjI1OSwidXJsIjoiaHR0cHM6XC9cL3d3dy5zcGV6aWVsbC5uZXRcL2JldGFcL3dwLWNvbnRlbnRcL3VwbG9hZHNcLzIwMjNcLzAzXC8yMDA5X0thaGFsX1RBT19ieV9zcGV6aWVsbF9Ccm90emVpdC5qcGciLCJzbGlkZXNob3ciOiIyOTUyNDBmNSJ9\">\n\t\t\t\t\t<div class=\"e-gallery-image elementor-gallery-item__image\" data-thumbnail=\"https:\/\/www.speziell.net\/beta\/wp-content\/uploads\/2023\/03\/2009_Kahal_TAO_by_speziell_Brotzeit-683x1024.jpg\" data-width=\"683\" data-height=\"1024\" aria-label=\"Kahla Porzellan: Hotelporzellanserie TAO by Designstudio speziell\u00ae \u2013 Vase und Teller f\u00fcr die Brotzeit\" role=\"img\" ><\/div>\n\t\t\t\t\t\t\t\t\t\t\t<div class=\"elementor-gallery-item__overlay\"><\/div>\n\t\t\t\t\t\t\t\t\t\t\t\t\t\t<\/a>\n\t\t\t\t\t\t\t<a class=\"e-gallery-item elementor-gallery-item elementor-animated-content\" href=\"https:\/\/www.speziell.net\/beta\/wp-content\/uploads\/2023\/03\/2009_Kahal_TAO_by_speziell_Teezeit_Bild-quatratisch.jpg\" data-elementor-open-lightbox=\"yes\" data-elementor-lightbox-slideshow=\"295240f5\" data-elementor-lightbox-title=\"2009_Kahal_TAO_by_speziell_Teezeit_Bild quatratisch\" data-elementor-lightbox-description=\"Kahla Porzellan: Hotelporzellanserie TAO by Designstudio speziell\u00ae \u2013 Kaffee- \/ Teeservice mit Vase und Milchk\u00e4nnchen\" data-e-action-hash=\"#elementor-action%3Aaction%3Dlightbox%26settings%3DeyJpZCI6MjI2NywidXJsIjoiaHR0cHM6XC9cL3d3dy5zcGV6aWVsbC5uZXRcL2JldGFcL3dwLWNvbnRlbnRcL3VwbG9hZHNcLzIwMjNcLzAzXC8yMDA5X0thaGFsX1RBT19ieV9zcGV6aWVsbF9UZWV6ZWl0X0JpbGQtcXVhdHJhdGlzY2guanBnIiwic2xpZGVzaG93IjoiMjk1MjQwZjUifQ%3D%3D\">\n\t\t\t\t\t<div class=\"e-gallery-image elementor-gallery-item__image\" data-thumbnail=\"https:\/\/www.speziell.net\/beta\/wp-content\/uploads\/2023\/03\/2009_Kahal_TAO_by_speziell_Teezeit_Bild-quatratisch-1024x1024.jpg\" data-width=\"800\" data-height=\"800\" aria-label=\"Kahla Porzellan: Hotelporzellanserie TAO by Designstudio speziell\u00ae \u2013 Kaffee- \/ Teeservice mit Vase und Milchk\u00e4nnchen\" role=\"img\" ><\/div>\n\t\t\t\t\t\t\t\t\t\t\t<div class=\"elementor-gallery-item__overlay\"><\/div>\n\t\t\t\t\t\t\t\t\t\t\t\t\t\t<\/a>\n\t\t\t\t\t\t\t<a class=\"e-gallery-item elementor-gallery-item elementor-animated-content\" href=\"https:\/\/www.speziell.net\/beta\/wp-content\/uploads\/2023\/03\/2009_Kahal_TAO_by_speziell_Hohlteile_Freisteller.jpg\" data-elementor-open-lightbox=\"yes\" data-elementor-lightbox-slideshow=\"295240f5\" data-elementor-lightbox-title=\"2009_Kahal_TAO_by_speziell_Hohlteile_Freisteller\" data-elementor-lightbox-description=\"Kahla Porzellan: Hotelporzellanserie TAO by Designstudio speziell\u00ae \u2013 Kaffee- \/ Teeservice mit M\u00fcslischale\" data-e-action-hash=\"#elementor-action%3Aaction%3Dlightbox%26settings%3DeyJpZCI6MjI2MywidXJsIjoiaHR0cHM6XC9cL3d3dy5zcGV6aWVsbC5uZXRcL2JldGFcL3dwLWNvbnRlbnRcL3VwbG9hZHNcLzIwMjNcLzAzXC8yMDA5X0thaGFsX1RBT19ieV9zcGV6aWVsbF9Ib2hsdGVpbGVfRnJlaXN0ZWxsZXIuanBnIiwic2xpZGVzaG93IjoiMjk1MjQwZjUifQ%3D%3D\">\n\t\t\t\t\t<div class=\"e-gallery-image elementor-gallery-item__image\" data-thumbnail=\"https:\/\/www.speziell.net\/beta\/wp-content\/uploads\/2023\/03\/2009_Kahal_TAO_by_speziell_Hohlteile_Freisteller-1024x683.jpg\" data-width=\"800\" data-height=\"534\" aria-label=\"Kahla Porzellan: Hotelporzellanserie TAO by Designstudio speziell\u00ae \u2013 Kaffee- \/ Teeservice mit M\u00fcslischale\" role=\"img\" ><\/div>\n\t\t\t\t\t\t\t\t\t\t\t<div class=\"elementor-gallery-item__overlay\"><\/div>\n\t\t\t\t\t\t\t\t\t\t\t\t\t\t<\/a>\n\t\t\t\t\t\t\t<a class=\"e-gallery-item elementor-gallery-item elementor-animated-content\" href=\"https:\/\/www.speziell.net\/beta\/wp-content\/uploads\/2023\/03\/2009_Kahal_TAO_by_speziell_Tellerstapel_RGB.jpg\" data-elementor-open-lightbox=\"yes\" data-elementor-lightbox-slideshow=\"295240f5\" data-elementor-lightbox-title=\"2009_Kahal_TAO_by_speziell_Tellerstapel_RGB\" data-elementor-lightbox-description=\"Kahla Porzellan: Hotelporzellanserie TAO by Designstudio speziell\u00ae \u2013 Tellerstapel\" data-e-action-hash=\"#elementor-action%3Aaction%3Dlightbox%26settings%3DeyJpZCI6MjI3MCwidXJsIjoiaHR0cHM6XC9cL3d3dy5zcGV6aWVsbC5uZXRcL2JldGFcL3dwLWNvbnRlbnRcL3VwbG9hZHNcLzIwMjNcLzAzXC8yMDA5X0thaGFsX1RBT19ieV9zcGV6aWVsbF9UZWxsZXJzdGFwZWxfUkdCLmpwZyIsInNsaWRlc2hvdyI6IjI5NTI0MGY1In0%3D\">\n\t\t\t\t\t<div class=\"e-gallery-image elementor-gallery-item__image\" data-thumbnail=\"https:\/\/www.speziell.net\/beta\/wp-content\/uploads\/2023\/03\/2009_Kahal_TAO_by_speziell_Tellerstapel_RGB.jpg\" data-width=\"800\" data-height=\"800\" aria-label=\"Kahla Porzellan: Hotelporzellanserie TAO by Designstudio speziell\u00ae \u2013 Tellerstapel\" role=\"img\" ><\/div>\n\t\t\t\t\t\t\t\t\t\t\t<div class=\"elementor-gallery-item__overlay\"><\/div>\n\t\t\t\t\t\t\t\t\t\t\t\t\t\t<\/a>\n\t\t\t\t\t\t\t<a class=\"e-gallery-item elementor-gallery-item elementor-animated-content\" href=\"https:\/\/www.speziell.net\/beta\/wp-content\/uploads\/2023\/03\/2009_Kahal_TAO_by_speziell_Kahla_Tischdeko.jpg\" data-elementor-open-lightbox=\"yes\" data-elementor-lightbox-slideshow=\"295240f5\" data-elementor-lightbox-title=\"2009_Kahal_TAO_by_speziell_Kahla_Tischdeko\" data-elementor-lightbox-description=\"Kahla Porzellan: Hotelporzellanserie TAO by Designstudio speziell\u00ae \u2013 Gedeckter Tisch mit Wellness-Atmosph\u00e4re\" data-e-action-hash=\"#elementor-action%3Aaction%3Dlightbox%26settings%3DeyJpZCI6MjI3MiwidXJsIjoiaHR0cHM6XC9cL3d3dy5zcGV6aWVsbC5uZXRcL2JldGFcL3dwLWNvbnRlbnRcL3VwbG9hZHNcLzIwMjNcLzAzXC8yMDA5X0thaGFsX1RBT19ieV9zcGV6aWVsbF9LYWhsYV9UaXNjaGRla28uanBnIiwic2xpZGVzaG93IjoiMjk1MjQwZjUifQ%3D%3D\">\n\t\t\t\t\t<div class=\"e-gallery-image elementor-gallery-item__image\" data-thumbnail=\"https:\/\/www.speziell.net\/beta\/wp-content\/uploads\/2023\/03\/2009_Kahal_TAO_by_speziell_Kahla_Tischdeko-1024x683.jpg\" data-width=\"800\" data-height=\"534\" aria-label=\"Kahla Porzellan: Hotelporzellanserie TAO by Designstudio speziell\u00ae \u2013 Gedeckter Tisch mit Wellness-Atmosph\u00e4re\" role=\"img\" ><\/div>\n\t\t\t\t\t\t\t\t\t\t\t<div class=\"elementor-gallery-item__overlay\"><\/div>\n\t\t\t\t\t\t\t\t\t\t\t\t\t\t<\/a>\n\t\t\t\t\t\t\t<a class=\"e-gallery-item elementor-gallery-item elementor-animated-content\" href=\"https:\/\/www.speziell.net\/beta\/wp-content\/uploads\/2023\/03\/2009_Kahal_TAO_by_speziell_Messe-Detail.jpg\" data-elementor-open-lightbox=\"yes\" data-elementor-lightbox-slideshow=\"295240f5\" data-elementor-lightbox-title=\"2009_Kahal_TAO_by_speziell_Messe Detail\" data-elementor-lightbox-description=\"Kahla Porzellan: Hotelporzellanserie TAO by Designstudio speziell\u00ae \u2013 Teller, Dipschalen, Salz\/Pfefferstreuer, Dosen, Milchk\u00e4nnchen\" data-e-action-hash=\"#elementor-action%3Aaction%3Dlightbox%26settings%3DeyJpZCI6MjI2NSwidXJsIjoiaHR0cHM6XC9cL3d3dy5zcGV6aWVsbC5uZXRcL2JldGFcL3dwLWNvbnRlbnRcL3VwbG9hZHNcLzIwMjNcLzAzXC8yMDA5X0thaGFsX1RBT19ieV9zcGV6aWVsbF9NZXNzZS1EZXRhaWwuanBnIiwic2xpZGVzaG93IjoiMjk1MjQwZjUifQ%3D%3D\">\n\t\t\t\t\t<div class=\"e-gallery-image elementor-gallery-item__image\" data-thumbnail=\"https:\/\/www.speziell.net\/beta\/wp-content\/uploads\/2023\/03\/2009_Kahal_TAO_by_speziell_Messe-Detail-683x1024.jpg\" data-width=\"683\" data-height=\"1024\" aria-label=\"Kahla Porzellan: Hotelporzellanserie TAO by Designstudio speziell\u00ae \u2013 Teller, Dipschalen, Salz\/Pfefferstreuer, Dosen, Milchk\u00e4nnchen\" role=\"img\" ><\/div>\n\t\t\t\t\t\t\t\t\t\t\t<div class=\"elementor-gallery-item__overlay\"><\/div>\n\t\t\t\t\t\t\t\t\t\t\t\t\t\t<\/a>\n\t\t\t\t\t\t\t<a class=\"e-gallery-item elementor-gallery-item elementor-animated-content\" href=\"https:\/\/www.speziell.net\/beta\/wp-content\/uploads\/2023\/03\/2009_Kahal_TAO_by_speziell_Focaccia.jpg\" data-elementor-open-lightbox=\"yes\" data-elementor-lightbox-slideshow=\"295240f5\" data-elementor-lightbox-title=\"2009_Kahal_TAO_by_speziell_Focaccia\" data-elementor-lightbox-description=\"Kahla Porzellan: Hotelporzellanserie TAO by Designstudio speziell\u00ae \u2013 Vase und Teller f\u00fcr die Brotzeit\" data-e-action-hash=\"#elementor-action%3Aaction%3Dlightbox%26settings%3DeyJpZCI6MjI2MiwidXJsIjoiaHR0cHM6XC9cL3d3dy5zcGV6aWVsbC5uZXRcL2JldGFcL3dwLWNvbnRlbnRcL3VwbG9hZHNcLzIwMjNcLzAzXC8yMDA5X0thaGFsX1RBT19ieV9zcGV6aWVsbF9Gb2NhY2NpYS5qcGciLCJzbGlkZXNob3ciOiIyOTUyNDBmNSJ9\">\n\t\t\t\t\t<div class=\"e-gallery-image elementor-gallery-item__image\" data-thumbnail=\"https:\/\/www.speziell.net\/beta\/wp-content\/uploads\/2023\/03\/2009_Kahal_TAO_by_speziell_Focaccia-1024x683.jpg\" data-width=\"800\" data-height=\"534\" aria-label=\"Kahla Porzellan: Hotelporzellanserie TAO by Designstudio speziell\u00ae \u2013 Vase und Teller f\u00fcr die Brotzeit\" role=\"img\" ><\/div>\n\t\t\t\t\t\t\t\t\t\t\t<div class=\"elementor-gallery-item__overlay\"><\/div>\n\t\t\t\t\t\t\t\t\t\t\t\t\t\t<\/a>\n\t\t\t\t\t\t\t<a class=\"e-gallery-item elementor-gallery-item elementor-animated-content\" href=\"https:\/\/www.speziell.net\/beta\/wp-content\/uploads\/2023\/03\/2009_Kahal_TAO_by_speziell_Brotzeit_Bild-quatratisch.jpg\" data-elementor-open-lightbox=\"yes\" data-elementor-lightbox-slideshow=\"295240f5\" data-elementor-lightbox-title=\"2009_Kahal_TAO_by_speziell_Brotzeit_Bild quatratisch\" data-elementor-lightbox-description=\"Kahla Porzellan: Hotelporzellanserie TAO by Designstudio speziell\u00ae \u2013 Vase und Teller f\u00fcr die Brotzeit\" data-e-action-hash=\"#elementor-action%3Aaction%3Dlightbox%26settings%3DeyJpZCI6MjI2MCwidXJsIjoiaHR0cHM6XC9cL3d3dy5zcGV6aWVsbC5uZXRcL2JldGFcL3dwLWNvbnRlbnRcL3VwbG9hZHNcLzIwMjNcLzAzXC8yMDA5X0thaGFsX1RBT19ieV9zcGV6aWVsbF9Ccm90emVpdF9CaWxkLXF1YXRyYXRpc2NoLmpwZyIsInNsaWRlc2hvdyI6IjI5NTI0MGY1In0%3D\">\n\t\t\t\t\t<div class=\"e-gallery-image elementor-gallery-item__image\" data-thumbnail=\"https:\/\/www.speziell.net\/beta\/wp-content\/uploads\/2023\/03\/2009_Kahal_TAO_by_speziell_Brotzeit_Bild-quatratisch.jpg\" data-width=\"800\" data-height=\"800\" aria-label=\"Kahla Porzellan: Hotelporzellanserie TAO by Designstudio speziell\u00ae \u2013 Vase und Teller f\u00fcr die Brotzeit\" role=\"img\" ><\/div>\n\t\t\t\t\t\t\t\t\t\t\t<div class=\"elementor-gallery-item__overlay\"><\/div>\n\t\t\t\t\t\t\t\t\t\t\t\t\t\t<\/a>\n\t\t\t\t\t<\/div>\n\t\t\t\t\t<\/div>\n\t\t\t\t<\/div>\n\t\t\t\t\t<\/div>\n\t\t<\/div>\n\t\t\t\t\t<\/div>\n\t\t<\/section>\n\t\t\t\t<\/div>","protected":false},"excerpt":{"rendered":"<p>KAHLA PORZELLAN: TAO 20-teilige Porzellan-Serie Weiche, flie\u00dfende Formen, wie von Wasser modelliert, kennzeichnen alle Teile der Porzellan-Serie TAO. Ihre formale Ruhe wird zum Ausdruck f\u00fcr Sinnlichkeit und Harmonie. Inspiriert vom Welleneffekt, den Tropfen auf einer glatten Wasseroberfl\u00e4che ausl\u00f6sen, f\u00fcgen sich die verschiedenen Teller ineinander und scheinen dabei auf dem Tisch zu schweben. Tassen und Schalen [&hellip;]<\/p>\n","protected":false},"author":1,"featured_media":2270,"parent":9,"menu_order":0,"comment_status":"closed","ping_status":"closed","template":"","meta":{"footnotes":""},"class_list":["post-2257","page","type-page","status-publish","has-post-thumbnail","hentry"],"_links":{"self":[{"href":"https:\/\/www.speziell.net\/beta\/en\/wp-json\/wp\/v2\/pages\/2257","targetHints":{"allow":["GET"]}}],"collection":[{"href":"https:\/\/www.speziell.net\/beta\/en\/wp-json\/wp\/v2\/pages"}],"about":[{"href":"https:\/\/www.speziell.net\/beta\/en\/wp-json\/wp\/v2\/types\/page"}],"author":[{"embeddable":true,"href":"https:\/\/www.speziell.net\/beta\/en\/wp-json\/wp\/v2\/users\/1"}],"replies":[{"embeddable":true,"href":"https:\/\/www.speziell.net\/beta\/en\/wp-json\/wp\/v2\/comments?post=2257"}],"version-history":[{"count":38,"href":"https:\/\/www.speziell.net\/beta\/en\/wp-json\/wp\/v2\/pages\/2257\/revisions"}],"predecessor-version":[{"id":5112,"href":"https:\/\/www.speziell.net\/beta\/en\/wp-json\/wp\/v2\/pages\/2257\/revisions\/5112"}],"up":[{"embeddable":true,"href":"https:\/\/www.speziell.net\/beta\/en\/wp-json\/wp\/v2\/pages\/9"}],"wp:featuredmedia":[{"embeddable":true,"href":"https:\/\/www.speziell.net\/beta\/en\/wp-json\/wp\/v2\/media\/2270"}],"wp:attachment":[{"href":"https:\/\/www.speziell.net\/beta\/en\/wp-json\/wp\/v2\/media?parent=2257"}],"curies":[{"name":"wp","href":"https:\/\/api.w.org\/{rel}","templated":true}]}}