{"id":3308,"date":"2011-10-16T17:14:00","date_gmt":"2011-10-16T15:14:00","guid":{"rendered":"https:\/\/www.speziell.net\/beta\/?page_id=3308"},"modified":"2023-11-06T11:43:53","modified_gmt":"2023-11-06T10:43:53","slug":"peeze","status":"publish","type":"page","link":"https:\/\/www.speziell.net\/beta\/en\/home\/peeze\/","title":{"rendered":"PEEZE"},"content":{"rendered":"<div data-elementor-type=\"wp-page\" data-elementor-id=\"3308\" class=\"elementor elementor-3308\" data-elementor-post-type=\"page\">\n\t\t\t\t\t\t<section class=\"elementor-section elementor-top-section elementor-element elementor-element-23b3153d elementor-section-boxed elementor-section-height-default elementor-section-height-default\" data-id=\"23b3153d\" data-element_type=\"section\" data-e-type=\"section\">\n\t\t\t\t\t\t<div class=\"elementor-container elementor-column-gap-default\">\n\t\t\t\t\t<div class=\"elementor-column elementor-col-100 elementor-top-column elementor-element elementor-element-38f8190c\" data-id=\"38f8190c\" data-element_type=\"column\" data-e-type=\"column\">\n\t\t\t<div class=\"elementor-widget-wrap elementor-element-populated\">\n\t\t\t\t\t\t<div class=\"elementor-element elementor-element-5f50fbf0 elementor-hidden-mobile elementor-hidden-tablet elementor-widget elementor-widget-image\" data-id=\"5f50fbf0\" data-element_type=\"widget\" data-e-type=\"widget\" data-widget_type=\"image.default\">\n\t\t\t\t<div class=\"elementor-widget-container\">\n\t\t\t\t\t\t\t\t\t\t\t\t\t\t\t\t<a href=\"https:\/\/www.speziell.net\/beta\/en\/home\/\">\n\t\t\t\t\t\t\t<img decoding=\"async\" width=\"100\" height=\"100\" src=\"https:\/\/www.speziell.net\/beta\/wp-content\/uploads\/2023\/02\/speziell_logo_grau-1.svg\" class=\"attachment-large size-large wp-image-731\" alt=\"Designstudio speziell\u00ae \u2013 Fleckenstein Pohlmann Schwer GbR\" \/>\t\t\t\t\t\t\t\t<\/a>\n\t\t\t\t\t\t\t\t\t\t\t\t\t\t\t<\/div>\n\t\t\t\t<\/div>\n\t\t\t\t<div class=\"elementor-element elementor-element-31bab974 elementor-hidden-desktop elementor-widget elementor-widget-image\" data-id=\"31bab974\" data-element_type=\"widget\" data-e-type=\"widget\" data-widget_type=\"image.default\">\n\t\t\t\t<div class=\"elementor-widget-container\">\n\t\t\t\t\t\t\t\t\t\t\t\t\t\t\t\t<a href=\"https:\/\/www.speziell.net\/beta\/en\/home\/\">\n\t\t\t\t\t\t\t<img decoding=\"async\" width=\"100\" height=\"100\" src=\"https:\/\/www.speziell.net\/beta\/wp-content\/uploads\/2023\/03\/speziell_logo_oSubline.svg\" class=\"attachment-large size-large wp-image-2739\" alt=\"\" \/>\t\t\t\t\t\t\t\t<\/a>\n\t\t\t\t\t\t\t\t\t\t\t\t\t\t\t<\/div>\n\t\t\t\t<\/div>\n\t\t\t\t\t<\/div>\n\t\t<\/div>\n\t\t\t\t\t<\/div>\n\t\t<\/section>\n\t\t\t\t<section class=\"elementor-section elementor-top-section elementor-element elementor-element-7ef89dd6 elementor-section-boxed elementor-section-height-default elementor-section-height-default\" data-id=\"7ef89dd6\" data-element_type=\"section\" data-e-type=\"section\">\n\t\t\t\t\t\t<div class=\"elementor-container elementor-column-gap-default\">\n\t\t\t\t\t<div class=\"elementor-column elementor-col-50 elementor-top-column elementor-element elementor-element-16d6b19a\" data-id=\"16d6b19a\" data-element_type=\"column\" data-e-type=\"column\">\n\t\t\t<div class=\"elementor-widget-wrap elementor-element-populated\">\n\t\t\t\t\t\t<div class=\"elementor-element elementor-element-3b23bf0f elementor-widget elementor-widget-heading\" data-id=\"3b23bf0f\" data-element_type=\"widget\" data-e-type=\"widget\" data-widget_type=\"heading.default\">\n\t\t\t\t<div class=\"elementor-widget-container\">\n\t\t\t\t\t<h2 class=\"elementor-heading-title elementor-size-default\">KAHLAPORZELLAN: PEEZE<\/h2>\t\t\t\t<\/div>\n\t\t\t\t<\/div>\n\t\t\t\t<div class=\"elementor-element elementor-element-77e33bc6 elementor-widget elementor-widget-text-editor\" data-id=\"77e33bc6\" data-element_type=\"widget\" data-e-type=\"widget\" data-widget_type=\"text-editor.default\">\n\t\t\t\t<div class=\"elementor-widget-container\">\n\t\t\t\t\t\t\t\t\t<p><span class=\"text\">Barista cups<\/span><\/p>\t\t\t\t\t\t\t\t<\/div>\n\t\t\t\t<\/div>\n\t\t\t\t<div class=\"elementor-element elementor-element-5472c2a5 elementor-widget elementor-widget-text-editor\" data-id=\"5472c2a5\" data-element_type=\"widget\" data-e-type=\"widget\" data-widget_type=\"text-editor.default\">\n\t\t\t\t<div class=\"elementor-widget-container\">\n\t\t\t\t\t\t\t\t\t<p class=\"text\">The cup series was developed by Kahla and speziell\u00ae exclusively for the coffee roasting company Peeze from the Netherlands. Peeze stands for coffee of the highest quality, which is produced sustainably and fairly in close partnership with selected plantation owners in Ethiopia, Indonesia, Peru and Mexico.<\/p>\n<p class=\"text\">The flavour of the various types of coffee must be able to develop perfectly in the three cup sizes called \"Espresso\", \"Caf\u00e9 Creme\" and \"Cappuccino\". The cups' interior design, diameter and body thickness play an important role in this. The exterior shape of the cups and saucers must have an ergonomic design, be highly recognisable and be suitable for the catering trade.<\/p>\n<p class=\"text\">The different cup types were developed with an unmistakeable linear form, each based on their respective ideal interior shape. The handles, which are reminiscent of the 'P' in Peeze, can be held without fear of slipping thanks to a finger support. The saucer provides enough space for sugar, milk and sweets. The parabola of the Peeze logo is generated by the depression for the cup, which is offset to the side.<\/p><p class=\"text\">Manufacturer:<br><a href=\"https:\/\/peeze.nl\/\" target=\"_blank\" rel=\"noopener\">https:\/\/peeze.nl\/<\/a><\/p>\t\t\t\t\t\t\t\t<\/div>\n\t\t\t\t<\/div>\n\t\t\t\t\t<\/div>\n\t\t<\/div>\n\t\t\t\t<div class=\"elementor-column elementor-col-50 elementor-top-column elementor-element elementor-element-270ffdd0\" data-id=\"270ffdd0\" data-element_type=\"column\" data-e-type=\"column\">\n\t\t\t<div class=\"elementor-widget-wrap elementor-element-populated\">\n\t\t\t\t\t\t<div class=\"elementor-element elementor-element-4813b978 elementor-widget elementor-widget-gallery\" data-id=\"4813b978\" data-element_type=\"widget\" data-e-type=\"widget\" data-settings=\"{&quot;gallery_layout&quot;:&quot;masonry&quot;,&quot;columns&quot;:2,&quot;lazyload&quot;:&quot;yes&quot;,&quot;columns_tablet&quot;:2,&quot;columns_mobile&quot;:1,&quot;gap&quot;:{&quot;unit&quot;:&quot;px&quot;,&quot;size&quot;:10,&quot;sizes&quot;:[]},&quot;gap_tablet&quot;:{&quot;unit&quot;:&quot;px&quot;,&quot;size&quot;:10,&quot;sizes&quot;:[]},&quot;gap_mobile&quot;:{&quot;unit&quot;:&quot;px&quot;,&quot;size&quot;:10,&quot;sizes&quot;:[]},&quot;link_to&quot;:&quot;file&quot;,&quot;overlay_background&quot;:&quot;yes&quot;,&quot;content_hover_animation&quot;:&quot;fade-in&quot;}\" data-widget_type=\"gallery.default\">\n\t\t\t\t<div class=\"elementor-widget-container\">\n\t\t\t\t\t\t\t<div class=\"elementor-gallery__container\">\n\t\t\t\t\t\t\t<a class=\"e-gallery-item elementor-gallery-item elementor-animated-content\" href=\"https:\/\/www.speziell.net\/beta\/wp-content\/uploads\/2023\/05\/2011_Peeze_CORPORATE-CUPS_by_speziell_Tassen-ohne-Logo.jpg\" data-elementor-open-lightbox=\"yes\" data-elementor-lightbox-slideshow=\"4813b978\" data-elementor-lightbox-title=\"2011_Peeze_CORPORATE CUPS_by_speziell_Tassen ohne Logo\" data-elementor-lightbox-description=\"3 Tassengr\u00f6\u00dfen f\u00fcr perfekten Genuss\" data-e-action-hash=\"#elementor-action%3Aaction%3Dlightbox%26settings%3DeyJpZCI6MzMxNCwidXJsIjoiaHR0cHM6XC9cL3d3dy5zcGV6aWVsbC5uZXRcL2JldGFcL3dwLWNvbnRlbnRcL3VwbG9hZHNcLzIwMjNcLzA1XC8yMDExX1BlZXplX0NPUlBPUkFURS1DVVBTX2J5X3NwZXppZWxsX1Rhc3Nlbi1vaG5lLUxvZ28uanBnIiwic2xpZGVzaG93IjoiNDgxM2I5NzgifQ%3D%3D\">\n\t\t\t\t\t<div class=\"e-gallery-image elementor-gallery-item__image\" data-thumbnail=\"https:\/\/www.speziell.net\/beta\/wp-content\/uploads\/2023\/05\/2011_Peeze_CORPORATE-CUPS_by_speziell_Tassen-ohne-Logo-1024x751.jpg\" data-width=\"800\" data-height=\"587\" aria-label=\"3 Tassengr\u00f6\u00dfen f\u00fcr perfekten Genuss\" role=\"img\" ><\/div>\n\t\t\t\t\t\t\t\t\t\t\t<div class=\"elementor-gallery-item__overlay\"><\/div>\n\t\t\t\t\t\t\t\t\t\t\t\t\t\t<\/a>\n\t\t\t\t\t\t\t<a class=\"e-gallery-item elementor-gallery-item elementor-animated-content\" href=\"https:\/\/www.speziell.net\/beta\/wp-content\/uploads\/2023\/05\/2011_Peeze_CORPORATE-CUPS_by_speziell_Tasse-einzeln.jpg\" data-elementor-open-lightbox=\"yes\" data-elementor-lightbox-slideshow=\"4813b978\" data-elementor-lightbox-title=\"2011_Peeze_CORPORATE CUPS_by_speziell_Tasse einzeln\" data-elementor-lightbox-description=\"Peeze Barista-Tasse unter dem Siebtr\u00e4ger\" data-e-action-hash=\"#elementor-action%3Aaction%3Dlightbox%26settings%3DeyJpZCI6MzMwOSwidXJsIjoiaHR0cHM6XC9cL3d3dy5zcGV6aWVsbC5uZXRcL2JldGFcL3dwLWNvbnRlbnRcL3VwbG9hZHNcLzIwMjNcLzA1XC8yMDExX1BlZXplX0NPUlBPUkFURS1DVVBTX2J5X3NwZXppZWxsX1Rhc3NlLWVpbnplbG4uanBnIiwic2xpZGVzaG93IjoiNDgxM2I5NzgifQ%3D%3D\">\n\t\t\t\t\t<div class=\"e-gallery-image elementor-gallery-item__image\" data-thumbnail=\"https:\/\/www.speziell.net\/beta\/wp-content\/uploads\/2023\/05\/2011_Peeze_CORPORATE-CUPS_by_speziell_Tasse-einzeln-751x1024.jpg\" data-width=\"751\" data-height=\"1024\" aria-label=\"Peeze Barista-Tasse unter dem Siebtr\u00e4ger\" role=\"img\" ><\/div>\n\t\t\t\t\t\t\t\t\t\t\t<div class=\"elementor-gallery-item__overlay\"><\/div>\n\t\t\t\t\t\t\t\t\t\t\t\t\t\t<\/a>\n\t\t\t\t\t\t\t<a class=\"e-gallery-item elementor-gallery-item elementor-animated-content\" href=\"https:\/\/www.speziell.net\/beta\/wp-content\/uploads\/2023\/05\/2011_Peeze_CORPORATE-CUPS_by_speziell_Tassen-Detail.jpg\" data-elementor-open-lightbox=\"yes\" data-elementor-lightbox-slideshow=\"4813b978\" data-elementor-lightbox-title=\"2011_Peeze_CORPORATE CUPS_by_speziell_Tassen Detail\" data-elementor-lightbox-description=\"Peeze Barista-Tassen beim Vorw\u00e4rmen auf der Kaffeemaschine\" data-e-action-hash=\"#elementor-action%3Aaction%3Dlightbox%26settings%3DeyJpZCI6MzMxMywidXJsIjoiaHR0cHM6XC9cL3d3dy5zcGV6aWVsbC5uZXRcL2JldGFcL3dwLWNvbnRlbnRcL3VwbG9hZHNcLzIwMjNcLzA1XC8yMDExX1BlZXplX0NPUlBPUkFURS1DVVBTX2J5X3NwZXppZWxsX1Rhc3Nlbi1EZXRhaWwuanBnIiwic2xpZGVzaG93IjoiNDgxM2I5NzgifQ%3D%3D\">\n\t\t\t\t\t<div class=\"e-gallery-image elementor-gallery-item__image\" data-thumbnail=\"https:\/\/www.speziell.net\/beta\/wp-content\/uploads\/2023\/05\/2011_Peeze_CORPORATE-CUPS_by_speziell_Tassen-Detail-1024x751.jpg\" data-width=\"800\" data-height=\"587\" aria-label=\"Peeze Barista-Tassen beim Vorw\u00e4rmen auf der Kaffeemaschine\" role=\"img\" ><\/div>\n\t\t\t\t\t\t\t\t\t\t\t<div class=\"elementor-gallery-item__overlay\"><\/div>\n\t\t\t\t\t\t\t\t\t\t\t\t\t\t<\/a>\n\t\t\t\t\t\t\t<a class=\"e-gallery-item elementor-gallery-item elementor-animated-content\" href=\"https:\/\/www.speziell.net\/beta\/wp-content\/uploads\/2023\/05\/2011_Peeze_CORPORATE-CUPS_by_speziell_TasseUntertasse_3.jpg\" data-elementor-open-lightbox=\"yes\" data-elementor-lightbox-slideshow=\"4813b978\" data-elementor-lightbox-title=\"2011_Peeze_CORPORATE CUPS_by_speziell_Tasse+Untertasse_3\" data-elementor-lightbox-description=\"Peeze Barista-Tassen mit Prospekt - ein QR-Code auf der Untertasse f\u00fchrt zu einer Feedback-Website\" data-e-action-hash=\"#elementor-action%3Aaction%3Dlightbox%26settings%3DeyJpZCI6MzMxMiwidXJsIjoiaHR0cHM6XC9cL3d3dy5zcGV6aWVsbC5uZXRcL2JldGFcL3dwLWNvbnRlbnRcL3VwbG9hZHNcLzIwMjNcLzA1XC8yMDExX1BlZXplX0NPUlBPUkFURS1DVVBTX2J5X3NwZXppZWxsX1Rhc3NlVW50ZXJ0YXNzZV8zLmpwZyIsInNsaWRlc2hvdyI6IjQ4MTNiOTc4In0%3D\">\n\t\t\t\t\t<div class=\"e-gallery-image elementor-gallery-item__image\" data-thumbnail=\"https:\/\/www.speziell.net\/beta\/wp-content\/uploads\/2023\/05\/2011_Peeze_CORPORATE-CUPS_by_speziell_TasseUntertasse_3-1024x751.jpg\" data-width=\"800\" data-height=\"587\" aria-label=\"Peeze Barista-Tassen mit Prospekt - ein QR-Code auf der Untertasse f\u00fchrt zu einer Feedback-Website\" role=\"img\" ><\/div>\n\t\t\t\t\t\t\t\t\t\t\t<div class=\"elementor-gallery-item__overlay\"><\/div>\n\t\t\t\t\t\t\t\t\t\t\t\t\t\t<\/a>\n\t\t\t\t\t\t\t<a class=\"e-gallery-item elementor-gallery-item elementor-animated-content\" href=\"https:\/\/www.speziell.net\/beta\/wp-content\/uploads\/2023\/05\/2011_Peeze_CORPORATE-CUPS_by_speziell_Tassen-Set-im-Koffer.jpg\" data-elementor-open-lightbox=\"yes\" data-elementor-lightbox-slideshow=\"4813b978\" data-elementor-lightbox-title=\"2011_Peeze_CORPORATE CUPS_by_speziell_Tassen Set im Koffer\" data-elementor-lightbox-description=\"Pr\u00e4sentationskoffer f\u00fcr den Au\u00dfendienst\" data-e-action-hash=\"#elementor-action%3Aaction%3Dlightbox%26settings%3DeyJpZCI6MzMxNSwidXJsIjoiaHR0cHM6XC9cL3d3dy5zcGV6aWVsbC5uZXRcL2JldGFcL3dwLWNvbnRlbnRcL3VwbG9hZHNcLzIwMjNcLzA1XC8yMDExX1BlZXplX0NPUlBPUkFURS1DVVBTX2J5X3NwZXppZWxsX1Rhc3Nlbi1TZXQtaW0tS29mZmVyLmpwZyIsInNsaWRlc2hvdyI6IjQ4MTNiOTc4In0%3D\">\n\t\t\t\t\t<div class=\"e-gallery-image elementor-gallery-item__image\" data-thumbnail=\"https:\/\/www.speziell.net\/beta\/wp-content\/uploads\/2023\/05\/2011_Peeze_CORPORATE-CUPS_by_speziell_Tassen-Set-im-Koffer-751x1024.jpg\" data-width=\"751\" data-height=\"1024\" aria-label=\"Pr\u00e4sentationskoffer f\u00fcr den Au\u00dfendienst\" role=\"img\" ><\/div>\n\t\t\t\t\t\t\t\t\t\t\t<div class=\"elementor-gallery-item__overlay\"><\/div>\n\t\t\t\t\t\t\t\t\t\t\t\t\t\t<\/a>\n\t\t\t\t\t<\/div>\n\t\t\t\t\t<\/div>\n\t\t\t\t<\/div>\n\t\t\t\t\t<\/div>\n\t\t<\/div>\n\t\t\t\t\t<\/div>\n\t\t<\/section>\n\t\t\t\t<\/div>","protected":false},"excerpt":{"rendered":"<p>KAHLAPORZELLAN: PEEZE Barista Tassen Die Tassenserie wurde von Kahla und speziell\u00ae exklusiv f\u00fcr die Kaffeer\u00f6sterei Peeze aus den Niederlanden entwickelt. Peeze steht f\u00fcr Kaffee h\u00f6chster Qualit\u00e4t, der nachhaltig und fair in enger Partnerschaft mit den ausgew\u00e4hlten Plantagenbesitzern in \u00c4thiopien, Indonesien, Peru und Mexico produziert wird. Der Geschmack der Kaffeesorten soll sich in den drei Tassengr\u00f6\u00dfen [&hellip;]<\/p>\n","protected":false},"author":1,"featured_media":3309,"parent":9,"menu_order":0,"comment_status":"closed","ping_status":"closed","template":"","meta":{"footnotes":""},"class_list":["post-3308","page","type-page","status-publish","has-post-thumbnail","hentry"],"_links":{"self":[{"href":"https:\/\/www.speziell.net\/beta\/en\/wp-json\/wp\/v2\/pages\/3308","targetHints":{"allow":["GET"]}}],"collection":[{"href":"https:\/\/www.speziell.net\/beta\/en\/wp-json\/wp\/v2\/pages"}],"about":[{"href":"https:\/\/www.speziell.net\/beta\/en\/wp-json\/wp\/v2\/types\/page"}],"author":[{"embeddable":true,"href":"https:\/\/www.speziell.net\/beta\/en\/wp-json\/wp\/v2\/users\/1"}],"replies":[{"embeddable":true,"href":"https:\/\/www.speziell.net\/beta\/en\/wp-json\/wp\/v2\/comments?post=3308"}],"version-history":[{"count":27,"href":"https:\/\/www.speziell.net\/beta\/en\/wp-json\/wp\/v2\/pages\/3308\/revisions"}],"predecessor-version":[{"id":5063,"href":"https:\/\/www.speziell.net\/beta\/en\/wp-json\/wp\/v2\/pages\/3308\/revisions\/5063"}],"up":[{"embeddable":true,"href":"https:\/\/www.speziell.net\/beta\/en\/wp-json\/wp\/v2\/pages\/9"}],"wp:featuredmedia":[{"embeddable":true,"href":"https:\/\/www.speziell.net\/beta\/en\/wp-json\/wp\/v2\/media\/3309"}],"wp:attachment":[{"href":"https:\/\/www.speziell.net\/beta\/en\/wp-json\/wp\/v2\/media?parent=3308"}],"curies":[{"name":"wp","href":"https:\/\/api.w.org\/{rel}","templated":true}]}}