{"id":3326,"date":"2009-09-16T17:47:00","date_gmt":"2009-09-16T15:47:00","guid":{"rendered":"https:\/\/www.speziell.net\/beta\/?page_id=3326"},"modified":"2023-11-06T11:57:26","modified_gmt":"2023-11-06T10:57:26","slug":"sf-10","status":"publish","type":"page","link":"https:\/\/www.speziell.net\/beta\/en\/home\/sf-10\/","title":{"rendered":"SF 10"},"content":{"rendered":"<div data-elementor-type=\"wp-page\" data-elementor-id=\"3326\" class=\"elementor elementor-3326\" data-elementor-post-type=\"page\">\n\t\t\t\t\t\t<section class=\"elementor-section elementor-top-section elementor-element elementor-element-9765017 elementor-section-boxed elementor-section-height-default elementor-section-height-default\" data-id=\"9765017\" data-element_type=\"section\" data-e-type=\"section\">\n\t\t\t\t\t\t<div class=\"elementor-container elementor-column-gap-default\">\n\t\t\t\t\t<div class=\"elementor-column elementor-col-100 elementor-top-column elementor-element elementor-element-5cd2aca4\" data-id=\"5cd2aca4\" data-element_type=\"column\" data-e-type=\"column\">\n\t\t\t<div class=\"elementor-widget-wrap elementor-element-populated\">\n\t\t\t\t\t\t<div class=\"elementor-element elementor-element-550fb4ea elementor-hidden-mobile elementor-hidden-tablet elementor-widget elementor-widget-image\" data-id=\"550fb4ea\" data-element_type=\"widget\" data-e-type=\"widget\" data-widget_type=\"image.default\">\n\t\t\t\t<div class=\"elementor-widget-container\">\n\t\t\t\t\t\t\t\t\t\t\t\t\t\t\t\t<a href=\"https:\/\/www.speziell.net\/beta\/en\/home\/\">\n\t\t\t\t\t\t\t<img decoding=\"async\" width=\"100\" height=\"100\" src=\"https:\/\/www.speziell.net\/beta\/wp-content\/uploads\/2023\/02\/speziell_logo_grau-1.svg\" class=\"attachment-large size-large wp-image-731\" alt=\"Designstudio speziell\u00ae \u2013 Fleckenstein Pohlmann Schwer GbR\" \/>\t\t\t\t\t\t\t\t<\/a>\n\t\t\t\t\t\t\t\t\t\t\t\t\t\t\t<\/div>\n\t\t\t\t<\/div>\n\t\t\t\t<div class=\"elementor-element elementor-element-5be09cac elementor-hidden-desktop elementor-widget elementor-widget-image\" data-id=\"5be09cac\" data-element_type=\"widget\" data-e-type=\"widget\" data-widget_type=\"image.default\">\n\t\t\t\t<div class=\"elementor-widget-container\">\n\t\t\t\t\t\t\t\t\t\t\t\t\t\t\t\t<a href=\"https:\/\/www.speziell.net\/beta\/en\/home\/\">\n\t\t\t\t\t\t\t<img decoding=\"async\" width=\"100\" height=\"100\" src=\"https:\/\/www.speziell.net\/beta\/wp-content\/uploads\/2023\/03\/speziell_logo_oSubline.svg\" class=\"attachment-large size-large wp-image-2739\" alt=\"\" \/>\t\t\t\t\t\t\t\t<\/a>\n\t\t\t\t\t\t\t\t\t\t\t\t\t\t\t<\/div>\n\t\t\t\t<\/div>\n\t\t\t\t\t<\/div>\n\t\t<\/div>\n\t\t\t\t\t<\/div>\n\t\t<\/section>\n\t\t\t\t<section class=\"elementor-section elementor-top-section elementor-element elementor-element-4fc9e073 elementor-section-boxed elementor-section-height-default elementor-section-height-default\" data-id=\"4fc9e073\" data-element_type=\"section\" data-e-type=\"section\">\n\t\t\t\t\t\t<div class=\"elementor-container elementor-column-gap-default\">\n\t\t\t\t\t<div class=\"elementor-column elementor-col-50 elementor-top-column elementor-element elementor-element-24a5084a\" data-id=\"24a5084a\" data-element_type=\"column\" data-e-type=\"column\">\n\t\t\t<div class=\"elementor-widget-wrap elementor-element-populated\">\n\t\t\t\t\t\t<div class=\"elementor-element elementor-element-12ce7925 elementor-widget elementor-widget-heading\" data-id=\"12ce7925\" data-element_type=\"widget\" data-e-type=\"widget\" data-widget_type=\"heading.default\">\n\t\t\t\t<div class=\"elementor-widget-container\">\n\t\t\t\t\t<h2 class=\"elementor-heading-title elementor-size-default\">SIEMATIC: SF 10<\/h2>\t\t\t\t<\/div>\n\t\t\t\t<\/div>\n\t\t\t\t<div class=\"elementor-element elementor-element-3589836a elementor-widget elementor-widget-text-editor\" data-id=\"3589836a\" data-element_type=\"widget\" data-e-type=\"widget\" data-widget_type=\"text-editor.default\">\n\t\t\t\t<div class=\"elementor-widget-container\">\n\t\t\t\t\t\t\t\t\t<p><strong>Wood interior system<\/strong><\/p>\t\t\t\t\t\t\t\t<\/div>\n\t\t\t\t<\/div>\n\t\t\t\t<div class=\"elementor-element elementor-element-a898f26 elementor-widget elementor-widget-text-editor\" data-id=\"a898f26\" data-element_type=\"widget\" data-e-type=\"widget\" data-widget_type=\"text-editor.default\">\n\t\t\t\t<div class=\"elementor-widget-container\">\n\t\t\t\t\t\t\t\t\t<p>With the use of high-quality hard-glazed porcelain, a proven material is utilized in a modern and linear interpretation.<\/p>\n<p>For optimal utilization of storage space storage containers and wooden boxes are stackable. Aligned heights provide versatile possible combinations. These utilitarian yet decorative kitchen helpers are supplemented by porcelain lids that can be labeled individually and by glass inserts for the spice jar lids.<\/p>\n<p>Thanks to material mix of light oak, aluminum and porcelain, coupled with the linear design vocabulary, the elements radiate elegance, modernity and value.<\/p><p>Awards: <br><span>&#8211; Focus Open 2011 \/ Design Center Stuttgart<\/span><br><span>&#8211; Special Mention \/ German Design Award 2011<\/span><\/p><p><span>Manufacturer:<br><\/span><a href=\"https:\/\/www.siematic.com\/de\/kuechen\/innenausstattung\/\" target=\"_blank\" rel=\"noopener\">https:\/\/www.siematic.com\/de\/kuechen\/innenausstattung\/<\/a><\/p>\n<p><span><br><\/span><\/p><p><span><br><\/span><\/p>\t\t\t\t\t\t\t\t<\/div>\n\t\t\t\t<\/div>\n\t\t\t\t\t<\/div>\n\t\t<\/div>\n\t\t\t\t<div class=\"elementor-column elementor-col-50 elementor-top-column elementor-element elementor-element-13da38f5\" data-id=\"13da38f5\" data-element_type=\"column\" data-e-type=\"column\">\n\t\t\t<div class=\"elementor-widget-wrap elementor-element-populated\">\n\t\t\t\t\t\t<div class=\"elementor-element elementor-element-16c74240 elementor-widget elementor-widget-gallery\" data-id=\"16c74240\" data-element_type=\"widget\" data-e-type=\"widget\" data-settings=\"{&quot;gallery_layout&quot;:&quot;masonry&quot;,&quot;columns&quot;:2,&quot;lazyload&quot;:&quot;yes&quot;,&quot;columns_tablet&quot;:2,&quot;columns_mobile&quot;:1,&quot;gap&quot;:{&quot;unit&quot;:&quot;px&quot;,&quot;size&quot;:10,&quot;sizes&quot;:[]},&quot;gap_tablet&quot;:{&quot;unit&quot;:&quot;px&quot;,&quot;size&quot;:10,&quot;sizes&quot;:[]},&quot;gap_mobile&quot;:{&quot;unit&quot;:&quot;px&quot;,&quot;size&quot;:10,&quot;sizes&quot;:[]},&quot;link_to&quot;:&quot;file&quot;,&quot;overlay_background&quot;:&quot;yes&quot;,&quot;content_hover_animation&quot;:&quot;fade-in&quot;}\" data-widget_type=\"gallery.default\">\n\t\t\t\t<div class=\"elementor-widget-container\">\n\t\t\t\t\t\t\t<div class=\"elementor-gallery__container\">\n\t\t\t\t\t\t\t<a class=\"e-gallery-item elementor-gallery-item elementor-animated-content\" href=\"https:\/\/www.speziell.net\/beta\/wp-content\/uploads\/2023\/05\/2009_SieMatic_SF10_by_speziell_Dosen.jpg\" data-elementor-open-lightbox=\"yes\" data-elementor-lightbox-slideshow=\"16c74240\" data-elementor-lightbox-title=\"2009_SieMatic_SF10_by_speziell_Dosen\" data-elementor-lightbox-description=\"Porzellandosen in verschiedenen Gr\u00f6\u00dfen\" data-e-action-hash=\"#elementor-action%3Aaction%3Dlightbox%26settings%3DeyJpZCI6MzMzMiwidXJsIjoiaHR0cHM6XC9cL3d3dy5zcGV6aWVsbC5uZXRcL2JldGFcL3dwLWNvbnRlbnRcL3VwbG9hZHNcLzIwMjNcLzA1XC8yMDA5X1NpZU1hdGljX1NGMTBfYnlfc3BlemllbGxfRG9zZW4uanBnIiwic2xpZGVzaG93IjoiMTZjNzQyNDAifQ%3D%3D\">\n\t\t\t\t\t<div class=\"e-gallery-image elementor-gallery-item__image\" data-thumbnail=\"https:\/\/www.speziell.net\/beta\/wp-content\/uploads\/2023\/05\/2009_SieMatic_SF10_by_speziell_Dosen-1024x683.jpg\" data-width=\"800\" data-height=\"534\" aria-label=\"Porzellandosen in verschiedenen Gr\u00f6\u00dfen\" role=\"img\" ><\/div>\n\t\t\t\t\t\t\t\t\t\t\t<div class=\"elementor-gallery-item__overlay\"><\/div>\n\t\t\t\t\t\t\t\t\t\t\t\t\t\t<\/a>\n\t\t\t\t\t\t\t<a class=\"e-gallery-item elementor-gallery-item elementor-animated-content\" href=\"https:\/\/www.speziell.net\/beta\/wp-content\/uploads\/2023\/05\/2009_SieMatic_SF10_by_speziell_Dose-beschriftet_Detail.jpg\" data-elementor-open-lightbox=\"yes\" data-elementor-lightbox-slideshow=\"16c74240\" data-elementor-lightbox-title=\"2009_SieMatic_SF10_by_speziell_Dose beschriftet_Detail\" data-elementor-lightbox-description=\"Porzellandosen mit beschriftbarem Deckel\" data-e-action-hash=\"#elementor-action%3Aaction%3Dlightbox%26settings%3DeyJpZCI6MzMzMSwidXJsIjoiaHR0cHM6XC9cL3d3dy5zcGV6aWVsbC5uZXRcL2JldGFcL3dwLWNvbnRlbnRcL3VwbG9hZHNcLzIwMjNcLzA1XC8yMDA5X1NpZU1hdGljX1NGMTBfYnlfc3BlemllbGxfRG9zZS1iZXNjaHJpZnRldF9EZXRhaWwuanBnIiwic2xpZGVzaG93IjoiMTZjNzQyNDAifQ%3D%3D\">\n\t\t\t\t\t<div class=\"e-gallery-image elementor-gallery-item__image\" data-thumbnail=\"https:\/\/www.speziell.net\/beta\/wp-content\/uploads\/2023\/05\/2009_SieMatic_SF10_by_speziell_Dose-beschriftet_Detail-1024x683.jpg\" data-width=\"800\" data-height=\"534\" aria-label=\"Porzellandosen mit beschriftbarem Deckel\" role=\"img\" ><\/div>\n\t\t\t\t\t\t\t\t\t\t\t<div class=\"elementor-gallery-item__overlay\"><\/div>\n\t\t\t\t\t\t\t\t\t\t\t\t\t\t<\/a>\n\t\t\t\t\t\t\t<a class=\"e-gallery-item elementor-gallery-item elementor-animated-content\" href=\"https:\/\/www.speziell.net\/beta\/wp-content\/uploads\/2023\/05\/2009_SieMatic_SF10_by_speziell_Auszug-1.jpg\" data-elementor-open-lightbox=\"yes\" data-elementor-lightbox-slideshow=\"16c74240\" data-elementor-lightbox-title=\"2009_SieMatic_SF10_by_speziell_Auszug 1\" data-elementor-lightbox-description=\"Innenauszug mit Gew\u00fcrzdosen und Messerblock\" data-e-action-hash=\"#elementor-action%3Aaction%3Dlightbox%26settings%3DeyJpZCI6MzMyNywidXJsIjoiaHR0cHM6XC9cL3d3dy5zcGV6aWVsbC5uZXRcL2JldGFcL3dwLWNvbnRlbnRcL3VwbG9hZHNcLzIwMjNcLzA1XC8yMDA5X1NpZU1hdGljX1NGMTBfYnlfc3BlemllbGxfQXVzenVnLTEuanBnIiwic2xpZGVzaG93IjoiMTZjNzQyNDAifQ%3D%3D\">\n\t\t\t\t\t<div class=\"e-gallery-image elementor-gallery-item__image\" data-thumbnail=\"https:\/\/www.speziell.net\/beta\/wp-content\/uploads\/2023\/05\/2009_SieMatic_SF10_by_speziell_Auszug-1-1024x614.jpg\" data-width=\"800\" data-height=\"480\" aria-label=\"Innenauszug mit Gew\u00fcrzdosen und Messerblock\" role=\"img\" ><\/div>\n\t\t\t\t\t\t\t\t\t\t\t<div class=\"elementor-gallery-item__overlay\"><\/div>\n\t\t\t\t\t\t\t\t\t\t\t\t\t\t<\/a>\n\t\t\t\t\t\t\t<a class=\"e-gallery-item elementor-gallery-item elementor-animated-content\" href=\"https:\/\/www.speziell.net\/beta\/wp-content\/uploads\/2023\/05\/2009_SieMatic_SF10_by_speziell_Auszug-4.jpg\" data-elementor-open-lightbox=\"yes\" data-elementor-lightbox-slideshow=\"16c74240\" data-elementor-lightbox-title=\"2009_SieMatic_SF10_by_speziell_Auszug 4\" data-elementor-lightbox-description=\"Innenauszug mit Grip Deck Boden\" data-e-action-hash=\"#elementor-action%3Aaction%3Dlightbox%26settings%3DeyJpZCI6MzMzMCwidXJsIjoiaHR0cHM6XC9cL3d3dy5zcGV6aWVsbC5uZXRcL2JldGFcL3dwLWNvbnRlbnRcL3VwbG9hZHNcLzIwMjNcLzA1XC8yMDA5X1NpZU1hdGljX1NGMTBfYnlfc3BlemllbGxfQXVzenVnLTQuanBnIiwic2xpZGVzaG93IjoiMTZjNzQyNDAifQ%3D%3D\">\n\t\t\t\t\t<div class=\"e-gallery-image elementor-gallery-item__image\" data-thumbnail=\"https:\/\/www.speziell.net\/beta\/wp-content\/uploads\/2023\/05\/2009_SieMatic_SF10_by_speziell_Auszug-4-751x1024.jpg\" data-width=\"751\" data-height=\"1024\" aria-label=\"Innenauszug mit Grip Deck Boden\" role=\"img\" ><\/div>\n\t\t\t\t\t\t\t\t\t\t\t<div class=\"elementor-gallery-item__overlay\"><\/div>\n\t\t\t\t\t\t\t\t\t\t\t\t\t\t<\/a>\n\t\t\t\t\t\t\t<a class=\"e-gallery-item elementor-gallery-item elementor-animated-content\" href=\"https:\/\/www.speziell.net\/beta\/wp-content\/uploads\/2023\/05\/2009_SieMatic_SF10_by_speziell_Auszug-3.jpg\" data-elementor-open-lightbox=\"yes\" data-elementor-lightbox-slideshow=\"16c74240\" data-elementor-lightbox-title=\"2009_SieMatic_SF10_by_speziell_Auszug 3\" data-elementor-lightbox-description=\"Innenauszug mit Grip Deck Boden\" data-e-action-hash=\"#elementor-action%3Aaction%3Dlightbox%26settings%3DeyJpZCI6MzMyOSwidXJsIjoiaHR0cHM6XC9cL3d3dy5zcGV6aWVsbC5uZXRcL2JldGFcL3dwLWNvbnRlbnRcL3VwbG9hZHNcLzIwMjNcLzA1XC8yMDA5X1NpZU1hdGljX1NGMTBfYnlfc3BlemllbGxfQXVzenVnLTMuanBnIiwic2xpZGVzaG93IjoiMTZjNzQyNDAifQ%3D%3D\">\n\t\t\t\t\t<div class=\"e-gallery-image elementor-gallery-item__image\" data-thumbnail=\"https:\/\/www.speziell.net\/beta\/wp-content\/uploads\/2023\/05\/2009_SieMatic_SF10_by_speziell_Auszug-3-1024x683.jpg\" data-width=\"800\" data-height=\"534\" aria-label=\"Innenauszug mit Grip Deck Boden\" role=\"img\" ><\/div>\n\t\t\t\t\t\t\t\t\t\t\t<div class=\"elementor-gallery-item__overlay\"><\/div>\n\t\t\t\t\t\t\t\t\t\t\t\t\t\t<\/a>\n\t\t\t\t\t\t\t<a class=\"e-gallery-item elementor-gallery-item elementor-animated-content\" href=\"https:\/\/www.speziell.net\/beta\/wp-content\/uploads\/2023\/05\/2009_SieMatic_SF10_by_speziell_HolykistenDeckel-beschriftet_Detail.jpg\" data-elementor-open-lightbox=\"yes\" data-elementor-lightbox-slideshow=\"16c74240\" data-elementor-lightbox-title=\"2009_SieMatic_SF10_by_speziell_Holykisten+Deckel beschriftet_Detail\" data-elementor-lightbox-description=\"Vorratskisten aus Holz mit Porzellandeckel\" data-e-action-hash=\"#elementor-action%3Aaction%3Dlightbox%26settings%3DeyJpZCI6MzMzMywidXJsIjoiaHR0cHM6XC9cL3d3dy5zcGV6aWVsbC5uZXRcL2JldGFcL3dwLWNvbnRlbnRcL3VwbG9hZHNcLzIwMjNcLzA1XC8yMDA5X1NpZU1hdGljX1NGMTBfYnlfc3BlemllbGxfSG9seWtpc3RlbkRlY2tlbC1iZXNjaHJpZnRldF9EZXRhaWwuanBnIiwic2xpZGVzaG93IjoiMTZjNzQyNDAifQ%3D%3D\">\n\t\t\t\t\t<div class=\"e-gallery-image elementor-gallery-item__image\" data-thumbnail=\"https:\/\/www.speziell.net\/beta\/wp-content\/uploads\/2023\/05\/2009_SieMatic_SF10_by_speziell_HolykistenDeckel-beschriftet_Detail-1024x683.jpg\" data-width=\"800\" data-height=\"534\" aria-label=\"Vorratskisten aus Holz mit Porzellandeckel\" role=\"img\" ><\/div>\n\t\t\t\t\t\t\t\t\t\t\t<div class=\"elementor-gallery-item__overlay\"><\/div>\n\t\t\t\t\t\t\t\t\t\t\t\t\t\t<\/a>\n\t\t\t\t\t\t\t<a class=\"e-gallery-item elementor-gallery-item elementor-animated-content\" href=\"https:\/\/www.speziell.net\/beta\/wp-content\/uploads\/2023\/05\/2009_SieMatic_SF10_by_speziell_Auszug-2.jpg\" data-elementor-open-lightbox=\"yes\" data-elementor-lightbox-slideshow=\"16c74240\" data-elementor-lightbox-title=\"2009_SieMatic_SF10_by_speziell_Auszug 2\" data-elementor-lightbox-description=\"Innenauszug mit Vorratsdosen und Vorratskisten\" data-e-action-hash=\"#elementor-action%3Aaction%3Dlightbox%26settings%3DeyJpZCI6MzMyOCwidXJsIjoiaHR0cHM6XC9cL3d3dy5zcGV6aWVsbC5uZXRcL2JldGFcL3dwLWNvbnRlbnRcL3VwbG9hZHNcLzIwMjNcLzA1XC8yMDA5X1NpZU1hdGljX1NGMTBfYnlfc3BlemllbGxfQXVzenVnLTIuanBnIiwic2xpZGVzaG93IjoiMTZjNzQyNDAifQ%3D%3D\">\n\t\t\t\t\t<div class=\"e-gallery-image elementor-gallery-item__image\" data-thumbnail=\"https:\/\/www.speziell.net\/beta\/wp-content\/uploads\/2023\/05\/2009_SieMatic_SF10_by_speziell_Auszug-2-1024x683.jpg\" data-width=\"800\" data-height=\"534\" aria-label=\"Innenauszug mit Vorratsdosen und Vorratskisten\" role=\"img\" ><\/div>\n\t\t\t\t\t\t\t\t\t\t\t<div class=\"elementor-gallery-item__overlay\"><\/div>\n\t\t\t\t\t\t\t\t\t\t\t\t\t\t<\/a>\n\t\t\t\t\t<\/div>\n\t\t\t\t\t<\/div>\n\t\t\t\t<\/div>\n\t\t\t\t\t<\/div>\n\t\t<\/div>\n\t\t\t\t\t<\/div>\n\t\t<\/section>\n\t\t\t\t<\/div>","protected":false},"excerpt":{"rendered":"<p>SIEMATIC: SF 10 Holzinnenausstattung Mit dem Einsatz von hochwertigem Hartporzellan wird ein bew\u00e4hrtes Material f\u00fcr die K\u00fcchenorganisation genutzt und modern und geradlinig interpretiert. Zur optimalen Nutzung des Stauraums k\u00f6nnen die Vorratsdosen und Holzboxen gestapelt werden. Die H\u00f6hen sind aufeinander abgestimmt und bieten vielf\u00e4ltige Kombinationsm\u00f6glichkeiten. Individuell beschriftbare Porzellan-Deckel und Glaseins\u00e4tze f\u00fcr die Gew\u00fcrzdosen-Deckel erg\u00e4nzen die gleicherma\u00dfen [&hellip;]<\/p>\n","protected":false},"author":1,"featured_media":3332,"parent":9,"menu_order":0,"comment_status":"closed","ping_status":"closed","template":"","meta":{"footnotes":""},"class_list":["post-3326","page","type-page","status-publish","has-post-thumbnail","hentry"],"_links":{"self":[{"href":"https:\/\/www.speziell.net\/beta\/en\/wp-json\/wp\/v2\/pages\/3326","targetHints":{"allow":["GET"]}}],"collection":[{"href":"https:\/\/www.speziell.net\/beta\/en\/wp-json\/wp\/v2\/pages"}],"about":[{"href":"https:\/\/www.speziell.net\/beta\/en\/wp-json\/wp\/v2\/types\/page"}],"author":[{"embeddable":true,"href":"https:\/\/www.speziell.net\/beta\/en\/wp-json\/wp\/v2\/users\/1"}],"replies":[{"embeddable":true,"href":"https:\/\/www.speziell.net\/beta\/en\/wp-json\/wp\/v2\/comments?post=3326"}],"version-history":[{"count":29,"href":"https:\/\/www.speziell.net\/beta\/en\/wp-json\/wp\/v2\/pages\/3326\/revisions"}],"predecessor-version":[{"id":5091,"href":"https:\/\/www.speziell.net\/beta\/en\/wp-json\/wp\/v2\/pages\/3326\/revisions\/5091"}],"up":[{"embeddable":true,"href":"https:\/\/www.speziell.net\/beta\/en\/wp-json\/wp\/v2\/pages\/9"}],"wp:featuredmedia":[{"embeddable":true,"href":"https:\/\/www.speziell.net\/beta\/en\/wp-json\/wp\/v2\/media\/3332"}],"wp:attachment":[{"href":"https:\/\/www.speziell.net\/beta\/en\/wp-json\/wp\/v2\/media?parent=3326"}],"curies":[{"name":"wp","href":"https:\/\/api.w.org\/{rel}","templated":true}]}}