{"id":629,"date":"2019-02-21T18:06:00","date_gmt":"2019-02-21T17:06:00","guid":{"rendered":"https:\/\/www.speziell.net\/beta\/?page_id=629"},"modified":"2025-03-06T13:32:28","modified_gmt":"2025-03-06T12:32:28","slug":"levelrs","status":"publish","type":"page","link":"https:\/\/www.speziell.net\/beta\/en\/home\/levelrs\/","title":{"rendered":"LEVEL RS"},"content":{"rendered":"<div data-elementor-type=\"wp-page\" data-elementor-id=\"629\" class=\"elementor elementor-629\" data-elementor-post-type=\"page\">\n\t\t\t\t\t\t<section class=\"elementor-section elementor-top-section elementor-element elementor-element-12e23433 elementor-section-boxed elementor-section-height-default elementor-section-height-default\" data-id=\"12e23433\" data-element_type=\"section\" data-e-type=\"section\">\n\t\t\t\t\t\t<div class=\"elementor-container elementor-column-gap-default\">\n\t\t\t\t\t<div class=\"elementor-column elementor-col-100 elementor-top-column elementor-element elementor-element-5269cead\" data-id=\"5269cead\" data-element_type=\"column\" data-e-type=\"column\">\n\t\t\t<div class=\"elementor-widget-wrap elementor-element-populated\">\n\t\t\t\t\t\t<div class=\"elementor-element elementor-element-33a3d088 elementor-hidden-mobile elementor-hidden-tablet elementor-widget elementor-widget-image\" data-id=\"33a3d088\" data-element_type=\"widget\" data-e-type=\"widget\" data-widget_type=\"image.default\">\n\t\t\t\t<div class=\"elementor-widget-container\">\n\t\t\t\t\t\t\t\t\t\t\t\t\t\t\t\t<a href=\"https:\/\/www.speziell.net\/beta\/en\/home\/\">\n\t\t\t\t\t\t\t<img decoding=\"async\" width=\"100\" height=\"100\" src=\"https:\/\/www.speziell.net\/beta\/wp-content\/uploads\/2023\/02\/speziell_logo_grau-1.svg\" class=\"attachment-large size-large wp-image-731\" alt=\"Designstudio speziell\u00ae \u2013 Fleckenstein Pohlmann Schwer GbR\" \/>\t\t\t\t\t\t\t\t<\/a>\n\t\t\t\t\t\t\t\t\t\t\t\t\t\t\t<\/div>\n\t\t\t\t<\/div>\n\t\t\t\t<div class=\"elementor-element elementor-element-53aa2704 elementor-hidden-desktop elementor-widget elementor-widget-image\" data-id=\"53aa2704\" data-element_type=\"widget\" data-e-type=\"widget\" data-widget_type=\"image.default\">\n\t\t\t\t<div class=\"elementor-widget-container\">\n\t\t\t\t\t\t\t\t\t\t\t\t\t\t\t\t<a href=\"https:\/\/www.speziell.net\/beta\/en\/home\/\">\n\t\t\t\t\t\t\t<img decoding=\"async\" width=\"100\" height=\"100\" src=\"https:\/\/www.speziell.net\/beta\/wp-content\/uploads\/2023\/03\/speziell_logo_oSubline.svg\" class=\"attachment-large size-large wp-image-2739\" alt=\"\" \/>\t\t\t\t\t\t\t\t<\/a>\n\t\t\t\t\t\t\t\t\t\t\t\t\t\t\t<\/div>\n\t\t\t\t<\/div>\n\t\t\t\t\t<\/div>\n\t\t<\/div>\n\t\t\t\t\t<\/div>\n\t\t<\/section>\n\t\t\t\t<section class=\"elementor-section elementor-top-section elementor-element elementor-element-52c41ec5 elementor-section-boxed elementor-section-height-default elementor-section-height-default\" data-id=\"52c41ec5\" data-element_type=\"section\" data-e-type=\"section\">\n\t\t\t\t\t\t<div class=\"elementor-container elementor-column-gap-default\">\n\t\t\t\t\t<div class=\"elementor-column elementor-col-50 elementor-top-column elementor-element elementor-element-2ebf0ef7\" data-id=\"2ebf0ef7\" data-element_type=\"column\" data-e-type=\"column\">\n\t\t\t<div class=\"elementor-widget-wrap elementor-element-populated\">\n\t\t\t\t\t\t<div class=\"elementor-element elementor-element-71e9150 elementor-widget elementor-widget-heading\" data-id=\"71e9150\" data-element_type=\"widget\" data-e-type=\"widget\" data-widget_type=\"heading.default\">\n\t\t\t\t<div class=\"elementor-widget-container\">\n\t\t\t\t\t<h1 class=\"elementor-heading-title elementor-size-default\">ERLUS: LEVEL RS<\/h1>\t\t\t\t<\/div>\n\t\t\t\t<\/div>\n\t\t\t\t<div class=\"elementor-element elementor-element-28879ad4 elementor-widget elementor-widget-text-editor\" data-id=\"28879ad4\" data-element_type=\"widget\" data-e-type=\"widget\" data-widget_type=\"text-editor.default\">\n\t\t\t\t<div class=\"elementor-widget-container\">\n\t\t\t\t\t\t\t\t\t<p><strong>Pure design for shallow roofs \u2013 flat, square-edged, raintight for pitches starting at 10\u00b0 <\/strong><\/p>\t\t\t\t\t\t\t\t<\/div>\n\t\t\t\t<\/div>\n\t\t\t\t<div class=\"elementor-element elementor-element-1b875c69 elementor-widget elementor-widget-text-editor\" data-id=\"1b875c69\" data-element_type=\"widget\" data-e-type=\"widget\" data-widget_type=\"text-editor.default\">\n\t\t\t\t<div class=\"elementor-widget-container\">\n\t\t\t\t\t\t\t\t\t<p>The rooftile LEVEL RS\u00ae is already the second specialist for shallow roofs we developed for ERLUS AG. What is striking about this tile is its clear, square-edged form. This attribute ensures minimalistic, even roof surfaces. All constructive elements follow this formal concept, have been designed in a straight manner and create a high degree of order. By this, the rooftile as a whole conveys the uncompromising quality standard of ERLUS.<\/p>\n<p>Designstudio speziell\u00ae was also involved in the technical development of the product. As a result, the functional features blend in perfectly with the overal structure. Like the deep interlocking joints on all sides with triple head and side locks. Due to this special constructive feature, the water on the tile surface is channelled away perfectly. That way, even on shallow roofs (laid in cross pattern: standard roof pitch 16\u00b0, minimum roof pitch 10\u00b0); the substructure stays dry.<\/p>\n<p>Other distinctive features are the flat grooves at the rooftile\u00b4s head over the cover fold (top right). They shape an efficient drainage against water ingress within the smallest space. The next rooftile, lying on the rightside \"embraces\" the notched rear wall and secures the flat part of the interlocking.<\/p>\n<p>The appearance of the rooftile and the coverage effect - both complement archtecture which is characterized by finely tuned proportions, clearly arranged building elements and high quality of detail.<\/p>\n<p>Award:<br>iF Design Award 2023<\/p>\n<p>Manufacturer:<br><a href=\"https:\/\/www.erlus.com\/levelrs\" target=\"_blank\" rel=\"noopener\">https:\/\/www.erlus.com\/levelrs<\/a><\/p>\t\t\t\t\t\t\t\t<\/div>\n\t\t\t\t<\/div>\n\t\t\t\t\t<\/div>\n\t\t<\/div>\n\t\t\t\t<div class=\"elementor-column elementor-col-50 elementor-top-column elementor-element elementor-element-69933cca\" data-id=\"69933cca\" data-element_type=\"column\" data-e-type=\"column\">\n\t\t\t<div class=\"elementor-widget-wrap elementor-element-populated\">\n\t\t\t\t\t\t<div class=\"elementor-element elementor-element-b38a01e elementor-widget elementor-widget-gallery\" data-id=\"b38a01e\" data-element_type=\"widget\" data-e-type=\"widget\" data-settings=\"{&quot;columns&quot;:2,&quot;gallery_layout&quot;:&quot;masonry&quot;,&quot;lazyload&quot;:&quot;yes&quot;,&quot;columns_tablet&quot;:2,&quot;columns_mobile&quot;:1,&quot;gap&quot;:{&quot;unit&quot;:&quot;px&quot;,&quot;size&quot;:10,&quot;sizes&quot;:[]},&quot;gap_tablet&quot;:{&quot;unit&quot;:&quot;px&quot;,&quot;size&quot;:10,&quot;sizes&quot;:[]},&quot;gap_mobile&quot;:{&quot;unit&quot;:&quot;px&quot;,&quot;size&quot;:10,&quot;sizes&quot;:[]},&quot;link_to&quot;:&quot;file&quot;,&quot;overlay_background&quot;:&quot;yes&quot;,&quot;content_hover_animation&quot;:&quot;fade-in&quot;}\" data-widget_type=\"gallery.default\">\n\t\t\t\t<div class=\"elementor-widget-container\">\n\t\t\t\t\t\t\t<div class=\"elementor-gallery__container\">\n\t\t\t\t\t\t\t<a class=\"e-gallery-item elementor-gallery-item elementor-animated-content\" href=\"https:\/\/www.speziell.net\/beta\/wp-content\/uploads\/2025\/03\/2019_Erlus_LEVEL_RS_by_speziell_Draufsicht-1.jpg\" data-elementor-open-lightbox=\"yes\" data-elementor-lightbox-slideshow=\"b38a01e\" data-elementor-lightbox-title=\"2019_Erlus_LEVEL_RS_by_speziell_Draufsicht\" data-elementor-lightbox-description=\"Erlus: Level RS by Designstudio speziell\u00ae \u2013 Ansicht des puristisch gestalteten Ziegels\" data-e-action-hash=\"#elementor-action%3Aaction%3Dlightbox%26settings%3DeyJpZCI6NTY2MywidXJsIjoiaHR0cHM6XC9cL3d3dy5zcGV6aWVsbC5uZXRcL2JldGFcL3dwLWNvbnRlbnRcL3VwbG9hZHNcLzIwMjVcLzAzXC8yMDE5X0VybHVzX0xFVkVMX1JTX2J5X3NwZXppZWxsX0RyYXVmc2ljaHQtMS5qcGciLCJzbGlkZXNob3ciOiJiMzhhMDFlIn0%3D\">\n\t\t\t\t\t<div class=\"e-gallery-image elementor-gallery-item__image\" data-thumbnail=\"https:\/\/www.speziell.net\/beta\/wp-content\/uploads\/2025\/03\/2019_Erlus_LEVEL_RS_by_speziell_Draufsicht-1-768x768.jpg\" data-width=\"768\" data-height=\"768\" aria-label=\"Erlus: Level RS by Designstudio speziell\u00ae \u2013 Ansicht des puristisch gestalteten Ziegels\" role=\"img\" ><\/div>\n\t\t\t\t\t\t\t\t\t\t\t<div class=\"elementor-gallery-item__overlay\"><\/div>\n\t\t\t\t\t\t\t\t\t\t\t\t\t\t<\/a>\n\t\t\t\t\t\t\t<a class=\"e-gallery-item elementor-gallery-item elementor-animated-content\" href=\"https:\/\/www.speziell.net\/beta\/wp-content\/uploads\/2023\/03\/2019_Erlus_LEVEL_RS_by_speziell_Verlegen_Verband.jpg\" data-elementor-open-lightbox=\"yes\" data-elementor-lightbox-slideshow=\"b38a01e\" data-elementor-lightbox-title=\"2019_Erlus_LEVEL_RS_by_speziell_Verlegen_Verband\" data-elementor-lightbox-description=\"Erlus: Level RS by Designstudio speziell\u00ae \u2013 Verlegt im Verband\" data-e-action-hash=\"#elementor-action%3Aaction%3Dlightbox%26settings%3DeyJpZCI6MzAxNSwidXJsIjoiaHR0cHM6XC9cL3d3dy5zcGV6aWVsbC5uZXRcL2JldGFcL3dwLWNvbnRlbnRcL3VwbG9hZHNcLzIwMjNcLzAzXC8yMDE5X0VybHVzX0xFVkVMX1JTX2J5X3NwZXppZWxsX1ZlcmxlZ2VuX1ZlcmJhbmQuanBnIiwic2xpZGVzaG93IjoiYjM4YTAxZSJ9\">\n\t\t\t\t\t<div class=\"e-gallery-image elementor-gallery-item__image\" data-thumbnail=\"https:\/\/www.speziell.net\/beta\/wp-content\/uploads\/2023\/03\/2019_Erlus_LEVEL_RS_by_speziell_Verlegen_Verband-768x512.jpg\" data-width=\"768\" data-height=\"512\" aria-label=\"Erlus: Level RS by Designstudio speziell\u00ae \u2013 Verlegt im Verband\" role=\"img\" ><\/div>\n\t\t\t\t\t\t\t\t\t\t\t<div class=\"elementor-gallery-item__overlay\"><\/div>\n\t\t\t\t\t\t\t\t\t\t\t\t\t\t<\/a>\n\t\t\t\t\t\t\t<a class=\"e-gallery-item elementor-gallery-item elementor-animated-content\" href=\"https:\/\/www.speziell.net\/beta\/wp-content\/uploads\/2023\/03\/2019_Erlus_LEVEL_RS_by_speziell_Verlegen_parallel.jpg\" data-elementor-open-lightbox=\"yes\" data-elementor-lightbox-slideshow=\"b38a01e\" data-elementor-lightbox-title=\"2019_Erlus_LEVEL_RS_by_speziell_Verlegen_parallel\" data-elementor-lightbox-description=\"Erlus: Level RS by Designstudio speziell\u00ae \u2013 Verlegt in Reihe\" data-e-action-hash=\"#elementor-action%3Aaction%3Dlightbox%26settings%3DeyJpZCI6MzAxNCwidXJsIjoiaHR0cHM6XC9cL3d3dy5zcGV6aWVsbC5uZXRcL2JldGFcL3dwLWNvbnRlbnRcL3VwbG9hZHNcLzIwMjNcLzAzXC8yMDE5X0VybHVzX0xFVkVMX1JTX2J5X3NwZXppZWxsX1ZlcmxlZ2VuX3BhcmFsbGVsLmpwZyIsInNsaWRlc2hvdyI6ImIzOGEwMWUifQ%3D%3D\">\n\t\t\t\t\t<div class=\"e-gallery-image elementor-gallery-item__image\" data-thumbnail=\"https:\/\/www.speziell.net\/beta\/wp-content\/uploads\/2023\/03\/2019_Erlus_LEVEL_RS_by_speziell_Verlegen_parallel-768x512.jpg\" data-width=\"768\" data-height=\"512\" aria-label=\"Erlus: Level RS by Designstudio speziell\u00ae \u2013 Verlegt in Reihe\" role=\"img\" ><\/div>\n\t\t\t\t\t\t\t\t\t\t\t<div class=\"elementor-gallery-item__overlay\"><\/div>\n\t\t\t\t\t\t\t\t\t\t\t\t\t\t<\/a>\n\t\t\t\t\t\t\t<a class=\"e-gallery-item elementor-gallery-item elementor-animated-content\" href=\"https:\/\/www.speziell.net\/beta\/wp-content\/uploads\/2023\/02\/2019_Erlus_LEVEL_RS_by_speziell_OF_UF.jpg\" data-elementor-open-lightbox=\"yes\" data-elementor-lightbox-slideshow=\"b38a01e\" data-elementor-lightbox-title=\"2019_Erlus_LEVEL_RS_by_speziell_OF_UF\" data-e-action-hash=\"#elementor-action%3Aaction%3Dlightbox%26settings%3DeyJpZCI6OTcxLCJ1cmwiOiJodHRwczpcL1wvd3d3LnNwZXppZWxsLm5ldFwvYmV0YVwvd3AtY29udGVudFwvdXBsb2Fkc1wvMjAyM1wvMDJcLzIwMTlfRXJsdXNfTEVWRUxfUlNfYnlfc3BlemllbGxfT0ZfVUYuanBnIiwic2xpZGVzaG93IjoiYjM4YTAxZSJ9\">\n\t\t\t\t\t<div class=\"e-gallery-image elementor-gallery-item__image\" data-thumbnail=\"https:\/\/www.speziell.net\/beta\/wp-content\/uploads\/2023\/02\/2019_Erlus_LEVEL_RS_by_speziell_OF_UF-768x768.jpg\" data-width=\"768\" data-height=\"768\" aria-label=\"Erlus: Level RS by Designstudio speziell\u00ae \u2013 Oberform und Unterform\" role=\"img\" ><\/div>\n\t\t\t\t\t\t\t\t\t\t\t<div class=\"elementor-gallery-item__overlay\"><\/div>\n\t\t\t\t\t\t\t\t\t\t\t\t\t\t<\/a>\n\t\t\t\t\t\t\t<a class=\"e-gallery-item elementor-gallery-item elementor-animated-content\" href=\"https:\/\/www.speziell.net\/beta\/wp-content\/uploads\/2023\/02\/2019_Erlus_LEVEL_RS_by_speziell_Detail_Verfalzung.jpg\" data-elementor-open-lightbox=\"yes\" data-elementor-lightbox-slideshow=\"b38a01e\" data-elementor-lightbox-title=\"2019_Erlus_LEVEL_RS_by_speziell_Detail_Verfalzung\" data-elementor-lightbox-description=\"Erlus: Level RS by Designstudio speziell\u00ae \u2013 Visualisierung grafisch gestaltete Stege\" data-e-action-hash=\"#elementor-action%3Aaction%3Dlightbox%26settings%3DeyJpZCI6OTY5LCJ1cmwiOiJodHRwczpcL1wvd3d3LnNwZXppZWxsLm5ldFwvYmV0YVwvd3AtY29udGVudFwvdXBsb2Fkc1wvMjAyM1wvMDJcLzIwMTlfRXJsdXNfTEVWRUxfUlNfYnlfc3BlemllbGxfRGV0YWlsX1ZlcmZhbHp1bmcuanBnIiwic2xpZGVzaG93IjoiYjM4YTAxZSJ9\">\n\t\t\t\t\t<div class=\"e-gallery-image elementor-gallery-item__image\" data-thumbnail=\"https:\/\/www.speziell.net\/beta\/wp-content\/uploads\/2023\/02\/2019_Erlus_LEVEL_RS_by_speziell_Detail_Verfalzung-768x768.jpg\" data-width=\"768\" data-height=\"768\" aria-label=\"Erlus: Level RS by Designstudio speziell\u00ae \u2013 Visualisierung grafisch gestaltete Stege\" role=\"img\" ><\/div>\n\t\t\t\t\t\t\t\t\t\t\t<div class=\"elementor-gallery-item__overlay\"><\/div>\n\t\t\t\t\t\t\t\t\t\t\t\t\t\t<\/a>\n\t\t\t\t\t\t\t<a class=\"e-gallery-item elementor-gallery-item elementor-animated-content\" href=\"https:\/\/www.speziell.net\/beta\/wp-content\/uploads\/2023\/02\/2019_Erlus_LEVEL_RS_by_speziell_Detail_Sturmklammer.jpg\" data-elementor-open-lightbox=\"yes\" data-elementor-lightbox-slideshow=\"b38a01e\" data-elementor-lightbox-title=\"2019_Erlus_LEVEL_RS_by_speziell_Detail_Sturmklammer\" data-elementor-lightbox-description=\"Erlus: Level RS by Designstudio speziell\u00ae \u2013 Visualisierung Blutrinne\" data-e-action-hash=\"#elementor-action%3Aaction%3Dlightbox%26settings%3DeyJpZCI6OTY4LCJ1cmwiOiJodHRwczpcL1wvd3d3LnNwZXppZWxsLm5ldFwvYmV0YVwvd3AtY29udGVudFwvdXBsb2Fkc1wvMjAyM1wvMDJcLzIwMTlfRXJsdXNfTEVWRUxfUlNfYnlfc3BlemllbGxfRGV0YWlsX1N0dXJta2xhbW1lci5qcGciLCJzbGlkZXNob3ciOiJiMzhhMDFlIn0%3D\">\n\t\t\t\t\t<div class=\"e-gallery-image elementor-gallery-item__image\" data-thumbnail=\"https:\/\/www.speziell.net\/beta\/wp-content\/uploads\/2023\/02\/2019_Erlus_LEVEL_RS_by_speziell_Detail_Sturmklammer-768x768.jpg\" data-width=\"768\" data-height=\"768\" aria-label=\"Erlus: Level RS by Designstudio speziell\u00ae \u2013 Visualisierung Blutrinne\" role=\"img\" ><\/div>\n\t\t\t\t\t\t\t\t\t\t\t<div class=\"elementor-gallery-item__overlay\"><\/div>\n\t\t\t\t\t\t\t\t\t\t\t\t\t\t<\/a>\n\t\t\t\t\t\t\t<a class=\"e-gallery-item elementor-gallery-item elementor-animated-content\" href=\"https:\/\/www.speziell.net\/beta\/wp-content\/uploads\/2023\/02\/2019_Erlus_LEVEL_RS_by_speziell_Detail_Kopffalz.jpg\" data-elementor-open-lightbox=\"yes\" data-elementor-lightbox-slideshow=\"b38a01e\" data-elementor-lightbox-title=\"2019_Erlus_LEVEL_RS_by_speziell_Detail_Kopffalz\" data-elementor-lightbox-description=\"Erlus: Level RS by Designstudio speziell\u00ae \u2013 Visualisierung Kopffalz\" data-e-action-hash=\"#elementor-action%3Aaction%3Dlightbox%26settings%3DeyJpZCI6OTY3LCJ1cmwiOiJodHRwczpcL1wvd3d3LnNwZXppZWxsLm5ldFwvYmV0YVwvd3AtY29udGVudFwvdXBsb2Fkc1wvMjAyM1wvMDJcLzIwMTlfRXJsdXNfTEVWRUxfUlNfYnlfc3BlemllbGxfRGV0YWlsX0tvcGZmYWx6LmpwZyIsInNsaWRlc2hvdyI6ImIzOGEwMWUifQ%3D%3D\">\n\t\t\t\t\t<div class=\"e-gallery-image elementor-gallery-item__image\" data-thumbnail=\"https:\/\/www.speziell.net\/beta\/wp-content\/uploads\/2023\/02\/2019_Erlus_LEVEL_RS_by_speziell_Detail_Kopffalz-768x768.jpg\" data-width=\"768\" data-height=\"768\" aria-label=\"Erlus: Level RS by Designstudio speziell\u00ae \u2013 Visualisierung Kopffalz\" role=\"img\" ><\/div>\n\t\t\t\t\t\t\t\t\t\t\t<div class=\"elementor-gallery-item__overlay\"><\/div>\n\t\t\t\t\t\t\t\t\t\t\t\t\t\t<\/a>\n\t\t\t\t\t\t\t<a class=\"e-gallery-item elementor-gallery-item elementor-animated-content\" href=\"https:\/\/www.speziell.net\/beta\/wp-content\/uploads\/2023\/02\/2019_Erlus_LEVEL_RS_by_speziell_Stapelnasen.jpg\" data-elementor-open-lightbox=\"yes\" data-elementor-lightbox-slideshow=\"b38a01e\" data-elementor-lightbox-title=\"2019_Erlus_LEVEL_RS_by_speziell_Stapelnasen\" data-elementor-lightbox-description=\"Erlus: Level RS by Designstudio speziell\u00ae \u2013 Visualisierung der Stapelnasen\" data-e-action-hash=\"#elementor-action%3Aaction%3Dlightbox%26settings%3DeyJpZCI6OTczLCJ1cmwiOiJodHRwczpcL1wvd3d3LnNwZXppZWxsLm5ldFwvYmV0YVwvd3AtY29udGVudFwvdXBsb2Fkc1wvMjAyM1wvMDJcLzIwMTlfRXJsdXNfTEVWRUxfUlNfYnlfc3BlemllbGxfU3RhcGVsbmFzZW4uanBnIiwic2xpZGVzaG93IjoiYjM4YTAxZSJ9\">\n\t\t\t\t\t<div class=\"e-gallery-image elementor-gallery-item__image\" data-thumbnail=\"https:\/\/www.speziell.net\/beta\/wp-content\/uploads\/2023\/02\/2019_Erlus_LEVEL_RS_by_speziell_Stapelnasen-768x768.jpg\" data-width=\"768\" data-height=\"768\" aria-label=\"Erlus: Level RS by Designstudio speziell\u00ae \u2013 Visualisierung der Stapelnasen\" role=\"img\" ><\/div>\n\t\t\t\t\t\t\t\t\t\t\t<div class=\"elementor-gallery-item__overlay\"><\/div>\n\t\t\t\t\t\t\t\t\t\t\t\t\t\t<\/a>\n\t\t\t\t\t\t\t<a class=\"e-gallery-item elementor-gallery-item elementor-animated-content\" href=\"https:\/\/www.speziell.net\/beta\/wp-content\/uploads\/2023\/02\/2019_Erlus_LEVEL_RS_by_speziell_Stapel.jpg\" data-elementor-open-lightbox=\"yes\" data-elementor-lightbox-slideshow=\"b38a01e\" data-elementor-lightbox-title=\"2019_Erlus_LEVEL_RS_by_speziell_Stapel\" data-elementor-lightbox-description=\"Erlus: Level RS by Designstudio speziell\u00ae \u2013 Ansicht des Stapels mit einem Erlus touch1-Becher\" data-e-action-hash=\"#elementor-action%3Aaction%3Dlightbox%26settings%3DeyJpZCI6OTcyLCJ1cmwiOiJodHRwczpcL1wvd3d3LnNwZXppZWxsLm5ldFwvYmV0YVwvd3AtY29udGVudFwvdXBsb2Fkc1wvMjAyM1wvMDJcLzIwMTlfRXJsdXNfTEVWRUxfUlNfYnlfc3BlemllbGxfU3RhcGVsLmpwZyIsInNsaWRlc2hvdyI6ImIzOGEwMWUifQ%3D%3D\">\n\t\t\t\t\t<div class=\"e-gallery-image elementor-gallery-item__image\" data-thumbnail=\"https:\/\/www.speziell.net\/beta\/wp-content\/uploads\/2023\/02\/2019_Erlus_LEVEL_RS_by_speziell_Stapel-768x768.jpg\" data-width=\"768\" data-height=\"768\" aria-label=\"Erlus: Level RS by Designstudio speziell\u00ae \u2013 Ansicht des Stapels mit einem Erlus touch1-Becher\" role=\"img\" ><\/div>\n\t\t\t\t\t\t\t\t\t\t\t<div class=\"elementor-gallery-item__overlay\"><\/div>\n\t\t\t\t\t\t\t\t\t\t\t\t\t\t<\/a>\n\t\t\t\t\t<\/div>\n\t\t\t\t\t<\/div>\n\t\t\t\t<\/div>\n\t\t\t\t\t<\/div>\n\t\t<\/div>\n\t\t\t\t\t<\/div>\n\t\t<\/section>\n\t\t\t\t<\/div>","protected":false},"excerpt":{"rendered":"<p>ERLUS: LEVEL RS Eine puristische Formensprache f\u00fcr flach geneigte D\u00e4cher \u2013 glatt, kantig, regensicher ab 10\u00b0 Dachneigung Der Dachziegel LEVEL RS\u00ae ist bereits unser zweiter Spezialist f\u00fcr flach geneigte D\u00e4cher, den wir f\u00fcr die Erlus AG entwickelt haben. Auffallend ist seine klare kantige Sichtfl\u00e4che mit geraden Abschlusskanten. Diese Attribute sorgen f\u00fcr minimalistische, glatt aussehende Dachfl\u00e4chen. [&hellip;]<\/p>\n","protected":false},"author":1,"featured_media":5663,"parent":9,"menu_order":0,"comment_status":"closed","ping_status":"closed","template":"","meta":{"footnotes":""},"class_list":["post-629","page","type-page","status-publish","has-post-thumbnail","hentry"],"_links":{"self":[{"href":"https:\/\/www.speziell.net\/beta\/en\/wp-json\/wp\/v2\/pages\/629","targetHints":{"allow":["GET"]}}],"collection":[{"href":"https:\/\/www.speziell.net\/beta\/en\/wp-json\/wp\/v2\/pages"}],"about":[{"href":"https:\/\/www.speziell.net\/beta\/en\/wp-json\/wp\/v2\/types\/page"}],"author":[{"embeddable":true,"href":"https:\/\/www.speziell.net\/beta\/en\/wp-json\/wp\/v2\/users\/1"}],"replies":[{"embeddable":true,"href":"https:\/\/www.speziell.net\/beta\/en\/wp-json\/wp\/v2\/comments?post=629"}],"version-history":[{"count":145,"href":"https:\/\/www.speziell.net\/beta\/en\/wp-json\/wp\/v2\/pages\/629\/revisions"}],"predecessor-version":[{"id":5691,"href":"https:\/\/www.speziell.net\/beta\/en\/wp-json\/wp\/v2\/pages\/629\/revisions\/5691"}],"up":[{"embeddable":true,"href":"https:\/\/www.speziell.net\/beta\/en\/wp-json\/wp\/v2\/pages\/9"}],"wp:featuredmedia":[{"embeddable":true,"href":"https:\/\/www.speziell.net\/beta\/en\/wp-json\/wp\/v2\/media\/5663"}],"wp:attachment":[{"href":"https:\/\/www.speziell.net\/beta\/en\/wp-json\/wp\/v2\/media?parent=629"}],"curies":[{"name":"wp","href":"https:\/\/api.w.org\/{rel}","templated":true}]}}