{"id":654,"date":"2017-02-21T18:14:00","date_gmt":"2017-02-21T17:14:00","guid":{"rendered":"https:\/\/www.speziell.net\/beta\/?page_id=654"},"modified":"2023-11-06T11:44:36","modified_gmt":"2023-11-06T10:44:36","slug":"pillowbox","status":"publish","type":"page","link":"https:\/\/www.speziell.net\/beta\/en\/home\/pillowbox\/","title":{"rendered":"PILLOWBOX"},"content":{"rendered":"<div data-elementor-type=\"wp-page\" data-elementor-id=\"654\" class=\"elementor elementor-654\" data-elementor-post-type=\"page\">\n\t\t\t\t\t\t<section class=\"elementor-section elementor-top-section elementor-element elementor-element-290677ae elementor-section-boxed elementor-section-height-default elementor-section-height-default\" data-id=\"290677ae\" data-element_type=\"section\" data-e-type=\"section\">\n\t\t\t\t\t\t<div class=\"elementor-container elementor-column-gap-default\">\n\t\t\t\t\t<div class=\"elementor-column elementor-col-100 elementor-top-column elementor-element elementor-element-693bf96d\" data-id=\"693bf96d\" data-element_type=\"column\" data-e-type=\"column\">\n\t\t\t<div class=\"elementor-widget-wrap elementor-element-populated\">\n\t\t\t\t\t\t<div class=\"elementor-element elementor-element-401fdc9f elementor-hidden-mobile elementor-hidden-tablet elementor-widget elementor-widget-image\" data-id=\"401fdc9f\" data-element_type=\"widget\" data-e-type=\"widget\" data-widget_type=\"image.default\">\n\t\t\t\t<div class=\"elementor-widget-container\">\n\t\t\t\t\t\t\t\t\t\t\t\t\t\t\t\t<a href=\"https:\/\/www.speziell.net\/beta\/en\/home\/\">\n\t\t\t\t\t\t\t<img decoding=\"async\" width=\"100\" height=\"100\" src=\"https:\/\/www.speziell.net\/beta\/wp-content\/uploads\/2023\/02\/speziell_logo_grau-1.svg\" class=\"attachment-large size-large wp-image-731\" alt=\"Designstudio speziell\u00ae \u2013 Fleckenstein Pohlmann Schwer GbR\" \/>\t\t\t\t\t\t\t\t<\/a>\n\t\t\t\t\t\t\t\t\t\t\t\t\t\t\t<\/div>\n\t\t\t\t<\/div>\n\t\t\t\t<div class=\"elementor-element elementor-element-5484612c elementor-hidden-desktop elementor-widget elementor-widget-image\" data-id=\"5484612c\" data-element_type=\"widget\" data-e-type=\"widget\" data-widget_type=\"image.default\">\n\t\t\t\t<div class=\"elementor-widget-container\">\n\t\t\t\t\t\t\t\t\t\t\t\t\t\t\t\t<a href=\"https:\/\/www.speziell.net\/beta\/en\/home\/\">\n\t\t\t\t\t\t\t<img decoding=\"async\" width=\"100\" height=\"100\" src=\"https:\/\/www.speziell.net\/beta\/wp-content\/uploads\/2023\/03\/speziell_logo_oSubline.svg\" class=\"attachment-large size-large wp-image-2739\" alt=\"\" \/>\t\t\t\t\t\t\t\t<\/a>\n\t\t\t\t\t\t\t\t\t\t\t\t\t\t\t<\/div>\n\t\t\t\t<\/div>\n\t\t\t\t\t<\/div>\n\t\t<\/div>\n\t\t\t\t\t<\/div>\n\t\t<\/section>\n\t\t\t\t<section class=\"elementor-section elementor-top-section elementor-element elementor-element-52363d9f elementor-section-boxed elementor-section-height-default elementor-section-height-default\" data-id=\"52363d9f\" data-element_type=\"section\" data-e-type=\"section\">\n\t\t\t\t\t\t<div class=\"elementor-container elementor-column-gap-default\">\n\t\t\t\t\t<div class=\"elementor-column elementor-col-50 elementor-top-column elementor-element elementor-element-f205069\" data-id=\"f205069\" data-element_type=\"column\" data-e-type=\"column\">\n\t\t\t<div class=\"elementor-widget-wrap elementor-element-populated\">\n\t\t\t\t\t\t<div class=\"elementor-element elementor-element-2f8329c3 elementor-widget elementor-widget-heading\" data-id=\"2f8329c3\" data-element_type=\"widget\" data-e-type=\"widget\" data-widget_type=\"heading.default\">\n\t\t\t\t<div class=\"elementor-widget-container\">\n\t\t\t\t\t<h2 class=\"elementor-heading-title elementor-size-default\">INTERL\u00dcBKE: PILLOWBOX<\/h2>\t\t\t\t<\/div>\n\t\t\t\t<\/div>\n\t\t\t\t<div class=\"elementor-element elementor-element-6ae475de elementor-widget elementor-widget-text-editor\" data-id=\"6ae475de\" data-element_type=\"widget\" data-e-type=\"widget\" data-widget_type=\"text-editor.default\">\n\t\t\t\t<div class=\"elementor-widget-container\">\n\t\t\t\t\t\t\t\t\t<p>Soft Organization System<\/p>\t\t\t\t\t\t\t\t<\/div>\n\t\t\t\t<\/div>\n\t\t\t\t<div class=\"elementor-element elementor-element-2b067955 elementor-widget elementor-widget-text-editor\" data-id=\"2b067955\" data-element_type=\"widget\" data-e-type=\"widget\" data-widget_type=\"text-editor.default\">\n\t\t\t\t<div class=\"elementor-widget-container\">\n\t\t\t\t\t\t\t\t\t<p>The pillowy-looking PILLOWBOXES form an attractive contrast to the minimalist design of the new Interl\u00fcbke pull-outs. At the same time, the colour of the fabric creates a connection to the cashmere grey inside.<\/p>\n<p>The boxes in four different sizes can be arranged individually and flexibly for all drawer dimensions. It remains in place thanks to the anti-slip coating on the bottom.<\/p><p>Manufacturer:<br><a href=\"https:\/\/www.interluebke.com\/de\/moebel\/interieur\" target=\"_blank\" rel=\"noopener\">https:\/\/www.interluebke.com\/de\/moebel\/interieur<\/a><\/p>\n<p><\/p>\t\t\t\t\t\t\t\t<\/div>\n\t\t\t\t<\/div>\n\t\t\t\t\t<\/div>\n\t\t<\/div>\n\t\t\t\t<div class=\"elementor-column elementor-col-50 elementor-top-column elementor-element elementor-element-797281e9\" data-id=\"797281e9\" data-element_type=\"column\" data-e-type=\"column\">\n\t\t\t<div class=\"elementor-widget-wrap elementor-element-populated\">\n\t\t\t\t\t\t<div class=\"elementor-element elementor-element-663af9ce elementor-widget elementor-widget-gallery\" data-id=\"663af9ce\" data-element_type=\"widget\" data-e-type=\"widget\" data-settings=\"{&quot;columns&quot;:2,&quot;gallery_layout&quot;:&quot;masonry&quot;,&quot;lazyload&quot;:&quot;yes&quot;,&quot;columns_tablet&quot;:2,&quot;columns_mobile&quot;:1,&quot;gap&quot;:{&quot;unit&quot;:&quot;px&quot;,&quot;size&quot;:10,&quot;sizes&quot;:[]},&quot;gap_tablet&quot;:{&quot;unit&quot;:&quot;px&quot;,&quot;size&quot;:10,&quot;sizes&quot;:[]},&quot;gap_mobile&quot;:{&quot;unit&quot;:&quot;px&quot;,&quot;size&quot;:10,&quot;sizes&quot;:[]},&quot;link_to&quot;:&quot;file&quot;,&quot;overlay_background&quot;:&quot;yes&quot;,&quot;content_hover_animation&quot;:&quot;fade-in&quot;}\" data-widget_type=\"gallery.default\">\n\t\t\t\t<div class=\"elementor-widget-container\">\n\t\t\t\t\t\t\t<div class=\"elementor-gallery__container\">\n\t\t\t\t\t\t\t<a class=\"e-gallery-item elementor-gallery-item elementor-animated-content\" href=\"https:\/\/www.speziell.net\/beta\/wp-content\/uploads\/2023\/03\/2017_Interluebke_PILLOWBOX_by_speziell_Produktfoto.jpg\" data-elementor-open-lightbox=\"yes\" data-elementor-lightbox-slideshow=\"663af9ce\" data-elementor-lightbox-title=\"2017_Interluebke_PILLOWBOX_by_speziell_Produktfoto\" data-elementor-lightbox-description=\"Interluebke:  Pillowboxby Designstudio speziell\u00ae \u2013 4 Gr\u00f6\u00dfen in zwei verschiedenen H\u00f6hen\" data-e-action-hash=\"#elementor-action%3Aaction%3Dlightbox%26settings%3DeyJpZCI6MTEwMSwidXJsIjoiaHR0cHM6XC9cL3d3dy5zcGV6aWVsbC5uZXRcL2JldGFcL3dwLWNvbnRlbnRcL3VwbG9hZHNcLzIwMjNcLzAzXC8yMDE3X0ludGVybHVlYmtlX1BJTExPV0JPWF9ieV9zcGV6aWVsbF9Qcm9kdWt0Zm90by5qcGciLCJzbGlkZXNob3ciOiI2NjNhZjljZSJ9\">\n\t\t\t\t\t<div class=\"e-gallery-image elementor-gallery-item__image\" data-thumbnail=\"https:\/\/www.speziell.net\/beta\/wp-content\/uploads\/2023\/03\/2017_Interluebke_PILLOWBOX_by_speziell_Produktfoto-768x512.jpg\" data-width=\"768\" data-height=\"512\" aria-label=\"Interluebke: Pillowboxby Designstudio speziell\u00ae \u2013 4 Gr\u00f6\u00dfen in zwei verschiedenen H\u00f6hen\" role=\"img\" ><\/div>\n\t\t\t\t\t\t\t\t\t\t\t<div class=\"elementor-gallery-item__overlay\"><\/div>\n\t\t\t\t\t\t\t\t\t\t\t\t\t\t<\/a>\n\t\t\t\t\t\t\t<a class=\"e-gallery-item elementor-gallery-item elementor-animated-content\" href=\"https:\/\/www.speziell.net\/beta\/wp-content\/uploads\/2023\/03\/2017_Interluebke_PILLOWBOX_by_speziell_auf_Sideboard.jpg\" data-elementor-open-lightbox=\"yes\" data-elementor-lightbox-slideshow=\"663af9ce\" data-elementor-lightbox-title=\"2017_Interluebke_PILLOWBOX_by_speziell_auf_Sideboard\" data-elementor-lightbox-description=\"Interluebke:  Pillowboxby Designstudio speziell\u00ae \u2013 Verwendung als dekoratives Ordnungselement\" data-e-action-hash=\"#elementor-action%3Aaction%3Dlightbox%26settings%3DeyJpZCI6MTA5MywidXJsIjoiaHR0cHM6XC9cL3d3dy5zcGV6aWVsbC5uZXRcL2JldGFcL3dwLWNvbnRlbnRcL3VwbG9hZHNcLzIwMjNcLzAzXC8yMDE3X0ludGVybHVlYmtlX1BJTExPV0JPWF9ieV9zcGV6aWVsbF9hdWZfU2lkZWJvYXJkLmpwZyIsInNsaWRlc2hvdyI6IjY2M2FmOWNlIn0%3D\">\n\t\t\t\t\t<div class=\"e-gallery-image elementor-gallery-item__image\" data-thumbnail=\"https:\/\/www.speziell.net\/beta\/wp-content\/uploads\/2023\/03\/2017_Interluebke_PILLOWBOX_by_speziell_auf_Sideboard-768x768.jpg\" data-width=\"768\" data-height=\"768\" aria-label=\"Interluebke: Pillowboxby Designstudio speziell\u00ae \u2013 Verwendung als dekoratives Ordnungselement\" role=\"img\" ><\/div>\n\t\t\t\t\t\t\t\t\t\t\t<div class=\"elementor-gallery-item__overlay\"><\/div>\n\t\t\t\t\t\t\t\t\t\t\t\t\t\t<\/a>\n\t\t\t\t\t\t\t<a class=\"e-gallery-item elementor-gallery-item elementor-animated-content\" href=\"https:\/\/www.speziell.net\/beta\/wp-content\/uploads\/2023\/03\/2017_Interluebke_PILLOWBOX_by_speziell_Produktfoto_Detail2.jpg\" data-elementor-open-lightbox=\"yes\" data-elementor-lightbox-slideshow=\"663af9ce\" data-elementor-lightbox-title=\"2017_Interluebke_PILLOWBOX_by_speziell_Produktfoto_Detail2\" data-elementor-lightbox-description=\"Interluebke:  Pillowboxby Designstudio speziell\u00ae \u2013 Detail farblich abgesetzte Naht und Logofahne\" data-e-action-hash=\"#elementor-action%3Aaction%3Dlightbox%26settings%3DeyJpZCI6MTEwMywidXJsIjoiaHR0cHM6XC9cL3d3dy5zcGV6aWVsbC5uZXRcL2JldGFcL3dwLWNvbnRlbnRcL3VwbG9hZHNcLzIwMjNcLzAzXC8yMDE3X0ludGVybHVlYmtlX1BJTExPV0JPWF9ieV9zcGV6aWVsbF9Qcm9kdWt0Zm90b19EZXRhaWwyLmpwZyIsInNsaWRlc2hvdyI6IjY2M2FmOWNlIn0%3D\">\n\t\t\t\t\t<div class=\"e-gallery-image elementor-gallery-item__image\" data-thumbnail=\"https:\/\/www.speziell.net\/beta\/wp-content\/uploads\/2023\/03\/2017_Interluebke_PILLOWBOX_by_speziell_Produktfoto_Detail2-768x512.jpg\" data-width=\"768\" data-height=\"512\" aria-label=\"Interluebke: Pillowboxby Designstudio speziell\u00ae \u2013 Detail farblich abgesetzte Naht und Logofahne\" role=\"img\" ><\/div>\n\t\t\t\t\t\t\t\t\t\t\t<div class=\"elementor-gallery-item__overlay\"><\/div>\n\t\t\t\t\t\t\t\t\t\t\t\t\t\t<\/a>\n\t\t\t\t\t\t\t<a class=\"e-gallery-item elementor-gallery-item elementor-animated-content\" href=\"https:\/\/www.speziell.net\/beta\/wp-content\/uploads\/2023\/03\/2017_Interluebke_PILLOWBOX_by_speziell_Innenausstattung_dekoriert.jpg\" data-elementor-open-lightbox=\"yes\" data-elementor-lightbox-slideshow=\"663af9ce\" data-elementor-lightbox-title=\"2017_Interluebke_PILLOWBOX_by_speziell_Innenausstattung_dekoriert\" data-elementor-lightbox-description=\"Interluebke:  Pillowboxby Designstudio speziell\u00ae \u2013 Innenausstattung im Eingangsbereich\" data-e-action-hash=\"#elementor-action%3Aaction%3Dlightbox%26settings%3DeyJpZCI6MTA5NiwidXJsIjoiaHR0cHM6XC9cL3d3dy5zcGV6aWVsbC5uZXRcL2JldGFcL3dwLWNvbnRlbnRcL3VwbG9hZHNcLzIwMjNcLzAzXC8yMDE3X0ludGVybHVlYmtlX1BJTExPV0JPWF9ieV9zcGV6aWVsbF9Jbm5lbmF1c3N0YXR0dW5nX2Rla29yaWVydC5qcGciLCJzbGlkZXNob3ciOiI2NjNhZjljZSJ9\">\n\t\t\t\t\t<div class=\"e-gallery-image elementor-gallery-item__image\" data-thumbnail=\"https:\/\/www.speziell.net\/beta\/wp-content\/uploads\/2023\/03\/2017_Interluebke_PILLOWBOX_by_speziell_Innenausstattung_dekoriert-768x512.jpg\" data-width=\"768\" data-height=\"512\" aria-label=\"Interluebke: Pillowboxby Designstudio speziell\u00ae \u2013 Innenausstattung im Eingangsbereich\" role=\"img\" ><\/div>\n\t\t\t\t\t\t\t\t\t\t\t<div class=\"elementor-gallery-item__overlay\"><\/div>\n\t\t\t\t\t\t\t\t\t\t\t\t\t\t<\/a>\n\t\t\t\t\t\t\t<a class=\"e-gallery-item elementor-gallery-item elementor-animated-content\" href=\"https:\/\/www.speziell.net\/beta\/wp-content\/uploads\/2023\/03\/2017_Interluebke_PILLOWBOX_by_speziell_Innenausstattung_dekoriert_gold.jpg\" data-elementor-open-lightbox=\"yes\" data-elementor-lightbox-slideshow=\"663af9ce\" data-elementor-lightbox-title=\"2017_Interluebke_PILLOWBOX_by_speziell_Innenausstattung_dekoriert_gold\" data-elementor-lightbox-description=\"Interluebke:  Pillowboxby Designstudio speziell\u00ae \u2013 Innenausstattung im Esszimmer, Jorel gold\" data-e-action-hash=\"#elementor-action%3Aaction%3Dlightbox%26settings%3DeyJpZCI6MTA5OCwidXJsIjoiaHR0cHM6XC9cL3d3dy5zcGV6aWVsbC5uZXRcL2JldGFcL3dwLWNvbnRlbnRcL3VwbG9hZHNcLzIwMjNcLzAzXC8yMDE3X0ludGVybHVlYmtlX1BJTExPV0JPWF9ieV9zcGV6aWVsbF9Jbm5lbmF1c3N0YXR0dW5nX2Rla29yaWVydF9nb2xkLmpwZyIsInNsaWRlc2hvdyI6IjY2M2FmOWNlIn0%3D\">\n\t\t\t\t\t<div class=\"e-gallery-image elementor-gallery-item__image\" data-thumbnail=\"https:\/\/www.speziell.net\/beta\/wp-content\/uploads\/2023\/03\/2017_Interluebke_PILLOWBOX_by_speziell_Innenausstattung_dekoriert_gold-768x401.jpg\" data-width=\"768\" data-height=\"401\" aria-label=\"Interluebke: Pillowboxby Designstudio speziell\u00ae \u2013 Innenausstattung im Esszimmer, Jorel gold\" role=\"img\" ><\/div>\n\t\t\t\t\t\t\t\t\t\t\t<div class=\"elementor-gallery-item__overlay\"><\/div>\n\t\t\t\t\t\t\t\t\t\t\t\t\t\t<\/a>\n\t\t\t\t\t\t\t<a class=\"e-gallery-item elementor-gallery-item elementor-animated-content\" href=\"https:\/\/www.speziell.net\/beta\/wp-content\/uploads\/2023\/03\/2017_Interluebke_PILLOWBOX_by_speziell_Innenausstattung_dekoriert_Kleiderschrank.jpg\" data-elementor-open-lightbox=\"yes\" data-elementor-lightbox-slideshow=\"663af9ce\" data-elementor-lightbox-title=\"2017_Interluebke_PILLOWBOX_by_speziell_Innenausstattung_dekoriert_Kleiderschrank\" data-e-action-hash=\"#elementor-action%3Aaction%3Dlightbox%26settings%3DeyJpZCI6MTA5OSwidXJsIjoiaHR0cHM6XC9cL3d3dy5zcGV6aWVsbC5uZXRcL2JldGFcL3dwLWNvbnRlbnRcL3VwbG9hZHNcLzIwMjNcLzAzXC8yMDE3X0ludGVybHVlYmtlX1BJTExPV0JPWF9ieV9zcGV6aWVsbF9Jbm5lbmF1c3N0YXR0dW5nX2Rla29yaWVydF9LbGVpZGVyc2NocmFuay5qcGciLCJzbGlkZXNob3ciOiI2NjNhZjljZSJ9\">\n\t\t\t\t\t<div class=\"e-gallery-image elementor-gallery-item__image\" data-thumbnail=\"https:\/\/www.speziell.net\/beta\/wp-content\/uploads\/2023\/03\/2017_Interluebke_PILLOWBOX_by_speziell_Innenausstattung_dekoriert_Kleiderschrank-768x432.jpg\" data-width=\"768\" data-height=\"432\" aria-label=\"Interluebke: Pillowboxby Designstudio speziell\u00ae \u2013 Innenausstattung im Kleiderschrank\" role=\"img\" ><\/div>\n\t\t\t\t\t\t\t\t\t\t\t<div class=\"elementor-gallery-item__overlay\"><\/div>\n\t\t\t\t\t\t\t\t\t\t\t\t\t\t<\/a>\n\t\t\t\t\t\t\t<a class=\"e-gallery-item elementor-gallery-item elementor-animated-content\" href=\"https:\/\/www.speziell.net\/beta\/wp-content\/uploads\/2023\/03\/2017_Interluebke_PILLOWBOX_by_speziell_Innenausstattung_dekoriert_Esszimmer.jpg\" data-elementor-open-lightbox=\"yes\" data-elementor-lightbox-slideshow=\"663af9ce\" data-elementor-lightbox-title=\"2017_Interluebke_PILLOWBOX_by_speziell_Innenausstattung_dekoriert_Esszimmer\" data-elementor-lightbox-description=\"Interluebke:  Pillowboxby Designstudio speziell\u00ae \u2013 Innenausstattung im Esszimmer\" data-e-action-hash=\"#elementor-action%3Aaction%3Dlightbox%26settings%3DeyJpZCI6MTA5NywidXJsIjoiaHR0cHM6XC9cL3d3dy5zcGV6aWVsbC5uZXRcL2JldGFcL3dwLWNvbnRlbnRcL3VwbG9hZHNcLzIwMjNcLzAzXC8yMDE3X0ludGVybHVlYmtlX1BJTExPV0JPWF9ieV9zcGV6aWVsbF9Jbm5lbmF1c3N0YXR0dW5nX2Rla29yaWVydF9Fc3N6aW1tZXIuanBnIiwic2xpZGVzaG93IjoiNjYzYWY5Y2UifQ%3D%3D\">\n\t\t\t\t\t<div class=\"e-gallery-image elementor-gallery-item__image\" data-thumbnail=\"https:\/\/www.speziell.net\/beta\/wp-content\/uploads\/2023\/03\/2017_Interluebke_PILLOWBOX_by_speziell_Innenausstattung_dekoriert_Esszimmer-768x768.jpg\" data-width=\"768\" data-height=\"768\" aria-label=\"Interluebke: Pillowboxby Designstudio speziell\u00ae \u2013 Innenausstattung im Esszimmer\" role=\"img\" ><\/div>\n\t\t\t\t\t\t\t\t\t\t\t<div class=\"elementor-gallery-item__overlay\"><\/div>\n\t\t\t\t\t\t\t\t\t\t\t\t\t\t<\/a>\n\t\t\t\t\t\t\t<a class=\"e-gallery-item elementor-gallery-item elementor-animated-content\" href=\"https:\/\/www.speziell.net\/beta\/wp-content\/uploads\/2023\/03\/2017_Interluebke_PILLOWBOX_by_speziell_Innenausstattung_dekoriert_Kleiderschrank2.jpg\" data-elementor-open-lightbox=\"yes\" data-elementor-lightbox-slideshow=\"663af9ce\" data-elementor-lightbox-title=\"2017_Interluebke_PILLOWBOX_by_speziell_Innenausstattung_dekoriert_Kleiderschrank2\" data-elementor-lightbox-description=\"Interluebke:  Pillowboxby Designstudio speziell\u00ae \u2013 Innenausstattung im Kleiderschrank\" data-e-action-hash=\"#elementor-action%3Aaction%3Dlightbox%26settings%3DeyJpZCI6MTEwMCwidXJsIjoiaHR0cHM6XC9cL3d3dy5zcGV6aWVsbC5uZXRcL2JldGFcL3dwLWNvbnRlbnRcL3VwbG9hZHNcLzIwMjNcLzAzXC8yMDE3X0ludGVybHVlYmtlX1BJTExPV0JPWF9ieV9zcGV6aWVsbF9Jbm5lbmF1c3N0YXR0dW5nX2Rla29yaWVydF9LbGVpZGVyc2NocmFuazIuanBnIiwic2xpZGVzaG93IjoiNjYzYWY5Y2UifQ%3D%3D\">\n\t\t\t\t\t<div class=\"e-gallery-image elementor-gallery-item__image\" data-thumbnail=\"https:\/\/www.speziell.net\/beta\/wp-content\/uploads\/2023\/03\/2017_Interluebke_PILLOWBOX_by_speziell_Innenausstattung_dekoriert_Kleiderschrank2-768x1152.jpg\" data-width=\"768\" data-height=\"1152\" aria-label=\"Interluebke: Pillowboxby Designstudio speziell\u00ae \u2013 Innenausstattung im Kleiderschrank\" role=\"img\" ><\/div>\n\t\t\t\t\t\t\t\t\t\t\t<div class=\"elementor-gallery-item__overlay\"><\/div>\n\t\t\t\t\t\t\t\t\t\t\t\t\t\t<\/a>\n\t\t\t\t\t\t\t<a class=\"e-gallery-item elementor-gallery-item elementor-animated-content\" href=\"https:\/\/www.speziell.net\/beta\/wp-content\/uploads\/2023\/03\/2017_Interluebke_PILLOWBOX_by_speziell_Innenausstattung_CubeFine.jpg\" data-elementor-open-lightbox=\"yes\" data-elementor-lightbox-slideshow=\"663af9ce\" data-elementor-lightbox-title=\"2017_Interluebke_PILLOWBOX_by_speziell_Innenausstattung_CubeFine\" data-elementor-lightbox-description=\"Interluebke:  Pillowboxby Designstudio speziell\u00ae \u2013 Innenausstattung im Esszimmer\" data-e-action-hash=\"#elementor-action%3Aaction%3Dlightbox%26settings%3DeyJpZCI6MTA5NSwidXJsIjoiaHR0cHM6XC9cL3d3dy5zcGV6aWVsbC5uZXRcL2JldGFcL3dwLWNvbnRlbnRcL3VwbG9hZHNcLzIwMjNcLzAzXC8yMDE3X0ludGVybHVlYmtlX1BJTExPV0JPWF9ieV9zcGV6aWVsbF9Jbm5lbmF1c3N0YXR0dW5nX0N1YmVGaW5lLmpwZyIsInNsaWRlc2hvdyI6IjY2M2FmOWNlIn0%3D\">\n\t\t\t\t\t<div class=\"e-gallery-image elementor-gallery-item__image\" data-thumbnail=\"https:\/\/www.speziell.net\/beta\/wp-content\/uploads\/2023\/03\/2017_Interluebke_PILLOWBOX_by_speziell_Innenausstattung_CubeFine-768x512.jpg\" data-width=\"768\" data-height=\"512\" aria-label=\"Interluebke: Pillowboxby Designstudio speziell\u00ae \u2013 Innenausstattung im Esszimmer\" role=\"img\" ><\/div>\n\t\t\t\t\t\t\t\t\t\t\t<div class=\"elementor-gallery-item__overlay\"><\/div>\n\t\t\t\t\t\t\t\t\t\t\t\t\t\t<\/a>\n\t\t\t\t\t<\/div>\n\t\t\t\t\t<\/div>\n\t\t\t\t<\/div>\n\t\t\t\t\t<\/div>\n\t\t<\/div>\n\t\t\t\t\t<\/div>\n\t\t<\/section>\n\t\t\t\t<\/div>","protected":false},"excerpt":{"rendered":"<p>INTERL\u00dcBKE: PILLOWBOX Weiches Ordnungssystem Die kissig anmutenden PILLOWBOXEN bilden einen reizvollen Kontrast zum minimalistischen Design der neuen Interl\u00fcbke-Ausz\u00fcge. Gleichzeitig stellt die Farbe des Stoffs eine Verbindung zum Cashmirgrau im Inneren her. Die weichen Aufbewahrungscontainer sind in vier unterschiedlichen Gr\u00f6\u00dfen verf\u00fcgbar. Mit ihnen lassen sich alle Schubladengr\u00f6\u00dfen ganz oder teilweise ausstatten, um Schreibutensilien, Besteck, G\u00fcrtel, Socken [&hellip;]<\/p>\n","protected":false},"author":1,"featured_media":1101,"parent":9,"menu_order":0,"comment_status":"closed","ping_status":"closed","template":"","meta":{"footnotes":""},"class_list":["post-654","page","type-page","status-publish","has-post-thumbnail","hentry"],"_links":{"self":[{"href":"https:\/\/www.speziell.net\/beta\/en\/wp-json\/wp\/v2\/pages\/654","targetHints":{"allow":["GET"]}}],"collection":[{"href":"https:\/\/www.speziell.net\/beta\/en\/wp-json\/wp\/v2\/pages"}],"about":[{"href":"https:\/\/www.speziell.net\/beta\/en\/wp-json\/wp\/v2\/types\/page"}],"author":[{"embeddable":true,"href":"https:\/\/www.speziell.net\/beta\/en\/wp-json\/wp\/v2\/users\/1"}],"replies":[{"embeddable":true,"href":"https:\/\/www.speziell.net\/beta\/en\/wp-json\/wp\/v2\/comments?post=654"}],"version-history":[{"count":75,"href":"https:\/\/www.speziell.net\/beta\/en\/wp-json\/wp\/v2\/pages\/654\/revisions"}],"predecessor-version":[{"id":5066,"href":"https:\/\/www.speziell.net\/beta\/en\/wp-json\/wp\/v2\/pages\/654\/revisions\/5066"}],"up":[{"embeddable":true,"href":"https:\/\/www.speziell.net\/beta\/en\/wp-json\/wp\/v2\/pages\/9"}],"wp:featuredmedia":[{"embeddable":true,"href":"https:\/\/www.speziell.net\/beta\/en\/wp-json\/wp\/v2\/media\/1101"}],"wp:attachment":[{"href":"https:\/\/www.speziell.net\/beta\/en\/wp-json\/wp\/v2\/media?parent=654"}],"curies":[{"name":"wp","href":"https:\/\/api.w.org\/{rel}","templated":true}]}}