{"id":999,"date":"2014-03-01T11:18:00","date_gmt":"2014-03-01T10:18:00","guid":{"rendered":"https:\/\/www.speziell.net\/beta\/?page_id=999"},"modified":"2023-11-06T11:55:49","modified_gmt":"2023-11-06T10:55:49","slug":"schlaufenstuhl","status":"publish","type":"page","link":"https:\/\/www.speziell.net\/beta\/en\/home\/schlaufenstuhl\/","title":{"rendered":"SCHLAUFENSTUHL"},"content":{"rendered":"<div data-elementor-type=\"wp-page\" data-elementor-id=\"999\" class=\"elementor elementor-999\" data-elementor-post-type=\"page\">\n\t\t\t\t\t\t<section class=\"elementor-section elementor-top-section elementor-element elementor-element-6d9043bc elementor-section-boxed elementor-section-height-default elementor-section-height-default\" data-id=\"6d9043bc\" data-element_type=\"section\" data-e-type=\"section\">\n\t\t\t\t\t\t<div class=\"elementor-container elementor-column-gap-default\">\n\t\t\t\t\t<div class=\"elementor-column elementor-col-100 elementor-top-column elementor-element elementor-element-1a036e0a\" data-id=\"1a036e0a\" data-element_type=\"column\" data-e-type=\"column\">\n\t\t\t<div class=\"elementor-widget-wrap elementor-element-populated\">\n\t\t\t\t\t\t<div class=\"elementor-element elementor-element-6b0a1763 elementor-hidden-mobile elementor-hidden-tablet elementor-widget elementor-widget-image\" data-id=\"6b0a1763\" data-element_type=\"widget\" data-e-type=\"widget\" data-widget_type=\"image.default\">\n\t\t\t\t<div class=\"elementor-widget-container\">\n\t\t\t\t\t\t\t\t\t\t\t\t\t\t\t\t<a href=\"https:\/\/www.speziell.net\/beta\/en\/home\/\">\n\t\t\t\t\t\t\t<img decoding=\"async\" width=\"100\" height=\"100\" src=\"https:\/\/www.speziell.net\/beta\/wp-content\/uploads\/2023\/02\/speziell_logo_grau-1.svg\" class=\"attachment-large size-large wp-image-731\" alt=\"Designstudio speziell\u00ae \u2013 Fleckenstein Pohlmann Schwer GbR\" \/>\t\t\t\t\t\t\t\t<\/a>\n\t\t\t\t\t\t\t\t\t\t\t\t\t\t\t<\/div>\n\t\t\t\t<\/div>\n\t\t\t\t<div class=\"elementor-element elementor-element-1f058eab elementor-hidden-desktop elementor-widget elementor-widget-image\" data-id=\"1f058eab\" data-element_type=\"widget\" data-e-type=\"widget\" data-widget_type=\"image.default\">\n\t\t\t\t<div class=\"elementor-widget-container\">\n\t\t\t\t\t\t\t\t\t\t\t\t\t\t\t\t<a href=\"https:\/\/www.speziell.net\/beta\/en\/home\/\">\n\t\t\t\t\t\t\t<img decoding=\"async\" width=\"100\" height=\"100\" src=\"https:\/\/www.speziell.net\/beta\/wp-content\/uploads\/2023\/03\/speziell_logo_oSubline.svg\" class=\"attachment-large size-large wp-image-2739\" alt=\"\" \/>\t\t\t\t\t\t\t\t<\/a>\n\t\t\t\t\t\t\t\t\t\t\t\t\t\t\t<\/div>\n\t\t\t\t<\/div>\n\t\t\t\t\t<\/div>\n\t\t<\/div>\n\t\t\t\t\t<\/div>\n\t\t<\/section>\n\t\t\t\t<section class=\"elementor-section elementor-top-section elementor-element elementor-element-38c004e9 elementor-section-boxed elementor-section-height-default elementor-section-height-default\" data-id=\"38c004e9\" data-element_type=\"section\" data-e-type=\"section\">\n\t\t\t\t\t\t<div class=\"elementor-container elementor-column-gap-default\">\n\t\t\t\t\t<div class=\"elementor-column elementor-col-50 elementor-top-column elementor-element elementor-element-3f1e94c8\" data-id=\"3f1e94c8\" data-element_type=\"column\" data-e-type=\"column\">\n\t\t\t<div class=\"elementor-widget-wrap elementor-element-populated\">\n\t\t\t\t\t\t<div class=\"elementor-element elementor-element-3e7cee1c elementor-widget elementor-widget-heading\" data-id=\"3e7cee1c\" data-element_type=\"widget\" data-e-type=\"widget\" data-widget_type=\"heading.default\">\n\t\t\t\t<div class=\"elementor-widget-container\">\n\t\t\t\t\t<h2 class=\"elementor-heading-title elementor-size-default\">GIRSBERGER: SCHLAUFENSTUHL<\/h2>\t\t\t\t<\/div>\n\t\t\t\t<\/div>\n\t\t\t\t<div class=\"elementor-element elementor-element-4829bdfc elementor-widget elementor-widget-text-editor\" data-id=\"4829bdfc\" data-element_type=\"widget\" data-e-type=\"widget\" data-widget_type=\"text-editor.default\">\n\t\t\t\t<div class=\"elementor-widget-container\">\n\t\t\t\t\t\t\t\t\t<p>A fabric loop and a sophisticated wire frame<\/p>\t\t\t\t\t\t\t\t<\/div>\n\t\t\t\t<\/div>\n\t\t\t\t<div class=\"elementor-element elementor-element-3581adce elementor-widget elementor-widget-text-editor\" data-id=\"3581adce\" data-element_type=\"widget\" data-e-type=\"widget\" data-widget_type=\"text-editor.default\">\n\t\t\t\t<div class=\"elementor-widget-container\">\n\t\t\t\t\t\t\t\t\t<p>The SCHLAUFENSTUHL comprises a closed fabric loop which is fitted on top of a sophisticated wire frame. The loop folds to create a seat, backrest and armrests. The two-tone fabric accentuates the loop design and lends the chair its playful character.<\/p>\n<p>Its load-bearing fabric texture is similar to a director's chair. The result is an unconventional piece of furniture \u2013 something between a stool and a chair \u2013 which does not need a seat shell or thick padding, but which is nevertheless comfy and easy to handle. The fabric contains a thin layer of padding. The loop, which lends the chair its originality, can be completely dismantled.<\/p><p>Manufacturer:<br><a href=\"http:\/\/Der Schlaufenstuhl besteht er aus einer geschlossenen Stoffschlaufe, die \u00fcber ein filigranes Drahtgestell gest\u00fclpt wird. Durch das Einklappen der Schlaufe entstehen Sitz, R\u00fcckenlehne und Armauflagen. Die Zweifarbigkeit des Stoffs bringt einerseits die Schlaufenstruktur des Stuhls zum Ausdruck und sorgt anderseits f\u00fcr den spielerischen Charakter des Entwurfs. Die Stoffstruktur ist tragend, \u00e4hnlich wie bei einem Regiestuhl. Durch dass umlaufende Stoffband entsteht ein unkonventionelles M\u00f6belst\u00fcck zwischen Stuhl und Sessel, das ohne Sitzschale und dickes Polster auskommt und trotzdem komfortabel und wohnlich ist. D\u00fcnne Polsterungen sind in den Stoffeingearbeitet. Die Schlaufe, die dem Stuhl seine Eigenst\u00e4ndigkeit verleiht, kann komplettabgenommen werden. https:\/\/www.girsberger.com\" target=\"_blank\" rel=\"noopener\">https:\/\/www.girsberger.com<\/a><\/p>\t\t\t\t\t\t\t\t<\/div>\n\t\t\t\t<\/div>\n\t\t\t\t\t<\/div>\n\t\t<\/div>\n\t\t\t\t<div class=\"elementor-column elementor-col-50 elementor-top-column elementor-element elementor-element-5a1f8550\" data-id=\"5a1f8550\" data-element_type=\"column\" data-e-type=\"column\">\n\t\t\t<div class=\"elementor-widget-wrap elementor-element-populated\">\n\t\t\t\t\t\t<div class=\"elementor-element elementor-element-16b8a6da elementor-widget elementor-widget-gallery\" data-id=\"16b8a6da\" data-element_type=\"widget\" data-e-type=\"widget\" data-settings=\"{&quot;columns&quot;:2,&quot;gallery_layout&quot;:&quot;masonry&quot;,&quot;lazyload&quot;:&quot;yes&quot;,&quot;columns_tablet&quot;:2,&quot;columns_mobile&quot;:1,&quot;gap&quot;:{&quot;unit&quot;:&quot;px&quot;,&quot;size&quot;:10,&quot;sizes&quot;:[]},&quot;gap_tablet&quot;:{&quot;unit&quot;:&quot;px&quot;,&quot;size&quot;:10,&quot;sizes&quot;:[]},&quot;gap_mobile&quot;:{&quot;unit&quot;:&quot;px&quot;,&quot;size&quot;:10,&quot;sizes&quot;:[]},&quot;link_to&quot;:&quot;file&quot;,&quot;overlay_background&quot;:&quot;yes&quot;,&quot;content_hover_animation&quot;:&quot;fade-in&quot;}\" data-widget_type=\"gallery.default\">\n\t\t\t\t<div class=\"elementor-widget-container\">\n\t\t\t\t\t\t\t<div class=\"elementor-gallery__container\">\n\t\t\t\t\t\t\t<a class=\"e-gallery-item elementor-gallery-item elementor-animated-content\" href=\"https:\/\/www.speziell.net\/beta\/wp-content\/uploads\/2023\/03\/2014_Girsberger_SCHLAUFENSTUHL_by_speziell_Unboxing.jpg\" data-elementor-open-lightbox=\"yes\" data-elementor-lightbox-slideshow=\"16b8a6da\" data-elementor-lightbox-title=\"2014_Girsberger_SCHLAUFENSTUHL_by_speziell_Unboxing\" data-elementor-lightbox-description=\"Girsberger: Schlaufenstuhl by Designstudio speziell\u00ae \u2013 Unboxing im B\u00fcro, Farbvarianten mit Magenta und Petrol\" data-e-action-hash=\"#elementor-action%3Aaction%3Dlightbox%26settings%3DeyJpZCI6MTAwOSwidXJsIjoiaHR0cHM6XC9cL3d3dy5zcGV6aWVsbC5uZXRcL2JldGFcL3dwLWNvbnRlbnRcL3VwbG9hZHNcLzIwMjNcLzAzXC8yMDE0X0dpcnNiZXJnZXJfU0NITEFVRkVOU1RVSExfYnlfc3BlemllbGxfVW5ib3hpbmcuanBnIiwic2xpZGVzaG93IjoiMTZiOGE2ZGEifQ%3D%3D\">\n\t\t\t\t\t<div class=\"e-gallery-image elementor-gallery-item__image\" data-thumbnail=\"https:\/\/www.speziell.net\/beta\/wp-content\/uploads\/2023\/03\/2014_Girsberger_SCHLAUFENSTUHL_by_speziell_Unboxing-768x512.jpg\" data-width=\"768\" data-height=\"512\" aria-label=\"Girsberger: Schlaufenstuhl by Designstudio speziell\u00ae \u2013 Unboxing im B\u00fcro, Farbvarianten mit Magenta und Petrol\" role=\"img\" ><\/div>\n\t\t\t\t\t\t\t\t\t\t\t<div class=\"elementor-gallery-item__overlay\"><\/div>\n\t\t\t\t\t\t\t\t\t\t\t\t\t\t<\/a>\n\t\t\t\t\t\t\t<a class=\"e-gallery-item elementor-gallery-item elementor-animated-content\" href=\"https:\/\/www.speziell.net\/beta\/wp-content\/uploads\/2023\/03\/2014_Girsberger_SCHLAUFENSTUHL_by_speziell_Tischsituation-1.jpg\" data-elementor-open-lightbox=\"yes\" data-elementor-lightbox-slideshow=\"16b8a6da\" data-elementor-lightbox-title=\"2014_Girsberger_SCHLAUFENSTUHL_by_speziell_Tischsituation\" data-elementor-lightbox-description=\"Girsberger: Schlaufenstuhl by Designstudio speziell\u00ae \u2013 mit anthrazitfarbenem Gestell am Eichentisch\" data-e-action-hash=\"#elementor-action%3Aaction%3Dlightbox%26settings%3DeyJpZCI6MzEzNSwidXJsIjoiaHR0cHM6XC9cL3d3dy5zcGV6aWVsbC5uZXRcL2JldGFcL3dwLWNvbnRlbnRcL3VwbG9hZHNcLzIwMjNcLzAzXC8yMDE0X0dpcnNiZXJnZXJfU0NITEFVRkVOU1RVSExfYnlfc3BlemllbGxfVGlzY2hzaXR1YXRpb24tMS5qcGciLCJzbGlkZXNob3ciOiIxNmI4YTZkYSJ9\">\n\t\t\t\t\t<div class=\"e-gallery-image elementor-gallery-item__image\" data-thumbnail=\"https:\/\/www.speziell.net\/beta\/wp-content\/uploads\/2023\/03\/2014_Girsberger_SCHLAUFENSTUHL_by_speziell_Tischsituation-1-768x1152.jpg\" data-width=\"768\" data-height=\"1152\" aria-label=\"Girsberger: Schlaufenstuhl by Designstudio speziell\u00ae \u2013 mit anthrazitfarbenem Gestell am Eichentisch\" role=\"img\" ><\/div>\n\t\t\t\t\t\t\t\t\t\t\t<div class=\"elementor-gallery-item__overlay\"><\/div>\n\t\t\t\t\t\t\t\t\t\t\t\t\t\t<\/a>\n\t\t\t\t\t\t\t<a class=\"e-gallery-item elementor-gallery-item elementor-animated-content\" href=\"https:\/\/www.speziell.net\/beta\/wp-content\/uploads\/2023\/03\/2014_Girsberger_SCHLAUFENSTUHL_by_speziell_Eichentisch.jpg\" data-elementor-open-lightbox=\"yes\" data-elementor-lightbox-slideshow=\"16b8a6da\" data-elementor-lightbox-title=\"2014_Girsberger_SCHLAUFENSTUHL_by_speziell_Eichentisch\" data-elementor-lightbox-description=\"Girsberger: Schlaufenstuhl by Designstudio speziell\u00ae \u2013 kommunikative Atmosph\u00e4re am Eichentisch\" data-e-action-hash=\"#elementor-action%3Aaction%3Dlightbox%26settings%3DeyJpZCI6MTAwNCwidXJsIjoiaHR0cHM6XC9cL3d3dy5zcGV6aWVsbC5uZXRcL2JldGFcL3dwLWNvbnRlbnRcL3VwbG9hZHNcLzIwMjNcLzAzXC8yMDE0X0dpcnNiZXJnZXJfU0NITEFVRkVOU1RVSExfYnlfc3BlemllbGxfRWljaGVudGlzY2guanBnIiwic2xpZGVzaG93IjoiMTZiOGE2ZGEifQ%3D%3D\">\n\t\t\t\t\t<div class=\"e-gallery-image elementor-gallery-item__image\" data-thumbnail=\"https:\/\/www.speziell.net\/beta\/wp-content\/uploads\/2023\/03\/2014_Girsberger_SCHLAUFENSTUHL_by_speziell_Eichentisch-768x512.jpg\" data-width=\"768\" data-height=\"512\" aria-label=\"Girsberger: Schlaufenstuhl by Designstudio speziell\u00ae \u2013 kommunikative Atmosph\u00e4re am Eichentisch\" role=\"img\" ><\/div>\n\t\t\t\t\t\t\t\t\t\t\t<div class=\"elementor-gallery-item__overlay\"><\/div>\n\t\t\t\t\t\t\t\t\t\t\t\t\t\t<\/a>\n\t\t\t\t\t\t\t<a class=\"e-gallery-item elementor-gallery-item elementor-animated-content\" href=\"https:\/\/www.speziell.net\/beta\/wp-content\/uploads\/2023\/03\/2014_Girsberger_SCHLAUFENSTUHL_by_speziell_Steinplatten.jpg\" data-elementor-open-lightbox=\"yes\" data-elementor-lightbox-slideshow=\"16b8a6da\" data-elementor-lightbox-title=\"2014_Girsberger_SCHLAUFENSTUHL_by_speziell_Steinplatten\" data-elementor-lightbox-description=\"Girsberger: Schlaufenstuhl by Designstudio speziell\u00ae \u2013 mit anthrazitfarbenem Gestell\" data-e-action-hash=\"#elementor-action%3Aaction%3Dlightbox%26settings%3DeyJpZCI6MTAwNywidXJsIjoiaHR0cHM6XC9cL3d3dy5zcGV6aWVsbC5uZXRcL2JldGFcL3dwLWNvbnRlbnRcL3VwbG9hZHNcLzIwMjNcLzAzXC8yMDE0X0dpcnNiZXJnZXJfU0NITEFVRkVOU1RVSExfYnlfc3BlemllbGxfU3RlaW5wbGF0dGVuLmpwZyIsInNsaWRlc2hvdyI6IjE2YjhhNmRhIn0%3D\">\n\t\t\t\t\t<div class=\"e-gallery-image elementor-gallery-item__image\" data-thumbnail=\"https:\/\/www.speziell.net\/beta\/wp-content\/uploads\/2023\/03\/2014_Girsberger_SCHLAUFENSTUHL_by_speziell_Steinplatten-768x768.jpg\" data-width=\"768\" data-height=\"768\" aria-label=\"Girsberger: Schlaufenstuhl by Designstudio speziell\u00ae \u2013 mit anthrazitfarbenem Gestell\" role=\"img\" ><\/div>\n\t\t\t\t\t\t\t\t\t\t\t<div class=\"elementor-gallery-item__overlay\"><\/div>\n\t\t\t\t\t\t\t\t\t\t\t\t\t\t<\/a>\n\t\t\t\t\t\t\t<a class=\"e-gallery-item elementor-gallery-item elementor-animated-content\" href=\"https:\/\/www.speziell.net\/beta\/wp-content\/uploads\/2023\/03\/2014_Girsberger_SCHLAUFENSTUHL_by_speziell_Prototypen.jpg\" data-elementor-open-lightbox=\"yes\" data-elementor-lightbox-slideshow=\"16b8a6da\" data-elementor-lightbox-title=\"2014_Girsberger_SCHLAUFENSTUHL_by_speziell_Prototypen\" data-elementor-lightbox-description=\"Girsberger: Schlaufenstuhl by Designstudio speziell\u00ae \u2013 Vormodell und erste Prototypen bei der Polsterentwicklung bei Girsberger\" data-e-action-hash=\"#elementor-action%3Aaction%3Dlightbox%26settings%3DeyJpZCI6MTAwNiwidXJsIjoiaHR0cHM6XC9cL3d3dy5zcGV6aWVsbC5uZXRcL2JldGFcL3dwLWNvbnRlbnRcL3VwbG9hZHNcLzIwMjNcLzAzXC8yMDE0X0dpcnNiZXJnZXJfU0NITEFVRkVOU1RVSExfYnlfc3BlemllbGxfUHJvdG90eXBlbi5qcGciLCJzbGlkZXNob3ciOiIxNmI4YTZkYSJ9\">\n\t\t\t\t\t<div class=\"e-gallery-image elementor-gallery-item__image\" data-thumbnail=\"https:\/\/www.speziell.net\/beta\/wp-content\/uploads\/2023\/03\/2014_Girsberger_SCHLAUFENSTUHL_by_speziell_Prototypen-768x1152.jpg\" data-width=\"768\" data-height=\"1152\" aria-label=\"Girsberger: Schlaufenstuhl by Designstudio speziell\u00ae \u2013 Vormodell und erste Prototypen bei der Polsterentwicklung bei Girsberger\" role=\"img\" ><\/div>\n\t\t\t\t\t\t\t\t\t\t\t<div class=\"elementor-gallery-item__overlay\"><\/div>\n\t\t\t\t\t\t\t\t\t\t\t\t\t\t<\/a>\n\t\t\t\t\t\t\t<a class=\"e-gallery-item elementor-gallery-item elementor-animated-content\" href=\"https:\/\/www.speziell.net\/beta\/wp-content\/uploads\/2023\/03\/2014_Girsberger_SCHLAUFENSTUHL_by_speziell_Detail_Umlauf.jpg\" data-elementor-open-lightbox=\"yes\" data-elementor-lightbox-slideshow=\"16b8a6da\" data-elementor-lightbox-title=\"2014_Girsberger_SCHLAUFENSTUHL_by_speziell_Detail_Umlauf\" data-elementor-lightbox-description=\"Girsberger: Schlaufenstuhl by Designstudio speziell\u00ae \u2013 Detail der Nahtf\u00fchrung\" data-e-action-hash=\"#elementor-action%3Aaction%3Dlightbox%26settings%3DeyJpZCI6MTAwMywidXJsIjoiaHR0cHM6XC9cL3d3dy5zcGV6aWVsbC5uZXRcL2JldGFcL3dwLWNvbnRlbnRcL3VwbG9hZHNcLzIwMjNcLzAzXC8yMDE0X0dpcnNiZXJnZXJfU0NITEFVRkVOU1RVSExfYnlfc3BlemllbGxfRGV0YWlsX1VtbGF1Zi5qcGciLCJzbGlkZXNob3ciOiIxNmI4YTZkYSJ9\">\n\t\t\t\t\t<div class=\"e-gallery-image elementor-gallery-item__image\" data-thumbnail=\"https:\/\/www.speziell.net\/beta\/wp-content\/uploads\/2023\/03\/2014_Girsberger_SCHLAUFENSTUHL_by_speziell_Detail_Umlauf-768x1152.jpg\" data-width=\"768\" data-height=\"1152\" aria-label=\"Girsberger: Schlaufenstuhl by Designstudio speziell\u00ae \u2013 Detail der Nahtf\u00fchrung\" role=\"img\" ><\/div>\n\t\t\t\t\t\t\t\t\t\t\t<div class=\"elementor-gallery-item__overlay\"><\/div>\n\t\t\t\t\t\t\t\t\t\t\t\t\t\t<\/a>\n\t\t\t\t\t\t\t<a class=\"e-gallery-item elementor-gallery-item elementor-animated-content\" href=\"https:\/\/www.speziell.net\/beta\/wp-content\/uploads\/2023\/03\/2014_Girsberger_SCHLAUFENSTUHL_by_speziell_Frontansicht.jpg\" data-elementor-open-lightbox=\"yes\" data-elementor-lightbox-slideshow=\"16b8a6da\" data-elementor-lightbox-title=\"Designstudio speziell; Arcade Magazin; Girsberger; Schlaufenstuhl\" data-elementor-lightbox-description=\"Girsberger: Schlaufenstuhl by Designstudio speziell\u00ae \u2013 Frontansicht\" data-e-action-hash=\"#elementor-action%3Aaction%3Dlightbox%26settings%3DeyJpZCI6MTAwNSwidXJsIjoiaHR0cHM6XC9cL3d3dy5zcGV6aWVsbC5uZXRcL2JldGFcL3dwLWNvbnRlbnRcL3VwbG9hZHNcLzIwMjNcLzAzXC8yMDE0X0dpcnNiZXJnZXJfU0NITEFVRkVOU1RVSExfYnlfc3BlemllbGxfRnJvbnRhbnNpY2h0LmpwZyIsInNsaWRlc2hvdyI6IjE2YjhhNmRhIn0%3D\">\n\t\t\t\t\t<div class=\"e-gallery-image elementor-gallery-item__image\" data-thumbnail=\"https:\/\/www.speziell.net\/beta\/wp-content\/uploads\/2023\/03\/2014_Girsberger_SCHLAUFENSTUHL_by_speziell_Frontansicht-768x1152.jpg\" data-width=\"768\" data-height=\"1152\" aria-label=\"Girsberger: Schlaufenstuhl by Designstudio speziell\u00ae \u2013 Frontansicht\" role=\"img\" ><\/div>\n\t\t\t\t\t\t\t\t\t\t\t<div class=\"elementor-gallery-item__overlay\"><\/div>\n\t\t\t\t\t\t\t\t\t\t\t\t\t\t<\/a>\n\t\t\t\t\t\t\t<a class=\"e-gallery-item elementor-gallery-item elementor-animated-content\" href=\"https:\/\/www.speziell.net\/beta\/wp-content\/uploads\/2023\/03\/2014_Girsberger_SCHLAUFENSTUHL_by_speziell_Detail_Label.jpg\" data-elementor-open-lightbox=\"yes\" data-elementor-lightbox-slideshow=\"16b8a6da\" data-elementor-lightbox-title=\"2014_Girsberger_SCHLAUFENSTUHL_by_speziell_Detail_Label\" data-elementor-lightbox-description=\"Girsberger: Schlaufenstuhl by Designstudio speziell\u00ae \u2013 Detail Label\" data-e-action-hash=\"#elementor-action%3Aaction%3Dlightbox%26settings%3DeyJpZCI6MTAwMSwidXJsIjoiaHR0cHM6XC9cL3d3dy5zcGV6aWVsbC5uZXRcL2JldGFcL3dwLWNvbnRlbnRcL3VwbG9hZHNcLzIwMjNcLzAzXC8yMDE0X0dpcnNiZXJnZXJfU0NITEFVRkVOU1RVSExfYnlfc3BlemllbGxfRGV0YWlsX0xhYmVsLmpwZyIsInNsaWRlc2hvdyI6IjE2YjhhNmRhIn0%3D\">\n\t\t\t\t\t<div class=\"e-gallery-image elementor-gallery-item__image\" data-thumbnail=\"https:\/\/www.speziell.net\/beta\/wp-content\/uploads\/2023\/03\/2014_Girsberger_SCHLAUFENSTUHL_by_speziell_Detail_Label-768x512.jpg\" data-width=\"768\" data-height=\"512\" aria-label=\"Girsberger: Schlaufenstuhl by Designstudio speziell\u00ae \u2013 Detail Label\" role=\"img\" ><\/div>\n\t\t\t\t\t\t\t\t\t\t\t<div class=\"elementor-gallery-item__overlay\"><\/div>\n\t\t\t\t\t\t\t\t\t\t\t\t\t\t<\/a>\n\t\t\t\t\t<\/div>\n\t\t\t\t\t<\/div>\n\t\t\t\t<\/div>\n\t\t\t\t\t<\/div>\n\t\t<\/div>\n\t\t\t\t\t<\/div>\n\t\t<\/section>\n\t\t\t\t<\/div>","protected":false},"excerpt":{"rendered":"<p>GIRSBERGER: SCHLAUFENSTUHL Eine Stoffschlaufe und ein filigranes Drahtgestell Der SCHLAUFENSTUHL besteht aus einer geschlossenen Stoffschlaufe, die \u00fcber ein filigranes Drahtgestell gest\u00fclpt wird. Durch das Einklappen der Schlaufe entstehen Sitz, R\u00fcckenlehne und Armauflagen. Die Zweifarbigkeit des Stoffs bringt einerseits die Schlaufenstruktur des Stuhls zum Ausdruck und sorgt anderseits f\u00fcr den spielerischen Charakter des Entwurfs. Die Stoffstruktur [&hellip;]<\/p>\n","protected":false},"author":1,"featured_media":1007,"parent":9,"menu_order":0,"comment_status":"closed","ping_status":"closed","template":"","meta":{"footnotes":""},"class_list":["post-999","page","type-page","status-publish","has-post-thumbnail","hentry"],"_links":{"self":[{"href":"https:\/\/www.speziell.net\/beta\/en\/wp-json\/wp\/v2\/pages\/999","targetHints":{"allow":["GET"]}}],"collection":[{"href":"https:\/\/www.speziell.net\/beta\/en\/wp-json\/wp\/v2\/pages"}],"about":[{"href":"https:\/\/www.speziell.net\/beta\/en\/wp-json\/wp\/v2\/types\/page"}],"author":[{"embeddable":true,"href":"https:\/\/www.speziell.net\/beta\/en\/wp-json\/wp\/v2\/users\/1"}],"replies":[{"embeddable":true,"href":"https:\/\/www.speziell.net\/beta\/en\/wp-json\/wp\/v2\/comments?post=999"}],"version-history":[{"count":47,"href":"https:\/\/www.speziell.net\/beta\/en\/wp-json\/wp\/v2\/pages\/999\/revisions"}],"predecessor-version":[{"id":5088,"href":"https:\/\/www.speziell.net\/beta\/en\/wp-json\/wp\/v2\/pages\/999\/revisions\/5088"}],"up":[{"embeddable":true,"href":"https:\/\/www.speziell.net\/beta\/en\/wp-json\/wp\/v2\/pages\/9"}],"wp:featuredmedia":[{"embeddable":true,"href":"https:\/\/www.speziell.net\/beta\/en\/wp-json\/wp\/v2\/media\/1007"}],"wp:attachment":[{"href":"https:\/\/www.speziell.net\/beta\/en\/wp-json\/wp\/v2\/media?parent=999"}],"curies":[{"name":"wp","href":"https:\/\/api.w.org\/{rel}","templated":true}]}}