{"id":15,"date":"2023-02-14T17:28:40","date_gmt":"2023-02-14T16:28:40","guid":{"rendered":"https:\/\/www.speziell.net\/beta\/?page_id=15"},"modified":"2026-01-23T12:21:25","modified_gmt":"2026-01-23T11:21:25","slug":"agb","status":"publish","type":"page","link":"https:\/\/www.speziell.net\/beta\/agb\/","title":{"rendered":"AGB"},"content":{"rendered":"\t\t<div data-elementor-type=\"wp-page\" data-elementor-id=\"15\" class=\"elementor elementor-15\" data-elementor-post-type=\"page\">\n\t\t\t\t\t\t<section class=\"elementor-section elementor-top-section elementor-element elementor-element-52a2429f elementor-section-boxed elementor-section-height-default elementor-section-height-default\" data-id=\"52a2429f\" data-element_type=\"section\" data-e-type=\"section\">\n\t\t\t\t\t\t<div class=\"elementor-container elementor-column-gap-default\">\n\t\t\t\t\t<div class=\"elementor-column elementor-col-100 elementor-top-column elementor-element elementor-element-24528c8\" data-id=\"24528c8\" data-element_type=\"column\" data-e-type=\"column\">\n\t\t\t<div class=\"elementor-widget-wrap elementor-element-populated\">\n\t\t\t\t\t\t<div class=\"elementor-element elementor-element-72db0e36 elementor-hidden-mobile elementor-hidden-tablet elementor-widget elementor-widget-image\" data-id=\"72db0e36\" data-element_type=\"widget\" data-e-type=\"widget\" data-widget_type=\"image.default\">\n\t\t\t\t<div class=\"elementor-widget-container\">\n\t\t\t\t\t\t\t\t\t\t\t\t\t\t\t\t<a href=\"https:\/\/www.speziell.net\/beta\/home\/\">\n\t\t\t\t\t\t\t<img decoding=\"async\" width=\"100\" height=\"100\" src=\"https:\/\/www.speziell.net\/beta\/wp-content\/uploads\/2023\/02\/speziell_logo_grau-1.svg\" class=\"attachment-large size-large wp-image-731\" alt=\"Designstudio speziell\u00ae \u2013 Fleckenstein Pohlmann Schwer GbR\" \/>\t\t\t\t\t\t\t\t<\/a>\n\t\t\t\t\t\t\t\t\t\t\t\t\t\t\t<\/div>\n\t\t\t\t<\/div>\n\t\t\t\t<div class=\"elementor-element elementor-element-7da57d71 elementor-hidden-desktop elementor-widget elementor-widget-image\" data-id=\"7da57d71\" data-element_type=\"widget\" data-e-type=\"widget\" data-widget_type=\"image.default\">\n\t\t\t\t<div class=\"elementor-widget-container\">\n\t\t\t\t\t\t\t\t\t\t\t\t\t\t\t\t<a href=\"https:\/\/www.speziell.net\/beta\/home\/\">\n\t\t\t\t\t\t\t<img decoding=\"async\" width=\"100\" height=\"100\" src=\"https:\/\/www.speziell.net\/beta\/wp-content\/uploads\/2023\/03\/speziell_logo_oSubline.svg\" class=\"attachment-large size-large wp-image-2739\" alt=\"\" \/>\t\t\t\t\t\t\t\t<\/a>\n\t\t\t\t\t\t\t\t\t\t\t\t\t\t\t<\/div>\n\t\t\t\t<\/div>\n\t\t\t\t\t<\/div>\n\t\t<\/div>\n\t\t\t\t\t<\/div>\n\t\t<\/section>\n\t\t\t\t<section class=\"elementor-section elementor-top-section elementor-element elementor-element-5fd03c6f elementor-section-boxed elementor-section-height-default elementor-section-height-default\" data-id=\"5fd03c6f\" data-element_type=\"section\" data-e-type=\"section\">\n\t\t\t\t\t\t<div class=\"elementor-container elementor-column-gap-default\">\n\t\t\t\t\t<div class=\"elementor-column elementor-col-33 elementor-top-column elementor-element elementor-element-573e2efa\" data-id=\"573e2efa\" data-element_type=\"column\" data-e-type=\"column\">\n\t\t\t<div class=\"elementor-widget-wrap elementor-element-populated\">\n\t\t\t\t\t\t<div class=\"elementor-element elementor-element-b1de1f6 elementor-widget elementor-widget-heading\" data-id=\"b1de1f6\" data-element_type=\"widget\" data-e-type=\"widget\" data-widget_type=\"heading.default\">\n\t\t\t\t<div class=\"elementor-widget-container\">\n\t\t\t\t\t<h1 class=\"elementor-heading-title elementor-size-default\">ALLGEMEINE GESCH\u00c4FTSBEDINGUNGEN<\/h1>\t\t\t\t<\/div>\n\t\t\t\t<\/div>\n\t\t\t\t<div class=\"elementor-element elementor-element-1b50120a elementor-widget elementor-widget-text-editor\" data-id=\"1b50120a\" data-element_type=\"widget\" data-e-type=\"widget\" data-widget_type=\"text-editor.default\">\n\t\t\t\t<div class=\"elementor-widget-container\">\n\t\t\t\t\t\t\t\t\t<p>speziell\u00ae &#8211; fleckenstein pohlmann gbr (&#8222;speziell\u00ae&#8220;)<\/p>\t\t\t\t\t\t\t\t<\/div>\n\t\t\t\t<\/div>\n\t\t\t\t<div class=\"elementor-element elementor-element-62b97c01 elementor-widget elementor-widget-text-editor\" data-id=\"62b97c01\" data-element_type=\"widget\" data-e-type=\"widget\" data-widget_type=\"text-editor.default\">\n\t\t\t\t<div class=\"elementor-widget-container\">\n\t\t\t\t\t\t\t\t\t<p>1.<br \/>Grunds\u00e4tzlich gelten ausschlie\u00dflich diese Allgemeinen Gesch\u00e4ftsbedingungen im Verh\u00e4ltnis mit Unternehmern im Sinne des \u00a7 14 BGB. Sie gelten f\u00fcr alle gegenw\u00e4rtigen oder zuk\u00fcnftigen Transaktionen und Gesch\u00e4ftsbeziehungen. Sollten diese Allgemeinen Gesch\u00e4ftsbedingungen inhaltlich abweichen von allgemeinen Gesch\u00e4ftsbedingungen des Auftraggebers, sind letztere nicht bindend f\u00fcr speziell\u00ae, es sei denn speziell\u00ae hat diese ausdr\u00fccklich anerkannt. Im Falle sich kreuzender Best\u00e4tigungsschreiben, die abweichende Bedingungen enthalten, ist die Mitteilung von speziell\u00ae bindend.<\/p><p>2.<br \/>Soweit nicht ausdr\u00fccklich anders vereinbart, arbeitet speziell\u00ae nur auf der Basis von Dienstvertr\u00e4gen. \u00c4nderungen, Erg\u00e4nzungen oder Zusatzvereinbarungen bed\u00fcrfen f\u00fcr Ihre Wirksamkeit der schriftlichen Best\u00e4tigung (per Fax) durch speziell\u00ae. Vorgenannte Bestimmungen sind nur auf \u00c4nderungen und Erg\u00e4nzungen anzuwenden, die nach Beginn der Vertragslaufzeit vereinbart wurden.<\/p><p>3.<br \/>Honorare decken nur die Designleistung ab. Verpackung, Transportschutz, Fracht, Versicherung und Zusammenbau, soweit anwendbar, werden gesondert berechnet, es sei denn abweichende Regelungen wurden \u00fcbereinstimmend schriftlich getroffen. Rechnungen basieren auf der Zeit und dem Material, das f\u00fcr die Erbringung der vereinbarten Leistung aufgebracht wird. Es ist die jeweils g\u00fcltige Honorarliste der speziell\u00ae anzuwenden. Alle Honorare sind exklusive Umsatzsteuer oder Abgaben angegeben. Der Auftraggeber ist haftbar f\u00fcr alle Steuern, Abgaben und Z\u00f6lle.<\/p><p>4.<br \/>Liefertermine oder -zeitr\u00e4ume sind gesondert zu vereinbaren. Vier Wochen nach Verstreichen eines unverbindlichen Liefertermins ist der Auftraggeber berechtigt, speziell\u00ae schriftlich aufzufordern innerhalb eines angemessenen Zeitraumes zu diese leisten. Nach Verstreichen einer solchen Frist befindet sich speziell\u00ae im Verzug. Erf\u00fcllungsort f\u00fcr alle Lieferungen ist die Gesch\u00e4ftsadresse der speziell\u00ae. In Hinblick auf Zahlungen ist der Erf\u00fcllungsort ebenfalls der Gesch\u00e4ftssitz der speziell\u00ae. Kommt der Auftraggeber in Annahmeverzug ist speziell\u00ae berechtigt den Vertrag nach Ablauf einer angemessenen Frist zu k\u00fcndigen oder Schadenersatz wegen Pflichtverletzung zu verlangen. Die Form, in der die Leistungen dem Auftraggenber \u00fcbergeben werden, bestimmt speziell\u00ae, solange diese Form der Erreichung des vertraglichen Zwecks gen\u00fcgt. Ohne gesonderte Vereinbarung ist dies eine zweidimensionale Darstellung.<\/p>\t\t\t\t\t\t\t\t<\/div>\n\t\t\t\t<\/div>\n\t\t\t\t\t<\/div>\n\t\t<\/div>\n\t\t\t\t<div class=\"elementor-column elementor-col-33 elementor-top-column elementor-element elementor-element-e4f4b82\" data-id=\"e4f4b82\" data-element_type=\"column\" data-e-type=\"column\">\n\t\t\t<div class=\"elementor-widget-wrap elementor-element-populated\">\n\t\t\t\t\t\t<div class=\"elementor-element elementor-element-32e9e69 elementor-widget elementor-widget-text-editor\" data-id=\"32e9e69\" data-element_type=\"widget\" data-e-type=\"widget\" data-widget_type=\"text-editor.default\">\n\t\t\t\t<div class=\"elementor-widget-container\">\n\t\t\t\t\t\t\t\t\t<p>5.<br \/>Alle durch speziell\u00ae gew\u00e4hrten Rechte sind nicht ausschlie\u00dfliche Rechte und unterliegen einem Verbot der Abtretung und Unterlizensierung. Die \u00dcbertragung der Rechte ist strikt durch den vertraglich vorausgesetzten Zweck beschr\u00e4nkt. Im Zweifel gilt eine besondere Nutzungsform als nicht vertraglich vorausgesetzt. speziell\u00ae ist berechtigt, die Rechte f\u00fcr eigene Zwecke zu nutzen, z.B. f\u00fcr Marketing, Werbung, Ausstellungen oder Messen. Falls der Auftrageber eigene Skizzen oder Ideen liefert, die zur Grundlage der Leistungen der speziell\u00ae werden, erwirbt der Auftraggeber hieraus kein eigenes Recht an dem Ergebnis der Leistungen der speziell\u00ae als Miturheber. Nicht Gegenstand der Rechts\u00fcbertragung sind Entw\u00fcrfe, Varianten und Studien des endg\u00fcltigen Design-Produkts, da diese lediglich die Entwicklung und Entscheidungsfindung zur Auswahl eines endg\u00fcltigen Entwurfs und Designprodukts vorbereiten.<\/p><p>6.<br \/>speziell\u00ae erh\u00e4lt 10 Freiexemplare jeden Produktes, das auf der Grundlage des von speziell\u00ae f\u00fcr den Auftraggeber entwickelten Designs entsteht. speziell\u00ae hat das Recht in Werbemitteln und Katalogen des Auftragebers als &#8222;speziell\u00ae&#8220; im Zusammenhang mit solchen Produkten genannt zu werden. speziell\u00ae kann eine Namensnennung untersagen oder widerrufen.<\/p><p>7.<br \/>Die Gew\u00e4hrleistung f\u00fcr alle Leistungen der speziell\u00ae ist unbeschr\u00e4nkt f\u00fcr vors\u00e4tzliche Pflichtverletzungen durch speziell\u00ae oder seine Vertreter, im Falle einer Verletzung des K\u00f6rpers, der Gesundheit oder des Lebens oder falls speziell\u00ae eine Garantie abgegeben hat. Im Falle grober Fahrl\u00e4ssigkeit ist die Haftung auf den produktspezifischen, vorhersehbaren, typischen und unmittelbaren Verlust oder Schaden begrenzt. F\u00fcr leichte Fahrl\u00e4ssigkeit haftet speziell\u00ae nicht. Diese Haftungsbeschr\u00e4nkungen finden auch Anwendung, wenn speziell\u00ae in Regress genommen wird auf Grund von \u00a7 478 BGB. Die Haftungsbeschr\u00e4nkungen finden keine Anwendung auf Anspr\u00fcche gem\u00e4\u00df \u00a7\u00a7 1und 4 Produkthaftungsgesetz. Auf Grund der k\u00fcnstlerischen Natur der Designleistungen der speziell\u00ae kann kein bestimmter Erfolg geschuldet sein. Individuelle Unterschiede im Geschmack sind kein Grund f\u00fcr Anspr\u00fcche wegen Schlechterf\u00fcllung. speziell\u00ae ist nicht verantwortlich f\u00fcr den wirtschaftlichen Erfolg der Produkte, die auf der Basis des Designs entstehen. Die Verj\u00e4hrung von allen Anspr\u00fcchen tritt generell nach einem Jahr ein.<\/p><p>8.<br \/>Reklamationen auf Grund behaupteter M\u00e4ngel sind durch den Auftraggeber schriftlich und unverz\u00fcglich zu stellen. Dazu ist der Auftraggeber verpflichtet, die Arbeitsresultate und, falls anwendbar, die geleisteten Gegenst\u00e4nde unmittelbar nach Empfang zu untersuchen.<\/p>\t\t\t\t\t\t\t\t<\/div>\n\t\t\t\t<\/div>\n\t\t\t\t\t<\/div>\n\t\t<\/div>\n\t\t\t\t<div class=\"elementor-column elementor-col-33 elementor-top-column elementor-element elementor-element-6c2922a\" data-id=\"6c2922a\" data-element_type=\"column\" data-e-type=\"column\">\n\t\t\t<div class=\"elementor-widget-wrap elementor-element-populated\">\n\t\t\t\t\t\t<div class=\"elementor-element elementor-element-ae7e8b5 elementor-widget elementor-widget-text-editor\" data-id=\"ae7e8b5\" data-element_type=\"widget\" data-e-type=\"widget\" data-widget_type=\"text-editor.default\">\n\t\t\t\t<div class=\"elementor-widget-container\">\n\t\t\t\t\t\t\t\t\t<p>9.<br \/>Zahlungen sind binnen 20 Tagen nach Stellung der Rechnung f\u00e4llig ohne Abz\u00fcge. Wird Zahlung in Form von Schecks, Wechseln oder dergleichen geleistet und die f\u00e4lligen Summen sind nicht vollst\u00e4ndig und unwiderruflich dem Konto der speziell\u00ae gutgeschrieben worden, geht das Eigentum, eine Lizenz oder andere Rechte an den Leistungen der speziell\u00ae nicht auf den Auftraggeber \u00fcber. Aufrechnung mit Forderungen gegen speziell\u00ae sind nur zul\u00e4ssig, wenn diese rechtskr\u00e4ftig festgestellt oder unbestritten sind.<\/p><p>10.<br \/>Die Lieferung von Sachen und die \u00dcbertragung von Rechten erfolgt ausschlie\u00dflich unter Eigentumsvorbehalt mit folgenden Weiterungen: speziell\u00ae beh\u00e4lt sich alle Eigentumsrechte, Lizenzen und sonstigen Rechte vor, bis die entsprechende Gegenleistung und alle sonstigen Forderungen, die aus der gesamten Gesch\u00e4ftsbeziehung mit dem Aufraggeber resultieren, einschlie\u00dflich Nebenforderungen und Nebenkosten vollst\u00e4ndig und unwiderruflich erbracht wurden. Der Wert der zur\u00fcckbehaltenen Rechte (Eigentum etc.) betr\u00e4gt nie mehr als 110 % der noch offenen Forderungen. Im Falle einer \u00dcbersicherung gibt speziell\u00ae automatisch die entsprechende Sicherheit ganz oder teilweise auf.<\/p><p>11.<br \/>F\u00fcr alle Streitigkeiten, die aus dem Vertragsverh\u00e4ltnis oder im Zusammenhang mit der Gesch\u00e4ftsbeziehung mit dem Auftraggeber entstehen sind die Gerichte in Frankfurt a.M. \/ Deutschland ausschlie\u00dflich zust\u00e4ndig, soweit der Auftraggeber Unternehmer im Sinne des \u00a7 14 BGB ist. speziell\u00ae hat das Recht zu entscheiden, den Auftraggeber auch an jedem anderen Ort zu verklagen, der nach dem einschl\u00e4gigen nationalen oder ausl\u00e4ndischen Recht f\u00fcr eine solche Klage zust\u00e4ndig ist.<\/p><p>12.<br \/>Die Gesch\u00e4ftsbeziehung zwischen speziell\u00ae und dem Auftraggeber wird ausschlie\u00dflich nach Ma\u00dfgabe dieser Allgemeinen Gesch\u00e4ftsbedingungen und dem Recht der Bundesrepublik Deutschland, ohne die Regelungen des Internationalen Privatrechts und des UN-Kaufrechts, beurteilt.<\/p><p><a href=\"mailto:allgemein@speziell.net\">&gt;&gt;&gt;\u00a0email<\/a><\/p>\t\t\t\t\t\t\t\t<\/div>\n\t\t\t\t<\/div>\n\t\t\t\t\t<\/div>\n\t\t<\/div>\n\t\t\t\t\t<\/div>\n\t\t<\/section>\n\t\t\t\t<\/div>\n\t\t","protected":false},"excerpt":{"rendered":"<p>ALLGEMEINE GESCH\u00c4FTSBEDINGUNGEN speziell\u00ae &#8211; fleckenstein pohlmann gbr (&#8222;speziell\u00ae&#8220;) 1.Grunds\u00e4tzlich gelten ausschlie\u00dflich diese Allgemeinen Gesch\u00e4ftsbedingungen im Verh\u00e4ltnis mit Unternehmern im Sinne des \u00a7 14 BGB. Sie gelten f\u00fcr alle gegenw\u00e4rtigen oder zuk\u00fcnftigen Transaktionen und Gesch\u00e4ftsbeziehungen. Sollten diese Allgemeinen Gesch\u00e4ftsbedingungen inhaltlich abweichen von allgemeinen Gesch\u00e4ftsbedingungen des Auftraggebers, sind letztere nicht bindend f\u00fcr speziell\u00ae, es sei denn speziell\u00ae [&hellip;]<\/p>\n","protected":false},"author":1,"featured_media":0,"parent":0,"menu_order":0,"comment_status":"closed","ping_status":"closed","template":"","meta":{"footnotes":""},"class_list":["post-15","page","type-page","status-publish","hentry"],"_links":{"self":[{"href":"https:\/\/www.speziell.net\/beta\/wp-json\/wp\/v2\/pages\/15","targetHints":{"allow":["GET"]}}],"collection":[{"href":"https:\/\/www.speziell.net\/beta\/wp-json\/wp\/v2\/pages"}],"about":[{"href":"https:\/\/www.speziell.net\/beta\/wp-json\/wp\/v2\/types\/page"}],"author":[{"embeddable":true,"href":"https:\/\/www.speziell.net\/beta\/wp-json\/wp\/v2\/users\/1"}],"replies":[{"embeddable":true,"href":"https:\/\/www.speziell.net\/beta\/wp-json\/wp\/v2\/comments?post=15"}],"version-history":[{"count":85,"href":"https:\/\/www.speziell.net\/beta\/wp-json\/wp\/v2\/pages\/15\/revisions"}],"predecessor-version":[{"id":6033,"href":"https:\/\/www.speziell.net\/beta\/wp-json\/wp\/v2\/pages\/15\/revisions\/6033"}],"wp:attachment":[{"href":"https:\/\/www.speziell.net\/beta\/wp-json\/wp\/v2\/media?parent=15"}],"curies":[{"name":"wp","href":"https:\/\/api.w.org\/{rel}","templated":true}]}}