{"id":1999,"date":"2006-03-06T18:30:00","date_gmt":"2006-03-06T17:30:00","guid":{"rendered":"https:\/\/www.speziell.net\/beta\/?page_id=1999"},"modified":"2023-11-06T11:33:26","modified_gmt":"2023-11-06T10:33:26","slug":"meli","status":"publish","type":"page","link":"https:\/\/www.speziell.net\/beta\/home\/meli\/","title":{"rendered":"MELI"},"content":{"rendered":"\t\t<div data-elementor-type=\"wp-page\" data-elementor-id=\"1999\" class=\"elementor elementor-1999\" data-elementor-post-type=\"page\">\n\t\t\t\t\t\t<section class=\"elementor-section elementor-top-section elementor-element elementor-element-7bad53e6 elementor-section-boxed elementor-section-height-default elementor-section-height-default\" data-id=\"7bad53e6\" data-element_type=\"section\" data-e-type=\"section\">\n\t\t\t\t\t\t<div class=\"elementor-container elementor-column-gap-default\">\n\t\t\t\t\t<div class=\"elementor-column elementor-col-100 elementor-top-column elementor-element elementor-element-2f470c01\" data-id=\"2f470c01\" data-element_type=\"column\" data-e-type=\"column\">\n\t\t\t<div class=\"elementor-widget-wrap elementor-element-populated\">\n\t\t\t\t\t\t<div class=\"elementor-element elementor-element-473f51c3 elementor-hidden-mobile elementor-hidden-tablet elementor-widget elementor-widget-image\" data-id=\"473f51c3\" data-element_type=\"widget\" data-e-type=\"widget\" data-widget_type=\"image.default\">\n\t\t\t\t<div class=\"elementor-widget-container\">\n\t\t\t\t\t\t\t\t\t\t\t\t\t\t\t\t<a href=\"https:\/\/www.speziell.net\/beta\/home\/\">\n\t\t\t\t\t\t\t<img decoding=\"async\" width=\"100\" height=\"100\" src=\"https:\/\/www.speziell.net\/beta\/wp-content\/uploads\/2023\/02\/speziell_logo_grau-1.svg\" class=\"attachment-large size-large wp-image-731\" alt=\"Designstudio speziell\u00ae \u2013 Fleckenstein Pohlmann Schwer GbR\" \/>\t\t\t\t\t\t\t\t<\/a>\n\t\t\t\t\t\t\t\t\t\t\t\t\t\t\t<\/div>\n\t\t\t\t<\/div>\n\t\t\t\t<div class=\"elementor-element elementor-element-5086b6e elementor-hidden-desktop elementor-widget elementor-widget-image\" data-id=\"5086b6e\" data-element_type=\"widget\" data-e-type=\"widget\" data-widget_type=\"image.default\">\n\t\t\t\t<div class=\"elementor-widget-container\">\n\t\t\t\t\t\t\t\t\t\t\t\t\t\t\t\t<a href=\"https:\/\/www.speziell.net\/beta\/home\/\">\n\t\t\t\t\t\t\t<img decoding=\"async\" width=\"100\" height=\"100\" src=\"https:\/\/www.speziell.net\/beta\/wp-content\/uploads\/2023\/03\/speziell_logo_oSubline.svg\" class=\"attachment-large size-large wp-image-2739\" alt=\"\" \/>\t\t\t\t\t\t\t\t<\/a>\n\t\t\t\t\t\t\t\t\t\t\t\t\t\t\t<\/div>\n\t\t\t\t<\/div>\n\t\t\t\t\t<\/div>\n\t\t<\/div>\n\t\t\t\t\t<\/div>\n\t\t<\/section>\n\t\t\t\t<section class=\"elementor-section elementor-top-section elementor-element elementor-element-395752f8 elementor-section-boxed elementor-section-height-default elementor-section-height-default\" data-id=\"395752f8\" data-element_type=\"section\" data-e-type=\"section\">\n\t\t\t\t\t\t<div class=\"elementor-container elementor-column-gap-default\">\n\t\t\t\t\t<div class=\"elementor-column elementor-col-50 elementor-top-column elementor-element elementor-element-44e8eb1c\" data-id=\"44e8eb1c\" data-element_type=\"column\" data-e-type=\"column\">\n\t\t\t<div class=\"elementor-widget-wrap elementor-element-populated\">\n\t\t\t\t\t\t<div class=\"elementor-element elementor-element-7985739b elementor-widget elementor-widget-heading\" data-id=\"7985739b\" data-element_type=\"widget\" data-e-type=\"widget\" data-widget_type=\"heading.default\">\n\t\t\t\t<div class=\"elementor-widget-container\">\n\t\t\t\t\t<h2 class=\"elementor-heading-title elementor-size-default\">STENG LICHT: MELI<\/h2>\t\t\t\t<\/div>\n\t\t\t\t<\/div>\n\t\t\t\t<div class=\"elementor-element elementor-element-1aa459f8 elementor-widget elementor-widget-text-editor\" data-id=\"1aa459f8\" data-element_type=\"widget\" data-e-type=\"widget\" data-widget_type=\"text-editor.default\">\n\t\t\t\t<div class=\"elementor-widget-container\">\n\t\t\t\t\t\t\t\t\t<p>Porzellan-Modul-Leuchte<\/p>\t\t\t\t\t\t\t\t<\/div>\n\t\t\t\t<\/div>\n\t\t\t\t<div class=\"elementor-element elementor-element-245c6411 elementor-widget elementor-widget-text-editor\" data-id=\"245c6411\" data-element_type=\"widget\" data-e-type=\"widget\" data-widget_type=\"text-editor.default\">\n\t\t\t\t<div class=\"elementor-widget-container\">\n\t\t\t\t\t\t\t\t\t<p>Mit einem einzelnen Modul ist die Porzellanleuchte nur 200mm lang und 80mm hoch. Auf Kundenwunsch k\u00f6nnen mehrere der Schirme hintereinander addiert werden und bilden so eine schlanke Leuchte mit bis zu 1000mm L\u00e4nge.<\/p><p>Das System bietet Lichtl\u00f6sungen f\u00fcr unterschiedliche Tischl\u00e4ngen: Vom Bistrotisch bis zur gro\u00dfen Tafel.<\/p><p>Eine elegant geschwungene Leuchte, die ein weiches stimmungsvolles Licht spendet.<\/p><p>Hersteller<br \/><a href=\"https:\/\/www.steng-licht.com\/\" target=\"_blank\" rel=\"noopener\">http:\/\/www.steng-licht.com<\/a><\/p><p>\u00a0<\/p>\t\t\t\t\t\t\t\t<\/div>\n\t\t\t\t<\/div>\n\t\t\t\t\t<\/div>\n\t\t<\/div>\n\t\t\t\t<div class=\"elementor-column elementor-col-50 elementor-top-column elementor-element elementor-element-3b759dd3\" data-id=\"3b759dd3\" data-element_type=\"column\" data-e-type=\"column\">\n\t\t\t<div class=\"elementor-widget-wrap elementor-element-populated\">\n\t\t\t\t\t\t<div class=\"elementor-element elementor-element-41ef59f3 elementor-widget elementor-widget-gallery\" data-id=\"41ef59f3\" data-element_type=\"widget\" data-e-type=\"widget\" data-settings=\"{&quot;gallery_layout&quot;:&quot;masonry&quot;,&quot;columns&quot;:2,&quot;lazyload&quot;:&quot;yes&quot;,&quot;columns_tablet&quot;:2,&quot;columns_mobile&quot;:1,&quot;gap&quot;:{&quot;unit&quot;:&quot;px&quot;,&quot;size&quot;:10,&quot;sizes&quot;:[]},&quot;gap_tablet&quot;:{&quot;unit&quot;:&quot;px&quot;,&quot;size&quot;:10,&quot;sizes&quot;:[]},&quot;gap_mobile&quot;:{&quot;unit&quot;:&quot;px&quot;,&quot;size&quot;:10,&quot;sizes&quot;:[]},&quot;link_to&quot;:&quot;file&quot;,&quot;overlay_background&quot;:&quot;yes&quot;,&quot;content_hover_animation&quot;:&quot;fade-in&quot;}\" data-widget_type=\"gallery.default\">\n\t\t\t\t<div class=\"elementor-widget-container\">\n\t\t\t\t\t\t\t<div class=\"elementor-gallery__container\">\n\t\t\t\t\t\t\t<a class=\"e-gallery-item elementor-gallery-item elementor-animated-content\" href=\"https:\/\/www.speziell.net\/beta\/wp-content\/uploads\/2023\/03\/2006_Steng_Meli_by_speziell_5er.jpg\" data-elementor-open-lightbox=\"yes\" data-elementor-lightbox-slideshow=\"41ef59f3\" data-elementor-lightbox-title=\"2006_Steng_Meli_by_speziell_5er\" data-elementor-lightbox-description=\"Steng Licht: MELI by Designstudio speziell\u00ae \u2013 Durch das d\u00fcnne Hartporzellan scheint das Halogenlicht hindurch\" data-e-action-hash=\"#elementor-action%3Aaction%3Dlightbox%26settings%3DeyJpZCI6MTk5NCwidXJsIjoiaHR0cHM6XC9cL3d3dy5zcGV6aWVsbC5uZXRcL2JldGFcL3dwLWNvbnRlbnRcL3VwbG9hZHNcLzIwMjNcLzAzXC8yMDA2X1N0ZW5nX01lbGlfYnlfc3BlemllbGxfNWVyLmpwZyIsInNsaWRlc2hvdyI6IjQxZWY1OWYzIn0%3D\">\n\t\t\t\t\t<div class=\"e-gallery-image elementor-gallery-item__image\" data-thumbnail=\"https:\/\/www.speziell.net\/beta\/wp-content\/uploads\/2023\/03\/2006_Steng_Meli_by_speziell_5er-1024x772.jpg\" data-width=\"800\" data-height=\"603\" aria-label=\"Steng Licht: MELI by Designstudio speziell\u00ae \u2013 Durch das d\u00fcnne Hartporzellan scheint das Halogenlicht hindurch\" role=\"img\" ><\/div>\n\t\t\t\t\t\t\t\t\t\t\t<div class=\"elementor-gallery-item__overlay\"><\/div>\n\t\t\t\t\t\t\t\t\t\t\t\t\t\t<\/a>\n\t\t\t\t\t\t\t<a class=\"e-gallery-item elementor-gallery-item elementor-animated-content\" href=\"https:\/\/www.speziell.net\/beta\/wp-content\/uploads\/2023\/03\/2006_Steng_Meli_by_speziell_5er_mit-Bofinger.jpg\" data-elementor-open-lightbox=\"yes\" data-elementor-lightbox-slideshow=\"41ef59f3\" data-elementor-lightbox-title=\"2006_Steng_Meli_by_speziell_5er_mit Bofinger\" data-elementor-lightbox-description=\"Steng Licht: MELI by Designstudio speziell\u00ae \u2013 Gut geeignet f\u00fcr l\u00e4ngere Tafeln\" data-e-action-hash=\"#elementor-action%3Aaction%3Dlightbox%26settings%3DeyJpZCI6MTk5NiwidXJsIjoiaHR0cHM6XC9cL3d3dy5zcGV6aWVsbC5uZXRcL2JldGFcL3dwLWNvbnRlbnRcL3VwbG9hZHNcLzIwMjNcLzAzXC8yMDA2X1N0ZW5nX01lbGlfYnlfc3BlemllbGxfNWVyX21pdC1Cb2Zpbmdlci5qcGciLCJzbGlkZXNob3ciOiI0MWVmNTlmMyJ9\">\n\t\t\t\t\t<div class=\"e-gallery-image elementor-gallery-item__image\" data-thumbnail=\"https:\/\/www.speziell.net\/beta\/wp-content\/uploads\/2023\/03\/2006_Steng_Meli_by_speziell_5er_mit-Bofinger-683x1024.jpg\" data-width=\"683\" data-height=\"1024\" aria-label=\"Steng Licht: MELI by Designstudio speziell\u00ae \u2013 Gut geeignet f\u00fcr l\u00e4ngere Tafeln\" role=\"img\" ><\/div>\n\t\t\t\t\t\t\t\t\t\t\t<div class=\"elementor-gallery-item__overlay\"><\/div>\n\t\t\t\t\t\t\t\t\t\t\t\t\t\t<\/a>\n\t\t\t\t\t\t\t<a class=\"e-gallery-item elementor-gallery-item elementor-animated-content\" href=\"https:\/\/www.speziell.net\/beta\/wp-content\/uploads\/2023\/03\/2006_Steng_Meli_by_speziell_5er_ueber-Tisch.jpg\" data-elementor-open-lightbox=\"yes\" data-elementor-lightbox-slideshow=\"41ef59f3\" data-elementor-lightbox-title=\"2006_Steng_Meli_by_speziell_5er_\u00fcber Tisch\" data-elementor-lightbox-description=\"Steng Licht: MELI by Designstudio speziell\u00ae \u2013 Stimmungsvolles warmes Licht durch Porzellanschirme\" data-e-action-hash=\"#elementor-action%3Aaction%3Dlightbox%26settings%3DeyJpZCI6MTk5NywidXJsIjoiaHR0cHM6XC9cL3d3dy5zcGV6aWVsbC5uZXRcL2JldGFcL3dwLWNvbnRlbnRcL3VwbG9hZHNcLzIwMjNcLzAzXC8yMDA2X1N0ZW5nX01lbGlfYnlfc3BlemllbGxfNWVyX3VlYmVyLVRpc2NoLmpwZyIsInNsaWRlc2hvdyI6IjQxZWY1OWYzIn0%3D\">\n\t\t\t\t\t<div class=\"e-gallery-image elementor-gallery-item__image\" data-thumbnail=\"https:\/\/www.speziell.net\/beta\/wp-content\/uploads\/2023\/03\/2006_Steng_Meli_by_speziell_5er_ueber-Tisch-683x1024.jpg\" data-width=\"683\" data-height=\"1024\" aria-label=\"Steng Licht: MELI by Designstudio speziell\u00ae \u2013 Stimmungsvolles warmes Licht durch Porzellanschirme\" role=\"img\" ><\/div>\n\t\t\t\t\t\t\t\t\t\t\t<div class=\"elementor-gallery-item__overlay\"><\/div>\n\t\t\t\t\t\t\t\t\t\t\t\t\t\t<\/a>\n\t\t\t\t\t\t\t<a class=\"e-gallery-item elementor-gallery-item elementor-animated-content\" href=\"https:\/\/www.speziell.net\/beta\/wp-content\/uploads\/2023\/03\/2006_Steng_Meli_by_speziell_Aufbau-outline.jpg\" data-elementor-open-lightbox=\"yes\" data-elementor-lightbox-slideshow=\"41ef59f3\" data-elementor-lightbox-title=\"2006_Steng_Meli_by_speziell_Aufbau outline\" data-elementor-lightbox-description=\"Steng Licht: MELI by Designstudio speziell\u00ae \u2013 Leuchten mit einem, drei oder f\u00fcnf Modulen\" data-e-action-hash=\"#elementor-action%3Aaction%3Dlightbox%26settings%3DeyJpZCI6MTk5OCwidXJsIjoiaHR0cHM6XC9cL3d3dy5zcGV6aWVsbC5uZXRcL2JldGFcL3dwLWNvbnRlbnRcL3VwbG9hZHNcLzIwMjNcLzAzXC8yMDA2X1N0ZW5nX01lbGlfYnlfc3BlemllbGxfQXVmYmF1LW91dGxpbmUuanBnIiwic2xpZGVzaG93IjoiNDFlZjU5ZjMifQ%3D%3D\">\n\t\t\t\t\t<div class=\"e-gallery-image elementor-gallery-item__image\" data-thumbnail=\"https:\/\/www.speziell.net\/beta\/wp-content\/uploads\/2023\/03\/2006_Steng_Meli_by_speziell_Aufbau-outline-1024x683.jpg\" data-width=\"800\" data-height=\"534\" aria-label=\"Steng Licht: MELI by Designstudio speziell\u00ae \u2013 Leuchten mit einem, drei oder f\u00fcnf Modulen\" role=\"img\" ><\/div>\n\t\t\t\t\t\t\t\t\t\t\t<div class=\"elementor-gallery-item__overlay\"><\/div>\n\t\t\t\t\t\t\t\t\t\t\t\t\t\t<\/a>\n\t\t\t\t\t\t\t<a class=\"e-gallery-item elementor-gallery-item elementor-animated-content\" href=\"https:\/\/www.speziell.net\/beta\/wp-content\/uploads\/2023\/03\/2006_Steng_Meli_by_speziell_1er_Freisteller.jpg\" data-elementor-open-lightbox=\"yes\" data-elementor-lightbox-slideshow=\"41ef59f3\" data-elementor-lightbox-title=\"2006_Steng_Meli_by_speziell_1er_Freisteller\" data-elementor-lightbox-description=\"Steng Licht: MELI by Designstudio speziell\u00ae \u2013 Einzelleuchte f\u00fcr kleine Tische oder eine Aufh\u00e4ngung in Reihe\" data-e-action-hash=\"#elementor-action%3Aaction%3Dlightbox%26settings%3DeyJpZCI6MTk5MywidXJsIjoiaHR0cHM6XC9cL3d3dy5zcGV6aWVsbC5uZXRcL2JldGFcL3dwLWNvbnRlbnRcL3VwbG9hZHNcLzIwMjNcLzAzXC8yMDA2X1N0ZW5nX01lbGlfYnlfc3BlemllbGxfMWVyX0ZyZWlzdGVsbGVyLmpwZyIsInNsaWRlc2hvdyI6IjQxZWY1OWYzIn0%3D\">\n\t\t\t\t\t<div class=\"e-gallery-image elementor-gallery-item__image\" data-thumbnail=\"https:\/\/www.speziell.net\/beta\/wp-content\/uploads\/2023\/03\/2006_Steng_Meli_by_speziell_1er_Freisteller-1024x683.jpg\" data-width=\"800\" data-height=\"534\" aria-label=\"Steng Licht: MELI by Designstudio speziell\u00ae \u2013 Einzelleuchte f\u00fcr kleine Tische oder eine Aufh\u00e4ngung in Reihe\" role=\"img\" ><\/div>\n\t\t\t\t\t\t\t\t\t\t\t<div class=\"elementor-gallery-item__overlay\"><\/div>\n\t\t\t\t\t\t\t\t\t\t\t\t\t\t<\/a>\n\t\t\t\t\t<\/div>\n\t\t\t\t\t<\/div>\n\t\t\t\t<\/div>\n\t\t\t\t\t<\/div>\n\t\t<\/div>\n\t\t\t\t\t<\/div>\n\t\t<\/section>\n\t\t\t\t<\/div>\n\t\t","protected":false},"excerpt":{"rendered":"<p>STENG LICHT: MELI Porzellan-Modul-Leuchte Mit einem einzelnen Modul ist die Porzellanleuchte nur 200mm lang und 80mm hoch. Auf Kundenwunsch k\u00f6nnen mehrere der Schirme hintereinander addiert werden und bilden so eine schlanke Leuchte mit bis zu 1000mm L\u00e4nge. Das System bietet Lichtl\u00f6sungen f\u00fcr unterschiedliche Tischl\u00e4ngen: Vom Bistrotisch bis zur gro\u00dfen Tafel. Eine elegant geschwungene Leuchte, die [&hellip;]<\/p>\n","protected":false},"author":1,"featured_media":1994,"parent":9,"menu_order":0,"comment_status":"closed","ping_status":"closed","template":"","meta":{"footnotes":""},"class_list":["post-1999","page","type-page","status-publish","has-post-thumbnail","hentry"],"_links":{"self":[{"href":"https:\/\/www.speziell.net\/beta\/wp-json\/wp\/v2\/pages\/1999","targetHints":{"allow":["GET"]}}],"collection":[{"href":"https:\/\/www.speziell.net\/beta\/wp-json\/wp\/v2\/pages"}],"about":[{"href":"https:\/\/www.speziell.net\/beta\/wp-json\/wp\/v2\/types\/page"}],"author":[{"embeddable":true,"href":"https:\/\/www.speziell.net\/beta\/wp-json\/wp\/v2\/users\/1"}],"replies":[{"embeddable":true,"href":"https:\/\/www.speziell.net\/beta\/wp-json\/wp\/v2\/comments?post=1999"}],"version-history":[{"count":29,"href":"https:\/\/www.speziell.net\/beta\/wp-json\/wp\/v2\/pages\/1999\/revisions"}],"predecessor-version":[{"id":5045,"href":"https:\/\/www.speziell.net\/beta\/wp-json\/wp\/v2\/pages\/1999\/revisions\/5045"}],"up":[{"embeddable":true,"href":"https:\/\/www.speziell.net\/beta\/wp-json\/wp\/v2\/pages\/9"}],"wp:featuredmedia":[{"embeddable":true,"href":"https:\/\/www.speziell.net\/beta\/wp-json\/wp\/v2\/media\/1994"}],"wp:attachment":[{"href":"https:\/\/www.speziell.net\/beta\/wp-json\/wp\/v2\/media?parent=1999"}],"curies":[{"name":"wp","href":"https:\/\/api.w.org\/{rel}","templated":true}]}}