{"id":2057,"date":"2011-03-10T11:56:00","date_gmt":"2011-03-10T10:56:00","guid":{"rendered":"https:\/\/www.speziell.net\/beta\/?page_id=2057"},"modified":"2023-11-06T11:01:19","modified_gmt":"2023-11-06T10:01:19","slug":"ally","status":"publish","type":"page","link":"https:\/\/www.speziell.net\/beta\/home\/ally\/","title":{"rendered":"ALLY"},"content":{"rendered":"\t\t<div data-elementor-type=\"wp-page\" data-elementor-id=\"2057\" class=\"elementor elementor-2057\" data-elementor-post-type=\"page\">\n\t\t\t\t\t\t<section class=\"elementor-section elementor-top-section elementor-element elementor-element-335099dc elementor-section-boxed elementor-section-height-default elementor-section-height-default\" data-id=\"335099dc\" data-element_type=\"section\" data-e-type=\"section\">\n\t\t\t\t\t\t<div class=\"elementor-container elementor-column-gap-default\">\n\t\t\t\t\t<div class=\"elementor-column elementor-col-100 elementor-top-column elementor-element elementor-element-67c8e6dd\" data-id=\"67c8e6dd\" data-element_type=\"column\" data-e-type=\"column\">\n\t\t\t<div class=\"elementor-widget-wrap elementor-element-populated\">\n\t\t\t\t\t\t<div class=\"elementor-element elementor-element-5db1efc8 elementor-hidden-mobile elementor-hidden-tablet elementor-widget elementor-widget-image\" data-id=\"5db1efc8\" data-element_type=\"widget\" data-e-type=\"widget\" data-widget_type=\"image.default\">\n\t\t\t\t<div class=\"elementor-widget-container\">\n\t\t\t\t\t\t\t\t\t\t\t\t\t\t\t\t<a href=\"https:\/\/www.speziell.net\/beta\/home\/\">\n\t\t\t\t\t\t\t<img decoding=\"async\" width=\"100\" height=\"100\" src=\"https:\/\/www.speziell.net\/beta\/wp-content\/uploads\/2023\/02\/speziell_logo_grau-1.svg\" class=\"attachment-large size-large wp-image-731\" alt=\"Designstudio speziell\u00ae \u2013 Fleckenstein Pohlmann Schwer GbR\" \/>\t\t\t\t\t\t\t\t<\/a>\n\t\t\t\t\t\t\t\t\t\t\t\t\t\t\t<\/div>\n\t\t\t\t<\/div>\n\t\t\t\t<div class=\"elementor-element elementor-element-5cddff46 elementor-hidden-desktop elementor-widget elementor-widget-image\" data-id=\"5cddff46\" data-element_type=\"widget\" data-e-type=\"widget\" data-widget_type=\"image.default\">\n\t\t\t\t<div class=\"elementor-widget-container\">\n\t\t\t\t\t\t\t\t\t\t\t\t\t\t\t\t<a href=\"https:\/\/www.speziell.net\/beta\/home\/\">\n\t\t\t\t\t\t\t<img decoding=\"async\" width=\"100\" height=\"100\" src=\"https:\/\/www.speziell.net\/beta\/wp-content\/uploads\/2023\/03\/speziell_logo_oSubline.svg\" class=\"attachment-large size-large wp-image-2739\" alt=\"\" \/>\t\t\t\t\t\t\t\t<\/a>\n\t\t\t\t\t\t\t\t\t\t\t\t\t\t\t<\/div>\n\t\t\t\t<\/div>\n\t\t\t\t\t<\/div>\n\t\t<\/div>\n\t\t\t\t\t<\/div>\n\t\t<\/section>\n\t\t\t\t<section class=\"elementor-section elementor-top-section elementor-element elementor-element-427f3d5a elementor-section-boxed elementor-section-height-default elementor-section-height-default\" data-id=\"427f3d5a\" data-element_type=\"section\" data-e-type=\"section\">\n\t\t\t\t\t\t<div class=\"elementor-container elementor-column-gap-default\">\n\t\t\t\t\t<div class=\"elementor-column elementor-col-50 elementor-top-column elementor-element elementor-element-236ecd4\" data-id=\"236ecd4\" data-element_type=\"column\" data-e-type=\"column\">\n\t\t\t<div class=\"elementor-widget-wrap elementor-element-populated\">\n\t\t\t\t\t\t<div class=\"elementor-element elementor-element-178086d elementor-widget elementor-widget-heading\" data-id=\"178086d\" data-element_type=\"widget\" data-e-type=\"widget\" data-widget_type=\"heading.default\">\n\t\t\t\t<div class=\"elementor-widget-container\">\n\t\t\t\t\t<h1 class=\"elementor-heading-title elementor-size-default\">STUDIO DOMO: ALLY<\/h1>\t\t\t\t<\/div>\n\t\t\t\t<\/div>\n\t\t\t\t<div class=\"elementor-element elementor-element-55935fbe elementor-widget elementor-widget-text-editor\" data-id=\"55935fbe\" data-element_type=\"widget\" data-e-type=\"widget\" data-widget_type=\"text-editor.default\">\n\t\t\t\t<div class=\"elementor-widget-container\">\n\t\t\t\t\t\t\t\t\t<p>Mutifunktionaler Trolley<\/p>\t\t\t\t\t\t\t\t<\/div>\n\t\t\t\t<\/div>\n\t\t\t\t<div class=\"elementor-element elementor-element-72202b29 elementor-widget elementor-widget-text-editor\" data-id=\"72202b29\" data-element_type=\"widget\" data-e-type=\"widget\" data-widget_type=\"text-editor.default\">\n\t\t\t\t<div class=\"elementor-widget-container\">\n\t\t\t\t\t\t\t\t\t<p>Aus wenigen Bauteilen kann der Hersteller eine Vielzahl unterschiedlicher Trolleys konfektionieren. Tablare, Drehladen und F\u00e4cher mit T\u00fcren lassen sich dabei kombinieren. Die Kunststoff-Module werden beim Aufbau des M\u00f6bels in die vier Eckprofile aus Aluminium eingeschoben.<\/p><p>Die drei H\u00f6hen 50cm, 65 cm und 90cm eignen sich beispielsweise als Nachttisch bzw. Sofabeisteller, als Schreibtisch-Container oder bieten mobilen Stauraum in K\u00fcche und Bad.<\/p><p>Detail: Auf die Endst\u00fccke der Eckprofile kann die Leuchte Tolomeo von Artemide aufgesteckt werden.<\/p><p>Material: Aluminium und durchgef\u00e4rbtes gl\u00e4nzendes ABS in wei\u00df, orange, rot und anthrazit.<\/p><p>Awards:<br \/>-iF design award china 2007<br \/>-Good Design Award 2008<\/p><p>Hersteller:<br \/><a href=\"http:\/\/studiodomo.net\/en\" target=\"_blank\" rel=\"noopener\">http:\/\/studiodomo.net\/en<\/a><\/p>\t\t\t\t\t\t\t\t<\/div>\n\t\t\t\t<\/div>\n\t\t\t\t\t<\/div>\n\t\t<\/div>\n\t\t\t\t<div class=\"elementor-column elementor-col-50 elementor-top-column elementor-element elementor-element-306cfb8d\" data-id=\"306cfb8d\" data-element_type=\"column\" data-e-type=\"column\">\n\t\t\t<div class=\"elementor-widget-wrap elementor-element-populated\">\n\t\t\t\t\t\t<div class=\"elementor-element elementor-element-781a8375 elementor-widget elementor-widget-gallery\" data-id=\"781a8375\" data-element_type=\"widget\" data-e-type=\"widget\" data-settings=\"{&quot;gallery_layout&quot;:&quot;masonry&quot;,&quot;columns&quot;:2,&quot;lazyload&quot;:&quot;yes&quot;,&quot;columns_tablet&quot;:2,&quot;columns_mobile&quot;:1,&quot;gap&quot;:{&quot;unit&quot;:&quot;px&quot;,&quot;size&quot;:10,&quot;sizes&quot;:[]},&quot;gap_tablet&quot;:{&quot;unit&quot;:&quot;px&quot;,&quot;size&quot;:10,&quot;sizes&quot;:[]},&quot;gap_mobile&quot;:{&quot;unit&quot;:&quot;px&quot;,&quot;size&quot;:10,&quot;sizes&quot;:[]},&quot;link_to&quot;:&quot;file&quot;,&quot;overlay_background&quot;:&quot;yes&quot;,&quot;content_hover_animation&quot;:&quot;fade-in&quot;}\" data-widget_type=\"gallery.default\">\n\t\t\t\t<div class=\"elementor-widget-container\">\n\t\t\t\t\t\t\t<div class=\"elementor-gallery__container\">\n\t\t\t\t\t\t\t<a class=\"e-gallery-item elementor-gallery-item elementor-animated-content\" href=\"https:\/\/www.speziell.net\/beta\/wp-content\/uploads\/2023\/03\/2007_StudioDomo_ALLY_by_speziell_4erGruppe_Freisteller_white-orange.jpg\" data-elementor-open-lightbox=\"yes\" data-elementor-lightbox-slideshow=\"781a8375\" data-elementor-lightbox-title=\"2007_StudioDomo_ALLY_by_speziell_4erGruppe_Freisteller_white orange\" data-elementor-lightbox-description=\"Studio Domo: Mehrzwecktrolley Ally by Designstudio speziell\u00ae \u2013 Durch die modulare Bauweise lassen sich unterschiedlich hohe M\u00f6bel bilden\" data-e-action-hash=\"#elementor-action%3Aaction%3Dlightbox%26settings%3DeyJpZCI6MjA2MywidXJsIjoiaHR0cHM6XC9cL3d3dy5zcGV6aWVsbC5uZXRcL2JldGFcL3dwLWNvbnRlbnRcL3VwbG9hZHNcLzIwMjNcLzAzXC8yMDA3X1N0dWRpb0RvbW9fQUxMWV9ieV9zcGV6aWVsbF80ZXJHcnVwcGVfRnJlaXN0ZWxsZXJfd2hpdGUtb3JhbmdlLmpwZyIsInNsaWRlc2hvdyI6Ijc4MWE4Mzc1In0%3D\">\n\t\t\t\t\t<div class=\"e-gallery-image elementor-gallery-item__image\" data-thumbnail=\"https:\/\/www.speziell.net\/beta\/wp-content\/uploads\/2023\/03\/2007_StudioDomo_ALLY_by_speziell_4erGruppe_Freisteller_white-orange-1024x819.jpg\" data-width=\"800\" data-height=\"640\" aria-label=\"Studio Domo: Mehrzwecktrolley Ally by Designstudio speziell\u00ae \u2013 Durch die modulare Bauweise lassen sich unterschiedlich hohe M\u00f6bel bilden\" role=\"img\" ><\/div>\n\t\t\t\t\t\t\t\t\t\t\t<div class=\"elementor-gallery-item__overlay\"><\/div>\n\t\t\t\t\t\t\t\t\t\t\t\t\t\t<\/a>\n\t\t\t\t\t\t\t<a class=\"e-gallery-item elementor-gallery-item elementor-animated-content\" href=\"https:\/\/www.speziell.net\/beta\/wp-content\/uploads\/2023\/03\/2007_Studio-Domo_ALLY_by_speziell_H2D3T_black.jpg\" data-elementor-open-lightbox=\"yes\" data-elementor-lightbox-slideshow=\"781a8375\" data-elementor-lightbox-title=\"2007_Studio Domo_ALLY_by_speziell_H2D3T_black\" data-elementor-lightbox-description=\"Studio Domo: Mehrzwecktrolley Ally by Designstudio speziell\u00ae \u2013 Als offener Stauraum f\u00fcrs Badezimmer\" data-e-action-hash=\"#elementor-action%3Aaction%3Dlightbox%26settings%3DeyJpZCI6MjA1OSwidXJsIjoiaHR0cHM6XC9cL3d3dy5zcGV6aWVsbC5uZXRcL2JldGFcL3dwLWNvbnRlbnRcL3VwbG9hZHNcLzIwMjNcLzAzXC8yMDA3X1N0dWRpby1Eb21vX0FMTFlfYnlfc3BlemllbGxfSDJEM1RfYmxhY2suanBnIiwic2xpZGVzaG93IjoiNzgxYTgzNzUifQ%3D%3D\">\n\t\t\t\t\t<div class=\"e-gallery-image elementor-gallery-item__image\" data-thumbnail=\"https:\/\/www.speziell.net\/beta\/wp-content\/uploads\/2023\/03\/2007_Studio-Domo_ALLY_by_speziell_H2D3T_black-768x1024.jpg\" data-width=\"768\" data-height=\"1024\" aria-label=\"Studio Domo: Mehrzwecktrolley Ally by Designstudio speziell\u00ae \u2013 Als offener Stauraum f\u00fcrs Badezimmer\" role=\"img\" ><\/div>\n\t\t\t\t\t\t\t\t\t\t\t<div class=\"elementor-gallery-item__overlay\"><\/div>\n\t\t\t\t\t\t\t\t\t\t\t\t\t\t<\/a>\n\t\t\t\t\t\t\t<a class=\"e-gallery-item elementor-gallery-item elementor-animated-content\" href=\"https:\/\/www.speziell.net\/beta\/wp-content\/uploads\/2023\/03\/2007_StudioDomo_ALLY_by_speziell_M4D_Front_white-2-1.jpg\" data-elementor-open-lightbox=\"yes\" data-elementor-lightbox-slideshow=\"781a8375\" data-elementor-lightbox-title=\"2007_StudioDomo_ALLY_by_speziell_M4D_Front_white 2\" data-elementor-lightbox-description=\"Studio Domo: Mehrzwecktrolley Ally by Designstudio speziell\u00ae \u2013 Als Schubladentrolley in mittlerer H\u00f6he ist Ally auch Rollcontainer unter dem Schreibtisch verwendbar\" data-e-action-hash=\"#elementor-action%3Aaction%3Dlightbox%26settings%3DeyJpZCI6MzA3NiwidXJsIjoiaHR0cHM6XC9cL3d3dy5zcGV6aWVsbC5uZXRcL2JldGFcL3dwLWNvbnRlbnRcL3VwbG9hZHNcLzIwMjNcLzAzXC8yMDA3X1N0dWRpb0RvbW9fQUxMWV9ieV9zcGV6aWVsbF9NNERfRnJvbnRfd2hpdGUtMi0xLmpwZyIsInNsaWRlc2hvdyI6Ijc4MWE4Mzc1In0%3D\">\n\t\t\t\t\t<div class=\"e-gallery-image elementor-gallery-item__image\" data-thumbnail=\"https:\/\/www.speziell.net\/beta\/wp-content\/uploads\/2023\/03\/2007_StudioDomo_ALLY_by_speziell_M4D_Front_white-2-1-683x1024.jpg\" data-width=\"683\" data-height=\"1024\" aria-label=\"Studio Domo: Mehrzwecktrolley Ally by Designstudio speziell\u00ae \u2013 Als Schubladentrolley in mittlerer H\u00f6he ist Ally auch Rollcontainer unter dem Schreibtisch verwendbar\" role=\"img\" ><\/div>\n\t\t\t\t\t\t\t\t\t\t\t<div class=\"elementor-gallery-item__overlay\"><\/div>\n\t\t\t\t\t\t\t\t\t\t\t\t\t\t<\/a>\n\t\t\t\t\t\t\t<a class=\"e-gallery-item elementor-gallery-item elementor-animated-content\" href=\"https:\/\/www.speziell.net\/beta\/wp-content\/uploads\/2023\/03\/2007_StudioDomo_ALLY_by_speziell_M4D_white.jpg\" data-elementor-open-lightbox=\"yes\" data-elementor-lightbox-slideshow=\"781a8375\" data-elementor-lightbox-title=\"2007_StudioDomo_ALLY_by_speziell_M4D_white\" data-elementor-lightbox-description=\"Studio Domo: Mehrzwecktrolley Ally by Designstudio speziell\u00ae \u2013 Die Schubladen werden \u00fcber den gleichen Drehpunkt wie die T\u00fcre durch eine Rotationsbewegung ge\u00f6ffnet\" data-e-action-hash=\"#elementor-action%3Aaction%3Dlightbox%26settings%3DeyJpZCI6MjA2NywidXJsIjoiaHR0cHM6XC9cL3d3dy5zcGV6aWVsbC5uZXRcL2JldGFcL3dwLWNvbnRlbnRcL3VwbG9hZHNcLzIwMjNcLzAzXC8yMDA3X1N0dWRpb0RvbW9fQUxMWV9ieV9zcGV6aWVsbF9NNERfd2hpdGUuanBnIiwic2xpZGVzaG93IjoiNzgxYTgzNzUifQ%3D%3D\">\n\t\t\t\t\t<div class=\"e-gallery-image elementor-gallery-item__image\" data-thumbnail=\"https:\/\/www.speziell.net\/beta\/wp-content\/uploads\/2023\/03\/2007_StudioDomo_ALLY_by_speziell_M4D_white-683x1024.jpg\" data-width=\"683\" data-height=\"1024\" aria-label=\"Studio Domo: Mehrzwecktrolley Ally by Designstudio speziell\u00ae \u2013 Die Schubladen werden \u00fcber den gleichen Drehpunkt wie die T\u00fcre durch eine Rotationsbewegung ge\u00f6ffnet\" role=\"img\" ><\/div>\n\t\t\t\t\t\t\t\t\t\t\t<div class=\"elementor-gallery-item__overlay\"><\/div>\n\t\t\t\t\t\t\t\t\t\t\t\t\t\t<\/a>\n\t\t\t\t\t\t\t<a class=\"e-gallery-item elementor-gallery-item elementor-animated-content\" href=\"https:\/\/www.speziell.net\/beta\/wp-content\/uploads\/2023\/03\/2007_StudioDomo_ALLY_by_speziell_S1Door_white_2.jpg\" data-elementor-open-lightbox=\"yes\" data-elementor-lightbox-slideshow=\"781a8375\" data-elementor-lightbox-title=\"2007_StudioDomo_ALLY_by_speziell_S1Door_white_2\" data-elementor-lightbox-description=\"Studio Domo: Mehrzwecktrolley Ally by Designstudio speziell\u00ae \u2013 Niedrige Bauh\u00f6he mit Klappe \" data-e-action-hash=\"#elementor-action%3Aaction%3Dlightbox%26settings%3DeyJpZCI6MjA3MSwidXJsIjoiaHR0cHM6XC9cL3d3dy5zcGV6aWVsbC5uZXRcL2JldGFcL3dwLWNvbnRlbnRcL3VwbG9hZHNcLzIwMjNcLzAzXC8yMDA3X1N0dWRpb0RvbW9fQUxMWV9ieV9zcGV6aWVsbF9TMURvb3Jfd2hpdGVfMi5qcGciLCJzbGlkZXNob3ciOiI3ODFhODM3NSJ9\">\n\t\t\t\t\t<div class=\"e-gallery-image elementor-gallery-item__image\" data-thumbnail=\"https:\/\/www.speziell.net\/beta\/wp-content\/uploads\/2023\/03\/2007_StudioDomo_ALLY_by_speziell_S1Door_white_2-683x1024.jpg\" data-width=\"683\" data-height=\"1024\" aria-label=\"Studio Domo: Mehrzwecktrolley Ally by Designstudio speziell\u00ae \u2013 Niedrige Bauh\u00f6he mit Klappe\" role=\"img\" ><\/div>\n\t\t\t\t\t\t\t\t\t\t\t<div class=\"elementor-gallery-item__overlay\"><\/div>\n\t\t\t\t\t\t\t\t\t\t\t\t\t\t<\/a>\n\t\t\t\t\t\t\t<a class=\"e-gallery-item elementor-gallery-item elementor-animated-content\" href=\"https:\/\/www.speziell.net\/beta\/wp-content\/uploads\/2023\/03\/2007_StudioDomo_ALLY_by_speziell_S1Door_Freisteller_orange-1.jpg\" data-elementor-open-lightbox=\"yes\" data-elementor-lightbox-slideshow=\"781a8375\" data-elementor-lightbox-title=\"2007_StudioDomo_ALLY_by_speziell_S1Door_Freisteller_orange\" data-elementor-lightbox-description=\"Studio Domo: Mehrzwecktrolley Ally by Designstudio speziell\u00ae \u2013 Die niedrige Bauh\u00f6he mit Klappe und integrierter Leuchte Tolomeo eignet sich auch zur Verwendung neben dem Bett oder Sofa\" data-e-action-hash=\"#elementor-action%3Aaction%3Dlightbox%26settings%3DeyJpZCI6MzA3MCwidXJsIjoiaHR0cHM6XC9cL3d3dy5zcGV6aWVsbC5uZXRcL2JldGFcL3dwLWNvbnRlbnRcL3VwbG9hZHNcLzIwMjNcLzAzXC8yMDA3X1N0dWRpb0RvbW9fQUxMWV9ieV9zcGV6aWVsbF9TMURvb3JfRnJlaXN0ZWxsZXJfb3JhbmdlLTEuanBnIiwic2xpZGVzaG93IjoiNzgxYTgzNzUifQ%3D%3D\">\n\t\t\t\t\t<div class=\"e-gallery-image elementor-gallery-item__image\" data-thumbnail=\"https:\/\/www.speziell.net\/beta\/wp-content\/uploads\/2023\/03\/2007_StudioDomo_ALLY_by_speziell_S1Door_Freisteller_orange-1-683x1024.jpg\" data-width=\"683\" data-height=\"1024\" aria-label=\"Studio Domo: Mehrzwecktrolley Ally by Designstudio speziell\u00ae \u2013 Die niedrige Bauh\u00f6he mit Klappe und integrierter Leuchte Tolomeo eignet sich auch zur Verwendung neben dem Bett oder Sofa\" role=\"img\" ><\/div>\n\t\t\t\t\t\t\t\t\t\t\t<div class=\"elementor-gallery-item__overlay\"><\/div>\n\t\t\t\t\t\t\t\t\t\t\t\t\t\t<\/a>\n\t\t\t\t\t\t\t<a class=\"e-gallery-item elementor-gallery-item elementor-animated-content\" href=\"https:\/\/www.speziell.net\/beta\/wp-content\/uploads\/2023\/03\/2007_Studio-Domo_ALLY_by_speziell_H2D3T_white.jpg\" data-elementor-open-lightbox=\"yes\" data-elementor-lightbox-slideshow=\"781a8375\" data-elementor-lightbox-title=\"2007_Studio Domo_ALLY_by_speziell_H2D3T_white\" data-elementor-lightbox-description=\"Studio Domo: Mehrzwecktrolley Ally by Designstudio speziell\u00ae \u2013 Im Wohnzimmer, Arbeits- oder Besprechungsraum kann er als Servierwagen und mobiler Stauraum genutzt werden\" data-e-action-hash=\"#elementor-action%3Aaction%3Dlightbox%26settings%3DeyJpZCI6MjA2MSwidXJsIjoiaHR0cHM6XC9cL3d3dy5zcGV6aWVsbC5uZXRcL2JldGFcL3dwLWNvbnRlbnRcL3VwbG9hZHNcLzIwMjNcLzAzXC8yMDA3X1N0dWRpby1Eb21vX0FMTFlfYnlfc3BlemllbGxfSDJEM1Rfd2hpdGUuanBnIiwic2xpZGVzaG93IjoiNzgxYTgzNzUifQ%3D%3D\">\n\t\t\t\t\t<div class=\"e-gallery-image elementor-gallery-item__image\" data-thumbnail=\"https:\/\/www.speziell.net\/beta\/wp-content\/uploads\/2023\/03\/2007_Studio-Domo_ALLY_by_speziell_H2D3T_white-683x1024.jpg\" data-width=\"683\" data-height=\"1024\" aria-label=\"Studio Domo: Mehrzwecktrolley Ally by Designstudio speziell\u00ae \u2013 Im Wohnzimmer, Arbeits- oder Besprechungsraum kann er als Servierwagen und mobiler Stauraum genutzt werden\" role=\"img\" ><\/div>\n\t\t\t\t\t\t\t\t\t\t\t<div class=\"elementor-gallery-item__overlay\"><\/div>\n\t\t\t\t\t\t\t\t\t\t\t\t\t\t<\/a>\n\t\t\t\t\t\t\t<a class=\"e-gallery-item elementor-gallery-item elementor-animated-content\" href=\"https:\/\/www.speziell.net\/beta\/wp-content\/uploads\/2023\/03\/2007_StudioDomo_ALLY_by_speziell_wine_white.jpg\" data-elementor-open-lightbox=\"yes\" data-elementor-lightbox-slideshow=\"781a8375\" data-elementor-lightbox-title=\"2007_StudioDomo_ALLY_by_speziell_wine_white\" data-elementor-lightbox-description=\"Studio Domo: Mehrzwecktrolley Ally by Designstudio speziell\u00ae \u2013 Durch Zusatzelemente entsteht aus dem System ein mobiler Bar-Trolley f\u00fcrs B\u00fcro, das Wohnzimmer oder die Terrasse\" data-e-action-hash=\"#elementor-action%3Aaction%3Dlightbox%26settings%3DeyJpZCI6MjA3MiwidXJsIjoiaHR0cHM6XC9cL3d3dy5zcGV6aWVsbC5uZXRcL2JldGFcL3dwLWNvbnRlbnRcL3VwbG9hZHNcLzIwMjNcLzAzXC8yMDA3X1N0dWRpb0RvbW9fQUxMWV9ieV9zcGV6aWVsbF93aW5lX3doaXRlLmpwZyIsInNsaWRlc2hvdyI6Ijc4MWE4Mzc1In0%3D\">\n\t\t\t\t\t<div class=\"e-gallery-image elementor-gallery-item__image\" data-thumbnail=\"https:\/\/www.speziell.net\/beta\/wp-content\/uploads\/2023\/03\/2007_StudioDomo_ALLY_by_speziell_wine_white-768x1024.jpg\" data-width=\"768\" data-height=\"1024\" aria-label=\"Studio Domo: Mehrzwecktrolley Ally by Designstudio speziell\u00ae \u2013 Durch Zusatzelemente entsteht aus dem System ein mobiler Bar-Trolley f\u00fcrs B\u00fcro, das Wohnzimmer oder die Terrasse\" role=\"img\" ><\/div>\n\t\t\t\t\t\t\t\t\t\t\t<div class=\"elementor-gallery-item__overlay\"><\/div>\n\t\t\t\t\t\t\t\t\t\t\t\t\t\t<\/a>\n\t\t\t\t\t\t\t<a class=\"e-gallery-item elementor-gallery-item elementor-animated-content\" href=\"https:\/\/www.speziell.net\/beta\/wp-content\/uploads\/2023\/03\/2007_StudioDomo_ALLY_by_speziell_Familie_white.jpg\" data-elementor-open-lightbox=\"yes\" data-elementor-lightbox-slideshow=\"781a8375\" data-elementor-lightbox-title=\"2007_StudioDomo_ALLY_by_speziell_Familie_white\" data-elementor-lightbox-description=\"Studio Domo: Mehrzwecktrolley Ally by Designstudio speziell\u00ae \u2013 Durch die modulare Bauweise lassen sich unterschiedlich hohe M\u00f6bel bilden, es entsteht eine umfassende Produktfamilie bis hin zu Schr\u00e4nken\" data-e-action-hash=\"#elementor-action%3Aaction%3Dlightbox%26settings%3DeyJpZCI6MjA2NCwidXJsIjoiaHR0cHM6XC9cL3d3dy5zcGV6aWVsbC5uZXRcL2JldGFcL3dwLWNvbnRlbnRcL3VwbG9hZHNcLzIwMjNcLzAzXC8yMDA3X1N0dWRpb0RvbW9fQUxMWV9ieV9zcGV6aWVsbF9GYW1pbGllX3doaXRlLmpwZyIsInNsaWRlc2hvdyI6Ijc4MWE4Mzc1In0%3D\">\n\t\t\t\t\t<div class=\"e-gallery-image elementor-gallery-item__image\" data-thumbnail=\"https:\/\/www.speziell.net\/beta\/wp-content\/uploads\/2023\/03\/2007_StudioDomo_ALLY_by_speziell_Familie_white-1024x683.jpg\" data-width=\"800\" data-height=\"534\" aria-label=\"Studio Domo: Mehrzwecktrolley Ally by Designstudio speziell\u00ae \u2013 Durch die modulare Bauweise lassen sich unterschiedlich hohe M\u00f6bel bilden, es entsteht eine umfassende Produktfamilie bis hin zu Schr\u00e4nken\" role=\"img\" ><\/div>\n\t\t\t\t\t\t\t\t\t\t\t<div class=\"elementor-gallery-item__overlay\"><\/div>\n\t\t\t\t\t\t\t\t\t\t\t\t\t\t<\/a>\n\t\t\t\t\t\t\t<a class=\"e-gallery-item elementor-gallery-item elementor-animated-content\" href=\"https:\/\/www.speziell.net\/beta\/wp-content\/uploads\/2023\/03\/2007_StudioDomo_ALLY_by_speziell_Gruppe_black.jpg\" data-elementor-open-lightbox=\"yes\" data-elementor-lightbox-slideshow=\"781a8375\" data-elementor-lightbox-title=\"2007_StudioDomo_ALLY_by_speziell_Gruppe_black\" data-elementor-lightbox-description=\"Studio Domo: Mehrzwecktrolley Ally by Designstudio speziell\u00ae \u2013 Durch schwarz eloxierte Aluminiumprofile ver\u00e4ndert sich der Charakter der M\u00f6bel\" data-e-action-hash=\"#elementor-action%3Aaction%3Dlightbox%26settings%3DeyJpZCI6MjA2NSwidXJsIjoiaHR0cHM6XC9cL3d3dy5zcGV6aWVsbC5uZXRcL2JldGFcL3dwLWNvbnRlbnRcL3VwbG9hZHNcLzIwMjNcLzAzXC8yMDA3X1N0dWRpb0RvbW9fQUxMWV9ieV9zcGV6aWVsbF9HcnVwcGVfYmxhY2suanBnIiwic2xpZGVzaG93IjoiNzgxYTgzNzUifQ%3D%3D\">\n\t\t\t\t\t<div class=\"e-gallery-image elementor-gallery-item__image\" data-thumbnail=\"https:\/\/www.speziell.net\/beta\/wp-content\/uploads\/2023\/03\/2007_StudioDomo_ALLY_by_speziell_Gruppe_black-1024x768.jpg\" data-width=\"800\" data-height=\"600\" aria-label=\"Studio Domo: Mehrzwecktrolley Ally by Designstudio speziell\u00ae \u2013 Durch schwarz eloxierte Aluminiumprofile ver\u00e4ndert sich der Charakter der M\u00f6bel\" role=\"img\" ><\/div>\n\t\t\t\t\t\t\t\t\t\t\t<div class=\"elementor-gallery-item__overlay\"><\/div>\n\t\t\t\t\t\t\t\t\t\t\t\t\t\t<\/a>\n\t\t\t\t\t<\/div>\n\t\t\t\t\t<\/div>\n\t\t\t\t<\/div>\n\t\t\t\t\t<\/div>\n\t\t<\/div>\n\t\t\t\t\t<\/div>\n\t\t<\/section>\n\t\t\t\t<\/div>\n\t\t","protected":false},"excerpt":{"rendered":"<p>STUDIO DOMO: ALLY Mutifunktionaler Trolley Aus wenigen Bauteilen kann der Hersteller eine Vielzahl unterschiedlicher Trolleys konfektionieren. Tablare, Drehladen und F\u00e4cher mit T\u00fcren lassen sich dabei kombinieren. Die Kunststoff-Module werden beim Aufbau des M\u00f6bels in die vier Eckprofile aus Aluminium eingeschoben. Die drei H\u00f6hen 50cm, 65 cm und 90cm eignen sich beispielsweise als Nachttisch bzw. Sofabeisteller, [&hellip;]<\/p>\n","protected":false},"author":1,"featured_media":2505,"parent":9,"menu_order":0,"comment_status":"closed","ping_status":"closed","template":"","meta":{"footnotes":""},"class_list":["post-2057","page","type-page","status-publish","has-post-thumbnail","hentry"],"_links":{"self":[{"href":"https:\/\/www.speziell.net\/beta\/wp-json\/wp\/v2\/pages\/2057","targetHints":{"allow":["GET"]}}],"collection":[{"href":"https:\/\/www.speziell.net\/beta\/wp-json\/wp\/v2\/pages"}],"about":[{"href":"https:\/\/www.speziell.net\/beta\/wp-json\/wp\/v2\/types\/page"}],"author":[{"embeddable":true,"href":"https:\/\/www.speziell.net\/beta\/wp-json\/wp\/v2\/users\/1"}],"replies":[{"embeddable":true,"href":"https:\/\/www.speziell.net\/beta\/wp-json\/wp\/v2\/comments?post=2057"}],"version-history":[{"count":49,"href":"https:\/\/www.speziell.net\/beta\/wp-json\/wp\/v2\/pages\/2057\/revisions"}],"predecessor-version":[{"id":4991,"href":"https:\/\/www.speziell.net\/beta\/wp-json\/wp\/v2\/pages\/2057\/revisions\/4991"}],"up":[{"embeddable":true,"href":"https:\/\/www.speziell.net\/beta\/wp-json\/wp\/v2\/pages\/9"}],"wp:featuredmedia":[{"embeddable":true,"href":"https:\/\/www.speziell.net\/beta\/wp-json\/wp\/v2\/media\/2505"}],"wp:attachment":[{"href":"https:\/\/www.speziell.net\/beta\/wp-json\/wp\/v2\/media?parent=2057"}],"curies":[{"name":"wp","href":"https:\/\/api.w.org\/{rel}","templated":true}]}}