{"id":2114,"date":"2011-03-10T16:48:00","date_gmt":"2011-03-10T15:48:00","guid":{"rendered":"https:\/\/www.speziell.net\/beta\/?page_id=2114"},"modified":"2023-11-06T11:06:45","modified_gmt":"2023-11-06T10:06:45","slug":"dustin","status":"publish","type":"page","link":"https:\/\/www.speziell.net\/beta\/home\/dustin\/","title":{"rendered":"DUSTIN"},"content":{"rendered":"\t\t<div data-elementor-type=\"wp-page\" data-elementor-id=\"2114\" class=\"elementor elementor-2114\" data-elementor-post-type=\"page\">\n\t\t\t\t\t\t<section class=\"elementor-section elementor-top-section elementor-element elementor-element-60de0afc elementor-section-boxed elementor-section-height-default elementor-section-height-default\" data-id=\"60de0afc\" data-element_type=\"section\" data-e-type=\"section\">\n\t\t\t\t\t\t<div class=\"elementor-container elementor-column-gap-default\">\n\t\t\t\t\t<div class=\"elementor-column elementor-col-100 elementor-top-column elementor-element elementor-element-3552f512\" data-id=\"3552f512\" data-element_type=\"column\" data-e-type=\"column\">\n\t\t\t<div class=\"elementor-widget-wrap elementor-element-populated\">\n\t\t\t\t\t\t<div class=\"elementor-element elementor-element-3e9a1f elementor-hidden-mobile elementor-hidden-tablet elementor-widget elementor-widget-image\" data-id=\"3e9a1f\" data-element_type=\"widget\" data-e-type=\"widget\" data-widget_type=\"image.default\">\n\t\t\t\t<div class=\"elementor-widget-container\">\n\t\t\t\t\t\t\t\t\t\t\t\t\t\t\t\t<a href=\"https:\/\/www.speziell.net\/beta\/home\/\">\n\t\t\t\t\t\t\t<img decoding=\"async\" width=\"100\" height=\"100\" src=\"https:\/\/www.speziell.net\/beta\/wp-content\/uploads\/2023\/02\/speziell_logo_grau-1.svg\" class=\"attachment-large size-large wp-image-731\" alt=\"Designstudio speziell\u00ae \u2013 Fleckenstein Pohlmann Schwer GbR\" \/>\t\t\t\t\t\t\t\t<\/a>\n\t\t\t\t\t\t\t\t\t\t\t\t\t\t\t<\/div>\n\t\t\t\t<\/div>\n\t\t\t\t<div class=\"elementor-element elementor-element-4292ee44 elementor-hidden-desktop elementor-widget elementor-widget-image\" data-id=\"4292ee44\" data-element_type=\"widget\" data-e-type=\"widget\" data-widget_type=\"image.default\">\n\t\t\t\t<div class=\"elementor-widget-container\">\n\t\t\t\t\t\t\t\t\t\t\t\t\t\t\t\t<a href=\"https:\/\/www.speziell.net\/beta\/home\/\">\n\t\t\t\t\t\t\t<img decoding=\"async\" width=\"100\" height=\"100\" src=\"https:\/\/www.speziell.net\/beta\/wp-content\/uploads\/2023\/03\/speziell_logo_oSubline.svg\" class=\"attachment-large size-large wp-image-2739\" alt=\"\" \/>\t\t\t\t\t\t\t\t<\/a>\n\t\t\t\t\t\t\t\t\t\t\t\t\t\t\t<\/div>\n\t\t\t\t<\/div>\n\t\t\t\t\t<\/div>\n\t\t<\/div>\n\t\t\t\t\t<\/div>\n\t\t<\/section>\n\t\t\t\t<section class=\"elementor-section elementor-top-section elementor-element elementor-element-5f07152d elementor-section-boxed elementor-section-height-default elementor-section-height-default\" data-id=\"5f07152d\" data-element_type=\"section\" data-e-type=\"section\">\n\t\t\t\t\t\t<div class=\"elementor-container elementor-column-gap-default\">\n\t\t\t\t\t<div class=\"elementor-column elementor-col-50 elementor-top-column elementor-element elementor-element-34d1b0cd\" data-id=\"34d1b0cd\" data-element_type=\"column\" data-e-type=\"column\">\n\t\t\t<div class=\"elementor-widget-wrap elementor-element-populated\">\n\t\t\t\t\t\t<div class=\"elementor-element elementor-element-3dbc1f7f elementor-widget elementor-widget-heading\" data-id=\"3dbc1f7f\" data-element_type=\"widget\" data-e-type=\"widget\" data-widget_type=\"heading.default\">\n\t\t\t\t<div class=\"elementor-widget-container\">\n\t\t\t\t\t<h2 class=\"elementor-heading-title elementor-size-default\">STUDIO DOMO: DUSTIN<\/h2>\t\t\t\t<\/div>\n\t\t\t\t<\/div>\n\t\t\t\t<div class=\"elementor-element elementor-element-3e95a29f elementor-widget elementor-widget-text-editor\" data-id=\"3e95a29f\" data-element_type=\"widget\" data-e-type=\"widget\" data-widget_type=\"text-editor.default\">\n\t\t\t\t<div class=\"elementor-widget-container\">\n\t\t\t\t\t\t\t\t\t<p>M\u00fcllsammler<\/p>\t\t\t\t\t\t\t\t<\/div>\n\t\t\t\t<\/div>\n\t\t\t\t<div class=\"elementor-element elementor-element-334bf2ab elementor-widget elementor-widget-text-editor\" data-id=\"334bf2ab\" data-element_type=\"widget\" data-e-type=\"widget\" data-widget_type=\"text-editor.default\">\n\t\t\t\t<div class=\"elementor-widget-container\">\n\t\t\t\t\t\t\t\t\t<p>Der kubische Grundk\u00f6rper mit gew\u00f6lbter Vorderseite gibt dem M\u00fclleimer eine skulpturale Form. Zus\u00e4tzlich schafft dieser pr\u00e4gnante Ausschnitt Platz f\u00fcr das Fu\u00dfpedal. Dadurch steht es nicht \u00fcber und l\u00e4sst sich dennoch leicht bedienen.<\/p><p>Der Deckel l\u00e4sst sich auf zwei Arten \u00f6ffnen: wie gewohnt, \u00fcber das Pedal &#8211; oder manuell, bis dieser auf dem r\u00fcckseitigen Griff aufliegt. Beim Wechseln des M\u00fcllbeutels ist diese Funktion praktisch, da man beide H\u00e4nde frei hat, um den Beutel zu befestigen oder herauszuheben.<\/p><p>Der M\u00fclleimer ist durch seine schmale Bauart gut f\u00fcr platzsparende Reihungen geeignet (Recycling). Ein Verkettungselement hilft dabei, mehrere M\u00fclleimer mit gleichm\u00e4\u00dfigem Abstand und gerade ausgerichtet zu verbinden.<\/p><p>Awards:<br \/>-iF design award china 2010<br \/>-interior innovation award 2012<\/p><p>Hersteller:<br \/><a href=\"http:\/\/studiodomo.net\/en\" target=\"_blank\" rel=\"noopener\">http:\/\/studiodomo.net\/en<\/a><\/p><p>\u00a0<\/p>\t\t\t\t\t\t\t\t<\/div>\n\t\t\t\t<\/div>\n\t\t\t\t\t<\/div>\n\t\t<\/div>\n\t\t\t\t<div class=\"elementor-column elementor-col-50 elementor-top-column elementor-element elementor-element-6f41458\" data-id=\"6f41458\" data-element_type=\"column\" data-e-type=\"column\">\n\t\t\t<div class=\"elementor-widget-wrap elementor-element-populated\">\n\t\t\t\t\t\t<div class=\"elementor-element elementor-element-1fd9e783 elementor-widget elementor-widget-gallery\" data-id=\"1fd9e783\" data-element_type=\"widget\" data-e-type=\"widget\" data-settings=\"{&quot;gallery_layout&quot;:&quot;masonry&quot;,&quot;columns&quot;:2,&quot;lazyload&quot;:&quot;yes&quot;,&quot;columns_tablet&quot;:2,&quot;columns_mobile&quot;:1,&quot;gap&quot;:{&quot;unit&quot;:&quot;px&quot;,&quot;size&quot;:10,&quot;sizes&quot;:[]},&quot;gap_tablet&quot;:{&quot;unit&quot;:&quot;px&quot;,&quot;size&quot;:10,&quot;sizes&quot;:[]},&quot;gap_mobile&quot;:{&quot;unit&quot;:&quot;px&quot;,&quot;size&quot;:10,&quot;sizes&quot;:[]},&quot;link_to&quot;:&quot;file&quot;,&quot;overlay_background&quot;:&quot;yes&quot;,&quot;content_hover_animation&quot;:&quot;fade-in&quot;}\" data-widget_type=\"gallery.default\">\n\t\t\t\t<div class=\"elementor-widget-container\">\n\t\t\t\t\t\t\t<div class=\"elementor-gallery__container\">\n\t\t\t\t\t\t\t<a class=\"e-gallery-item elementor-gallery-item elementor-animated-content\" href=\"https:\/\/www.speziell.net\/beta\/wp-content\/uploads\/2023\/03\/2011_Studio-Domo_DUSTIN_by_speziell_Blueten.jpg\" data-elementor-open-lightbox=\"yes\" data-elementor-lightbox-slideshow=\"1fd9e783\" data-elementor-lightbox-title=\"2011_Studio Domo_DUSTIN_by_speziell_Bl\u00fcten\" data-elementor-lightbox-description=\"Studio Domo: M\u00fcllsammler Dustin by Designstudio speziell\u00ae \u2013 Mehrere M\u00fcllsammler k\u00f6nnen aneinander gereiht werden\" data-e-action-hash=\"#elementor-action%3Aaction%3Dlightbox%26settings%3DeyJpZCI6MjEyNCwidXJsIjoiaHR0cHM6XC9cL3d3dy5zcGV6aWVsbC5uZXRcL2JldGFcL3dwLWNvbnRlbnRcL3VwbG9hZHNcLzIwMjNcLzAzXC8yMDExX1N0dWRpby1Eb21vX0RVU1RJTl9ieV9zcGV6aWVsbF9CbHVldGVuLmpwZyIsInNsaWRlc2hvdyI6IjFmZDllNzgzIn0%3D\">\n\t\t\t\t\t<div class=\"e-gallery-image elementor-gallery-item__image\" data-thumbnail=\"https:\/\/www.speziell.net\/beta\/wp-content\/uploads\/2023\/03\/2011_Studio-Domo_DUSTIN_by_speziell_Blueten-683x1024.jpg\" data-width=\"683\" data-height=\"1024\" aria-label=\"Studio Domo: M\u00fcllsammler Dustin by Designstudio speziell\u00ae \u2013 Mehrere M\u00fcllsammler k\u00f6nnen aneinander gereiht werden\" role=\"img\" ><\/div>\n\t\t\t\t\t\t\t\t\t\t\t<div class=\"elementor-gallery-item__overlay\"><\/div>\n\t\t\t\t\t\t\t\t\t\t\t\t\t\t<\/a>\n\t\t\t\t\t\t\t<a class=\"e-gallery-item elementor-gallery-item elementor-animated-content\" href=\"https:\/\/www.speziell.net\/beta\/wp-content\/uploads\/2023\/03\/2011_Studio-Domo_DUSTIN_by_speziell_1.jpg\" data-elementor-open-lightbox=\"yes\" data-elementor-lightbox-slideshow=\"1fd9e783\" data-elementor-lightbox-title=\"2011_Studio Domo_DUSTIN_by_speziell_1\" data-elementor-lightbox-description=\"Studio Domo: M\u00fcllsammler Dustin by Designstudio speziell\u00ae \u2013 Das Fu\u00dfpedal sitzt in einer zur\u00fcck versetzten Ausschnitt und ragt nicht \u00fcber die Kontur hinaus\" data-e-action-hash=\"#elementor-action%3Aaction%3Dlightbox%26settings%3DeyJpZCI6MjExNiwidXJsIjoiaHR0cHM6XC9cL3d3dy5zcGV6aWVsbC5uZXRcL2JldGFcL3dwLWNvbnRlbnRcL3VwbG9hZHNcLzIwMjNcLzAzXC8yMDExX1N0dWRpby1Eb21vX0RVU1RJTl9ieV9zcGV6aWVsbF8xLmpwZyIsInNsaWRlc2hvdyI6IjFmZDllNzgzIn0%3D\">\n\t\t\t\t\t<div class=\"e-gallery-image elementor-gallery-item__image\" data-thumbnail=\"https:\/\/www.speziell.net\/beta\/wp-content\/uploads\/2023\/03\/2011_Studio-Domo_DUSTIN_by_speziell_1-1024x683.jpg\" data-width=\"800\" data-height=\"534\" aria-label=\"Studio Domo: M\u00fcllsammler Dustin by Designstudio speziell\u00ae \u2013 Das Fu\u00dfpedal sitzt in einer zur\u00fcck versetzten Ausschnitt und ragt nicht \u00fcber die Kontur hinaus\" role=\"img\" ><\/div>\n\t\t\t\t\t\t\t\t\t\t\t<div class=\"elementor-gallery-item__overlay\"><\/div>\n\t\t\t\t\t\t\t\t\t\t\t\t\t\t<\/a>\n\t\t\t\t\t\t\t<a class=\"e-gallery-item elementor-gallery-item elementor-animated-content\" href=\"https:\/\/www.speziell.net\/beta\/wp-content\/uploads\/2023\/03\/2011_Studio-Domo_DUSTIN_by_speziell_2.jpg\" data-elementor-open-lightbox=\"yes\" data-elementor-lightbox-slideshow=\"1fd9e783\" data-elementor-lightbox-title=\"2011_Studio Domo_DUSTIN_by_speziell_2\" data-elementor-lightbox-description=\"Studio Domo: M\u00fcllsammler Dustin by Designstudio speziell\u00ae \u2013 Ein Soft-Close-Puffer sorgt f\u00fcr sanftes Schlie\u00dfen des Deckels\" data-e-action-hash=\"#elementor-action%3Aaction%3Dlightbox%26settings%3DeyJpZCI6MjExOCwidXJsIjoiaHR0cHM6XC9cL3d3dy5zcGV6aWVsbC5uZXRcL2JldGFcL3dwLWNvbnRlbnRcL3VwbG9hZHNcLzIwMjNcLzAzXC8yMDExX1N0dWRpby1Eb21vX0RVU1RJTl9ieV9zcGV6aWVsbF8yLmpwZyIsInNsaWRlc2hvdyI6IjFmZDllNzgzIn0%3D\">\n\t\t\t\t\t<div class=\"e-gallery-image elementor-gallery-item__image\" data-thumbnail=\"https:\/\/www.speziell.net\/beta\/wp-content\/uploads\/2023\/03\/2011_Studio-Domo_DUSTIN_by_speziell_2-1024x788.jpg\" data-width=\"800\" data-height=\"616\" aria-label=\"Studio Domo: M\u00fcllsammler Dustin by Designstudio speziell\u00ae \u2013 Ein Soft-Close-Puffer sorgt f\u00fcr sanftes Schlie\u00dfen des Deckels\" role=\"img\" ><\/div>\n\t\t\t\t\t\t\t\t\t\t\t<div class=\"elementor-gallery-item__overlay\"><\/div>\n\t\t\t\t\t\t\t\t\t\t\t\t\t\t<\/a>\n\t\t\t\t\t\t\t<a class=\"e-gallery-item elementor-gallery-item elementor-animated-content\" href=\"https:\/\/www.speziell.net\/beta\/wp-content\/uploads\/2023\/03\/2011_Studio-Domo_DUSTIN_by_speziell_3.jpg\" data-elementor-open-lightbox=\"yes\" data-elementor-lightbox-slideshow=\"1fd9e783\" data-elementor-lightbox-title=\"2011_Studio Domo_DUSTIN_by_speziell_3\" data-elementor-lightbox-description=\"Studio Domo: M\u00fcllsammler Dustin by Designstudio speziell\u00ae \u2013 Ein Tragegriff auf der R\u00fcckseite fungiert gleichzeitig als Abstandshalter zur Wand\" data-e-action-hash=\"#elementor-action%3Aaction%3Dlightbox%26settings%3DeyJpZCI6MjEyMSwidXJsIjoiaHR0cHM6XC9cL3d3dy5zcGV6aWVsbC5uZXRcL2JldGFcL3dwLWNvbnRlbnRcL3VwbG9hZHNcLzIwMjNcLzAzXC8yMDExX1N0dWRpby1Eb21vX0RVU1RJTl9ieV9zcGV6aWVsbF8zLmpwZyIsInNsaWRlc2hvdyI6IjFmZDllNzgzIn0%3D\">\n\t\t\t\t\t<div class=\"e-gallery-image elementor-gallery-item__image\" data-thumbnail=\"https:\/\/www.speziell.net\/beta\/wp-content\/uploads\/2023\/03\/2011_Studio-Domo_DUSTIN_by_speziell_3-1024x683.jpg\" data-width=\"800\" data-height=\"534\" aria-label=\"Studio Domo: M\u00fcllsammler Dustin by Designstudio speziell\u00ae \u2013 Ein Tragegriff auf der R\u00fcckseite fungiert gleichzeitig als Abstandshalter zur Wand\" role=\"img\" ><\/div>\n\t\t\t\t\t\t\t\t\t\t\t<div class=\"elementor-gallery-item__overlay\"><\/div>\n\t\t\t\t\t\t\t\t\t\t\t\t\t\t<\/a>\n\t\t\t\t\t\t\t<a class=\"e-gallery-item elementor-gallery-item elementor-animated-content\" href=\"https:\/\/www.speziell.net\/beta\/wp-content\/uploads\/2023\/03\/2011_Studio-Domo_DUSTIN_by_speziell_5.jpg\" data-elementor-open-lightbox=\"yes\" data-elementor-lightbox-slideshow=\"1fd9e783\" data-elementor-lightbox-title=\"2011_Studio Domo_DUSTIN_by_speziell_5\" data-elementor-lightbox-description=\"Studio Domo: M\u00fcllsammler Dustin by Designstudio speziell\u00ae \u2013 M\u00fcllbeutel oder T\u00fcten mit Henkeln k\u00f6nnen \u00fcber einen Rahmen fixiert werden\" data-e-action-hash=\"#elementor-action%3Aaction%3Dlightbox%26settings%3DeyJpZCI6MjEyMywidXJsIjoiaHR0cHM6XC9cL3d3dy5zcGV6aWVsbC5uZXRcL2JldGFcL3dwLWNvbnRlbnRcL3VwbG9hZHNcLzIwMjNcLzAzXC8yMDExX1N0dWRpby1Eb21vX0RVU1RJTl9ieV9zcGV6aWVsbF81LmpwZyIsInNsaWRlc2hvdyI6IjFmZDllNzgzIn0%3D\">\n\t\t\t\t\t<div class=\"e-gallery-image elementor-gallery-item__image\" data-thumbnail=\"https:\/\/www.speziell.net\/beta\/wp-content\/uploads\/2023\/03\/2011_Studio-Domo_DUSTIN_by_speziell_5-1024x683.jpg\" data-width=\"800\" data-height=\"534\" aria-label=\"Studio Domo: M\u00fcllsammler Dustin by Designstudio speziell\u00ae \u2013 M\u00fcllbeutel oder T\u00fcten mit Henkeln k\u00f6nnen \u00fcber einen Rahmen fixiert werden\" role=\"img\" ><\/div>\n\t\t\t\t\t\t\t\t\t\t\t<div class=\"elementor-gallery-item__overlay\"><\/div>\n\t\t\t\t\t\t\t\t\t\t\t\t\t\t<\/a>\n\t\t\t\t\t\t\t<a class=\"e-gallery-item elementor-gallery-item elementor-animated-content\" href=\"https:\/\/www.speziell.net\/beta\/wp-content\/uploads\/2023\/03\/2011_Studio-Domo_DUSTIN_by_speziell_4.jpg\" data-elementor-open-lightbox=\"yes\" data-elementor-lightbox-slideshow=\"1fd9e783\" data-elementor-lightbox-title=\"2011_Studio Domo_DUSTIN_by_speziell_4\" data-elementor-lightbox-description=\"Studio Domo: M\u00fcllsammler Dustin by Designstudio speziell\u00ae \u2013 Ein Tragegriff auf der R\u00fcckseite fungiert gleichzeitig als Abstandshalter zur Wand\" data-e-action-hash=\"#elementor-action%3Aaction%3Dlightbox%26settings%3DeyJpZCI6MjEyMiwidXJsIjoiaHR0cHM6XC9cL3d3dy5zcGV6aWVsbC5uZXRcL2JldGFcL3dwLWNvbnRlbnRcL3VwbG9hZHNcLzIwMjNcLzAzXC8yMDExX1N0dWRpby1Eb21vX0RVU1RJTl9ieV9zcGV6aWVsbF80LmpwZyIsInNsaWRlc2hvdyI6IjFmZDllNzgzIn0%3D\">\n\t\t\t\t\t<div class=\"e-gallery-image elementor-gallery-item__image\" data-thumbnail=\"https:\/\/www.speziell.net\/beta\/wp-content\/uploads\/2023\/03\/2011_Studio-Domo_DUSTIN_by_speziell_4-1024x683.jpg\" data-width=\"800\" data-height=\"534\" aria-label=\"Studio Domo: M\u00fcllsammler Dustin by Designstudio speziell\u00ae \u2013 Ein Tragegriff auf der R\u00fcckseite fungiert gleichzeitig als Abstandshalter zur Wand\" role=\"img\" ><\/div>\n\t\t\t\t\t\t\t\t\t\t\t<div class=\"elementor-gallery-item__overlay\"><\/div>\n\t\t\t\t\t\t\t\t\t\t\t\t\t\t<\/a>\n\t\t\t\t\t\t\t<a class=\"e-gallery-item elementor-gallery-item elementor-animated-content\" href=\"https:\/\/www.speziell.net\/beta\/wp-content\/uploads\/2023\/03\/2011_Studio-Domo_DUSTIN_by_speziell_1er_Freisteller.jpg\" data-elementor-open-lightbox=\"yes\" data-elementor-lightbox-slideshow=\"1fd9e783\" data-elementor-lightbox-title=\"2011_Studio Domo_DUSTIN_by_speziell_1er_Freisteller\" data-elementor-lightbox-description=\"Studio Domo: M\u00fcllsammler Dustin by Designstudio speziell\u00ae \u2013 Das Fu\u00dfpedal sitzt in einer zur\u00fcck versetzten Ausschnitt und ragt nicht \u00fcber die Kontur hinaus\" data-e-action-hash=\"#elementor-action%3Aaction%3Dlightbox%26settings%3DeyJpZCI6MjExNywidXJsIjoiaHR0cHM6XC9cL3d3dy5zcGV6aWVsbC5uZXRcL2JldGFcL3dwLWNvbnRlbnRcL3VwbG9hZHNcLzIwMjNcLzAzXC8yMDExX1N0dWRpby1Eb21vX0RVU1RJTl9ieV9zcGV6aWVsbF8xZXJfRnJlaXN0ZWxsZXIuanBnIiwic2xpZGVzaG93IjoiMWZkOWU3ODMifQ%3D%3D\">\n\t\t\t\t\t<div class=\"e-gallery-image elementor-gallery-item__image\" data-thumbnail=\"https:\/\/www.speziell.net\/beta\/wp-content\/uploads\/2023\/03\/2011_Studio-Domo_DUSTIN_by_speziell_1er_Freisteller-683x1024.jpg\" data-width=\"683\" data-height=\"1024\" aria-label=\"Studio Domo: M\u00fcllsammler Dustin by Designstudio speziell\u00ae \u2013 Das Fu\u00dfpedal sitzt in einer zur\u00fcck versetzten Ausschnitt und ragt nicht \u00fcber die Kontur hinaus\" role=\"img\" ><\/div>\n\t\t\t\t\t\t\t\t\t\t\t<div class=\"elementor-gallery-item__overlay\"><\/div>\n\t\t\t\t\t\t\t\t\t\t\t\t\t\t<\/a>\n\t\t\t\t\t\t\t<a class=\"e-gallery-item elementor-gallery-item elementor-animated-content\" href=\"https:\/\/www.speziell.net\/beta\/wp-content\/uploads\/2023\/03\/2011_Studio-Domo_DUSTIN_by_speziell_2er_Freisteller.jpg\" data-elementor-open-lightbox=\"yes\" data-elementor-lightbox-slideshow=\"1fd9e783\" data-elementor-lightbox-title=\"2011_Studio Domo_DUSTIN_by_speziell_2er_Freisteller\" data-elementor-lightbox-description=\"Studio Domo: M\u00fcllsammler Dustin by Designstudio speziell\u00ae \u2013 Mehrere M\u00fcllsammler k\u00f6nnen aneinander gereiht werden, \u00fcber die Silikonstreifen auf der Trittfl\u00e4che kann die M\u00fcllsorte angezeigt werden\" data-e-action-hash=\"#elementor-action%3Aaction%3Dlightbox%26settings%3DeyJpZCI6MjEyMCwidXJsIjoiaHR0cHM6XC9cL3d3dy5zcGV6aWVsbC5uZXRcL2JldGFcL3dwLWNvbnRlbnRcL3VwbG9hZHNcLzIwMjNcLzAzXC8yMDExX1N0dWRpby1Eb21vX0RVU1RJTl9ieV9zcGV6aWVsbF8yZXJfRnJlaXN0ZWxsZXIuanBnIiwic2xpZGVzaG93IjoiMWZkOWU3ODMifQ%3D%3D\">\n\t\t\t\t\t<div class=\"e-gallery-image elementor-gallery-item__image\" data-thumbnail=\"https:\/\/www.speziell.net\/beta\/wp-content\/uploads\/2023\/03\/2011_Studio-Domo_DUSTIN_by_speziell_2er_Freisteller-1024x683.jpg\" data-width=\"800\" data-height=\"534\" aria-label=\"Studio Domo: M\u00fcllsammler Dustin by Designstudio speziell\u00ae \u2013 Mehrere M\u00fcllsammler k\u00f6nnen aneinander gereiht werden, \u00fcber die Silikonstreifen auf der Trittfl\u00e4che kann die M\u00fcllsorte angezeigt werden\" role=\"img\" ><\/div>\n\t\t\t\t\t\t\t\t\t\t\t<div class=\"elementor-gallery-item__overlay\"><\/div>\n\t\t\t\t\t\t\t\t\t\t\t\t\t\t<\/a>\n\t\t\t\t\t\t\t<a class=\"e-gallery-item elementor-gallery-item elementor-animated-content\" href=\"https:\/\/www.speziell.net\/beta\/wp-content\/uploads\/2023\/03\/2011_Studio-Domo_DUSTIN_by_speziell_2er-hinten_Freisteller.jpg\" data-elementor-open-lightbox=\"yes\" data-elementor-lightbox-slideshow=\"1fd9e783\" data-elementor-lightbox-title=\"2011_Studio Domo_DUSTIN_by_speziell_2er hinten_Freisteller\" data-elementor-lightbox-description=\"Studio Domo: M\u00fcllsammler Dustin by Designstudio speziell\u00ae \u2013 Ein Tragegriff auf der R\u00fcckseite fungiert gleichzeitig als Abstandshalter zur Wand\" data-e-action-hash=\"#elementor-action%3Aaction%3Dlightbox%26settings%3DeyJpZCI6MjExOSwidXJsIjoiaHR0cHM6XC9cL3d3dy5zcGV6aWVsbC5uZXRcL2JldGFcL3dwLWNvbnRlbnRcL3VwbG9hZHNcLzIwMjNcLzAzXC8yMDExX1N0dWRpby1Eb21vX0RVU1RJTl9ieV9zcGV6aWVsbF8yZXItaGludGVuX0ZyZWlzdGVsbGVyLmpwZyIsInNsaWRlc2hvdyI6IjFmZDllNzgzIn0%3D\">\n\t\t\t\t\t<div class=\"e-gallery-image elementor-gallery-item__image\" data-thumbnail=\"https:\/\/www.speziell.net\/beta\/wp-content\/uploads\/2023\/03\/2011_Studio-Domo_DUSTIN_by_speziell_2er-hinten_Freisteller-1024x683.jpg\" data-width=\"800\" data-height=\"534\" aria-label=\"Studio Domo: M\u00fcllsammler Dustin by Designstudio speziell\u00ae \u2013 Ein Tragegriff auf der R\u00fcckseite fungiert gleichzeitig als Abstandshalter zur Wand\" role=\"img\" ><\/div>\n\t\t\t\t\t\t\t\t\t\t\t<div class=\"elementor-gallery-item__overlay\"><\/div>\n\t\t\t\t\t\t\t\t\t\t\t\t\t\t<\/a>\n\t\t\t\t\t<\/div>\n\t\t\t\t\t<\/div>\n\t\t\t\t<\/div>\n\t\t\t\t\t<\/div>\n\t\t<\/div>\n\t\t\t\t\t<\/div>\n\t\t<\/section>\n\t\t\t\t<\/div>\n\t\t","protected":false},"excerpt":{"rendered":"<p>STUDIO DOMO: DUSTIN M\u00fcllsammler Der kubische Grundk\u00f6rper mit gew\u00f6lbter Vorderseite gibt dem M\u00fclleimer eine skulpturale Form. Zus\u00e4tzlich schafft dieser pr\u00e4gnante Ausschnitt Platz f\u00fcr das Fu\u00dfpedal. Dadurch steht es nicht \u00fcber und l\u00e4sst sich dennoch leicht bedienen. Der Deckel l\u00e4sst sich auf zwei Arten \u00f6ffnen: wie gewohnt, \u00fcber das Pedal &#8211; oder manuell, bis dieser auf [&hellip;]<\/p>\n","protected":false},"author":1,"featured_media":2121,"parent":9,"menu_order":0,"comment_status":"closed","ping_status":"closed","template":"","meta":{"footnotes":""},"class_list":["post-2114","page","type-page","status-publish","has-post-thumbnail","hentry"],"_links":{"self":[{"href":"https:\/\/www.speziell.net\/beta\/wp-json\/wp\/v2\/pages\/2114","targetHints":{"allow":["GET"]}}],"collection":[{"href":"https:\/\/www.speziell.net\/beta\/wp-json\/wp\/v2\/pages"}],"about":[{"href":"https:\/\/www.speziell.net\/beta\/wp-json\/wp\/v2\/types\/page"}],"author":[{"embeddable":true,"href":"https:\/\/www.speziell.net\/beta\/wp-json\/wp\/v2\/users\/1"}],"replies":[{"embeddable":true,"href":"https:\/\/www.speziell.net\/beta\/wp-json\/wp\/v2\/comments?post=2114"}],"version-history":[{"count":32,"href":"https:\/\/www.speziell.net\/beta\/wp-json\/wp\/v2\/pages\/2114\/revisions"}],"predecessor-version":[{"id":5000,"href":"https:\/\/www.speziell.net\/beta\/wp-json\/wp\/v2\/pages\/2114\/revisions\/5000"}],"up":[{"embeddable":true,"href":"https:\/\/www.speziell.net\/beta\/wp-json\/wp\/v2\/pages\/9"}],"wp:featuredmedia":[{"embeddable":true,"href":"https:\/\/www.speziell.net\/beta\/wp-json\/wp\/v2\/media\/2121"}],"wp:attachment":[{"href":"https:\/\/www.speziell.net\/beta\/wp-json\/wp\/v2\/media?parent=2114"}],"curies":[{"name":"wp","href":"https:\/\/api.w.org\/{rel}","templated":true}]}}