{"id":2163,"date":"2010-03-10T17:45:00","date_gmt":"2010-03-10T16:45:00","guid":{"rendered":"https:\/\/www.speziell.net\/beta\/?page_id=2163"},"modified":"2023-11-06T12:05:42","modified_gmt":"2023-11-06T11:05:42","slug":"temptation-twin","status":"publish","type":"page","link":"https:\/\/www.speziell.net\/beta\/home\/temptation-twin\/","title":{"rendered":"TEMPTATION TWIN"},"content":{"rendered":"\t\t<div data-elementor-type=\"wp-page\" data-elementor-id=\"2163\" class=\"elementor elementor-2163\" data-elementor-post-type=\"page\">\n\t\t\t\t\t\t<section class=\"elementor-section elementor-top-section elementor-element elementor-element-35756273 elementor-section-boxed elementor-section-height-default elementor-section-height-default\" data-id=\"35756273\" data-element_type=\"section\" data-e-type=\"section\">\n\t\t\t\t\t\t<div class=\"elementor-container elementor-column-gap-default\">\n\t\t\t\t\t<div class=\"elementor-column elementor-col-100 elementor-top-column elementor-element elementor-element-1fa11332\" data-id=\"1fa11332\" data-element_type=\"column\" data-e-type=\"column\">\n\t\t\t<div class=\"elementor-widget-wrap elementor-element-populated\">\n\t\t\t\t\t\t<div class=\"elementor-element elementor-element-29dc9380 elementor-hidden-mobile elementor-hidden-tablet elementor-widget elementor-widget-image\" data-id=\"29dc9380\" data-element_type=\"widget\" data-e-type=\"widget\" data-widget_type=\"image.default\">\n\t\t\t\t<div class=\"elementor-widget-container\">\n\t\t\t\t\t\t\t\t\t\t\t\t\t\t\t\t<a href=\"https:\/\/www.speziell.net\/beta\/home\/\">\n\t\t\t\t\t\t\t<img decoding=\"async\" width=\"100\" height=\"100\" src=\"https:\/\/www.speziell.net\/beta\/wp-content\/uploads\/2023\/02\/speziell_logo_grau-1.svg\" class=\"attachment-large size-large wp-image-731\" alt=\"Designstudio speziell\u00ae \u2013 Fleckenstein Pohlmann Schwer GbR\" \/>\t\t\t\t\t\t\t\t<\/a>\n\t\t\t\t\t\t\t\t\t\t\t\t\t\t\t<\/div>\n\t\t\t\t<\/div>\n\t\t\t\t<div class=\"elementor-element elementor-element-22c50047 elementor-hidden-desktop elementor-widget elementor-widget-image\" data-id=\"22c50047\" data-element_type=\"widget\" data-e-type=\"widget\" data-widget_type=\"image.default\">\n\t\t\t\t<div class=\"elementor-widget-container\">\n\t\t\t\t\t\t\t\t\t\t\t\t\t\t\t\t<a href=\"https:\/\/www.speziell.net\/beta\/home\/\">\n\t\t\t\t\t\t\t<img decoding=\"async\" width=\"100\" height=\"100\" src=\"https:\/\/www.speziell.net\/beta\/wp-content\/uploads\/2023\/03\/speziell_logo_oSubline.svg\" class=\"attachment-large size-large wp-image-2739\" alt=\"\" \/>\t\t\t\t\t\t\t\t<\/a>\n\t\t\t\t\t\t\t\t\t\t\t\t\t\t\t<\/div>\n\t\t\t\t<\/div>\n\t\t\t\t\t<\/div>\n\t\t<\/div>\n\t\t\t\t\t<\/div>\n\t\t<\/section>\n\t\t\t\t<section class=\"elementor-section elementor-top-section elementor-element elementor-element-1668f7bc elementor-section-boxed elementor-section-height-default elementor-section-height-default\" data-id=\"1668f7bc\" data-element_type=\"section\" data-e-type=\"section\">\n\t\t\t\t\t\t<div class=\"elementor-container elementor-column-gap-default\">\n\t\t\t\t\t<div class=\"elementor-column elementor-col-50 elementor-top-column elementor-element elementor-element-4b52ffa7\" data-id=\"4b52ffa7\" data-element_type=\"column\" data-e-type=\"column\">\n\t\t\t<div class=\"elementor-widget-wrap elementor-element-populated\">\n\t\t\t\t\t\t<div class=\"elementor-element elementor-element-76abf879 elementor-widget elementor-widget-heading\" data-id=\"76abf879\" data-element_type=\"widget\" data-e-type=\"widget\" data-widget_type=\"heading.default\">\n\t\t\t\t<div class=\"elementor-widget-container\">\n\t\t\t\t\t<h2 class=\"elementor-heading-title elementor-size-default\">SEDUS: TEMPTATION TWIN<\/h2>\t\t\t\t<\/div>\n\t\t\t\t<\/div>\n\t\t\t\t<div class=\"elementor-element elementor-element-64f152dd elementor-widget elementor-widget-text-editor\" data-id=\"64f152dd\" data-element_type=\"widget\" data-e-type=\"widget\" data-widget_type=\"text-editor.default\">\n\t\t\t\t<div class=\"elementor-widget-container\">\n\t\t\t\t\t\t\t\t\t<p>Tisch- und Stauraumprogramm<\/p>\t\t\t\t\t\t\t\t<\/div>\n\t\t\t\t<\/div>\n\t\t\t\t<div class=\"elementor-element elementor-element-69c23d72 elementor-widget elementor-widget-text-editor\" data-id=\"69c23d72\" data-element_type=\"widget\" data-e-type=\"widget\" data-widget_type=\"text-editor.default\">\n\t\t\t\t<div class=\"elementor-widget-container\">\n\t\t\t\t\t\t\t\t\t<p>Zwei gegen\u00fcberliegende Tische werden zu einem Doppeltisch geblockt. Dies erm\u00f6glicht eine kompakte, aber sehr stabile Gestellstruktur. Das Kastenm\u00f6belsystem ist perfekt darauf abgestimmt <!-- [if gte mso 9]><xml><br \/> <o:OfficeDocumentSettings><br \/>  <o:AllowPNG\/><br \/> <\/o:OfficeDocumentSettings><br \/><\/xml><![endif]-->\u2013 beide M\u00f6bel erg\u00e4nzen sich in ihrer Funktionalit\u00e4t. Doppelarbeitspl\u00e4tze, Teambereiche und Open-Space-B\u00fcros lassen sich mit diesem System einheitlich m\u00f6blieren.<\/p><p>Das umfassende Kabelmanagement er\u00f6ffnet neue M\u00f6glichkeiten in der Raumplanung und einen gro\u00dfen Mehrwert f\u00fcr die Nutzenden. So k\u00f6nnen Strom- und Netzwerkkabel von unterschiedlichen Positionen eingeleitet und an alle angedockten Arbeitspl\u00e4tze durchgeleitet werden. Zus\u00e4tzlich bietet das System einfache und &#8222;saubere&#8220; L\u00f6sungen f\u00fcr den Anschluss individueller Ger\u00e4te sowie die Restkabelaufnahme an.<\/p><p>Es sind Bench- und Spine-L\u00f6sungen m\u00f6glich. Dar\u00fcber hinaus k\u00f6nnen gr\u00f6\u00dfere Konfigurationen realisiert werden, die beide Strukturformen kombinieren. Die Arbeitsplatten lassen sich unabh\u00e4ngig voneinander in der H\u00f6he verstellen. Dabei stehen unterschiedliche Systeme zur Verf\u00fcgung: von der manuellen \u00fcber eine Kurbelverstellung bis hin zur elektromotorischen H\u00f6henregulierung. Letztere erm\u00f6glicht sitzende und stehende Arbeitshaltungen.<\/p><p>Neuartige M\u00f6belformen erweitern das vorhandene Programm des Herstellers. Dadurch lassen sich unterschiedliche B\u00fcrolayouts mit einem durchg\u00e4ngigen System realisieren und auch nachtr\u00e4glich erweitern.<\/p><p>Awards:<br \/>-reddot Product Design 2012<br \/>-iF design award 2012<\/p><p>Hersteller:<br \/><a href=\"https:\/\/www.sedus.com\/de\/produkte\/tische\/temptation-smart-twin\" target=\"_blank\" rel=\"noopener\">https:\/\/www.sedus.com\/de\/produkte\/tische\/temptation-smart-twin<\/a><\/p><p>\u00a0<\/p><p>\u00a0<\/p>\t\t\t\t\t\t\t\t<\/div>\n\t\t\t\t<\/div>\n\t\t\t\t\t<\/div>\n\t\t<\/div>\n\t\t\t\t<div class=\"elementor-column elementor-col-50 elementor-top-column elementor-element elementor-element-5391a16e\" data-id=\"5391a16e\" data-element_type=\"column\" data-e-type=\"column\">\n\t\t\t<div class=\"elementor-widget-wrap elementor-element-populated\">\n\t\t\t\t\t\t<div class=\"elementor-element elementor-element-3407b03f elementor-widget elementor-widget-gallery\" data-id=\"3407b03f\" data-element_type=\"widget\" data-e-type=\"widget\" data-settings=\"{&quot;gallery_layout&quot;:&quot;masonry&quot;,&quot;columns&quot;:2,&quot;lazyload&quot;:&quot;yes&quot;,&quot;columns_tablet&quot;:2,&quot;columns_mobile&quot;:1,&quot;gap&quot;:{&quot;unit&quot;:&quot;px&quot;,&quot;size&quot;:10,&quot;sizes&quot;:[]},&quot;gap_tablet&quot;:{&quot;unit&quot;:&quot;px&quot;,&quot;size&quot;:10,&quot;sizes&quot;:[]},&quot;gap_mobile&quot;:{&quot;unit&quot;:&quot;px&quot;,&quot;size&quot;:10,&quot;sizes&quot;:[]},&quot;link_to&quot;:&quot;file&quot;,&quot;overlay_background&quot;:&quot;yes&quot;,&quot;content_hover_animation&quot;:&quot;fade-in&quot;}\" data-widget_type=\"gallery.default\">\n\t\t\t\t<div class=\"elementor-widget-container\">\n\t\t\t\t\t\t\t<div class=\"elementor-gallery__container\">\n\t\t\t\t\t\t\t<a class=\"e-gallery-item elementor-gallery-item elementor-animated-content\" href=\"https:\/\/www.speziell.net\/beta\/wp-content\/uploads\/2023\/03\/2010_Sedus_TEMPTATION_Familiy_Rendering.jpg\" data-elementor-open-lightbox=\"yes\" data-elementor-lightbox-slideshow=\"3407b03f\" data-elementor-lightbox-title=\"2010_Sedus_TEMPTATION_Familiy_Rendering\" data-elementor-lightbox-description=\"Sedus: Temptation Twin und Temptation Storage by Designstudio speziell\u00ae \u2013 In kombination einstehen Arbeitspl\u00e4tze, die l\u00e4ngs (Spine) oder quer (Bench) erweitert werden k\u00f6nnen, die Storage-Boards \u00fcbernehmen das Kabelmanagement und erzeugen R\u00e4ume\" data-e-action-hash=\"#elementor-action%3Aaction%3Dlightbox%26settings%3DeyJpZCI6MjE2NSwidXJsIjoiaHR0cHM6XC9cL3d3dy5zcGV6aWVsbC5uZXRcL2JldGFcL3dwLWNvbnRlbnRcL3VwbG9hZHNcLzIwMjNcLzAzXC8yMDEwX1NlZHVzX1RFTVBUQVRJT05fRmFtaWxpeV9SZW5kZXJpbmcuanBnIiwic2xpZGVzaG93IjoiMzQwN2IwM2YifQ%3D%3D\">\n\t\t\t\t\t<div class=\"e-gallery-image elementor-gallery-item__image\" data-thumbnail=\"https:\/\/www.speziell.net\/beta\/wp-content\/uploads\/2023\/03\/2010_Sedus_TEMPTATION_Familiy_Rendering-1024x683.jpg\" data-width=\"800\" data-height=\"534\" aria-label=\"Sedus: Temptation Twin und Temptation Storage by Designstudio speziell\u00ae \u2013 In kombination einstehen Arbeitspl\u00e4tze, die l\u00e4ngs (Spine) oder quer (Bench) erweitert werden k\u00f6nnen, die Storage-Boards \u00fcbernehmen das Kabelmanagement und erzeugen R\u00e4ume\" role=\"img\" ><\/div>\n\t\t\t\t\t\t\t\t\t\t\t<div class=\"elementor-gallery-item__overlay\"><\/div>\n\t\t\t\t\t\t\t\t\t\t\t\t\t\t<\/a>\n\t\t\t\t\t\t\t<a class=\"e-gallery-item elementor-gallery-item elementor-animated-content\" href=\"https:\/\/www.speziell.net\/beta\/wp-content\/uploads\/2023\/03\/2010_Sedus_TEMPTATION_Twin_Freisteller-2.jpg\" data-elementor-open-lightbox=\"yes\" data-elementor-lightbox-slideshow=\"3407b03f\" data-elementor-lightbox-title=\"2010_Sedus_TEMPTATION_Twin_Freisteller 2\" data-elementor-lightbox-description=\"Sedus: Temptation Twin und Temptation Storage by Designstudio speziell\u00ae \u2013 Duotisch mit motorischer H\u00f6heneinstellung bis Stehtischh\u00f6he\" data-e-action-hash=\"#elementor-action%3Aaction%3Dlightbox%26settings%3DeyJpZCI6MjE3MSwidXJsIjoiaHR0cHM6XC9cL3d3dy5zcGV6aWVsbC5uZXRcL2JldGFcL3dwLWNvbnRlbnRcL3VwbG9hZHNcLzIwMjNcLzAzXC8yMDEwX1NlZHVzX1RFTVBUQVRJT05fVHdpbl9GcmVpc3RlbGxlci0yLmpwZyIsInNsaWRlc2hvdyI6IjM0MDdiMDNmIn0%3D\">\n\t\t\t\t\t<div class=\"e-gallery-image elementor-gallery-item__image\" data-thumbnail=\"https:\/\/www.speziell.net\/beta\/wp-content\/uploads\/2023\/03\/2010_Sedus_TEMPTATION_Twin_Freisteller-2-933x1024.jpg\" data-width=\"800\" data-height=\"878\" aria-label=\"Sedus: Temptation Twin und Temptation Storage by Designstudio speziell\u00ae \u2013 Duotisch mit motorischer H\u00f6heneinstellung bis Stehtischh\u00f6he\" role=\"img\" ><\/div>\n\t\t\t\t\t\t\t\t\t\t\t<div class=\"elementor-gallery-item__overlay\"><\/div>\n\t\t\t\t\t\t\t\t\t\t\t\t\t\t<\/a>\n\t\t\t\t\t\t\t<a class=\"e-gallery-item elementor-gallery-item elementor-animated-content\" href=\"https:\/\/www.speziell.net\/beta\/wp-content\/uploads\/2023\/03\/2010_Sedus_TEMPTATION_Twin-Storage_Location-1.jpg\" data-elementor-open-lightbox=\"yes\" data-elementor-lightbox-slideshow=\"3407b03f\" data-elementor-lightbox-title=\"2010_Sedus_TEMPTATION_Twin Storage_Location 1\" data-elementor-lightbox-description=\"Sedus: Temptation Twin und Temptation Storage by Designstudio speziell\u00ae \u2013 In kombination einstehen Arbeitspl\u00e4tze, die l\u00e4ngs (Spine) oder quer (Bench) erweitert werden k\u00f6nnen, die Storage-Boards \u00fcbernehmen das Kabelmanagement und erzeugen R\u00e4ume\" data-e-action-hash=\"#elementor-action%3Aaction%3Dlightbox%26settings%3DeyJpZCI6MjE2NywidXJsIjoiaHR0cHM6XC9cL3d3dy5zcGV6aWVsbC5uZXRcL2JldGFcL3dwLWNvbnRlbnRcL3VwbG9hZHNcLzIwMjNcLzAzXC8yMDEwX1NlZHVzX1RFTVBUQVRJT05fVHdpbi1TdG9yYWdlX0xvY2F0aW9uLTEuanBnIiwic2xpZGVzaG93IjoiMzQwN2IwM2YifQ%3D%3D\">\n\t\t\t\t\t<div class=\"e-gallery-image elementor-gallery-item__image\" data-thumbnail=\"https:\/\/www.speziell.net\/beta\/wp-content\/uploads\/2023\/03\/2010_Sedus_TEMPTATION_Twin-Storage_Location-1-1024x767.jpg\" data-width=\"800\" data-height=\"599\" aria-label=\"Sedus: Temptation Twin und Temptation Storage by Designstudio speziell\u00ae \u2013 In kombination einstehen Arbeitspl\u00e4tze, die l\u00e4ngs (Spine) oder quer (Bench) erweitert werden k\u00f6nnen, die Storage-Boards \u00fcbernehmen das Kabelmanagement und erzeugen R\u00e4ume\" role=\"img\" ><\/div>\n\t\t\t\t\t\t\t\t\t\t\t<div class=\"elementor-gallery-item__overlay\"><\/div>\n\t\t\t\t\t\t\t\t\t\t\t\t\t\t<\/a>\n\t\t\t\t\t\t\t<a class=\"e-gallery-item elementor-gallery-item elementor-animated-content\" href=\"https:\/\/www.speziell.net\/beta\/wp-content\/uploads\/2023\/03\/2010_Sedus_TEMPTATION_Twin-Storage_Location-2.jpg\" data-elementor-open-lightbox=\"yes\" data-elementor-lightbox-slideshow=\"3407b03f\" data-elementor-lightbox-title=\"2010_Sedus_TEMPTATION_Twin Storage_Location 2\" data-elementor-lightbox-description=\"Sedus: Temptation Twin und Temptation Storage by Designstudio speziell\u00ae \u2013 In kombination einstehen Arbeitspl\u00e4tze, die l\u00e4ngs (Spine) oder quer (Bench) erweitert werden k\u00f6nnen, die Storage-Boards \u00fcbernehmen das Kabelmanagement und erzeugen R\u00e4ume\" data-e-action-hash=\"#elementor-action%3Aaction%3Dlightbox%26settings%3DeyJpZCI6MjE2OCwidXJsIjoiaHR0cHM6XC9cL3d3dy5zcGV6aWVsbC5uZXRcL2JldGFcL3dwLWNvbnRlbnRcL3VwbG9hZHNcLzIwMjNcLzAzXC8yMDEwX1NlZHVzX1RFTVBUQVRJT05fVHdpbi1TdG9yYWdlX0xvY2F0aW9uLTIuanBnIiwic2xpZGVzaG93IjoiMzQwN2IwM2YifQ%3D%3D\">\n\t\t\t\t\t<div class=\"e-gallery-image elementor-gallery-item__image\" data-thumbnail=\"https:\/\/www.speziell.net\/beta\/wp-content\/uploads\/2023\/03\/2010_Sedus_TEMPTATION_Twin-Storage_Location-2-1024x713.jpg\" data-width=\"800\" data-height=\"557\" aria-label=\"Sedus: Temptation Twin und Temptation Storage by Designstudio speziell\u00ae \u2013 In kombination einstehen Arbeitspl\u00e4tze, die l\u00e4ngs (Spine) oder quer (Bench) erweitert werden k\u00f6nnen, die Storage-Boards \u00fcbernehmen das Kabelmanagement und erzeugen R\u00e4ume\" role=\"img\" ><\/div>\n\t\t\t\t\t\t\t\t\t\t\t<div class=\"elementor-gallery-item__overlay\"><\/div>\n\t\t\t\t\t\t\t\t\t\t\t\t\t\t<\/a>\n\t\t\t\t\t\t\t<a class=\"e-gallery-item elementor-gallery-item elementor-animated-content\" href=\"https:\/\/www.speziell.net\/beta\/wp-content\/uploads\/2023\/03\/2010_Sedus_TEMPTATION_Twin_Freisteller-1.jpg\" data-elementor-open-lightbox=\"yes\" data-elementor-lightbox-slideshow=\"3407b03f\" data-elementor-lightbox-title=\"2010_Sedus_TEMPTATION_Twin_Freisteller 1\" data-elementor-lightbox-description=\"Sedus: Temptation Twin und Temptation Storage by Designstudio speziell\u00ae \u2013 Duotisch mit motorischer H\u00f6heneinstellung bis Stehtischh\u00f6he\" data-e-action-hash=\"#elementor-action%3Aaction%3Dlightbox%26settings%3DeyJpZCI6MjE3MCwidXJsIjoiaHR0cHM6XC9cL3d3dy5zcGV6aWVsbC5uZXRcL2JldGFcL3dwLWNvbnRlbnRcL3VwbG9hZHNcLzIwMjNcLzAzXC8yMDEwX1NlZHVzX1RFTVBUQVRJT05fVHdpbl9GcmVpc3RlbGxlci0xLmpwZyIsInNsaWRlc2hvdyI6IjM0MDdiMDNmIn0%3D\">\n\t\t\t\t\t<div class=\"e-gallery-image elementor-gallery-item__image\" data-thumbnail=\"https:\/\/www.speziell.net\/beta\/wp-content\/uploads\/2023\/03\/2010_Sedus_TEMPTATION_Twin_Freisteller-1-932x1024.jpg\" data-width=\"800\" data-height=\"879\" aria-label=\"Sedus: Temptation Twin und Temptation Storage by Designstudio speziell\u00ae \u2013 Duotisch mit motorischer H\u00f6heneinstellung bis Stehtischh\u00f6he\" role=\"img\" ><\/div>\n\t\t\t\t\t\t\t\t\t\t\t<div class=\"elementor-gallery-item__overlay\"><\/div>\n\t\t\t\t\t\t\t\t\t\t\t\t\t\t<\/a>\n\t\t\t\t\t\t\t<a class=\"e-gallery-item elementor-gallery-item elementor-animated-content\" href=\"https:\/\/www.speziell.net\/beta\/wp-content\/uploads\/2023\/03\/2010_Sedus_TEMPTATION_Twin_Detail.jpg\" data-elementor-open-lightbox=\"yes\" data-elementor-lightbox-slideshow=\"3407b03f\" data-elementor-lightbox-title=\"2010_Sedus_TEMPTATION_Twin_Detail\" data-elementor-lightbox-description=\"Sedus: Temptation Twin und Temptation Storage by Designstudio speziell\u00ae \u2013 Kabeleinlass\" data-e-action-hash=\"#elementor-action%3Aaction%3Dlightbox%26settings%3DeyJpZCI6MjE2OSwidXJsIjoiaHR0cHM6XC9cL3d3dy5zcGV6aWVsbC5uZXRcL2JldGFcL3dwLWNvbnRlbnRcL3VwbG9hZHNcLzIwMjNcLzAzXC8yMDEwX1NlZHVzX1RFTVBUQVRJT05fVHdpbl9EZXRhaWwuanBnIiwic2xpZGVzaG93IjoiMzQwN2IwM2YifQ%3D%3D\">\n\t\t\t\t\t<div class=\"e-gallery-image elementor-gallery-item__image\" data-thumbnail=\"https:\/\/www.speziell.net\/beta\/wp-content\/uploads\/2023\/03\/2010_Sedus_TEMPTATION_Twin_Detail-768x1024.jpg\" data-width=\"768\" data-height=\"1024\" aria-label=\"Sedus: Temptation Twin und Temptation Storage by Designstudio speziell\u00ae \u2013 Kabeleinlass\" role=\"img\" ><\/div>\n\t\t\t\t\t\t\t\t\t\t\t<div class=\"elementor-gallery-item__overlay\"><\/div>\n\t\t\t\t\t\t\t\t\t\t\t\t\t\t<\/a>\n\t\t\t\t\t\t\t<a class=\"e-gallery-item elementor-gallery-item elementor-animated-content\" href=\"https:\/\/www.speziell.net\/beta\/wp-content\/uploads\/2023\/03\/2010_Sedus_TEMPTATION_Twin-Storage_Kabel-Detail.jpg\" data-elementor-open-lightbox=\"yes\" data-elementor-lightbox-slideshow=\"3407b03f\" data-elementor-lightbox-title=\"2010_Sedus_TEMPTATION_Twin Storage_Kabel Detail\" data-elementor-lightbox-description=\"Sedus: Temptation Twin und Temptation Storage by Designstudio speziell\u00ae \u2013 Die Storage-Boards besitzen eine Zwischenebene f\u00fcr das das Kabelmanagement, so k\u00f6nnen mehrere Einheiten unabh\u00e4ngig von Bodentanks elektrifiziert werden\" data-e-action-hash=\"#elementor-action%3Aaction%3Dlightbox%26settings%3DeyJpZCI6MjE2NiwidXJsIjoiaHR0cHM6XC9cL3d3dy5zcGV6aWVsbC5uZXRcL2JldGFcL3dwLWNvbnRlbnRcL3VwbG9hZHNcLzIwMjNcLzAzXC8yMDEwX1NlZHVzX1RFTVBUQVRJT05fVHdpbi1TdG9yYWdlX0thYmVsLURldGFpbC5qcGciLCJzbGlkZXNob3ciOiIzNDA3YjAzZiJ9\">\n\t\t\t\t\t<div class=\"e-gallery-image elementor-gallery-item__image\" data-thumbnail=\"https:\/\/www.speziell.net\/beta\/wp-content\/uploads\/2023\/03\/2010_Sedus_TEMPTATION_Twin-Storage_Kabel-Detail-737x1024.jpg\" data-width=\"737\" data-height=\"1024\" aria-label=\"Sedus: Temptation Twin und Temptation Storage by Designstudio speziell\u00ae \u2013 Die Storage-Boards besitzen eine Zwischenebene f\u00fcr das das Kabelmanagement, so k\u00f6nnen mehrere Einheiten unabh\u00e4ngig von Bodentanks elektrifiziert werden\" role=\"img\" ><\/div>\n\t\t\t\t\t\t\t\t\t\t\t<div class=\"elementor-gallery-item__overlay\"><\/div>\n\t\t\t\t\t\t\t\t\t\t\t\t\t\t<\/a>\n\t\t\t\t\t<\/div>\n\t\t\t\t\t<\/div>\n\t\t\t\t<\/div>\n\t\t\t\t\t<\/div>\n\t\t<\/div>\n\t\t\t\t\t<\/div>\n\t\t<\/section>\n\t\t\t\t<\/div>\n\t\t","protected":false},"excerpt":{"rendered":"<p>SEDUS: TEMPTATION TWIN Tisch- und Stauraumprogramm Zwei gegen\u00fcberliegende Tische werden zu einem Doppeltisch geblockt. Dies erm\u00f6glicht eine kompakte, aber sehr stabile Gestellstruktur. Das Kastenm\u00f6belsystem ist perfekt darauf abgestimmt \u2013 beide M\u00f6bel erg\u00e4nzen sich in ihrer Funktionalit\u00e4t. Doppelarbeitspl\u00e4tze, Teambereiche und Open-Space-B\u00fcros lassen sich mit diesem System einheitlich m\u00f6blieren. Das umfassende Kabelmanagement er\u00f6ffnet neue M\u00f6glichkeiten in der [&hellip;]<\/p>\n","protected":false},"author":1,"featured_media":2730,"parent":9,"menu_order":0,"comment_status":"closed","ping_status":"closed","template":"","meta":{"footnotes":""},"class_list":["post-2163","page","type-page","status-publish","has-post-thumbnail","hentry"],"_links":{"self":[{"href":"https:\/\/www.speziell.net\/beta\/wp-json\/wp\/v2\/pages\/2163","targetHints":{"allow":["GET"]}}],"collection":[{"href":"https:\/\/www.speziell.net\/beta\/wp-json\/wp\/v2\/pages"}],"about":[{"href":"https:\/\/www.speziell.net\/beta\/wp-json\/wp\/v2\/types\/page"}],"author":[{"embeddable":true,"href":"https:\/\/www.speziell.net\/beta\/wp-json\/wp\/v2\/users\/1"}],"replies":[{"embeddable":true,"href":"https:\/\/www.speziell.net\/beta\/wp-json\/wp\/v2\/comments?post=2163"}],"version-history":[{"count":33,"href":"https:\/\/www.speziell.net\/beta\/wp-json\/wp\/v2\/pages\/2163\/revisions"}],"predecessor-version":[{"id":5118,"href":"https:\/\/www.speziell.net\/beta\/wp-json\/wp\/v2\/pages\/2163\/revisions\/5118"}],"up":[{"embeddable":true,"href":"https:\/\/www.speziell.net\/beta\/wp-json\/wp\/v2\/pages\/9"}],"wp:featuredmedia":[{"embeddable":true,"href":"https:\/\/www.speziell.net\/beta\/wp-json\/wp\/v2\/media\/2730"}],"wp:attachment":[{"href":"https:\/\/www.speziell.net\/beta\/wp-json\/wp\/v2\/media?parent=2163"}],"curies":[{"name":"wp","href":"https:\/\/api.w.org\/{rel}","templated":true}]}}