{"id":2203,"date":"2008-03-13T10:32:00","date_gmt":"2008-03-13T09:32:00","guid":{"rendered":"https:\/\/www.speziell.net\/beta\/?page_id=2203"},"modified":"2023-11-06T11:52:12","modified_gmt":"2023-11-06T10:52:12","slug":"porter","status":"publish","type":"page","link":"https:\/\/www.speziell.net\/beta\/home\/porter\/","title":{"rendered":"PORTER"},"content":{"rendered":"\t\t<div data-elementor-type=\"wp-page\" data-elementor-id=\"2203\" class=\"elementor elementor-2203\" data-elementor-post-type=\"page\">\n\t\t\t\t\t\t<section class=\"elementor-section elementor-top-section elementor-element elementor-element-5b9d1834 elementor-section-boxed elementor-section-height-default elementor-section-height-default\" data-id=\"5b9d1834\" data-element_type=\"section\" data-e-type=\"section\">\n\t\t\t\t\t\t<div class=\"elementor-container elementor-column-gap-default\">\n\t\t\t\t\t<div class=\"elementor-column elementor-col-100 elementor-top-column elementor-element elementor-element-45fa286\" data-id=\"45fa286\" data-element_type=\"column\" data-e-type=\"column\">\n\t\t\t<div class=\"elementor-widget-wrap elementor-element-populated\">\n\t\t\t\t\t\t<div class=\"elementor-element elementor-element-48a8c9ae elementor-hidden-mobile elementor-hidden-tablet elementor-widget elementor-widget-image\" data-id=\"48a8c9ae\" data-element_type=\"widget\" data-e-type=\"widget\" data-widget_type=\"image.default\">\n\t\t\t\t<div class=\"elementor-widget-container\">\n\t\t\t\t\t\t\t\t\t\t\t\t\t\t\t\t<a href=\"https:\/\/www.speziell.net\/beta\/home\/\">\n\t\t\t\t\t\t\t<img decoding=\"async\" width=\"100\" height=\"100\" src=\"https:\/\/www.speziell.net\/beta\/wp-content\/uploads\/2023\/02\/speziell_logo_grau-1.svg\" class=\"attachment-large size-large wp-image-731\" alt=\"Designstudio speziell\u00ae \u2013 Fleckenstein Pohlmann Schwer GbR\" \/>\t\t\t\t\t\t\t\t<\/a>\n\t\t\t\t\t\t\t\t\t\t\t\t\t\t\t<\/div>\n\t\t\t\t<\/div>\n\t\t\t\t<div class=\"elementor-element elementor-element-27a45e75 elementor-hidden-desktop elementor-widget elementor-widget-image\" data-id=\"27a45e75\" data-element_type=\"widget\" data-e-type=\"widget\" data-widget_type=\"image.default\">\n\t\t\t\t<div class=\"elementor-widget-container\">\n\t\t\t\t\t\t\t\t\t\t\t\t\t\t\t\t<a href=\"https:\/\/www.speziell.net\/beta\/home\/\">\n\t\t\t\t\t\t\t<img decoding=\"async\" width=\"100\" height=\"100\" src=\"https:\/\/www.speziell.net\/beta\/wp-content\/uploads\/2023\/03\/speziell_logo_oSubline.svg\" class=\"attachment-large size-large wp-image-2739\" alt=\"\" \/>\t\t\t\t\t\t\t\t<\/a>\n\t\t\t\t\t\t\t\t\t\t\t\t\t\t\t<\/div>\n\t\t\t\t<\/div>\n\t\t\t\t\t<\/div>\n\t\t<\/div>\n\t\t\t\t\t<\/div>\n\t\t<\/section>\n\t\t\t\t<section class=\"elementor-section elementor-top-section elementor-element elementor-element-6dddd2af elementor-section-boxed elementor-section-height-default elementor-section-height-default\" data-id=\"6dddd2af\" data-element_type=\"section\" data-e-type=\"section\">\n\t\t\t\t\t\t<div class=\"elementor-container elementor-column-gap-default\">\n\t\t\t\t\t<div class=\"elementor-column elementor-col-50 elementor-top-column elementor-element elementor-element-268ef768\" data-id=\"268ef768\" data-element_type=\"column\" data-e-type=\"column\">\n\t\t\t<div class=\"elementor-widget-wrap elementor-element-populated\">\n\t\t\t\t\t\t<div class=\"elementor-element elementor-element-49f8a104 elementor-widget elementor-widget-heading\" data-id=\"49f8a104\" data-element_type=\"widget\" data-e-type=\"widget\" data-widget_type=\"heading.default\">\n\t\t\t\t<div class=\"elementor-widget-container\">\n\t\t\t\t\t<h2 class=\"elementor-heading-title elementor-size-default\">STUDIO DOMO: PORTER<\/h2>\t\t\t\t<\/div>\n\t\t\t\t<\/div>\n\t\t\t\t<div class=\"elementor-element elementor-element-6f66f76 elementor-widget elementor-widget-text-editor\" data-id=\"6f66f76\" data-element_type=\"widget\" data-e-type=\"widget\" data-widget_type=\"text-editor.default\">\n\t\t\t\t<div class=\"elementor-widget-container\">\n\t\t\t\t\t\t\t\t\t<p>Tablett-Tischchen<\/p>\t\t\t\t\t\t\t\t<\/div>\n\t\t\t\t<\/div>\n\t\t\t\t<div class=\"elementor-element elementor-element-9edb5ee elementor-widget elementor-widget-text-editor\" data-id=\"9edb5ee\" data-element_type=\"widget\" data-e-type=\"widget\" data-widget_type=\"text-editor.default\">\n\t\t\t\t<div class=\"elementor-widget-container\">\n\t\t\t\t\t\t\t\t\t<p>PORTER ist ein kleiner Beistelltisch, der neben dem Sofa oder Bett eine Zeitung, ein Glas Wasser oder die Fernbedienung bereith\u00e4lt.<\/p>\n<p>Durch die C-Form des Gestells l\u00e4sst sich die Ablage auch \u00fcber die Sitzfl\u00e4che des Sofas schieben. Das abnehmbare Kunststoff-Tablett erleichtert das Ab- und Aufr\u00e4umen \u2013 es wird durch einen Metallb\u00fcgel fixiert, der gleichzeitig als Tragegriff dient. So kann das Tabletttischchen auch spontan an einen anderen Einsatzort, z.B. den Balkon, gebracht werden.<\/p><p>Awards:<br>-iF design award gold China 2009<br>-Good Design Award Japan 2009<\/p><p>Hersteller:<br><a href=\"http:\/\/studiodomo.net\/en\" target=\"_blank\" rel=\"noopener\">http:\/\/studiodomo.net\/en<\/a><\/p>\n<p><br><\/p>\t\t\t\t\t\t\t\t<\/div>\n\t\t\t\t<\/div>\n\t\t\t\t\t<\/div>\n\t\t<\/div>\n\t\t\t\t<div class=\"elementor-column elementor-col-50 elementor-top-column elementor-element elementor-element-697fccbc\" data-id=\"697fccbc\" data-element_type=\"column\" data-e-type=\"column\">\n\t\t\t<div class=\"elementor-widget-wrap elementor-element-populated\">\n\t\t\t\t\t\t<div class=\"elementor-element elementor-element-3919f17c elementor-widget elementor-widget-gallery\" data-id=\"3919f17c\" data-element_type=\"widget\" data-e-type=\"widget\" data-settings=\"{&quot;gallery_layout&quot;:&quot;masonry&quot;,&quot;columns&quot;:2,&quot;lazyload&quot;:&quot;yes&quot;,&quot;columns_tablet&quot;:2,&quot;columns_mobile&quot;:1,&quot;gap&quot;:{&quot;unit&quot;:&quot;px&quot;,&quot;size&quot;:10,&quot;sizes&quot;:[]},&quot;gap_tablet&quot;:{&quot;unit&quot;:&quot;px&quot;,&quot;size&quot;:10,&quot;sizes&quot;:[]},&quot;gap_mobile&quot;:{&quot;unit&quot;:&quot;px&quot;,&quot;size&quot;:10,&quot;sizes&quot;:[]},&quot;link_to&quot;:&quot;file&quot;,&quot;overlay_background&quot;:&quot;yes&quot;,&quot;content_hover_animation&quot;:&quot;fade-in&quot;}\" data-widget_type=\"gallery.default\">\n\t\t\t\t<div class=\"elementor-widget-container\">\n\t\t\t\t\t\t\t<div class=\"elementor-gallery__container\">\n\t\t\t\t\t\t\t<a class=\"e-gallery-item elementor-gallery-item elementor-animated-content\" href=\"https:\/\/www.speziell.net\/beta\/wp-content\/uploads\/2023\/03\/2008_Studio-Domo_PORTER-MAGGY_by_speziell_white_Freisteller.jpg\" data-elementor-open-lightbox=\"yes\" data-elementor-lightbox-slideshow=\"3919f17c\" data-elementor-lightbox-title=\"2008_Studio Domo_PORTER MAGGY_by_speziell_white_Freisteller\" data-elementor-lightbox-description=\"Studio Domo: Tabletttisch Porter mit Zeitschriftenst\u00e4nder Maggie by Designstudio speziell\u00ae \u2013 Der Zeitschriftenhalter l\u00e4sst sich auf das Gestell aufclipsen, der Drahtb\u00fcgel dient als St\u00fctze und Griff\" data-e-action-hash=\"#elementor-action%3Aaction%3Dlightbox%26settings%3DeyJpZCI6MjIwOCwidXJsIjoiaHR0cHM6XC9cL3d3dy5zcGV6aWVsbC5uZXRcL2JldGFcL3dwLWNvbnRlbnRcL3VwbG9hZHNcLzIwMjNcLzAzXC8yMDA4X1N0dWRpby1Eb21vX1BPUlRFUi1NQUdHWV9ieV9zcGV6aWVsbF93aGl0ZV9GcmVpc3RlbGxlci5qcGciLCJzbGlkZXNob3ciOiIzOTE5ZjE3YyJ9\">\n\t\t\t\t\t<div class=\"e-gallery-image elementor-gallery-item__image\" data-thumbnail=\"https:\/\/www.speziell.net\/beta\/wp-content\/uploads\/2023\/03\/2008_Studio-Domo_PORTER-MAGGY_by_speziell_white_Freisteller-831x1024.jpg\" data-width=\"800\" data-height=\"986\" aria-label=\"Studio Domo: Tabletttisch Porter mit Zeitschriftenst\u00e4nder Maggie by Designstudio speziell\u00ae \u2013 Der Zeitschriftenhalter l\u00e4sst sich auf das Gestell aufclipsen, der Drahtb\u00fcgel dient als St\u00fctze und Griff\" role=\"img\" ><\/div>\n\t\t\t\t\t\t\t\t\t\t\t<div class=\"elementor-gallery-item__overlay\"><\/div>\n\t\t\t\t\t\t\t\t\t\t\t\t\t\t<\/a>\n\t\t\t\t\t\t\t<a class=\"e-gallery-item elementor-gallery-item elementor-animated-content\" href=\"https:\/\/www.speziell.net\/beta\/wp-content\/uploads\/2023\/03\/2008_Studio-Domo_PORTER_by_speziell_white_Ambiente.jpg\" data-elementor-open-lightbox=\"yes\" data-elementor-lightbox-slideshow=\"3919f17c\" data-elementor-lightbox-title=\"2008_Studio Domo_PORTER_by_speziell_white_Ambiente\" data-elementor-lightbox-description=\"Studio Domo: Tabletttisch Porter by Designstudio speziell\u00ae \u2013 Das Tablett kann abgenommen werden und dient damit auch zum Servieren\" data-e-action-hash=\"#elementor-action%3Aaction%3Dlightbox%26settings%3DeyJpZCI6MjIxNCwidXJsIjoiaHR0cHM6XC9cL3d3dy5zcGV6aWVsbC5uZXRcL2JldGFcL3dwLWNvbnRlbnRcL3VwbG9hZHNcLzIwMjNcLzAzXC8yMDA4X1N0dWRpby1Eb21vX1BPUlRFUl9ieV9zcGV6aWVsbF93aGl0ZV9BbWJpZW50ZS5qcGciLCJzbGlkZXNob3ciOiIzOTE5ZjE3YyJ9\">\n\t\t\t\t\t<div class=\"e-gallery-image elementor-gallery-item__image\" data-thumbnail=\"https:\/\/www.speziell.net\/beta\/wp-content\/uploads\/2023\/03\/2008_Studio-Domo_PORTER_by_speziell_white_Ambiente-683x1024.jpg\" data-width=\"683\" data-height=\"1024\" aria-label=\"Studio Domo: Tabletttisch Porter by Designstudio speziell\u00ae \u2013 Das Tablett kann abgenommen werden und dient damit auch zum Servieren\" role=\"img\" ><\/div>\n\t\t\t\t\t\t\t\t\t\t\t<div class=\"elementor-gallery-item__overlay\"><\/div>\n\t\t\t\t\t\t\t\t\t\t\t\t\t\t<\/a>\n\t\t\t\t\t\t\t<a class=\"e-gallery-item elementor-gallery-item elementor-animated-content\" href=\"https:\/\/www.speziell.net\/beta\/wp-content\/uploads\/2023\/03\/2008_Studio-Domo_MAGGY_by_speziell_white.jpg\" data-elementor-open-lightbox=\"yes\" data-elementor-lightbox-slideshow=\"3919f17c\" data-elementor-lightbox-title=\"2008_Studio Domo_MAGGY_by_speziell_white\" data-elementor-lightbox-description=\"Studio Domo: Zeitschriftenst\u00e4nder Maggie by Designstudio speziell\u00ae \u2013 Der Drahtb\u00fcgel dient als St\u00fctze und Griff\" data-e-action-hash=\"#elementor-action%3Aaction%3Dlightbox%26settings%3DeyJpZCI6MjIwNSwidXJsIjoiaHR0cHM6XC9cL3d3dy5zcGV6aWVsbC5uZXRcL2JldGFcL3dwLWNvbnRlbnRcL3VwbG9hZHNcLzIwMjNcLzAzXC8yMDA4X1N0dWRpby1Eb21vX01BR0dZX2J5X3NwZXppZWxsX3doaXRlLmpwZyIsInNsaWRlc2hvdyI6IjM5MTlmMTdjIn0%3D\">\n\t\t\t\t\t<div class=\"e-gallery-image elementor-gallery-item__image\" data-thumbnail=\"https:\/\/www.speziell.net\/beta\/wp-content\/uploads\/2023\/03\/2008_Studio-Domo_MAGGY_by_speziell_white.jpg\" data-width=\"686\" data-height=\"894\" aria-label=\"Studio Domo: Zeitschriftenst\u00e4nder Maggie by Designstudio speziell\u00ae \u2013 Der Drahtb\u00fcgel dient als St\u00fctze und Griff\" role=\"img\" ><\/div>\n\t\t\t\t\t\t\t\t\t\t\t<div class=\"elementor-gallery-item__overlay\"><\/div>\n\t\t\t\t\t\t\t\t\t\t\t\t\t\t<\/a>\n\t\t\t\t\t\t\t<a class=\"e-gallery-item elementor-gallery-item elementor-animated-content\" href=\"https:\/\/www.speziell.net\/beta\/wp-content\/uploads\/2023\/03\/2008_Studio-Domo_PORTER_by_speziell_black_Freisteller.jpg\" data-elementor-open-lightbox=\"yes\" data-elementor-lightbox-slideshow=\"3919f17c\" data-elementor-lightbox-title=\"2008_Studio Domo_PORTER_by_speziell_black_Freisteller\" data-elementor-lightbox-description=\"Studio Domo: Tabletttisch Porter by Designstudio speziell\u00ae \u2013 Gestell Chrom, Tablett in graphit\" data-e-action-hash=\"#elementor-action%3Aaction%3Dlightbox%26settings%3DeyJpZCI6MjIxMCwidXJsIjoiaHR0cHM6XC9cL3d3dy5zcGV6aWVsbC5uZXRcL2JldGFcL3dwLWNvbnRlbnRcL3VwbG9hZHNcLzIwMjNcLzAzXC8yMDA4X1N0dWRpby1Eb21vX1BPUlRFUl9ieV9zcGV6aWVsbF9ibGFja19GcmVpc3RlbGxlci5qcGciLCJzbGlkZXNob3ciOiIzOTE5ZjE3YyJ9\">\n\t\t\t\t\t<div class=\"e-gallery-image elementor-gallery-item__image\" data-thumbnail=\"https:\/\/www.speziell.net\/beta\/wp-content\/uploads\/2023\/03\/2008_Studio-Domo_PORTER_by_speziell_black_Freisteller-814x1024.jpg\" data-width=\"800\" data-height=\"1006\" aria-label=\"Studio Domo: Tabletttisch Porter by Designstudio speziell\u00ae \u2013 Gestell Chrom, Tablett in graphit\" role=\"img\" ><\/div>\n\t\t\t\t\t\t\t\t\t\t\t<div class=\"elementor-gallery-item__overlay\"><\/div>\n\t\t\t\t\t\t\t\t\t\t\t\t\t\t<\/a>\n\t\t\t\t\t\t\t<a class=\"e-gallery-item elementor-gallery-item elementor-animated-content\" href=\"https:\/\/www.speziell.net\/beta\/wp-content\/uploads\/2023\/03\/2008_Studio-Domo_PORTER_by_speziell_ice_Freisteller.jpg\" data-elementor-open-lightbox=\"yes\" data-elementor-lightbox-slideshow=\"3919f17c\" data-elementor-lightbox-title=\"2008_Studio Domo_PORTER_by_speziell_ice_Freisteller\" data-elementor-lightbox-description=\"Studio Domo: Tabletttisch Porter by Designstudio speziell\u00ae \u2013 Gestell schwarz, Tablett in Eisblau\" data-e-action-hash=\"#elementor-action%3Aaction%3Dlightbox%26settings%3DeyJpZCI6MjIxMSwidXJsIjoiaHR0cHM6XC9cL3d3dy5zcGV6aWVsbC5uZXRcL2JldGFcL3dwLWNvbnRlbnRcL3VwbG9hZHNcLzIwMjNcLzAzXC8yMDA4X1N0dWRpby1Eb21vX1BPUlRFUl9ieV9zcGV6aWVsbF9pY2VfRnJlaXN0ZWxsZXIuanBnIiwic2xpZGVzaG93IjoiMzkxOWYxN2MifQ%3D%3D\">\n\t\t\t\t\t<div class=\"e-gallery-image elementor-gallery-item__image\" data-thumbnail=\"https:\/\/www.speziell.net\/beta\/wp-content\/uploads\/2023\/03\/2008_Studio-Domo_PORTER_by_speziell_ice_Freisteller-814x1024.jpg\" data-width=\"800\" data-height=\"1006\" aria-label=\"Studio Domo: Tabletttisch Porter by Designstudio speziell\u00ae \u2013 Gestell schwarz, Tablett in Eisblau\" role=\"img\" ><\/div>\n\t\t\t\t\t\t\t\t\t\t\t<div class=\"elementor-gallery-item__overlay\"><\/div>\n\t\t\t\t\t\t\t\t\t\t\t\t\t\t<\/a>\n\t\t\t\t\t\t\t<a class=\"e-gallery-item elementor-gallery-item elementor-animated-content\" href=\"https:\/\/www.speziell.net\/beta\/wp-content\/uploads\/2023\/03\/2008_Studio-Domo_PORTER_by_speziell_2mal-auf-Orange.jpg\" data-elementor-open-lightbox=\"yes\" data-elementor-lightbox-slideshow=\"3919f17c\" data-elementor-lightbox-title=\"2008_Studio Domo_PORTER_by_speziell_2mal auf Orange\" data-elementor-lightbox-description=\"Studio Domo: Tabletttisch Porter by Designstudio speziell\u00ae \u2013 Gestellvarianten in wei\u00df und schwarz\" data-e-action-hash=\"#elementor-action%3Aaction%3Dlightbox%26settings%3DeyJpZCI6MjIwOSwidXJsIjoiaHR0cHM6XC9cL3d3dy5zcGV6aWVsbC5uZXRcL2JldGFcL3dwLWNvbnRlbnRcL3VwbG9hZHNcLzIwMjNcLzAzXC8yMDA4X1N0dWRpby1Eb21vX1BPUlRFUl9ieV9zcGV6aWVsbF8ybWFsLWF1Zi1PcmFuZ2UuanBnIiwic2xpZGVzaG93IjoiMzkxOWYxN2MifQ%3D%3D\">\n\t\t\t\t\t<div class=\"e-gallery-image elementor-gallery-item__image\" data-thumbnail=\"https:\/\/www.speziell.net\/beta\/wp-content\/uploads\/2023\/03\/2008_Studio-Domo_PORTER_by_speziell_2mal-auf-Orange-903x1024.jpg\" data-width=\"800\" data-height=\"907\" aria-label=\"Studio Domo: Tabletttisch Porter by Designstudio speziell\u00ae \u2013 Gestellvarianten in wei\u00df und schwarz\" role=\"img\" ><\/div>\n\t\t\t\t\t\t\t\t\t\t\t<div class=\"elementor-gallery-item__overlay\"><\/div>\n\t\t\t\t\t\t\t\t\t\t\t\t\t\t<\/a>\n\t\t\t\t\t<\/div>\n\t\t\t\t\t<\/div>\n\t\t\t\t<\/div>\n\t\t\t\t\t<\/div>\n\t\t<\/div>\n\t\t\t\t\t<\/div>\n\t\t<\/section>\n\t\t\t\t<\/div>\n\t\t","protected":false},"excerpt":{"rendered":"<p>STUDIO DOMO: PORTER Tablett-Tischchen PORTER ist ein kleiner Beistelltisch, der neben dem Sofa oder Bett eine Zeitung, ein Glas Wasser oder die Fernbedienung bereith\u00e4lt. Durch die C-Form des Gestells l\u00e4sst sich die Ablage auch \u00fcber die Sitzfl\u00e4che des Sofas schieben. Das abnehmbare Kunststoff-Tablett erleichtert das Ab- und Aufr\u00e4umen \u2013 es wird durch einen Metallb\u00fcgel fixiert, [&hellip;]<\/p>\n","protected":false},"author":1,"featured_media":2206,"parent":9,"menu_order":0,"comment_status":"closed","ping_status":"closed","template":"","meta":{"footnotes":""},"class_list":["post-2203","page","type-page","status-publish","has-post-thumbnail","hentry"],"_links":{"self":[{"href":"https:\/\/www.speziell.net\/beta\/wp-json\/wp\/v2\/pages\/2203","targetHints":{"allow":["GET"]}}],"collection":[{"href":"https:\/\/www.speziell.net\/beta\/wp-json\/wp\/v2\/pages"}],"about":[{"href":"https:\/\/www.speziell.net\/beta\/wp-json\/wp\/v2\/types\/page"}],"author":[{"embeddable":true,"href":"https:\/\/www.speziell.net\/beta\/wp-json\/wp\/v2\/users\/1"}],"replies":[{"embeddable":true,"href":"https:\/\/www.speziell.net\/beta\/wp-json\/wp\/v2\/comments?post=2203"}],"version-history":[{"count":29,"href":"https:\/\/www.speziell.net\/beta\/wp-json\/wp\/v2\/pages\/2203\/revisions"}],"predecessor-version":[{"id":5079,"href":"https:\/\/www.speziell.net\/beta\/wp-json\/wp\/v2\/pages\/2203\/revisions\/5079"}],"up":[{"embeddable":true,"href":"https:\/\/www.speziell.net\/beta\/wp-json\/wp\/v2\/pages\/9"}],"wp:featuredmedia":[{"embeddable":true,"href":"https:\/\/www.speziell.net\/beta\/wp-json\/wp\/v2\/media\/2206"}],"wp:attachment":[{"href":"https:\/\/www.speziell.net\/beta\/wp-json\/wp\/v2\/media?parent=2203"}],"curies":[{"name":"wp","href":"https:\/\/api.w.org\/{rel}","templated":true}]}}