{"id":2224,"date":"2007-03-13T10:59:00","date_gmt":"2007-03-13T09:59:00","guid":{"rendered":"https:\/\/www.speziell.net\/beta\/?page_id=2224"},"modified":"2023-11-06T11:53:41","modified_gmt":"2023-11-06T10:53:41","slug":"privy","status":"publish","type":"page","link":"https:\/\/www.speziell.net\/beta\/home\/privy\/","title":{"rendered":"PRIVY"},"content":{"rendered":"\t\t<div data-elementor-type=\"wp-page\" data-elementor-id=\"2224\" class=\"elementor elementor-2224\" data-elementor-post-type=\"page\">\n\t\t\t\t\t\t<section class=\"elementor-section elementor-top-section elementor-element elementor-element-3218729 elementor-section-boxed elementor-section-height-default elementor-section-height-default\" data-id=\"3218729\" data-element_type=\"section\" data-e-type=\"section\">\n\t\t\t\t\t\t<div class=\"elementor-container elementor-column-gap-default\">\n\t\t\t\t\t<div class=\"elementor-column elementor-col-100 elementor-top-column elementor-element elementor-element-66d215e8\" data-id=\"66d215e8\" data-element_type=\"column\" data-e-type=\"column\">\n\t\t\t<div class=\"elementor-widget-wrap elementor-element-populated\">\n\t\t\t\t\t\t<div class=\"elementor-element elementor-element-d1e3ad5 elementor-hidden-mobile elementor-hidden-tablet elementor-widget elementor-widget-image\" data-id=\"d1e3ad5\" data-element_type=\"widget\" data-e-type=\"widget\" data-widget_type=\"image.default\">\n\t\t\t\t<div class=\"elementor-widget-container\">\n\t\t\t\t\t\t\t\t\t\t\t\t\t\t\t\t<a href=\"https:\/\/www.speziell.net\/beta\/home\/\">\n\t\t\t\t\t\t\t<img decoding=\"async\" width=\"100\" height=\"100\" src=\"https:\/\/www.speziell.net\/beta\/wp-content\/uploads\/2023\/02\/speziell_logo_grau-1.svg\" class=\"attachment-large size-large wp-image-731\" alt=\"Designstudio speziell\u00ae \u2013 Fleckenstein Pohlmann Schwer GbR\" \/>\t\t\t\t\t\t\t\t<\/a>\n\t\t\t\t\t\t\t\t\t\t\t\t\t\t\t<\/div>\n\t\t\t\t<\/div>\n\t\t\t\t<div class=\"elementor-element elementor-element-52a24be3 elementor-hidden-desktop elementor-widget elementor-widget-image\" data-id=\"52a24be3\" data-element_type=\"widget\" data-e-type=\"widget\" data-widget_type=\"image.default\">\n\t\t\t\t<div class=\"elementor-widget-container\">\n\t\t\t\t\t\t\t\t\t\t\t\t\t\t\t\t<a href=\"https:\/\/www.speziell.net\/beta\/home\/\">\n\t\t\t\t\t\t\t<img decoding=\"async\" width=\"100\" height=\"100\" src=\"https:\/\/www.speziell.net\/beta\/wp-content\/uploads\/2023\/03\/speziell_logo_oSubline.svg\" class=\"attachment-large size-large wp-image-2739\" alt=\"\" \/>\t\t\t\t\t\t\t\t<\/a>\n\t\t\t\t\t\t\t\t\t\t\t\t\t\t\t<\/div>\n\t\t\t\t<\/div>\n\t\t\t\t\t<\/div>\n\t\t<\/div>\n\t\t\t\t\t<\/div>\n\t\t<\/section>\n\t\t\t\t<section class=\"elementor-section elementor-top-section elementor-element elementor-element-11194f52 elementor-section-boxed elementor-section-height-default elementor-section-height-default\" data-id=\"11194f52\" data-element_type=\"section\" data-e-type=\"section\">\n\t\t\t\t\t\t<div class=\"elementor-container elementor-column-gap-default\">\n\t\t\t\t\t<div class=\"elementor-column elementor-col-50 elementor-top-column elementor-element elementor-element-72aad386\" data-id=\"72aad386\" data-element_type=\"column\" data-e-type=\"column\">\n\t\t\t<div class=\"elementor-widget-wrap elementor-element-populated\">\n\t\t\t\t\t\t<div class=\"elementor-element elementor-element-6b73a8a0 elementor-widget elementor-widget-heading\" data-id=\"6b73a8a0\" data-element_type=\"widget\" data-e-type=\"widget\" data-widget_type=\"heading.default\">\n\t\t\t\t<div class=\"elementor-widget-container\">\n\t\t\t\t\t<h2 class=\"elementor-heading-title elementor-size-default\">STUDIO DOMO: PRIVY<\/h2>\t\t\t\t<\/div>\n\t\t\t\t<\/div>\n\t\t\t\t<div class=\"elementor-element elementor-element-60941d97 elementor-widget elementor-widget-text-editor\" data-id=\"60941d97\" data-element_type=\"widget\" data-e-type=\"widget\" data-widget_type=\"text-editor.default\">\n\t\t\t\t<div class=\"elementor-widget-container\">\n\t\t\t\t\t\t\t\t\t<p><strong>Badaccessoireserie<\/strong><\/p>\t\t\t\t\t\t\t\t<\/div>\n\t\t\t\t<\/div>\n\t\t\t\t<div class=\"elementor-element elementor-element-4b90e41 elementor-widget elementor-widget-text-editor\" data-id=\"4b90e41\" data-element_type=\"widget\" data-e-type=\"widget\" data-widget_type=\"text-editor.default\">\n\t\t\t\t<div class=\"elementor-widget-container\">\n\t\t\t\t\t\t\t\t\t<p>Die Serie PRIVY besteht aus 4 n\u00fctzlichen und raumsparenden Accessoires f\u00fcr Bad bzw. Toilette.<\/p>\n<p>Der freistehende Toilettenpapierhalter spendet nicht nur Bl\u00e4tter von der Rolle, sondern h\u00e4lt im Fu\u00df auch Lesestoff bereit. Hierf\u00fcr wurde das MAGGY Zeitschriftenrack durch eine neue Funktion erweitert. Dazu passt die Kombination aus Toilettenb\u00fcrste und M\u00fclleimer mit Deckel. Diese Teile k\u00f6nnen miteinander verkettet werden und machen sich neben dem WC sehr schlank. Ein eleganter Handtuchhalter mit zwei schwenkbaren Kunststoffb\u00fcgeln komplettiert die Serie.<\/p><p>Hersteller:<br><a href=\"http:\/\/studiodomo.net\/en\" target=\"_blank\" rel=\"noopener\">http:\/\/studiodomo.net\/en<\/a><\/p>\t\t\t\t\t\t\t\t<\/div>\n\t\t\t\t<\/div>\n\t\t\t\t\t<\/div>\n\t\t<\/div>\n\t\t\t\t<div class=\"elementor-column elementor-col-50 elementor-top-column elementor-element elementor-element-5ed3066\" data-id=\"5ed3066\" data-element_type=\"column\" data-e-type=\"column\">\n\t\t\t<div class=\"elementor-widget-wrap elementor-element-populated\">\n\t\t\t\t\t\t<div class=\"elementor-element elementor-element-26cda289 elementor-widget elementor-widget-gallery\" data-id=\"26cda289\" data-element_type=\"widget\" data-e-type=\"widget\" data-settings=\"{&quot;gallery_layout&quot;:&quot;masonry&quot;,&quot;columns&quot;:2,&quot;lazyload&quot;:&quot;yes&quot;,&quot;columns_tablet&quot;:2,&quot;columns_mobile&quot;:1,&quot;gap&quot;:{&quot;unit&quot;:&quot;px&quot;,&quot;size&quot;:10,&quot;sizes&quot;:[]},&quot;gap_tablet&quot;:{&quot;unit&quot;:&quot;px&quot;,&quot;size&quot;:10,&quot;sizes&quot;:[]},&quot;gap_mobile&quot;:{&quot;unit&quot;:&quot;px&quot;,&quot;size&quot;:10,&quot;sizes&quot;:[]},&quot;link_to&quot;:&quot;file&quot;,&quot;overlay_background&quot;:&quot;yes&quot;,&quot;content_hover_animation&quot;:&quot;fade-in&quot;}\" data-widget_type=\"gallery.default\">\n\t\t\t\t<div class=\"elementor-widget-container\">\n\t\t\t\t\t\t\t<div class=\"elementor-gallery__container\">\n\t\t\t\t\t\t\t<a class=\"e-gallery-item elementor-gallery-item elementor-animated-content\" href=\"https:\/\/www.speziell.net\/beta\/wp-content\/uploads\/2023\/03\/2011_Studio-Domo_PRIVY_by_speziell_Familie_Freisteller.jpg\" data-elementor-open-lightbox=\"yes\" data-elementor-lightbox-slideshow=\"26cda289\" data-elementor-lightbox-title=\"Studio Domo &quot;Privy&quot;\" data-elementor-lightbox-description=\"Studio Domo: Badaccessoireserie Privy by Designstudio speziell\u00ae \u2013 Handtuchhalter, Toilettenrollenhalter, Toilettenb\u00fcrste, M\u00fclleimer\" data-e-action-hash=\"#elementor-action%3Aaction%3Dlightbox%26settings%3DeyJpZCI6MjIyNiwidXJsIjoiaHR0cHM6XC9cL3d3dy5zcGV6aWVsbC5uZXRcL2JldGFcL3dwLWNvbnRlbnRcL3VwbG9hZHNcLzIwMjNcLzAzXC8yMDExX1N0dWRpby1Eb21vX1BSSVZZX2J5X3NwZXppZWxsX0ZhbWlsaWVfRnJlaXN0ZWxsZXIuanBnIiwic2xpZGVzaG93IjoiMjZjZGEyODkifQ%3D%3D\">\n\t\t\t\t\t<div class=\"e-gallery-image elementor-gallery-item__image\" data-thumbnail=\"https:\/\/www.speziell.net\/beta\/wp-content\/uploads\/2023\/03\/2011_Studio-Domo_PRIVY_by_speziell_Familie_Freisteller-738x1024.jpg\" data-width=\"738\" data-height=\"1024\" aria-label=\"Studio Domo: Badaccessoireserie Privy by Designstudio speziell\u00ae \u2013 Handtuchhalter, Toilettenrollenhalter, Toilettenb\u00fcrste, M\u00fclleimer\" role=\"img\" ><\/div>\n\t\t\t\t\t\t\t\t\t\t\t<div class=\"elementor-gallery-item__overlay\"><\/div>\n\t\t\t\t\t\t\t\t\t\t\t\t\t\t<\/a>\n\t\t\t\t\t\t\t<a class=\"e-gallery-item elementor-gallery-item elementor-animated-content\" href=\"https:\/\/www.speziell.net\/beta\/wp-content\/uploads\/2023\/03\/2011_Studio-Domo_PRIVY_by_speziell_Handtuchhalter.jpg\" data-elementor-open-lightbox=\"yes\" data-elementor-lightbox-slideshow=\"26cda289\" data-elementor-lightbox-title=\"Studio Domo &quot;Privy&quot;\" data-elementor-lightbox-description=\"Studio Domo: Badaccessoireserie Privy by Designstudio speziell\u00ae \u2013 Freistehender Handtuchhalter\" data-e-action-hash=\"#elementor-action%3Aaction%3Dlightbox%26settings%3DeyJpZCI6MjIyNywidXJsIjoiaHR0cHM6XC9cL3d3dy5zcGV6aWVsbC5uZXRcL2JldGFcL3dwLWNvbnRlbnRcL3VwbG9hZHNcLzIwMjNcLzAzXC8yMDExX1N0dWRpby1Eb21vX1BSSVZZX2J5X3NwZXppZWxsX0hhbmR0dWNoaGFsdGVyLmpwZyIsInNsaWRlc2hvdyI6IjI2Y2RhMjg5In0%3D\">\n\t\t\t\t\t<div class=\"e-gallery-image elementor-gallery-item__image\" data-thumbnail=\"https:\/\/www.speziell.net\/beta\/wp-content\/uploads\/2023\/03\/2011_Studio-Domo_PRIVY_by_speziell_Handtuchhalter-683x1024.jpg\" data-width=\"683\" data-height=\"1024\" aria-label=\"Studio Domo: Badaccessoireserie Privy by Designstudio speziell\u00ae \u2013 Freistehender Handtuchhalter\" role=\"img\" ><\/div>\n\t\t\t\t\t\t\t\t\t\t\t<div class=\"elementor-gallery-item__overlay\"><\/div>\n\t\t\t\t\t\t\t\t\t\t\t\t\t\t<\/a>\n\t\t\t\t\t\t\t<a class=\"e-gallery-item elementor-gallery-item elementor-animated-content\" href=\"https:\/\/www.speziell.net\/beta\/wp-content\/uploads\/2023\/03\/2011_Studio-Domo_PRIVY_by_speziell_Set-Toibuerste-geoeffnet.jpg\" data-elementor-open-lightbox=\"yes\" data-elementor-lightbox-slideshow=\"26cda289\" data-elementor-lightbox-title=\"Studio Domo &quot;Privy&quot;\" data-elementor-lightbox-description=\"Studio Domo: Badaccessoireserie Privy by Designstudio speziell\u00ae \u2013 Toilettenb\u00fcrste mit M\u00fclleimer\" data-e-action-hash=\"#elementor-action%3Aaction%3Dlightbox%26settings%3DeyJpZCI6MjIzMiwidXJsIjoiaHR0cHM6XC9cL3d3dy5zcGV6aWVsbC5uZXRcL2JldGFcL3dwLWNvbnRlbnRcL3VwbG9hZHNcLzIwMjNcLzAzXC8yMDExX1N0dWRpby1Eb21vX1BSSVZZX2J5X3NwZXppZWxsX1NldC1Ub2lidWVyc3RlLWdlb2VmZm5ldC5qcGciLCJzbGlkZXNob3ciOiIyNmNkYTI4OSJ9\">\n\t\t\t\t\t<div class=\"e-gallery-image elementor-gallery-item__image\" data-thumbnail=\"https:\/\/www.speziell.net\/beta\/wp-content\/uploads\/2023\/03\/2011_Studio-Domo_PRIVY_by_speziell_Set-Toibuerste-geoeffnet-683x1024.jpg\" data-width=\"683\" data-height=\"1024\" aria-label=\"Studio Domo: Badaccessoireserie Privy by Designstudio speziell\u00ae \u2013 Toilettenb\u00fcrste mit M\u00fclleimer\" role=\"img\" ><\/div>\n\t\t\t\t\t\t\t\t\t\t\t<div class=\"elementor-gallery-item__overlay\"><\/div>\n\t\t\t\t\t\t\t\t\t\t\t\t\t\t<\/a>\n\t\t\t\t\t\t\t<a class=\"e-gallery-item elementor-gallery-item elementor-animated-content\" href=\"https:\/\/www.speziell.net\/beta\/wp-content\/uploads\/2023\/03\/2011_Studio-Domo_PRIVY_by_speziell_Set-Toibuerste-Fixierung.jpg\" data-elementor-open-lightbox=\"yes\" data-elementor-lightbox-slideshow=\"26cda289\" data-elementor-lightbox-title=\"Studio Domo &quot;Privy&quot;\" data-elementor-lightbox-description=\"Studio Domo: Badaccessoireserie Privy by Designstudio speziell\u00ae \u2013 Toilettenb\u00fcrste mit M\u00fclleimer\" data-e-action-hash=\"#elementor-action%3Aaction%3Dlightbox%26settings%3DeyJpZCI6MjIzMSwidXJsIjoiaHR0cHM6XC9cL3d3dy5zcGV6aWVsbC5uZXRcL2JldGFcL3dwLWNvbnRlbnRcL3VwbG9hZHNcLzIwMjNcLzAzXC8yMDExX1N0dWRpby1Eb21vX1BSSVZZX2J5X3NwZXppZWxsX1NldC1Ub2lidWVyc3RlLUZpeGllcnVuZy5qcGciLCJzbGlkZXNob3ciOiIyNmNkYTI4OSJ9\">\n\t\t\t\t\t<div class=\"e-gallery-image elementor-gallery-item__image\" data-thumbnail=\"https:\/\/www.speziell.net\/beta\/wp-content\/uploads\/2023\/03\/2011_Studio-Domo_PRIVY_by_speziell_Set-Toibuerste-Fixierung-683x1024.jpg\" data-width=\"683\" data-height=\"1024\" aria-label=\"Studio Domo: Badaccessoireserie Privy by Designstudio speziell\u00ae \u2013 Toilettenb\u00fcrste mit M\u00fclleimer\" role=\"img\" ><\/div>\n\t\t\t\t\t\t\t\t\t\t\t<div class=\"elementor-gallery-item__overlay\"><\/div>\n\t\t\t\t\t\t\t\t\t\t\t\t\t\t<\/a>\n\t\t\t\t\t\t\t<a class=\"e-gallery-item elementor-gallery-item elementor-animated-content\" href=\"https:\/\/www.speziell.net\/beta\/wp-content\/uploads\/2023\/03\/2011_Studio-Domo_PRIVY_by_speziell_Rollenhalter_2.jpg\" data-elementor-open-lightbox=\"yes\" data-elementor-lightbox-slideshow=\"26cda289\" data-elementor-lightbox-title=\"2011_Studio Domo_PRIVY_by_speziell_Rollenhalter_2\" data-elementor-lightbox-description=\"Studio Domo: Badaccessoireserie Privy by Designstudio speziell\u00ae \u2013 Freistehender Toilettenrollenhalter mit Zeitschriftenst\u00e4nder\" data-e-action-hash=\"#elementor-action%3Aaction%3Dlightbox%26settings%3DeyJpZCI6MjIzNCwidXJsIjoiaHR0cHM6XC9cL3d3dy5zcGV6aWVsbC5uZXRcL2JldGFcL3dwLWNvbnRlbnRcL3VwbG9hZHNcLzIwMjNcLzAzXC8yMDExX1N0dWRpby1Eb21vX1BSSVZZX2J5X3NwZXppZWxsX1JvbGxlbmhhbHRlcl8yLmpwZyIsInNsaWRlc2hvdyI6IjI2Y2RhMjg5In0%3D\">\n\t\t\t\t\t<div class=\"e-gallery-image elementor-gallery-item__image\" data-thumbnail=\"https:\/\/www.speziell.net\/beta\/wp-content\/uploads\/2023\/03\/2011_Studio-Domo_PRIVY_by_speziell_Rollenhalter_2-683x1024.jpg\" data-width=\"683\" data-height=\"1024\" aria-label=\"Studio Domo: Badaccessoireserie Privy by Designstudio speziell\u00ae \u2013 Freistehender Toilettenrollenhalter mit Zeitschriftenst\u00e4nder\" role=\"img\" ><\/div>\n\t\t\t\t\t\t\t\t\t\t\t<div class=\"elementor-gallery-item__overlay\"><\/div>\n\t\t\t\t\t\t\t\t\t\t\t\t\t\t<\/a>\n\t\t\t\t\t\t\t<a class=\"e-gallery-item elementor-gallery-item elementor-animated-content\" href=\"https:\/\/www.speziell.net\/beta\/wp-content\/uploads\/2023\/03\/2011_Studio-Domo_PRIVY_by_speziell_Rollenhalter_Detail.jpg\" data-elementor-open-lightbox=\"yes\" data-elementor-lightbox-slideshow=\"26cda289\" data-elementor-lightbox-title=\"Studio Domo &quot;Privy&quot;\" data-elementor-lightbox-description=\"Studio Domo: Badaccessoireserie Privy by Designstudio speziell\u00ae \u2013 Freistehender Toilettenrollenhalter mit Zeitschriftenst\u00e4nder\" data-e-action-hash=\"#elementor-action%3Aaction%3Dlightbox%26settings%3DeyJpZCI6MjIzMCwidXJsIjoiaHR0cHM6XC9cL3d3dy5zcGV6aWVsbC5uZXRcL2JldGFcL3dwLWNvbnRlbnRcL3VwbG9hZHNcLzIwMjNcLzAzXC8yMDExX1N0dWRpby1Eb21vX1BSSVZZX2J5X3NwZXppZWxsX1JvbGxlbmhhbHRlcl9EZXRhaWwuanBnIiwic2xpZGVzaG93IjoiMjZjZGEyODkifQ%3D%3D\">\n\t\t\t\t\t<div class=\"e-gallery-image elementor-gallery-item__image\" data-thumbnail=\"https:\/\/www.speziell.net\/beta\/wp-content\/uploads\/2023\/03\/2011_Studio-Domo_PRIVY_by_speziell_Rollenhalter_Detail-683x1024.jpg\" data-width=\"683\" data-height=\"1024\" aria-label=\"Studio Domo: Badaccessoireserie Privy by Designstudio speziell\u00ae \u2013 Freistehender Toilettenrollenhalter mit Zeitschriftenst\u00e4nder\" role=\"img\" ><\/div>\n\t\t\t\t\t\t\t\t\t\t\t<div class=\"elementor-gallery-item__overlay\"><\/div>\n\t\t\t\t\t\t\t\t\t\t\t\t\t\t<\/a>\n\t\t\t\t\t\t\t<a class=\"e-gallery-item elementor-gallery-item elementor-animated-content\" href=\"https:\/\/www.speziell.net\/beta\/wp-content\/uploads\/2023\/03\/2011_Studio-Domo_PRIVY_by_speziell_Handtuchhalter_Detail.jpg\" data-elementor-open-lightbox=\"yes\" data-elementor-lightbox-slideshow=\"26cda289\" data-elementor-lightbox-title=\"Studio Domo &quot;Privy&quot;\" data-elementor-lightbox-description=\"Studio Domo: Badaccessoireserie Privy by Designstudio speziell\u00ae \u2013 Freistehender Handtuchhalter\" data-e-action-hash=\"#elementor-action%3Aaction%3Dlightbox%26settings%3DeyJpZCI6MjIyOCwidXJsIjoiaHR0cHM6XC9cL3d3dy5zcGV6aWVsbC5uZXRcL2JldGFcL3dwLWNvbnRlbnRcL3VwbG9hZHNcLzIwMjNcLzAzXC8yMDExX1N0dWRpby1Eb21vX1BSSVZZX2J5X3NwZXppZWxsX0hhbmR0dWNoaGFsdGVyX0RldGFpbC5qcGciLCJzbGlkZXNob3ciOiIyNmNkYTI4OSJ9\">\n\t\t\t\t\t<div class=\"e-gallery-image elementor-gallery-item__image\" data-thumbnail=\"https:\/\/www.speziell.net\/beta\/wp-content\/uploads\/2023\/03\/2011_Studio-Domo_PRIVY_by_speziell_Handtuchhalter_Detail-683x1024.jpg\" data-width=\"683\" data-height=\"1024\" aria-label=\"Studio Domo: Badaccessoireserie Privy by Designstudio speziell\u00ae \u2013 Freistehender Handtuchhalter\" role=\"img\" ><\/div>\n\t\t\t\t\t\t\t\t\t\t\t<div class=\"elementor-gallery-item__overlay\"><\/div>\n\t\t\t\t\t\t\t\t\t\t\t\t\t\t<\/a>\n\t\t\t\t\t<\/div>\n\t\t\t\t\t<\/div>\n\t\t\t\t<\/div>\n\t\t\t\t\t<\/div>\n\t\t<\/div>\n\t\t\t\t\t<\/div>\n\t\t<\/section>\n\t\t\t\t<\/div>\n\t\t","protected":false},"excerpt":{"rendered":"<p>STUDIO DOMO: PRIVY Badaccessoireserie Die Serie PRIVY besteht aus 4 n\u00fctzlichen und raumsparenden Accessoires f\u00fcr Bad bzw. Toilette. Der freistehende Toilettenpapierhalter spendet nicht nur Bl\u00e4tter von der Rolle, sondern h\u00e4lt im Fu\u00df auch Lesestoff bereit. Hierf\u00fcr wurde das MAGGY Zeitschriftenrack durch eine neue Funktion erweitert. Dazu passt die Kombination aus Toilettenb\u00fcrste und M\u00fclleimer mit Deckel. [&hellip;]<\/p>\n","protected":false},"author":1,"featured_media":2232,"parent":9,"menu_order":0,"comment_status":"closed","ping_status":"closed","template":"","meta":{"footnotes":""},"class_list":["post-2224","page","type-page","status-publish","has-post-thumbnail","hentry"],"_links":{"self":[{"href":"https:\/\/www.speziell.net\/beta\/wp-json\/wp\/v2\/pages\/2224","targetHints":{"allow":["GET"]}}],"collection":[{"href":"https:\/\/www.speziell.net\/beta\/wp-json\/wp\/v2\/pages"}],"about":[{"href":"https:\/\/www.speziell.net\/beta\/wp-json\/wp\/v2\/types\/page"}],"author":[{"embeddable":true,"href":"https:\/\/www.speziell.net\/beta\/wp-json\/wp\/v2\/users\/1"}],"replies":[{"embeddable":true,"href":"https:\/\/www.speziell.net\/beta\/wp-json\/wp\/v2\/comments?post=2224"}],"version-history":[{"count":40,"href":"https:\/\/www.speziell.net\/beta\/wp-json\/wp\/v2\/pages\/2224\/revisions"}],"predecessor-version":[{"id":5082,"href":"https:\/\/www.speziell.net\/beta\/wp-json\/wp\/v2\/pages\/2224\/revisions\/5082"}],"up":[{"embeddable":true,"href":"https:\/\/www.speziell.net\/beta\/wp-json\/wp\/v2\/pages\/9"}],"wp:featuredmedia":[{"embeddable":true,"href":"https:\/\/www.speziell.net\/beta\/wp-json\/wp\/v2\/media\/2232"}],"wp:attachment":[{"href":"https:\/\/www.speziell.net\/beta\/wp-json\/wp\/v2\/media?parent=2224"}],"curies":[{"name":"wp","href":"https:\/\/api.w.org\/{rel}","templated":true}]}}