{"id":2337,"date":"2003-03-13T16:17:00","date_gmt":"2003-03-13T15:17:00","guid":{"rendered":"https:\/\/www.speziell.net\/beta\/?page_id=2337"},"modified":"2023-11-06T18:07:50","modified_gmt":"2023-11-06T17:07:50","slug":"flockprojekt","status":"publish","type":"page","link":"https:\/\/www.speziell.net\/beta\/home\/flockprojekt\/","title":{"rendered":"FLOCK"},"content":{"rendered":"\t\t<div data-elementor-type=\"wp-page\" data-elementor-id=\"2337\" class=\"elementor elementor-2337\" data-elementor-post-type=\"page\">\n\t\t\t\t\t\t<section class=\"elementor-section elementor-top-section elementor-element elementor-element-3d300423 elementor-section-boxed elementor-section-height-default elementor-section-height-default\" data-id=\"3d300423\" data-element_type=\"section\" data-e-type=\"section\">\n\t\t\t\t\t\t<div class=\"elementor-container elementor-column-gap-default\">\n\t\t\t\t\t<div class=\"elementor-column elementor-col-100 elementor-top-column elementor-element elementor-element-3580771\" data-id=\"3580771\" data-element_type=\"column\" data-e-type=\"column\">\n\t\t\t<div class=\"elementor-widget-wrap elementor-element-populated\">\n\t\t\t\t\t\t<div class=\"elementor-element elementor-element-48fb4612 elementor-hidden-mobile elementor-hidden-tablet elementor-widget elementor-widget-image\" data-id=\"48fb4612\" data-element_type=\"widget\" data-e-type=\"widget\" data-widget_type=\"image.default\">\n\t\t\t\t<div class=\"elementor-widget-container\">\n\t\t\t\t\t\t\t\t\t\t\t\t\t\t\t\t<a href=\"https:\/\/www.speziell.net\/beta\/home\/\">\n\t\t\t\t\t\t\t<img decoding=\"async\" width=\"100\" height=\"100\" src=\"https:\/\/www.speziell.net\/beta\/wp-content\/uploads\/2023\/02\/speziell_logo_grau-1.svg\" class=\"attachment-large size-large wp-image-731\" alt=\"Designstudio speziell\u00ae \u2013 Fleckenstein Pohlmann Schwer GbR\" \/>\t\t\t\t\t\t\t\t<\/a>\n\t\t\t\t\t\t\t\t\t\t\t\t\t\t\t<\/div>\n\t\t\t\t<\/div>\n\t\t\t\t<div class=\"elementor-element elementor-element-197e35ff elementor-hidden-desktop elementor-widget elementor-widget-image\" data-id=\"197e35ff\" data-element_type=\"widget\" data-e-type=\"widget\" data-widget_type=\"image.default\">\n\t\t\t\t<div class=\"elementor-widget-container\">\n\t\t\t\t\t\t\t\t\t\t\t\t\t\t\t\t<a href=\"https:\/\/www.speziell.net\/beta\/home\/\">\n\t\t\t\t\t\t\t<img decoding=\"async\" width=\"100\" height=\"100\" src=\"https:\/\/www.speziell.net\/beta\/wp-content\/uploads\/2023\/03\/speziell_logo_oSubline.svg\" class=\"attachment-large size-large wp-image-2739\" alt=\"\" \/>\t\t\t\t\t\t\t\t<\/a>\n\t\t\t\t\t\t\t\t\t\t\t\t\t\t\t<\/div>\n\t\t\t\t<\/div>\n\t\t\t\t\t<\/div>\n\t\t<\/div>\n\t\t\t\t\t<\/div>\n\t\t<\/section>\n\t\t\t\t<section class=\"elementor-section elementor-top-section elementor-element elementor-element-5591a66d elementor-section-boxed elementor-section-height-default elementor-section-height-default\" data-id=\"5591a66d\" data-element_type=\"section\" data-e-type=\"section\">\n\t\t\t\t\t\t<div class=\"elementor-container elementor-column-gap-default\">\n\t\t\t\t\t<div class=\"elementor-column elementor-col-50 elementor-top-column elementor-element elementor-element-68267e5d\" data-id=\"68267e5d\" data-element_type=\"column\" data-e-type=\"column\">\n\t\t\t<div class=\"elementor-widget-wrap elementor-element-populated\">\n\t\t\t\t\t\t<div class=\"elementor-element elementor-element-464a3feb elementor-widget elementor-widget-heading\" data-id=\"464a3feb\" data-element_type=\"widget\" data-e-type=\"widget\" data-widget_type=\"heading.default\">\n\t\t\t\t<div class=\"elementor-widget-container\">\n\t\t\t\t\t<h2 class=\"elementor-heading-title elementor-size-default\">FLOCK ASSOCIATION: FLOCK PROJEKT<\/h2>\t\t\t\t<\/div>\n\t\t\t\t<\/div>\n\t\t\t\t<div class=\"elementor-element elementor-element-e192733 elementor-widget elementor-widget-text-editor\" data-id=\"e192733\" data-element_type=\"widget\" data-e-type=\"widget\" data-widget_type=\"text-editor.default\">\n\t\t\t\t<div class=\"elementor-widget-container\">\n\t\t\t\t\t\t\t\t\t<p>Produktentwicklung und Imagekampagne<\/p>\t\t\t\t\t\t\t\t<\/div>\n\t\t\t\t<\/div>\n\t\t\t\t<div class=\"elementor-element elementor-element-6818c403 elementor-widget elementor-widget-text-editor\" data-id=\"6818c403\" data-element_type=\"widget\" data-e-type=\"widget\" data-widget_type=\"text-editor.default\">\n\t\t\t\t<div class=\"elementor-widget-container\">\n\t\t\t\t\t\t\t\t\t<p>Das Potenzial von FLOCK als Oberfl\u00e4chenbeschichtung soll der \u00d6ffentlichkeit vorgestellt werden. Lifestylezeitschriften und die designorientierte Konsumg\u00fcterindustrie werden als Multiplikatoren angesprochen. Hochwertiges Informationsmaterial und anspruchsvolle Produktbeispiele wecken das Interesse an&nbsp;FLOCK .<\/p>\n<p>Projektverlauf: Konzeption der Imagekampagne \/ Entwurf von Produkten, bei denen FLOCK dekorativ und funktional zum Einsatz kommt \/ Gestaltung eines Leporellos als Werbematerial \/ Erstellen von Prototypen \/ Pr\u00e4sentation des Projektes auf Internationalen Messen.<\/p>\n<p>Hersteller:<br><a href=\"https:\/\/www.flock.de\/de\" target=\"_blank\" rel=\"noopener\">https:\/\/www.flock.de\/de<\/a><\/p>\t\t\t\t\t\t\t\t<\/div>\n\t\t\t\t<\/div>\n\t\t\t\t\t<\/div>\n\t\t<\/div>\n\t\t\t\t<div class=\"elementor-column elementor-col-50 elementor-top-column elementor-element elementor-element-2714475b\" data-id=\"2714475b\" data-element_type=\"column\" data-e-type=\"column\">\n\t\t\t<div class=\"elementor-widget-wrap elementor-element-populated\">\n\t\t\t\t\t\t<div class=\"elementor-element elementor-element-639fe4a1 elementor-widget elementor-widget-gallery\" data-id=\"639fe4a1\" data-element_type=\"widget\" data-e-type=\"widget\" data-settings=\"{&quot;gallery_layout&quot;:&quot;masonry&quot;,&quot;columns&quot;:2,&quot;lazyload&quot;:&quot;yes&quot;,&quot;columns_tablet&quot;:2,&quot;columns_mobile&quot;:1,&quot;gap&quot;:{&quot;unit&quot;:&quot;px&quot;,&quot;size&quot;:10,&quot;sizes&quot;:[]},&quot;gap_tablet&quot;:{&quot;unit&quot;:&quot;px&quot;,&quot;size&quot;:10,&quot;sizes&quot;:[]},&quot;gap_mobile&quot;:{&quot;unit&quot;:&quot;px&quot;,&quot;size&quot;:10,&quot;sizes&quot;:[]},&quot;link_to&quot;:&quot;file&quot;,&quot;overlay_background&quot;:&quot;yes&quot;,&quot;content_hover_animation&quot;:&quot;fade-in&quot;}\" data-widget_type=\"gallery.default\">\n\t\t\t\t<div class=\"elementor-widget-container\">\n\t\t\t\t\t\t\t<div class=\"elementor-gallery__container\">\n\t\t\t\t\t\t\t<a class=\"e-gallery-item elementor-gallery-item elementor-animated-content\" href=\"https:\/\/www.speziell.net\/beta\/wp-content\/uploads\/2023\/03\/2003_Flockverband_KOMMODE_by_speziell_Detail.jpg\" data-elementor-open-lightbox=\"yes\" data-elementor-lightbox-slideshow=\"639fe4a1\" data-elementor-lightbox-title=\"speziell_kommode\" data-elementor-lightbox-description=\"Flock Association of Europe: Produktentwicklung und Imagekampagne by Designstudio speziell\u00ae \u2013 Produktbeispiel Flockkomode, Prototyp, Detail des beflockten T-Profils, das die Teile fixiert und gleichzeitig eine Gleitschiene f\u00fcr die Schubladen bietet\" data-e-action-hash=\"#elementor-action%3Aaction%3Dlightbox%26settings%3DeyJpZCI6MjMzMCwidXJsIjoiaHR0cHM6XC9cL3d3dy5zcGV6aWVsbC5uZXRcL2JldGFcL3dwLWNvbnRlbnRcL3VwbG9hZHNcLzIwMjNcLzAzXC8yMDAzX0Zsb2NrdmVyYmFuZF9LT01NT0RFX2J5X3NwZXppZWxsX0RldGFpbC5qcGciLCJzbGlkZXNob3ciOiI2MzlmZTRhMSJ9\">\n\t\t\t\t\t<div class=\"e-gallery-image elementor-gallery-item__image\" data-thumbnail=\"https:\/\/www.speziell.net\/beta\/wp-content\/uploads\/2023\/03\/2003_Flockverband_KOMMODE_by_speziell_Detail-1024x758.jpg\" data-width=\"800\" data-height=\"592\" aria-label=\"Flock Association of Europe: Produktentwicklung und Imagekampagne by Designstudio speziell\u00ae \u2013 Produktbeispiel Flockkomode, Prototyp, Detail des beflockten T-Profils, das die Teile fixiert und gleichzeitig eine Gleitschiene f\u00fcr die Schubladen bietet\" role=\"img\" ><\/div>\n\t\t\t\t\t\t\t\t\t\t\t<div class=\"elementor-gallery-item__overlay\"><\/div>\n\t\t\t\t\t\t\t\t\t\t\t\t\t\t<\/a>\n\t\t\t\t\t\t\t<a class=\"e-gallery-item elementor-gallery-item elementor-animated-content\" href=\"https:\/\/www.speziell.net\/beta\/wp-content\/uploads\/2023\/03\/2003_Flockverband_KOMMODE_by_speziell_hoch-und-niedrig.jpg\" data-elementor-open-lightbox=\"yes\" data-elementor-lightbox-slideshow=\"639fe4a1\" data-elementor-lightbox-title=\"2003_Flockverband_KOMMODE_by_speziell_hoch und niedrig\" data-elementor-lightbox-description=\"Flock Association of Europe: Produktentwicklung und Imagekampagne by Designstudio speziell\u00ae \u2013 Produktbeispiel Flockkomode, Prototyp, alle Bauteile k\u00f6nnen werkzeuglos zusammengesteckt werden\" data-e-action-hash=\"#elementor-action%3Aaction%3Dlightbox%26settings%3DeyJpZCI6MjMzMSwidXJsIjoiaHR0cHM6XC9cL3d3dy5zcGV6aWVsbC5uZXRcL2JldGFcL3dwLWNvbnRlbnRcL3VwbG9hZHNcLzIwMjNcLzAzXC8yMDAzX0Zsb2NrdmVyYmFuZF9LT01NT0RFX2J5X3NwZXppZWxsX2hvY2gtdW5kLW5pZWRyaWcuanBnIiwic2xpZGVzaG93IjoiNjM5ZmU0YTEifQ%3D%3D\">\n\t\t\t\t\t<div class=\"e-gallery-image elementor-gallery-item__image\" data-thumbnail=\"https:\/\/www.speziell.net\/beta\/wp-content\/uploads\/2023\/03\/2003_Flockverband_KOMMODE_by_speziell_hoch-und-niedrig-758x1024.jpg\" data-width=\"758\" data-height=\"1024\" aria-label=\"Flock Association of Europe: Produktentwicklung und Imagekampagne by Designstudio speziell\u00ae \u2013 Produktbeispiel Flockkomode, Prototyp, alle Bauteile k\u00f6nnen werkzeuglos zusammengesteckt werden\" role=\"img\" ><\/div>\n\t\t\t\t\t\t\t\t\t\t\t<div class=\"elementor-gallery-item__overlay\"><\/div>\n\t\t\t\t\t\t\t\t\t\t\t\t\t\t<\/a>\n\t\t\t\t\t\t\t<a class=\"e-gallery-item elementor-gallery-item elementor-animated-content\" href=\"https:\/\/www.speziell.net\/beta\/wp-content\/uploads\/2023\/03\/2003_Flockverband_KOMMODE_by_speziell_Teile-Uebersicht.jpg\" data-elementor-open-lightbox=\"yes\" data-elementor-lightbox-slideshow=\"639fe4a1\" data-elementor-lightbox-title=\"2003_Flockverband_KOMMODE_by_speziell_Teile \u00dcbersicht\" data-elementor-lightbox-description=\"Flock Association of Europe: Produktentwicklung und Imagekampagne by Designstudio speziell\u00ae \u2013 Produktbeispiel Flockkomode, Prototyp, alle Bauteile k\u00f6nnen werkzeuglos zusammengesteckt werden\" data-e-action-hash=\"#elementor-action%3Aaction%3Dlightbox%26settings%3DeyJpZCI6MjMzMiwidXJsIjoiaHR0cHM6XC9cL3d3dy5zcGV6aWVsbC5uZXRcL2JldGFcL3dwLWNvbnRlbnRcL3VwbG9hZHNcLzIwMjNcLzAzXC8yMDAzX0Zsb2NrdmVyYmFuZF9LT01NT0RFX2J5X3NwZXppZWxsX1RlaWxlLVVlYmVyc2ljaHQuanBnIiwic2xpZGVzaG93IjoiNjM5ZmU0YTEifQ%3D%3D\">\n\t\t\t\t\t<div class=\"e-gallery-image elementor-gallery-item__image\" data-thumbnail=\"https:\/\/www.speziell.net\/beta\/wp-content\/uploads\/2023\/03\/2003_Flockverband_KOMMODE_by_speziell_Teile-Uebersicht-1024x683.jpg\" data-width=\"800\" data-height=\"534\" aria-label=\"Flock Association of Europe: Produktentwicklung und Imagekampagne by Designstudio speziell\u00ae \u2013 Produktbeispiel Flockkomode, Prototyp, alle Bauteile k\u00f6nnen werkzeuglos zusammengesteckt werden\" role=\"img\" ><\/div>\n\t\t\t\t\t\t\t\t\t\t\t<div class=\"elementor-gallery-item__overlay\"><\/div>\n\t\t\t\t\t\t\t\t\t\t\t\t\t\t<\/a>\n\t\t\t\t\t\t\t<a class=\"e-gallery-item elementor-gallery-item elementor-animated-content\" href=\"https:\/\/www.speziell.net\/beta\/wp-content\/uploads\/2023\/03\/2003_Flockverband_RINGE_by_speziell_Detail.jpg\" data-elementor-open-lightbox=\"yes\" data-elementor-lightbox-slideshow=\"639fe4a1\" data-elementor-lightbox-title=\"2003_Flockverband_RINGE_by_speziell_Detail\" data-elementor-lightbox-description=\"Flock Association of Europe: Produktentwicklung und Imagekampagne by Designstudio speziell\u00ae \u2013 Produktbeispiel Fingerringe, Flockbeschichtung aus Naturfasern als Farbeffekt und f\u00fcr den Tragekomfort\" data-e-action-hash=\"#elementor-action%3Aaction%3Dlightbox%26settings%3DeyJpZCI6MjMzMywidXJsIjoiaHR0cHM6XC9cL3d3dy5zcGV6aWVsbC5uZXRcL2JldGFcL3dwLWNvbnRlbnRcL3VwbG9hZHNcLzIwMjNcLzAzXC8yMDAzX0Zsb2NrdmVyYmFuZF9SSU5HRV9ieV9zcGV6aWVsbF9EZXRhaWwuanBnIiwic2xpZGVzaG93IjoiNjM5ZmU0YTEifQ%3D%3D\">\n\t\t\t\t\t<div class=\"e-gallery-image elementor-gallery-item__image\" data-thumbnail=\"https:\/\/www.speziell.net\/beta\/wp-content\/uploads\/2023\/03\/2003_Flockverband_RINGE_by_speziell_Detail-1024x758.jpg\" data-width=\"800\" data-height=\"592\" aria-label=\"Flock Association of Europe: Produktentwicklung und Imagekampagne by Designstudio speziell\u00ae \u2013 Produktbeispiel Fingerringe, Flockbeschichtung aus Naturfasern als Farbeffekt und f\u00fcr den Tragekomfort\" role=\"img\" ><\/div>\n\t\t\t\t\t\t\t\t\t\t\t<div class=\"elementor-gallery-item__overlay\"><\/div>\n\t\t\t\t\t\t\t\t\t\t\t\t\t\t<\/a>\n\t\t\t\t\t\t\t<a class=\"e-gallery-item elementor-gallery-item elementor-animated-content\" href=\"https:\/\/www.speziell.net\/beta\/wp-content\/uploads\/2023\/03\/2003_Flockverband_TABLETT_by_speziell_2-Ansichten.jpg\" data-elementor-open-lightbox=\"yes\" data-elementor-lightbox-slideshow=\"639fe4a1\" data-elementor-lightbox-title=\"speziell_tablett\" data-elementor-lightbox-description=\"Flock Association of Europe: Produktentwicklung und Imagekampagne by Designstudio speziell\u00ae \u2013 Produktbeispiel Tablett, Prototyp, Flockbeschichtung auf der Unterseite als Kratszschutz f\u00fcr M\u00f6bel\" data-e-action-hash=\"#elementor-action%3Aaction%3Dlightbox%26settings%3DeyJpZCI6MjMzNCwidXJsIjoiaHR0cHM6XC9cL3d3dy5zcGV6aWVsbC5uZXRcL2JldGFcL3dwLWNvbnRlbnRcL3VwbG9hZHNcLzIwMjNcLzAzXC8yMDAzX0Zsb2NrdmVyYmFuZF9UQUJMRVRUX2J5X3NwZXppZWxsXzItQW5zaWNodGVuLmpwZyIsInNsaWRlc2hvdyI6IjYzOWZlNGExIn0%3D\">\n\t\t\t\t\t<div class=\"e-gallery-image elementor-gallery-item__image\" data-thumbnail=\"https:\/\/www.speziell.net\/beta\/wp-content\/uploads\/2023\/03\/2003_Flockverband_TABLETT_by_speziell_2-Ansichten-1024x758.jpg\" data-width=\"800\" data-height=\"592\" aria-label=\"Flock Association of Europe: Produktentwicklung und Imagekampagne by Designstudio speziell\u00ae \u2013 Produktbeispiel Tablett, Prototyp, Flockbeschichtung auf der Unterseite als Kratszschutz f\u00fcr M\u00f6bel\" role=\"img\" ><\/div>\n\t\t\t\t\t\t\t\t\t\t\t<div class=\"elementor-gallery-item__overlay\"><\/div>\n\t\t\t\t\t\t\t\t\t\t\t\t\t\t<\/a>\n\t\t\t\t\t\t\t<a class=\"e-gallery-item elementor-gallery-item elementor-animated-content\" href=\"https:\/\/www.speziell.net\/beta\/wp-content\/uploads\/2023\/03\/2003_Flockverband_TISCHLICHT_by_speziell_Detail.jpg\" data-elementor-open-lightbox=\"yes\" data-elementor-lightbox-slideshow=\"639fe4a1\" data-elementor-lightbox-title=\"speziell_tischlicht\" data-elementor-lightbox-description=\"Flock Association of Europe: Produktentwicklung und Imagekampagne by Designstudio speziell\u00ae \u2013 Produktbeispiel Leuchte, Prototyp, Detail\" data-e-action-hash=\"#elementor-action%3Aaction%3Dlightbox%26settings%3DeyJpZCI6MjMzNiwidXJsIjoiaHR0cHM6XC9cL3d3dy5zcGV6aWVsbC5uZXRcL2JldGFcL3dwLWNvbnRlbnRcL3VwbG9hZHNcLzIwMjNcLzAzXC8yMDAzX0Zsb2NrdmVyYmFuZF9USVNDSExJQ0hUX2J5X3NwZXppZWxsX0RldGFpbC5qcGciLCJzbGlkZXNob3ciOiI2MzlmZTRhMSJ9\">\n\t\t\t\t\t<div class=\"e-gallery-image elementor-gallery-item__image\" data-thumbnail=\"https:\/\/www.speziell.net\/beta\/wp-content\/uploads\/2023\/03\/2003_Flockverband_TISCHLICHT_by_speziell_Detail-1024x758.jpg\" data-width=\"800\" data-height=\"592\" aria-label=\"Flock Association of Europe: Produktentwicklung und Imagekampagne by Designstudio speziell\u00ae \u2013 Produktbeispiel Leuchte, Prototyp, Detail\" role=\"img\" ><\/div>\n\t\t\t\t\t\t\t\t\t\t\t<div class=\"elementor-gallery-item__overlay\"><\/div>\n\t\t\t\t\t\t\t\t\t\t\t\t\t\t<\/a>\n\t\t\t\t\t\t\t<a class=\"e-gallery-item elementor-gallery-item elementor-animated-content\" href=\"https:\/\/www.speziell.net\/beta\/wp-content\/uploads\/2023\/03\/2003_Flockverband_TISCHLICHT_by_speziell_2-Ansichten.jpg\" data-elementor-open-lightbox=\"yes\" data-elementor-lightbox-slideshow=\"639fe4a1\" data-elementor-lightbox-title=\"speziell_tischlicht\" data-elementor-lightbox-description=\"Flock Association of Europe: Produktentwicklung und Imagekampagne by Designstudio speziell\u00ae \u2013 Produktbeispiel Leuchte, Prototyp, Gleitlager mit Flock zum Drehen des Leuchtenschirms\" data-e-action-hash=\"#elementor-action%3Aaction%3Dlightbox%26settings%3DeyJpZCI6MjMzNSwidXJsIjoiaHR0cHM6XC9cL3d3dy5zcGV6aWVsbC5uZXRcL2JldGFcL3dwLWNvbnRlbnRcL3VwbG9hZHNcLzIwMjNcLzAzXC8yMDAzX0Zsb2NrdmVyYmFuZF9USVNDSExJQ0hUX2J5X3NwZXppZWxsXzItQW5zaWNodGVuLmpwZyIsInNsaWRlc2hvdyI6IjYzOWZlNGExIn0%3D\">\n\t\t\t\t\t<div class=\"e-gallery-image elementor-gallery-item__image\" data-thumbnail=\"https:\/\/www.speziell.net\/beta\/wp-content\/uploads\/2023\/03\/2003_Flockverband_TISCHLICHT_by_speziell_2-Ansichten-1024x683.jpg\" data-width=\"800\" data-height=\"534\" aria-label=\"Flock Association of Europe: Produktentwicklung und Imagekampagne by Designstudio speziell\u00ae \u2013 Produktbeispiel Leuchte, Prototyp, Gleitlager mit Flock zum Drehen des Leuchtenschirms\" role=\"img\" ><\/div>\n\t\t\t\t\t\t\t\t\t\t\t<div class=\"elementor-gallery-item__overlay\"><\/div>\n\t\t\t\t\t\t\t\t\t\t\t\t\t\t<\/a>\n\t\t\t\t\t<\/div>\n\t\t\t\t\t<\/div>\n\t\t\t\t<\/div>\n\t\t\t\t\t<\/div>\n\t\t<\/div>\n\t\t\t\t\t<\/div>\n\t\t<\/section>\n\t\t\t\t<\/div>\n\t\t","protected":false},"excerpt":{"rendered":"<p>FLOCK ASSOCIATION: FLOCK PROJEKT Produktentwicklung und Imagekampagne Das Potenzial von FLOCK als Oberfl\u00e4chenbeschichtung soll der \u00d6ffentlichkeit vorgestellt werden. Lifestylezeitschriften und die designorientierte Konsumg\u00fcterindustrie werden als Multiplikatoren angesprochen. Hochwertiges Informationsmaterial und anspruchsvolle Produktbeispiele wecken das Interesse an&nbsp;FLOCK . Projektverlauf: Konzeption der Imagekampagne \/ Entwurf von Produkten, bei denen FLOCK dekorativ und funktional zum Einsatz kommt \/ [&hellip;]<\/p>\n","protected":false},"author":1,"featured_media":2331,"parent":9,"menu_order":0,"comment_status":"closed","ping_status":"closed","template":"","meta":{"footnotes":""},"class_list":["post-2337","page","type-page","status-publish","has-post-thumbnail","hentry"],"_links":{"self":[{"href":"https:\/\/www.speziell.net\/beta\/wp-json\/wp\/v2\/pages\/2337","targetHints":{"allow":["GET"]}}],"collection":[{"href":"https:\/\/www.speziell.net\/beta\/wp-json\/wp\/v2\/pages"}],"about":[{"href":"https:\/\/www.speziell.net\/beta\/wp-json\/wp\/v2\/types\/page"}],"author":[{"embeddable":true,"href":"https:\/\/www.speziell.net\/beta\/wp-json\/wp\/v2\/users\/1"}],"replies":[{"embeddable":true,"href":"https:\/\/www.speziell.net\/beta\/wp-json\/wp\/v2\/comments?post=2337"}],"version-history":[{"count":34,"href":"https:\/\/www.speziell.net\/beta\/wp-json\/wp\/v2\/pages\/2337\/revisions"}],"predecessor-version":[{"id":5165,"href":"https:\/\/www.speziell.net\/beta\/wp-json\/wp\/v2\/pages\/2337\/revisions\/5165"}],"up":[{"embeddable":true,"href":"https:\/\/www.speziell.net\/beta\/wp-json\/wp\/v2\/pages\/9"}],"wp:featuredmedia":[{"embeddable":true,"href":"https:\/\/www.speziell.net\/beta\/wp-json\/wp\/v2\/media\/2331"}],"wp:attachment":[{"href":"https:\/\/www.speziell.net\/beta\/wp-json\/wp\/v2\/media?parent=2337"}],"curies":[{"name":"wp","href":"https:\/\/api.w.org\/{rel}","templated":true}]}}