{"id":3244,"date":"2012-01-15T11:48:00","date_gmt":"2012-01-15T10:48:00","guid":{"rendered":"https:\/\/www.speziell.net\/beta\/?page_id=3244"},"modified":"2023-11-06T11:49:24","modified_gmt":"2023-11-06T10:49:24","slug":"plain","status":"publish","type":"page","link":"https:\/\/www.speziell.net\/beta\/home\/plain\/","title":{"rendered":"PLAIN"},"content":{"rendered":"\t\t<div data-elementor-type=\"wp-page\" data-elementor-id=\"3244\" class=\"elementor elementor-3244\" data-elementor-post-type=\"page\">\n\t\t\t\t\t\t<section class=\"elementor-section elementor-top-section elementor-element elementor-element-73e97dff elementor-section-boxed elementor-section-height-default elementor-section-height-default\" data-id=\"73e97dff\" data-element_type=\"section\" data-e-type=\"section\">\n\t\t\t\t\t\t<div class=\"elementor-container elementor-column-gap-default\">\n\t\t\t\t\t<div class=\"elementor-column elementor-col-100 elementor-top-column elementor-element elementor-element-47e587fa\" data-id=\"47e587fa\" data-element_type=\"column\" data-e-type=\"column\">\n\t\t\t<div class=\"elementor-widget-wrap elementor-element-populated\">\n\t\t\t\t\t\t<div class=\"elementor-element elementor-element-5d81c54 elementor-hidden-mobile elementor-hidden-tablet elementor-widget elementor-widget-image\" data-id=\"5d81c54\" data-element_type=\"widget\" data-e-type=\"widget\" data-widget_type=\"image.default\">\n\t\t\t\t<div class=\"elementor-widget-container\">\n\t\t\t\t\t\t\t\t\t\t\t\t\t\t\t\t<a href=\"https:\/\/www.speziell.net\/beta\/home\/\">\n\t\t\t\t\t\t\t<img decoding=\"async\" width=\"100\" height=\"100\" src=\"https:\/\/www.speziell.net\/beta\/wp-content\/uploads\/2023\/02\/speziell_logo_grau-1.svg\" class=\"attachment-large size-large wp-image-731\" alt=\"Designstudio speziell\u00ae \u2013 Fleckenstein Pohlmann Schwer GbR\" \/>\t\t\t\t\t\t\t\t<\/a>\n\t\t\t\t\t\t\t\t\t\t\t\t\t\t\t<\/div>\n\t\t\t\t<\/div>\n\t\t\t\t<div class=\"elementor-element elementor-element-45f21da9 elementor-hidden-desktop elementor-widget elementor-widget-image\" data-id=\"45f21da9\" data-element_type=\"widget\" data-e-type=\"widget\" data-widget_type=\"image.default\">\n\t\t\t\t<div class=\"elementor-widget-container\">\n\t\t\t\t\t\t\t\t\t\t\t\t\t\t\t\t<a href=\"https:\/\/www.speziell.net\/beta\/home\/\">\n\t\t\t\t\t\t\t<img decoding=\"async\" width=\"100\" height=\"100\" src=\"https:\/\/www.speziell.net\/beta\/wp-content\/uploads\/2023\/03\/speziell_logo_oSubline.svg\" class=\"attachment-large size-large wp-image-2739\" alt=\"\" \/>\t\t\t\t\t\t\t\t<\/a>\n\t\t\t\t\t\t\t\t\t\t\t\t\t\t\t<\/div>\n\t\t\t\t<\/div>\n\t\t\t\t\t<\/div>\n\t\t<\/div>\n\t\t\t\t\t<\/div>\n\t\t<\/section>\n\t\t\t\t<section class=\"elementor-section elementor-top-section elementor-element elementor-element-357fc66e elementor-section-boxed elementor-section-height-default elementor-section-height-default\" data-id=\"357fc66e\" data-element_type=\"section\" data-e-type=\"section\">\n\t\t\t\t\t\t<div class=\"elementor-container elementor-column-gap-default\">\n\t\t\t\t\t<div class=\"elementor-column elementor-col-50 elementor-top-column elementor-element elementor-element-2b946b65\" data-id=\"2b946b65\" data-element_type=\"column\" data-e-type=\"column\">\n\t\t\t<div class=\"elementor-widget-wrap elementor-element-populated\">\n\t\t\t\t\t\t<div class=\"elementor-element elementor-element-5def95a9 elementor-widget elementor-widget-heading\" data-id=\"5def95a9\" data-element_type=\"widget\" data-e-type=\"widget\" data-widget_type=\"heading.default\">\n\t\t\t\t<div class=\"elementor-widget-container\">\n\t\t\t\t\t<h2 class=\"elementor-heading-title elementor-size-default\">STUDIO DOMO: PLAIN<\/h2>\t\t\t\t<\/div>\n\t\t\t\t<\/div>\n\t\t\t\t<div class=\"elementor-element elementor-element-602030e4 elementor-widget elementor-widget-text-editor\" data-id=\"602030e4\" data-element_type=\"widget\" data-e-type=\"widget\" data-widget_type=\"text-editor.default\">\n\t\t\t\t<div class=\"elementor-widget-container\">\n\t\t\t\t\t\t\t\t\t<p><strong>Couchtisch<\/strong><\/p>\t\t\t\t\t\t\t\t<\/div>\n\t\t\t\t<\/div>\n\t\t\t\t<div class=\"elementor-element elementor-element-576d3a88 elementor-widget elementor-widget-text-editor\" data-id=\"576d3a88\" data-element_type=\"widget\" data-e-type=\"widget\" data-widget_type=\"text-editor.default\">\n\t\t\t\t<div class=\"elementor-widget-container\">\n\t\t\t\t\t\t\t\t\t<p class=\"text\">PLAIN ist ein schlichter und kompakter Couchtisch, der einzeln oder in kleinen Gruppen aufgestellt werden kann. Durch die Kombination einer Kunststoff-Tischplatte mit einem Drahtgestell ist Plain leicht und filigran.<\/p><p class=\"text\">Charakteristisch sind der umlaufende Rand der Tischplatte und die kleine Drehschublade, die um das Gestell schwenkt. In ihr lassen sich Fernbedienungen, Flaschen\u00f6ffner oder andere n\u00fctzliche Gegenst\u00e4nde verstauen, die man gerne griffbereit hat.<\/p><p class=\"text\">Der versandfreundlich flach zerlegte PLAIN ist leicht zu montieren &#8211; die beiden identischen Drahtb\u00fcgel des Gestells werden einfach in die quadratische Tischplatte geklipst. Die Drehschublade kann an einem der beiden Drahtb\u00fcgel befestigen werden.<\/p><p class=\"text\">Hersteller:<br \/><a href=\"http:\/\/studiodomo.net\/en\" target=\"_blank\" rel=\"noopener\">http:\/\/studiodomo.net\/en<\/a><\/p>\t\t\t\t\t\t\t\t<\/div>\n\t\t\t\t<\/div>\n\t\t\t\t\t<\/div>\n\t\t<\/div>\n\t\t\t\t<div class=\"elementor-column elementor-col-50 elementor-top-column elementor-element elementor-element-db60c49\" data-id=\"db60c49\" data-element_type=\"column\" data-e-type=\"column\">\n\t\t\t<div class=\"elementor-widget-wrap elementor-element-populated\">\n\t\t\t\t\t\t<div class=\"elementor-element elementor-element-1942d858 elementor-widget elementor-widget-gallery\" data-id=\"1942d858\" data-element_type=\"widget\" data-e-type=\"widget\" data-settings=\"{&quot;gallery_layout&quot;:&quot;masonry&quot;,&quot;columns&quot;:2,&quot;lazyload&quot;:&quot;yes&quot;,&quot;columns_tablet&quot;:2,&quot;columns_mobile&quot;:1,&quot;gap&quot;:{&quot;unit&quot;:&quot;px&quot;,&quot;size&quot;:10,&quot;sizes&quot;:[]},&quot;gap_tablet&quot;:{&quot;unit&quot;:&quot;px&quot;,&quot;size&quot;:10,&quot;sizes&quot;:[]},&quot;gap_mobile&quot;:{&quot;unit&quot;:&quot;px&quot;,&quot;size&quot;:10,&quot;sizes&quot;:[]},&quot;link_to&quot;:&quot;file&quot;,&quot;overlay_background&quot;:&quot;yes&quot;,&quot;content_hover_animation&quot;:&quot;fade-in&quot;}\" data-widget_type=\"gallery.default\">\n\t\t\t\t<div class=\"elementor-widget-container\">\n\t\t\t\t\t\t\t<div class=\"elementor-gallery__container\">\n\t\t\t\t\t\t\t<a class=\"e-gallery-item elementor-gallery-item elementor-animated-content\" href=\"https:\/\/www.speziell.net\/beta\/wp-content\/uploads\/2023\/05\/2012_Studio-Domo_PLAIN_by_speziell_Ansicht-1.jpg\" data-elementor-open-lightbox=\"yes\" data-elementor-lightbox-slideshow=\"1942d858\" data-elementor-lightbox-title=\"2012_Studio Domo_PLAIN_by_speziell_Ansicht 1\" data-elementor-lightbox-description=\"Rendering Couchtisch PLAIN mit Drahtgestell\" data-e-action-hash=\"#elementor-action%3Aaction%3Dlightbox%26settings%3DeyJpZCI6MzI0NiwidXJsIjoiaHR0cHM6XC9cL3d3dy5zcGV6aWVsbC5uZXRcL2JldGFcL3dwLWNvbnRlbnRcL3VwbG9hZHNcLzIwMjNcLzA1XC8yMDEyX1N0dWRpby1Eb21vX1BMQUlOX2J5X3NwZXppZWxsX0Fuc2ljaHQtMS5qcGciLCJzbGlkZXNob3ciOiIxOTQyZDg1OCJ9\">\n\t\t\t\t\t<div class=\"e-gallery-image elementor-gallery-item__image\" data-thumbnail=\"https:\/\/www.speziell.net\/beta\/wp-content\/uploads\/2023\/05\/2012_Studio-Domo_PLAIN_by_speziell_Ansicht-1-1024x751.jpg\" data-width=\"800\" data-height=\"587\" aria-label=\"Rendering Couchtisch PLAIN mit Drahtgestell\" role=\"img\" ><\/div>\n\t\t\t\t\t\t\t\t\t\t\t<div class=\"elementor-gallery-item__overlay\"><\/div>\n\t\t\t\t\t\t\t\t\t\t\t\t\t\t<\/a>\n\t\t\t\t\t\t\t<a class=\"e-gallery-item elementor-gallery-item elementor-animated-content\" href=\"https:\/\/www.speziell.net\/beta\/wp-content\/uploads\/2023\/05\/2012_Studio-Domo_PLAIN_by_speziell_Ansicht-2.jpg\" data-elementor-open-lightbox=\"yes\" data-elementor-lightbox-slideshow=\"1942d858\" data-elementor-lightbox-title=\"2012_Studio Domo_PLAIN_by_speziell_Ansicht 2\" data-elementor-lightbox-description=\"Couchtisch PLAIN - Rendering mit ge\u00f6ffneter Drehlade\" data-e-action-hash=\"#elementor-action%3Aaction%3Dlightbox%26settings%3DeyJpZCI6MzI0NywidXJsIjoiaHR0cHM6XC9cL3d3dy5zcGV6aWVsbC5uZXRcL2JldGFcL3dwLWNvbnRlbnRcL3VwbG9hZHNcLzIwMjNcLzA1XC8yMDEyX1N0dWRpby1Eb21vX1BMQUlOX2J5X3NwZXppZWxsX0Fuc2ljaHQtMi5qcGciLCJzbGlkZXNob3ciOiIxOTQyZDg1OCJ9\">\n\t\t\t\t\t<div class=\"e-gallery-image elementor-gallery-item__image\" data-thumbnail=\"https:\/\/www.speziell.net\/beta\/wp-content\/uploads\/2023\/05\/2012_Studio-Domo_PLAIN_by_speziell_Ansicht-2-1024x751.jpg\" data-width=\"800\" data-height=\"587\" aria-label=\"Couchtisch PLAIN - Rendering mit ge\u00f6ffneter Drehlade\" role=\"img\" ><\/div>\n\t\t\t\t\t\t\t\t\t\t\t<div class=\"elementor-gallery-item__overlay\"><\/div>\n\t\t\t\t\t\t\t\t\t\t\t\t\t\t<\/a>\n\t\t\t\t\t\t\t<a class=\"e-gallery-item elementor-gallery-item elementor-animated-content\" href=\"https:\/\/www.speziell.net\/beta\/wp-content\/uploads\/2023\/05\/2012_Studio-Domo_PLAIN_by_speziell_Detail.jpg\" data-elementor-open-lightbox=\"yes\" data-elementor-lightbox-slideshow=\"1942d858\" data-elementor-lightbox-title=\"2012_Studio Domo_PLAIN_by_speziell_Detail\" data-elementor-lightbox-description=\"Couchtisch PLAIN f\u00fcr Studio Domo dekoriert mit einen Blumenvase\" data-e-action-hash=\"#elementor-action%3Aaction%3Dlightbox%26settings%3DeyJpZCI6MzI0OCwidXJsIjoiaHR0cHM6XC9cL3d3dy5zcGV6aWVsbC5uZXRcL2JldGFcL3dwLWNvbnRlbnRcL3VwbG9hZHNcLzIwMjNcLzA1XC8yMDEyX1N0dWRpby1Eb21vX1BMQUlOX2J5X3NwZXppZWxsX0RldGFpbC5qcGciLCJzbGlkZXNob3ciOiIxOTQyZDg1OCJ9\">\n\t\t\t\t\t<div class=\"e-gallery-image elementor-gallery-item__image\" data-thumbnail=\"https:\/\/www.speziell.net\/beta\/wp-content\/uploads\/2023\/05\/2012_Studio-Domo_PLAIN_by_speziell_Detail-1024x751.jpg\" data-width=\"800\" data-height=\"587\" aria-label=\"Couchtisch PLAIN f\u00fcr Studio Domo dekoriert mit einen Blumenvase\" role=\"img\" ><\/div>\n\t\t\t\t\t\t\t\t\t\t\t<div class=\"elementor-gallery-item__overlay\"><\/div>\n\t\t\t\t\t\t\t\t\t\t\t\t\t\t<\/a>\n\t\t\t\t\t\t\t<a class=\"e-gallery-item elementor-gallery-item elementor-animated-content\" href=\"https:\/\/www.speziell.net\/beta\/wp-content\/uploads\/2023\/05\/2012_Studio-Domo_PLAIN_by_speziell_2-Tische.jpg\" data-elementor-open-lightbox=\"yes\" data-elementor-lightbox-slideshow=\"1942d858\" data-elementor-lightbox-title=\"2012_Studio Domo_PLAIN_by_speziell_2 Tische\" data-elementor-lightbox-description=\"Couchtisch PLAIN \u2013 kombiniert lassen sich reizvolle Konfigurationen bilden, Foto mit Sofa im Hintergrund\" data-e-action-hash=\"#elementor-action%3Aaction%3Dlightbox%26settings%3DeyJpZCI6MzI0NSwidXJsIjoiaHR0cHM6XC9cL3d3dy5zcGV6aWVsbC5uZXRcL2JldGFcL3dwLWNvbnRlbnRcL3VwbG9hZHNcLzIwMjNcLzA1XC8yMDEyX1N0dWRpby1Eb21vX1BMQUlOX2J5X3NwZXppZWxsXzItVGlzY2hlLmpwZyIsInNsaWRlc2hvdyI6IjE5NDJkODU4In0%3D\">\n\t\t\t\t\t<div class=\"e-gallery-image elementor-gallery-item__image\" data-thumbnail=\"https:\/\/www.speziell.net\/beta\/wp-content\/uploads\/2023\/05\/2012_Studio-Domo_PLAIN_by_speziell_2-Tische-683x1024.jpg\" data-width=\"683\" data-height=\"1024\" aria-label=\"Couchtisch PLAIN \u2013 kombiniert lassen sich reizvolle Konfigurationen bilden\" role=\"img\" ><\/div>\n\t\t\t\t\t\t\t\t\t\t\t<div class=\"elementor-gallery-item__overlay\"><\/div>\n\t\t\t\t\t\t\t\t\t\t\t\t\t\t<\/a>\n\t\t\t\t\t<\/div>\n\t\t\t\t\t<\/div>\n\t\t\t\t<\/div>\n\t\t\t\t\t<\/div>\n\t\t<\/div>\n\t\t\t\t\t<\/div>\n\t\t<\/section>\n\t\t\t\t<\/div>\n\t\t","protected":false},"excerpt":{"rendered":"<p>STUDIO DOMO: PLAIN Couchtisch PLAIN ist ein schlichter und kompakter Couchtisch, der einzeln oder in kleinen Gruppen aufgestellt werden kann. Durch die Kombination einer Kunststoff-Tischplatte mit einem Drahtgestell ist Plain leicht und filigran. Charakteristisch sind der umlaufende Rand der Tischplatte und die kleine Drehschublade, die um das Gestell schwenkt. In ihr lassen sich Fernbedienungen, Flaschen\u00f6ffner [&hellip;]<\/p>\n","protected":false},"author":1,"featured_media":3248,"parent":9,"menu_order":0,"comment_status":"closed","ping_status":"closed","template":"","meta":{"footnotes":""},"class_list":["post-3244","page","type-page","status-publish","has-post-thumbnail","hentry"],"_links":{"self":[{"href":"https:\/\/www.speziell.net\/beta\/wp-json\/wp\/v2\/pages\/3244","targetHints":{"allow":["GET"]}}],"collection":[{"href":"https:\/\/www.speziell.net\/beta\/wp-json\/wp\/v2\/pages"}],"about":[{"href":"https:\/\/www.speziell.net\/beta\/wp-json\/wp\/v2\/types\/page"}],"author":[{"embeddable":true,"href":"https:\/\/www.speziell.net\/beta\/wp-json\/wp\/v2\/users\/1"}],"replies":[{"embeddable":true,"href":"https:\/\/www.speziell.net\/beta\/wp-json\/wp\/v2\/comments?post=3244"}],"version-history":[{"count":39,"href":"https:\/\/www.speziell.net\/beta\/wp-json\/wp\/v2\/pages\/3244\/revisions"}],"predecessor-version":[{"id":5070,"href":"https:\/\/www.speziell.net\/beta\/wp-json\/wp\/v2\/pages\/3244\/revisions\/5070"}],"up":[{"embeddable":true,"href":"https:\/\/www.speziell.net\/beta\/wp-json\/wp\/v2\/pages\/9"}],"wp:featuredmedia":[{"embeddable":true,"href":"https:\/\/www.speziell.net\/beta\/wp-json\/wp\/v2\/media\/3248"}],"wp:attachment":[{"href":"https:\/\/www.speziell.net\/beta\/wp-json\/wp\/v2\/media?parent=3244"}],"curies":[{"name":"wp","href":"https:\/\/api.w.org\/{rel}","templated":true}]}}