{"id":3254,"date":"2011-01-15T15:04:00","date_gmt":"2011-01-15T14:04:00","guid":{"rendered":"https:\/\/www.speziell.net\/beta\/?page_id=3254"},"modified":"2023-11-06T11:17:49","modified_gmt":"2023-11-06T10:17:49","slug":"griffdisplay","status":"publish","type":"page","link":"https:\/\/www.speziell.net\/beta\/home\/griffdisplay\/","title":{"rendered":"GRIFFDISPLAY"},"content":{"rendered":"\t\t<div data-elementor-type=\"wp-page\" data-elementor-id=\"3254\" class=\"elementor elementor-3254\" data-elementor-post-type=\"page\">\n\t\t\t\t\t\t<section class=\"elementor-section elementor-top-section elementor-element elementor-element-3fb1e535 elementor-section-boxed elementor-section-height-default elementor-section-height-default\" data-id=\"3fb1e535\" data-element_type=\"section\" data-e-type=\"section\">\n\t\t\t\t\t\t<div class=\"elementor-container elementor-column-gap-default\">\n\t\t\t\t\t<div class=\"elementor-column elementor-col-100 elementor-top-column elementor-element elementor-element-278beabd\" data-id=\"278beabd\" data-element_type=\"column\" data-e-type=\"column\">\n\t\t\t<div class=\"elementor-widget-wrap elementor-element-populated\">\n\t\t\t\t\t\t<div class=\"elementor-element elementor-element-42f05ec9 elementor-hidden-mobile elementor-hidden-tablet elementor-widget elementor-widget-image\" data-id=\"42f05ec9\" data-element_type=\"widget\" data-e-type=\"widget\" data-widget_type=\"image.default\">\n\t\t\t\t<div class=\"elementor-widget-container\">\n\t\t\t\t\t\t\t\t\t\t\t\t\t\t\t\t<a href=\"https:\/\/www.speziell.net\/beta\/home\/\">\n\t\t\t\t\t\t\t<img decoding=\"async\" width=\"100\" height=\"100\" src=\"https:\/\/www.speziell.net\/beta\/wp-content\/uploads\/2023\/02\/speziell_logo_grau-1.svg\" class=\"attachment-large size-large wp-image-731\" alt=\"Designstudio speziell\u00ae \u2013 Fleckenstein Pohlmann Schwer GbR\" \/>\t\t\t\t\t\t\t\t<\/a>\n\t\t\t\t\t\t\t\t\t\t\t\t\t\t\t<\/div>\n\t\t\t\t<\/div>\n\t\t\t\t<div class=\"elementor-element elementor-element-7719e46c elementor-hidden-desktop elementor-widget elementor-widget-image\" data-id=\"7719e46c\" data-element_type=\"widget\" data-e-type=\"widget\" data-widget_type=\"image.default\">\n\t\t\t\t<div class=\"elementor-widget-container\">\n\t\t\t\t\t\t\t\t\t\t\t\t\t\t\t\t<a href=\"https:\/\/www.speziell.net\/beta\/home\/\">\n\t\t\t\t\t\t\t<img decoding=\"async\" width=\"100\" height=\"100\" src=\"https:\/\/www.speziell.net\/beta\/wp-content\/uploads\/2023\/03\/speziell_logo_oSubline.svg\" class=\"attachment-large size-large wp-image-2739\" alt=\"\" \/>\t\t\t\t\t\t\t\t<\/a>\n\t\t\t\t\t\t\t\t\t\t\t\t\t\t\t<\/div>\n\t\t\t\t<\/div>\n\t\t\t\t\t<\/div>\n\t\t<\/div>\n\t\t\t\t\t<\/div>\n\t\t<\/section>\n\t\t\t\t<section class=\"elementor-section elementor-top-section elementor-element elementor-element-7fd2cf45 elementor-section-boxed elementor-section-height-default elementor-section-height-default\" data-id=\"7fd2cf45\" data-element_type=\"section\" data-e-type=\"section\">\n\t\t\t\t\t\t<div class=\"elementor-container elementor-column-gap-default\">\n\t\t\t\t\t<div class=\"elementor-column elementor-col-50 elementor-top-column elementor-element elementor-element-5c3d3358\" data-id=\"5c3d3358\" data-element_type=\"column\" data-e-type=\"column\">\n\t\t\t<div class=\"elementor-widget-wrap elementor-element-populated\">\n\t\t\t\t\t\t<div class=\"elementor-element elementor-element-9d3480d elementor-widget elementor-widget-heading\" data-id=\"9d3480d\" data-element_type=\"widget\" data-e-type=\"widget\" data-widget_type=\"heading.default\">\n\t\t\t\t<div class=\"elementor-widget-container\">\n\t\t\t\t\t<h2 class=\"elementor-heading-title elementor-size-default\">SIEMATIC PR\u00c4SENTATIONSDISPLAY<\/h2>\t\t\t\t<\/div>\n\t\t\t\t<\/div>\n\t\t\t\t<div class=\"elementor-element elementor-element-4dc0b7fb elementor-widget elementor-widget-text-editor\" data-id=\"4dc0b7fb\" data-element_type=\"widget\" data-e-type=\"widget\" data-widget_type=\"text-editor.default\">\n\t\t\t\t<div class=\"elementor-widget-container\">\n\t\t\t\t\t\t\t\t\t<p><span class=\"text\">Materialien, Oberfl\u00e4chen und Griffe im \u00dcberblick<\/span><\/p>\t\t\t\t\t\t\t\t<\/div>\n\t\t\t\t<\/div>\n\t\t\t\t<div class=\"elementor-element elementor-element-79c8f95 elementor-widget elementor-widget-text-editor\" data-id=\"79c8f95\" data-element_type=\"widget\" data-e-type=\"widget\" data-widget_type=\"text-editor.default\">\n\t\t\t\t<div class=\"elementor-widget-container\">\n\t\t\t\t\t\t\t\t\t<p class=\"text\">Ein Muster-Bereich in den SieMatic Studios h\u00e4lt M\u00f6beloberfl\u00e4chen, Arbeitsplatten und Griffe bereit. Aus diesem Angebot stellt der Verk\u00e4ufer im Beratungsgespr\u00e4ch Materialkollagen zusammen.<\/p>\n<p class=\"text\">Das Pr\u00e4sentationsm\u00f6bel soll aktualisiert und um ein Display f\u00fcr Griffe, Kn\u00f6pfe und Griffschienen erweitert werden. Basierend auf dem genormten Abstand der Bohrungen f\u00fcr Beschl\u00e4ge entwickelten wir ein Kunststoffmodul, das linear gereiht werden kann. Auf der Montageseite der Griffe festgeschraubte Kunststoffscheiben lassen sich in Aufnahmen der Kunststoffmodule einh\u00e4ngen und halten die Griffe so in Position. Das Raster erlaubt die Aufbewahrung unterschiedlichster Grifftypen und -l\u00e4ngen.<\/p>\n<p class=\"text\">Die an den Griffen befestigten Scheiben \u00fcbernehmen w\u00e4hrend der Pr\u00e4sentation die Funktion von F\u00fc\u00dfen, auf die der Griff gestellt werden kann. Dar\u00fcber hinaus sch\u00fctzen sie empfindliche Front-Materialien vor dem Verkratzen.<\/p><p class=\"text\">Hersteller:<br><a href=\"https:\/\/www.siematic.com\/de\/\" target=\"_blank\" rel=\"noopener\">https:\/\/www.siematic.com\/de\/ <\/a><\/p>\t\t\t\t\t\t\t\t<\/div>\n\t\t\t\t<\/div>\n\t\t\t\t\t<\/div>\n\t\t<\/div>\n\t\t\t\t<div class=\"elementor-column elementor-col-50 elementor-top-column elementor-element elementor-element-676cd959\" data-id=\"676cd959\" data-element_type=\"column\" data-e-type=\"column\">\n\t\t\t<div class=\"elementor-widget-wrap elementor-element-populated\">\n\t\t\t\t\t\t<div class=\"elementor-element elementor-element-29752f4c elementor-widget elementor-widget-gallery\" data-id=\"29752f4c\" data-element_type=\"widget\" data-e-type=\"widget\" data-settings=\"{&quot;gallery_layout&quot;:&quot;masonry&quot;,&quot;columns&quot;:2,&quot;lazyload&quot;:&quot;yes&quot;,&quot;columns_tablet&quot;:2,&quot;columns_mobile&quot;:1,&quot;gap&quot;:{&quot;unit&quot;:&quot;px&quot;,&quot;size&quot;:10,&quot;sizes&quot;:[]},&quot;gap_tablet&quot;:{&quot;unit&quot;:&quot;px&quot;,&quot;size&quot;:10,&quot;sizes&quot;:[]},&quot;gap_mobile&quot;:{&quot;unit&quot;:&quot;px&quot;,&quot;size&quot;:10,&quot;sizes&quot;:[]},&quot;link_to&quot;:&quot;file&quot;,&quot;overlay_background&quot;:&quot;yes&quot;,&quot;content_hover_animation&quot;:&quot;fade-in&quot;}\" data-widget_type=\"gallery.default\">\n\t\t\t\t<div class=\"elementor-widget-container\">\n\t\t\t\t\t\t\t<div class=\"elementor-gallery__container\">\n\t\t\t\t\t\t\t<a class=\"e-gallery-item elementor-gallery-item elementor-animated-content\" href=\"https:\/\/www.speziell.net\/beta\/wp-content\/uploads\/2023\/05\/2011_SieMatic_GRIFF-DISPLAY_by_speziell_Komplettansicht.jpg\" data-elementor-open-lightbox=\"yes\" data-elementor-lightbox-slideshow=\"29752f4c\" data-elementor-lightbox-title=\"2011_SieMatic_GRIFF DISPLAY_by_speziell_Komplettansicht\" data-elementor-lightbox-description=\"Pr\u00e4sentationsdisplay im Showroom - verschiedene Griffe und Materialmuster f\u00fcr Oberfl\u00e4chen und Arbeitsplatten stehen zur Verf\u00fcgung\" data-e-action-hash=\"#elementor-action%3Aaction%3Dlightbox%26settings%3DeyJpZCI6MzI1NiwidXJsIjoiaHR0cHM6XC9cL3d3dy5zcGV6aWVsbC5uZXRcL2JldGFcL3dwLWNvbnRlbnRcL3VwbG9hZHNcLzIwMjNcLzA1XC8yMDExX1NpZU1hdGljX0dSSUZGLURJU1BMQVlfYnlfc3BlemllbGxfS29tcGxldHRhbnNpY2h0LmpwZyIsInNsaWRlc2hvdyI6IjI5NzUyZjRjIn0%3D\">\n\t\t\t\t\t<div class=\"e-gallery-image elementor-gallery-item__image\" data-thumbnail=\"https:\/\/www.speziell.net\/beta\/wp-content\/uploads\/2023\/05\/2011_SieMatic_GRIFF-DISPLAY_by_speziell_Komplettansicht-1024x751.jpg\" data-width=\"800\" data-height=\"587\" aria-label=\"Pr\u00e4sentationsdisplay im Showroom - verschiedene Griffe und Materialmuster f\u00fcr Oberfl\u00e4chen und Arbeitsplatten stehen zur Verf\u00fcgung\" role=\"img\" ><\/div>\n\t\t\t\t\t\t\t\t\t\t\t<div class=\"elementor-gallery-item__overlay\"><\/div>\n\t\t\t\t\t\t\t\t\t\t\t\t\t\t<\/a>\n\t\t\t\t\t\t\t<a class=\"e-gallery-item elementor-gallery-item elementor-animated-content\" href=\"https:\/\/www.speziell.net\/beta\/wp-content\/uploads\/2023\/05\/2011_SieMatic_GRIFF-DISPLAY_by_speziell_Detail.jpg\" data-elementor-open-lightbox=\"yes\" data-elementor-lightbox-slideshow=\"29752f4c\" data-elementor-lightbox-title=\"2011_SieMatic_GRIFF DISPLAY_by_speziell_Detail\" data-elementor-lightbox-description=\"Die Griffe werden mit einem Verbindungspl\u00e4ttchen versehen und k\u00f6nnen damit in eine daf\u00fcr produzierte Halteleiste eingeh\u00e4ngt werden.\" data-e-action-hash=\"#elementor-action%3Aaction%3Dlightbox%26settings%3DeyJpZCI6MzI1NSwidXJsIjoiaHR0cHM6XC9cL3d3dy5zcGV6aWVsbC5uZXRcL2JldGFcL3dwLWNvbnRlbnRcL3VwbG9hZHNcLzIwMjNcLzA1XC8yMDExX1NpZU1hdGljX0dSSUZGLURJU1BMQVlfYnlfc3BlemllbGxfRGV0YWlsLmpwZyIsInNsaWRlc2hvdyI6IjI5NzUyZjRjIn0%3D\">\n\t\t\t\t\t<div class=\"e-gallery-image elementor-gallery-item__image\" data-thumbnail=\"https:\/\/www.speziell.net\/beta\/wp-content\/uploads\/2023\/05\/2011_SieMatic_GRIFF-DISPLAY_by_speziell_Detail-1024x751.jpg\" data-width=\"800\" data-height=\"587\" aria-label=\"Die Griffe werden mit einem Verbindungspl\u00e4ttchen versehen und k\u00f6nnen damit in eine daf\u00fcr produzierte Halteleiste eingeh\u00e4ngt werden.\" role=\"img\" ><\/div>\n\t\t\t\t\t\t\t\t\t\t\t<div class=\"elementor-gallery-item__overlay\"><\/div>\n\t\t\t\t\t\t\t\t\t\t\t\t\t\t<\/a>\n\t\t\t\t\t<\/div>\n\t\t\t\t\t<\/div>\n\t\t\t\t<\/div>\n\t\t\t\t\t<\/div>\n\t\t<\/div>\n\t\t\t\t\t<\/div>\n\t\t<\/section>\n\t\t\t\t<\/div>\n\t\t","protected":false},"excerpt":{"rendered":"<p>SIEMATIC PR\u00c4SENTATIONSDISPLAY Materialien, Oberfl\u00e4chen und Griffe im \u00dcberblick Ein Muster-Bereich in den SieMatic Studios h\u00e4lt M\u00f6beloberfl\u00e4chen, Arbeitsplatten und Griffe bereit. Aus diesem Angebot stellt der Verk\u00e4ufer im Beratungsgespr\u00e4ch Materialkollagen zusammen. Das Pr\u00e4sentationsm\u00f6bel soll aktualisiert und um ein Display f\u00fcr Griffe, Kn\u00f6pfe und Griffschienen erweitert werden. Basierend auf dem genormten Abstand der Bohrungen f\u00fcr Beschl\u00e4ge entwickelten [&hellip;]<\/p>\n","protected":false},"author":1,"featured_media":3255,"parent":9,"menu_order":0,"comment_status":"closed","ping_status":"closed","template":"","meta":{"footnotes":""},"class_list":["post-3254","page","type-page","status-publish","has-post-thumbnail","hentry"],"_links":{"self":[{"href":"https:\/\/www.speziell.net\/beta\/wp-json\/wp\/v2\/pages\/3254","targetHints":{"allow":["GET"]}}],"collection":[{"href":"https:\/\/www.speziell.net\/beta\/wp-json\/wp\/v2\/pages"}],"about":[{"href":"https:\/\/www.speziell.net\/beta\/wp-json\/wp\/v2\/types\/page"}],"author":[{"embeddable":true,"href":"https:\/\/www.speziell.net\/beta\/wp-json\/wp\/v2\/users\/1"}],"replies":[{"embeddable":true,"href":"https:\/\/www.speziell.net\/beta\/wp-json\/wp\/v2\/comments?post=3254"}],"version-history":[{"count":15,"href":"https:\/\/www.speziell.net\/beta\/wp-json\/wp\/v2\/pages\/3254\/revisions"}],"predecessor-version":[{"id":5018,"href":"https:\/\/www.speziell.net\/beta\/wp-json\/wp\/v2\/pages\/3254\/revisions\/5018"}],"up":[{"embeddable":true,"href":"https:\/\/www.speziell.net\/beta\/wp-json\/wp\/v2\/pages\/9"}],"wp:featuredmedia":[{"embeddable":true,"href":"https:\/\/www.speziell.net\/beta\/wp-json\/wp\/v2\/media\/3255"}],"wp:attachment":[{"href":"https:\/\/www.speziell.net\/beta\/wp-json\/wp\/v2\/media?parent=3254"}],"curies":[{"name":"wp","href":"https:\/\/api.w.org\/{rel}","templated":true}]}}