{"id":3285,"date":"2014-05-16T16:17:00","date_gmt":"2014-05-16T14:17:00","guid":{"rendered":"https:\/\/www.speziell.net\/beta\/?page_id=3285"},"modified":"2023-11-06T12:00:50","modified_gmt":"2023-11-06T11:00:50","slug":"sprossentuer-sc-se","status":"publish","type":"page","link":"https:\/\/www.speziell.net\/beta\/home\/sprossentuer-sc-se\/","title":{"rendered":"SPROSSENT\u00dcR SC\/SE"},"content":{"rendered":"\t\t<div data-elementor-type=\"wp-page\" data-elementor-id=\"3285\" class=\"elementor elementor-3285\" data-elementor-post-type=\"page\">\n\t\t\t\t\t\t<section class=\"elementor-section elementor-top-section elementor-element elementor-element-59417f81 elementor-section-boxed elementor-section-height-default elementor-section-height-default\" data-id=\"59417f81\" data-element_type=\"section\" data-e-type=\"section\">\n\t\t\t\t\t\t<div class=\"elementor-container elementor-column-gap-default\">\n\t\t\t\t\t<div class=\"elementor-column elementor-col-100 elementor-top-column elementor-element elementor-element-172a1d9a\" data-id=\"172a1d9a\" data-element_type=\"column\" data-e-type=\"column\">\n\t\t\t<div class=\"elementor-widget-wrap elementor-element-populated\">\n\t\t\t\t\t\t<div class=\"elementor-element elementor-element-1a1a4e59 elementor-hidden-mobile elementor-hidden-tablet elementor-widget elementor-widget-image\" data-id=\"1a1a4e59\" data-element_type=\"widget\" data-e-type=\"widget\" data-widget_type=\"image.default\">\n\t\t\t\t<div class=\"elementor-widget-container\">\n\t\t\t\t\t\t\t\t\t\t\t\t\t\t\t\t<a href=\"https:\/\/www.speziell.net\/beta\/home\/\">\n\t\t\t\t\t\t\t<img decoding=\"async\" width=\"100\" height=\"100\" src=\"https:\/\/www.speziell.net\/beta\/wp-content\/uploads\/2023\/02\/speziell_logo_grau-1.svg\" class=\"attachment-large size-large wp-image-731\" alt=\"Designstudio speziell\u00ae \u2013 Fleckenstein Pohlmann Schwer GbR\" \/>\t\t\t\t\t\t\t\t<\/a>\n\t\t\t\t\t\t\t\t\t\t\t\t\t\t\t<\/div>\n\t\t\t\t<\/div>\n\t\t\t\t<div class=\"elementor-element elementor-element-796754bf elementor-hidden-desktop elementor-widget elementor-widget-image\" data-id=\"796754bf\" data-element_type=\"widget\" data-e-type=\"widget\" data-widget_type=\"image.default\">\n\t\t\t\t<div class=\"elementor-widget-container\">\n\t\t\t\t\t\t\t\t\t\t\t\t\t\t\t\t<a href=\"https:\/\/www.speziell.net\/beta\/home\/\">\n\t\t\t\t\t\t\t<img decoding=\"async\" width=\"100\" height=\"100\" src=\"https:\/\/www.speziell.net\/beta\/wp-content\/uploads\/2023\/03\/speziell_logo_oSubline.svg\" class=\"attachment-large size-large wp-image-2739\" alt=\"\" \/>\t\t\t\t\t\t\t\t<\/a>\n\t\t\t\t\t\t\t\t\t\t\t\t\t\t\t<\/div>\n\t\t\t\t<\/div>\n\t\t\t\t\t<\/div>\n\t\t<\/div>\n\t\t\t\t\t<\/div>\n\t\t<\/section>\n\t\t\t\t<section class=\"elementor-section elementor-top-section elementor-element elementor-element-190a074e elementor-section-boxed elementor-section-height-default elementor-section-height-default\" data-id=\"190a074e\" data-element_type=\"section\" data-e-type=\"section\">\n\t\t\t\t\t\t<div class=\"elementor-container elementor-column-gap-default\">\n\t\t\t\t\t<div class=\"elementor-column elementor-col-50 elementor-top-column elementor-element elementor-element-45f4acc6\" data-id=\"45f4acc6\" data-element_type=\"column\" data-e-type=\"column\">\n\t\t\t<div class=\"elementor-widget-wrap elementor-element-populated\">\n\t\t\t\t\t\t<div class=\"elementor-element elementor-element-1d99b041 elementor-widget elementor-widget-heading\" data-id=\"1d99b041\" data-element_type=\"widget\" data-e-type=\"widget\" data-widget_type=\"heading.default\">\n\t\t\t\t<div class=\"elementor-widget-container\">\n\t\t\t\t\t<h2 class=\"elementor-heading-title elementor-size-default\">SIEMATIC: SPROSSENT\u00dcR SC\/SE<\/h2>\t\t\t\t<\/div>\n\t\t\t\t<\/div>\n\t\t\t\t<div class=\"elementor-element elementor-element-4eaa14ae elementor-widget elementor-widget-text-editor\" data-id=\"4eaa14ae\" data-element_type=\"widget\" data-e-type=\"widget\" data-widget_type=\"text-editor.default\">\n\t\t\t\t<div class=\"elementor-widget-container\">\n\t\t\t\t\t\t\t\t\t<p>Elegante Glasvitrinen<\/p>\t\t\t\t\t\t\t\t<\/div>\n\t\t\t\t<\/div>\n\t\t\t\t<div class=\"elementor-element elementor-element-3cfe2104 elementor-widget elementor-widget-text-editor\" data-id=\"3cfe2104\" data-element_type=\"widget\" data-e-type=\"widget\" data-widget_type=\"text-editor.default\">\n\t\t\t\t<div class=\"elementor-widget-container\">\n\t\t\t\t\t\t\t\t\t<p>Die Glasfront mit einer Metallsprossen-Struktur wurde als Erg\u00e4nzung zur SieMatic-Rahmenfront SC\/SE gestaltet. Die schmalen Metallstege von nur 6,5mm entsprechen den umlaufenden Rahmen dieser Serie und verwandeln Ober- bzw. Unter-schr\u00e4nke in edle Vitrinenelemente.<\/p>\n<p>Je nach Glasfarbe und Metalloberfl\u00e4che wirken die Fronten grafisch elegant bis modern luxuri\u00f6s \u2013 transparent oder opak. Auch h\u00e4ngt es vom Blickwinkel ab, ob sich die Metallsprossen perspektivisch zusammenschieben oder \u00f6ffnen und so das Innere weniger oder mehr sichtbar werden lassen.<\/p>\n<p>Zur gleichen Serie geh\u00f6rt auch der passend gestaltete <a href=\"https:\/\/www.speziell.net\/beta\/home\/griff-sc-se\/\">Griff SC \/ SE<\/a>.<\/p><p>Hersteller:<br><a href=\"https:\/\/www.siematic.com\/de\/kuechen\/sc-se\/\" target=\"_blank\" rel=\"noopener\">https:\/\/www.siematic.com\/de\/kuechen\/sc-se\/<\/a><\/p>\t\t\t\t\t\t\t\t<\/div>\n\t\t\t\t<\/div>\n\t\t\t\t\t<\/div>\n\t\t<\/div>\n\t\t\t\t<div class=\"elementor-column elementor-col-50 elementor-top-column elementor-element elementor-element-902b31\" data-id=\"902b31\" data-element_type=\"column\" data-e-type=\"column\">\n\t\t\t<div class=\"elementor-widget-wrap elementor-element-populated\">\n\t\t\t\t\t\t<div class=\"elementor-element elementor-element-6e82461 elementor-widget elementor-widget-gallery\" data-id=\"6e82461\" data-element_type=\"widget\" data-e-type=\"widget\" data-settings=\"{&quot;gallery_layout&quot;:&quot;masonry&quot;,&quot;columns&quot;:2,&quot;lazyload&quot;:&quot;yes&quot;,&quot;columns_tablet&quot;:2,&quot;columns_mobile&quot;:1,&quot;gap&quot;:{&quot;unit&quot;:&quot;px&quot;,&quot;size&quot;:10,&quot;sizes&quot;:[]},&quot;gap_tablet&quot;:{&quot;unit&quot;:&quot;px&quot;,&quot;size&quot;:10,&quot;sizes&quot;:[]},&quot;gap_mobile&quot;:{&quot;unit&quot;:&quot;px&quot;,&quot;size&quot;:10,&quot;sizes&quot;:[]},&quot;link_to&quot;:&quot;file&quot;,&quot;overlay_background&quot;:&quot;yes&quot;,&quot;content_hover_animation&quot;:&quot;fade-in&quot;}\" data-widget_type=\"gallery.default\">\n\t\t\t\t<div class=\"elementor-widget-container\">\n\t\t\t\t\t\t\t<div class=\"elementor-gallery__container\">\n\t\t\t\t\t\t\t<a class=\"e-gallery-item elementor-gallery-item elementor-animated-content\" href=\"https:\/\/www.speziell.net\/beta\/wp-content\/uploads\/2023\/05\/2014_SieMatic_SPROSSENTUeR_by_speziell_Vitrinenschrank-hell-1b.jpg\" data-elementor-open-lightbox=\"yes\" data-elementor-lightbox-slideshow=\"6e82461\" data-elementor-lightbox-title=\"2014_SieMatic_SPROSSENT\u00dcR_by_speziell_Vitrinenschrank hell 1b\" data-elementor-lightbox-description=\"In Aluminium-Optik erzeugen die schmalen Metallstege leicht wirkende Vitrinenelemente.\" data-e-action-hash=\"#elementor-action%3Aaction%3Dlightbox%26settings%3DeyJpZCI6MzI4OSwidXJsIjoiaHR0cHM6XC9cL3d3dy5zcGV6aWVsbC5uZXRcL2JldGFcL3dwLWNvbnRlbnRcL3VwbG9hZHNcLzIwMjNcLzA1XC8yMDE0X1NpZU1hdGljX1NQUk9TU0VOVFVlUl9ieV9zcGV6aWVsbF9WaXRyaW5lbnNjaHJhbmstaGVsbC0xYi5qcGciLCJzbGlkZXNob3ciOiI2ZTgyNDYxIn0%3D\">\n\t\t\t\t\t<div class=\"e-gallery-image elementor-gallery-item__image\" data-thumbnail=\"https:\/\/www.speziell.net\/beta\/wp-content\/uploads\/2023\/05\/2014_SieMatic_SPROSSENTUeR_by_speziell_Vitrinenschrank-hell-1b-1024x683.jpg\" data-width=\"800\" data-height=\"534\" aria-label=\"In Aluminium-Optik erzeugen die schmalen Metallstege leicht wirkende Vitrinenelemente.\" role=\"img\" ><\/div>\n\t\t\t\t\t\t\t\t\t\t\t<div class=\"elementor-gallery-item__overlay\"><\/div>\n\t\t\t\t\t\t\t\t\t\t\t\t\t\t<\/a>\n\t\t\t\t\t\t\t<a class=\"e-gallery-item elementor-gallery-item elementor-animated-content\" href=\"https:\/\/www.speziell.net\/beta\/wp-content\/uploads\/2023\/05\/2014_SieMatic_SPROSSENTUeR_by_speziell_Kuechenblock-dunkel-1b.jpg\" data-elementor-open-lightbox=\"yes\" data-elementor-lightbox-slideshow=\"6e82461\" data-elementor-lightbox-title=\"SieMatic\" data-e-action-hash=\"#elementor-action%3Aaction%3Dlightbox%26settings%3DeyJpZCI6MzI4NiwidXJsIjoiaHR0cHM6XC9cL3d3dy5zcGV6aWVsbC5uZXRcL2JldGFcL3dwLWNvbnRlbnRcL3VwbG9hZHNcLzIwMjNcLzA1XC8yMDE0X1NpZU1hdGljX1NQUk9TU0VOVFVlUl9ieV9zcGV6aWVsbF9LdWVjaGVuYmxvY2stZHVua2VsLTFiLmpwZyIsInNsaWRlc2hvdyI6IjZlODI0NjEifQ%3D%3D\">\n\t\t\t\t\t<div class=\"e-gallery-image elementor-gallery-item__image\" data-thumbnail=\"https:\/\/www.speziell.net\/beta\/wp-content\/uploads\/2023\/05\/2014_SieMatic_SPROSSENTUeR_by_speziell_Kuechenblock-dunkel-1b-1024x683.jpg\" data-width=\"800\" data-height=\"534\" aria-label=\"Die Sprossent\u00fcr kann den K\u00fcchenblock akzentuieren und so eine visuelle Verkn\u00fcpfung zum Wohnraum herstellen.\" role=\"img\" ><\/div>\n\t\t\t\t\t\t\t\t\t\t\t<div class=\"elementor-gallery-item__overlay\"><\/div>\n\t\t\t\t\t\t\t\t\t\t\t\t\t\t<\/a>\n\t\t\t\t\t\t\t<a class=\"e-gallery-item elementor-gallery-item elementor-animated-content\" href=\"https:\/\/www.speziell.net\/beta\/wp-content\/uploads\/2023\/05\/2014_SieMatic_SPROSSENTUeR_by_speziell_Vitrinenhochschrank-gold-1.jpg\" data-elementor-open-lightbox=\"yes\" data-elementor-lightbox-slideshow=\"6e82461\" data-elementor-lightbox-title=\"2014_SieMatic_SPROSSENT\u00dcR_by_speziell_Vitrinenhochschrank gold 1\" data-elementor-lightbox-description=\"Oberschr\u00e4nke erhalten durch die Sprossent\u00fcr eine Transparenz, die sie leichter wirken l\u00e4sst. Erg\u00e4nzt durch eine Beleuchtung werden die Volumen zu eleganten Vitrinen.\" data-e-action-hash=\"#elementor-action%3Aaction%3Dlightbox%26settings%3DeyJpZCI6MzI4NywidXJsIjoiaHR0cHM6XC9cL3d3dy5zcGV6aWVsbC5uZXRcL2JldGFcL3dwLWNvbnRlbnRcL3VwbG9hZHNcLzIwMjNcLzA1XC8yMDE0X1NpZU1hdGljX1NQUk9TU0VOVFVlUl9ieV9zcGV6aWVsbF9WaXRyaW5lbmhvY2hzY2hyYW5rLWdvbGQtMS5qcGciLCJzbGlkZXNob3ciOiI2ZTgyNDYxIn0%3D\">\n\t\t\t\t\t<div class=\"e-gallery-image elementor-gallery-item__image\" data-thumbnail=\"https:\/\/www.speziell.net\/beta\/wp-content\/uploads\/2023\/05\/2014_SieMatic_SPROSSENTUeR_by_speziell_Vitrinenhochschrank-gold-1-1024x683.jpg\" data-width=\"800\" data-height=\"534\" aria-label=\"Oberschr\u00e4nke erhalten durch die Sprossent\u00fcr eine Transparenz, die sie leichter wirken l\u00e4sst. Erg\u00e4nzt durch eine Beleuchtung werden die Volumen zu eleganten Vitrinen.\" role=\"img\" ><\/div>\n\t\t\t\t\t\t\t\t\t\t\t<div class=\"elementor-gallery-item__overlay\"><\/div>\n\t\t\t\t\t\t\t\t\t\t\t\t\t\t<\/a>\n\t\t\t\t\t\t\t<a class=\"e-gallery-item elementor-gallery-item elementor-animated-content\" href=\"https:\/\/www.speziell.net\/beta\/wp-content\/uploads\/2023\/05\/2014_SieMatic_SPROSSENTUeR_by_speziell_Vitrinenhochschrank-gold-4c.jpg\" data-elementor-open-lightbox=\"yes\" data-elementor-lightbox-slideshow=\"6e82461\" data-elementor-lightbox-title=\"2014_SieMatic_SPROSSENT\u00dcR_by_speziell_Vitrinenhochschrank gold 4c\" data-elementor-lightbox-description=\"Oberschr\u00e4nke erhalten durch die Sprossent\u00fcr eine Transparenz, die sie leichter wirken l\u00e4sst. Erg\u00e4nzt durch eine Beleuchtung werden die Volumen zu eleganten Vitrinen.\" data-e-action-hash=\"#elementor-action%3Aaction%3Dlightbox%26settings%3DeyJpZCI6MzI4OCwidXJsIjoiaHR0cHM6XC9cL3d3dy5zcGV6aWVsbC5uZXRcL2JldGFcL3dwLWNvbnRlbnRcL3VwbG9hZHNcLzIwMjNcLzA1XC8yMDE0X1NpZU1hdGljX1NQUk9TU0VOVFVlUl9ieV9zcGV6aWVsbF9WaXRyaW5lbmhvY2hzY2hyYW5rLWdvbGQtNGMuanBnIiwic2xpZGVzaG93IjoiNmU4MjQ2MSJ9\">\n\t\t\t\t\t<div class=\"e-gallery-image elementor-gallery-item__image\" data-thumbnail=\"https:\/\/www.speziell.net\/beta\/wp-content\/uploads\/2023\/05\/2014_SieMatic_SPROSSENTUeR_by_speziell_Vitrinenhochschrank-gold-4c-751x1024.jpg\" data-width=\"751\" data-height=\"1024\" aria-label=\"Oberschr\u00e4nke erhalten durch die Sprossent\u00fcr eine Transparenz, die sie leichter wirken l\u00e4sst. Erg\u00e4nzt durch eine Beleuchtung werden die Volumen zu eleganten Vitrinen.\" role=\"img\" ><\/div>\n\t\t\t\t\t\t\t\t\t\t\t<div class=\"elementor-gallery-item__overlay\"><\/div>\n\t\t\t\t\t\t\t\t\t\t\t\t\t\t<\/a>\n\t\t\t\t\t<\/div>\n\t\t\t\t\t<\/div>\n\t\t\t\t<\/div>\n\t\t\t\t\t<\/div>\n\t\t<\/div>\n\t\t\t\t\t<\/div>\n\t\t<\/section>\n\t\t\t\t<\/div>\n\t\t","protected":false},"excerpt":{"rendered":"<p>SIEMATIC: SPROSSENT\u00dcR SC\/SE Elegante Glasvitrinen Die Glasfront mit einer Metallsprossen-Struktur wurde als Erg\u00e4nzung zur SieMatic-Rahmenfront SC\/SE gestaltet. Die schmalen Metallstege von nur 6,5mm entsprechen den umlaufenden Rahmen dieser Serie und verwandeln Ober- bzw. Unter-schr\u00e4nke in edle Vitrinenelemente. Je nach Glasfarbe und Metalloberfl\u00e4che wirken die Fronten grafisch elegant bis modern luxuri\u00f6s \u2013 transparent oder opak. Auch [&hellip;]<\/p>\n","protected":false},"author":1,"featured_media":3286,"parent":9,"menu_order":0,"comment_status":"closed","ping_status":"closed","template":"","meta":{"footnotes":""},"class_list":["post-3285","page","type-page","status-publish","has-post-thumbnail","hentry"],"_links":{"self":[{"href":"https:\/\/www.speziell.net\/beta\/wp-json\/wp\/v2\/pages\/3285","targetHints":{"allow":["GET"]}}],"collection":[{"href":"https:\/\/www.speziell.net\/beta\/wp-json\/wp\/v2\/pages"}],"about":[{"href":"https:\/\/www.speziell.net\/beta\/wp-json\/wp\/v2\/types\/page"}],"author":[{"embeddable":true,"href":"https:\/\/www.speziell.net\/beta\/wp-json\/wp\/v2\/users\/1"}],"replies":[{"embeddable":true,"href":"https:\/\/www.speziell.net\/beta\/wp-json\/wp\/v2\/comments?post=3285"}],"version-history":[{"count":39,"href":"https:\/\/www.speziell.net\/beta\/wp-json\/wp\/v2\/pages\/3285\/revisions"}],"predecessor-version":[{"id":5100,"href":"https:\/\/www.speziell.net\/beta\/wp-json\/wp\/v2\/pages\/3285\/revisions\/5100"}],"up":[{"embeddable":true,"href":"https:\/\/www.speziell.net\/beta\/wp-json\/wp\/v2\/pages\/9"}],"wp:featuredmedia":[{"embeddable":true,"href":"https:\/\/www.speziell.net\/beta\/wp-json\/wp\/v2\/media\/3286"}],"wp:attachment":[{"href":"https:\/\/www.speziell.net\/beta\/wp-json\/wp\/v2\/media?parent=3285"}],"curies":[{"name":"wp","href":"https:\/\/api.w.org\/{rel}","templated":true}]}}