{"id":6302,"date":"2026-05-08T15:20:37","date_gmt":"2026-05-08T13:20:37","guid":{"rendered":"https:\/\/www.speziell.net\/beta\/?page_id=6302"},"modified":"2026-05-08T18:06:44","modified_gmt":"2026-05-08T16:06:44","slug":"elementor-6302","status":"publish","type":"page","link":"https:\/\/www.speziell.net\/beta\/elementor-6302\/","title":{"rendered":"2Levels"},"content":{"rendered":"\t\t<div data-elementor-type=\"wp-page\" data-elementor-id=\"6302\" class=\"elementor elementor-6302\" data-elementor-post-type=\"page\">\n\t\t\t\t\t\t<section class=\"elementor-section elementor-top-section elementor-element elementor-element-7c101fe8 elementor-section-boxed elementor-section-height-default elementor-section-height-default\" data-id=\"7c101fe8\" data-element_type=\"section\" data-e-type=\"section\">\n\t\t\t\t\t\t<div class=\"elementor-container elementor-column-gap-default\">\n\t\t\t\t\t<div class=\"elementor-column elementor-col-100 elementor-top-column elementor-element elementor-element-2427bf18\" data-id=\"2427bf18\" data-element_type=\"column\" data-e-type=\"column\">\n\t\t\t<div class=\"elementor-widget-wrap elementor-element-populated\">\n\t\t\t\t\t\t<div class=\"elementor-element elementor-element-648cbed1 elementor-hidden-mobile elementor-hidden-tablet elementor-widget elementor-widget-image\" data-id=\"648cbed1\" data-element_type=\"widget\" data-e-type=\"widget\" data-widget_type=\"image.default\">\n\t\t\t\t<div class=\"elementor-widget-container\">\n\t\t\t\t\t\t\t\t\t\t\t\t\t\t\t\t<a href=\"https:\/\/www.speziell.net\/beta\/home\/\">\n\t\t\t\t\t\t\t<img decoding=\"async\" width=\"100\" height=\"100\" src=\"https:\/\/www.speziell.net\/beta\/wp-content\/uploads\/2023\/02\/speziell_logo_grau-1.svg\" class=\"attachment-large size-large wp-image-731\" alt=\"Designstudio speziell\u00ae \u2013 Fleckenstein Pohlmann Schwer GbR\" \/>\t\t\t\t\t\t\t\t<\/a>\n\t\t\t\t\t\t\t\t\t\t\t\t\t\t\t<\/div>\n\t\t\t\t<\/div>\n\t\t\t\t<div class=\"elementor-element elementor-element-16bf3633 elementor-hidden-desktop elementor-widget elementor-widget-image\" data-id=\"16bf3633\" data-element_type=\"widget\" data-e-type=\"widget\" data-widget_type=\"image.default\">\n\t\t\t\t<div class=\"elementor-widget-container\">\n\t\t\t\t\t\t\t\t\t\t\t\t\t\t\t\t<a href=\"https:\/\/www.speziell.net\/beta\/home\/\">\n\t\t\t\t\t\t\t<img decoding=\"async\" width=\"100\" height=\"100\" src=\"https:\/\/www.speziell.net\/beta\/wp-content\/uploads\/2023\/03\/speziell_logo_oSubline.svg\" class=\"attachment-large size-large wp-image-2739\" alt=\"\" \/>\t\t\t\t\t\t\t\t<\/a>\n\t\t\t\t\t\t\t\t\t\t\t\t\t\t\t<\/div>\n\t\t\t\t<\/div>\n\t\t\t\t\t<\/div>\n\t\t<\/div>\n\t\t\t\t\t<\/div>\n\t\t<\/section>\n\t\t\t\t<section class=\"elementor-section elementor-top-section elementor-element elementor-element-3415ae3d elementor-section-boxed elementor-section-height-default elementor-section-height-default\" data-id=\"3415ae3d\" data-element_type=\"section\" data-e-type=\"section\">\n\t\t\t\t\t\t<div class=\"elementor-container elementor-column-gap-default\">\n\t\t\t\t\t<div class=\"elementor-column elementor-col-50 elementor-top-column elementor-element elementor-element-4e44c3b6\" data-id=\"4e44c3b6\" data-element_type=\"column\" data-e-type=\"column\">\n\t\t\t<div class=\"elementor-widget-wrap elementor-element-populated\">\n\t\t\t\t\t\t<div class=\"elementor-element elementor-element-23ed5d5b elementor-widget elementor-widget-heading\" data-id=\"23ed5d5b\" data-element_type=\"widget\" data-e-type=\"widget\" data-widget_type=\"heading.default\">\n\t\t\t\t<div class=\"elementor-widget-container\">\n\t\t\t\t\t<h2 class=\"elementor-heading-title elementor-size-default\">Palmberg: 2Levels<\/h2>\t\t\t\t<\/div>\n\t\t\t\t<\/div>\n\t\t\t\t<div class=\"elementor-element elementor-element-5663c210 elementor-widget elementor-widget-text-editor\" data-id=\"5663c210\" data-element_type=\"widget\" data-e-type=\"widget\" data-widget_type=\"text-editor.default\">\n\t\t\t\t<div class=\"elementor-widget-container\">\n\t\t\t\t\t\t\t\t\t<p>Zweiseitig nutzbarer Stuhl<\/p>\t\t\t\t\t\t\t\t<\/div>\n\t\t\t\t<\/div>\n\t\t\t\t<div class=\"elementor-element elementor-element-13c22d74 elementor-widget elementor-widget-text-editor\" data-id=\"13c22d74\" data-element_type=\"widget\" data-e-type=\"widget\" data-widget_type=\"text-editor.default\">\n\t\t\t\t<div class=\"elementor-widget-container\">\n\t\t\t\t\t\t\t\t\t<p>2Levels erm\u00f6glicht, bzw. unterst\u00fctzt zwei Arbeitspositionen: Stehen und Sitzen. Mit einer einfachen H\u00f6henverstellung lassen sich die Ebenen an verschiedene K\u00f6rpergr\u00f6\u00dfen anpassen. Die kurze Sitzfl\u00e4che an der R\u00fcckenlehne dient auch als Griff, um den Stuhl anzuheben und an eine andere Position zu rollen. Beim seitlichen Sitzen auf dem unteren Level (z.B. w\u00e4hrend eines Gespr\u00e4chs) kann die obere Fl\u00e4che als einseitige Armauflage genutzt werden.<\/p><p>Zwei Formholz-Winkel bilden Sitzfl\u00e4che und R\u00fcckenlehne. Die Trennung der Schalen erleichtert das Polstern. Zwischen den Holzteilen befindet sich der Verstellmechanismus mit einem Federbolzen und einer einfachen Lochreihe. Auf eine, unter Nachhaltigkeitsaspekten problematische Gasdruckfeder kann verzichtet werden. Die Ergonomie wurde in einem Sitzlabor getestet. Sitz- und Stehh\u00f6he passen sich durch die synchrone Verstellung gleichzeitig der jeweiligen K\u00f6rpergr\u00f6\u00dfe an. Dadurch ist eine pers\u00f6nliche H\u00f6heneinstellung meist nur einmalig n\u00f6tig.<\/p><p>Projektpartner:<br \/><a style=\"font-family: 'IBM Plex Serif', sans-serif; font-size: 17px; font-weight: 400; background-color: #ffffff;\" href=\"https:\/\/palmberg.de\/de\/bueromoebel\" target=\"_blank\" rel=\"noopener\">https:\/\/www.palmberg.com<\/a><\/p>\t\t\t\t\t\t\t\t<\/div>\n\t\t\t\t<\/div>\n\t\t\t\t\t<\/div>\n\t\t<\/div>\n\t\t\t\t<div class=\"elementor-column elementor-col-50 elementor-top-column elementor-element elementor-element-519255be\" data-id=\"519255be\" data-element_type=\"column\" data-e-type=\"column\">\n\t\t\t<div class=\"elementor-widget-wrap elementor-element-populated\">\n\t\t\t\t\t\t<div class=\"elementor-element elementor-element-16d6683b elementor-widget elementor-widget-gallery\" data-id=\"16d6683b\" data-element_type=\"widget\" data-e-type=\"widget\" data-settings=\"{&quot;gallery_layout&quot;:&quot;masonry&quot;,&quot;columns&quot;:2,&quot;lazyload&quot;:&quot;yes&quot;,&quot;columns_tablet&quot;:2,&quot;columns_mobile&quot;:1,&quot;gap&quot;:{&quot;unit&quot;:&quot;px&quot;,&quot;size&quot;:10,&quot;sizes&quot;:[]},&quot;gap_tablet&quot;:{&quot;unit&quot;:&quot;px&quot;,&quot;size&quot;:10,&quot;sizes&quot;:[]},&quot;gap_mobile&quot;:{&quot;unit&quot;:&quot;px&quot;,&quot;size&quot;:10,&quot;sizes&quot;:[]},&quot;link_to&quot;:&quot;file&quot;,&quot;content_hover_animation&quot;:&quot;fade-in&quot;}\" data-widget_type=\"gallery.default\">\n\t\t\t\t<div class=\"elementor-widget-container\">\n\t\t\t\t\t\t\t<div class=\"elementor-gallery__container\">\n\t\t\t\t\t\t\t<a class=\"e-gallery-item elementor-gallery-item elementor-animated-content\" href=\"https:\/\/www.speziell.net\/beta\/wp-content\/uploads\/2026\/05\/2025_Palmberg_2Levels_by_speziell_Stehhilfe-und-Sitzen.jpg\" data-elementor-open-lightbox=\"yes\" data-elementor-lightbox-slideshow=\"16d6683b\" data-elementor-lightbox-title=\"2025_Palmberg_2Levels_by_speziell_Stehhilfe und Sitzen\" data-elementor-lightbox-description=\"Palmberg: Stuhl 2Levels by Designstudio speziell\u00ae \u2013 2 Ebenen in Benutzung \" data-e-action-hash=\"#elementor-action%3Aaction%3Dlightbox%26settings%3DeyJpZCI6NjMxNCwidXJsIjoiaHR0cHM6XC9cL3d3dy5zcGV6aWVsbC5uZXRcL2JldGFcL3dwLWNvbnRlbnRcL3VwbG9hZHNcLzIwMjZcLzA1XC8yMDI1X1BhbG1iZXJnXzJMZXZlbHNfYnlfc3BlemllbGxfU3RlaGhpbGZlLXVuZC1TaXR6ZW4uanBnIiwic2xpZGVzaG93IjoiMTZkNjY4M2IifQ%3D%3D\">\n\t\t\t\t\t<div class=\"e-gallery-image elementor-gallery-item__image\" data-thumbnail=\"https:\/\/www.speziell.net\/beta\/wp-content\/uploads\/2026\/05\/2025_Palmberg_2Levels_by_speziell_Stehhilfe-und-Sitzen-1024x751.jpg\" data-width=\"800\" data-height=\"587\" aria-label=\"Palmberg: Stuhl 2Levels by Designstudio speziell\u00ae \u2013 2 Ebenen in Benutzung\" role=\"img\" ><\/div>\n\t\t\t\t\t\t\t\t\t\t\t\t\t\t<\/a>\n\t\t\t\t\t\t\t<a class=\"e-gallery-item elementor-gallery-item elementor-animated-content\" href=\"https:\/\/www.speziell.net\/beta\/wp-content\/uploads\/2026\/05\/2025_Palmberg_2Levels_by_speziell_Ansichten.jpg\" data-elementor-open-lightbox=\"yes\" data-elementor-lightbox-slideshow=\"16d6683b\" data-elementor-lightbox-title=\"2025_Palmberg_2Levels_by_speziell_Ansichten\" data-elementor-lightbox-description=\"Palmberg: Stuhl 2Levels by Designstudio speziell\u00ae \u2013 Zwei Rollen machen den Stuhl mobil\" data-e-action-hash=\"#elementor-action%3Aaction%3Dlightbox%26settings%3DeyJpZCI6NjMwNCwidXJsIjoiaHR0cHM6XC9cL3d3dy5zcGV6aWVsbC5uZXRcL2JldGFcL3dwLWNvbnRlbnRcL3VwbG9hZHNcLzIwMjZcLzA1XC8yMDI1X1BhbG1iZXJnXzJMZXZlbHNfYnlfc3BlemllbGxfQW5zaWNodGVuLmpwZyIsInNsaWRlc2hvdyI6IjE2ZDY2ODNiIn0%3D\">\n\t\t\t\t\t<div class=\"e-gallery-image elementor-gallery-item__image\" data-thumbnail=\"https:\/\/www.speziell.net\/beta\/wp-content\/uploads\/2026\/05\/2025_Palmberg_2Levels_by_speziell_Ansichten-1024x751.jpg\" data-width=\"800\" data-height=\"587\" aria-label=\"Palmberg: Stuhl 2Levels by Designstudio speziell\u00ae \u2013 Zwei Rollen machen den Stuhl mobil\" role=\"img\" ><\/div>\n\t\t\t\t\t\t\t\t\t\t\t\t\t\t<\/a>\n\t\t\t\t\t\t\t<a class=\"e-gallery-item elementor-gallery-item elementor-animated-content\" href=\"https:\/\/www.speziell.net\/beta\/wp-content\/uploads\/2026\/05\/2025_Palmberg_2Levels_by_speziell_Sitzlabor_Einrichten-der-Sitzmaschine.jpg\" data-elementor-open-lightbox=\"yes\" data-elementor-lightbox-slideshow=\"16d6683b\" data-elementor-lightbox-title=\"2025_Palmberg_2Levels_by_speziell_Sitzlabor_Einrichten der Sitzmaschine\" data-elementor-lightbox-description=\"Palmberg: Stuhl 2Levels by Designstudio speziell\u00ae \u2013 Abstimmen der Ergonomie\" data-e-action-hash=\"#elementor-action%3Aaction%3Dlightbox%26settings%3DeyJpZCI6NjMwNywidXJsIjoiaHR0cHM6XC9cL3d3dy5zcGV6aWVsbC5uZXRcL2JldGFcL3dwLWNvbnRlbnRcL3VwbG9hZHNcLzIwMjZcLzA1XC8yMDI1X1BhbG1iZXJnXzJMZXZlbHNfYnlfc3BlemllbGxfU2l0emxhYm9yX0VpbnJpY2h0ZW4tZGVyLVNpdHptYXNjaGluZS5qcGciLCJzbGlkZXNob3ciOiIxNmQ2NjgzYiJ9\">\n\t\t\t\t\t<div class=\"e-gallery-image elementor-gallery-item__image\" data-thumbnail=\"https:\/\/www.speziell.net\/beta\/wp-content\/uploads\/2026\/05\/2025_Palmberg_2Levels_by_speziell_Sitzlabor_Einrichten-der-Sitzmaschine-751x1024.jpg\" data-width=\"751\" data-height=\"1024\" aria-label=\"Palmberg: Stuhl 2Levels by Designstudio speziell\u00ae \u2013 Abstimmen der Ergonomie\" role=\"img\" ><\/div>\n\t\t\t\t\t\t\t\t\t\t\t\t\t\t<\/a>\n\t\t\t\t\t\t\t<a class=\"e-gallery-item elementor-gallery-item elementor-animated-content\" href=\"https:\/\/www.speziell.net\/beta\/wp-content\/uploads\/2026\/05\/2025_Palmberg_2Levels_by_speziell_Aufbau_2.jpg\" data-elementor-open-lightbox=\"yes\" data-elementor-lightbox-slideshow=\"16d6683b\" data-elementor-lightbox-title=\"2025_Palmberg_2Levels_by_speziell_Aufbau_2\" data-elementor-lightbox-description=\"Palmberg: Stuhl 2Levels by Designstudio speziell\u00ae \u2013 Zwischen den Formholzteilen sitzt die H\u00f6henverstellung\" data-e-action-hash=\"#elementor-action%3Aaction%3Dlightbox%26settings%3DeyJpZCI6NjMwNiwidXJsIjoiaHR0cHM6XC9cL3d3dy5zcGV6aWVsbC5uZXRcL2JldGFcL3dwLWNvbnRlbnRcL3VwbG9hZHNcLzIwMjZcLzA1XC8yMDI1X1BhbG1iZXJnXzJMZXZlbHNfYnlfc3BlemllbGxfQXVmYmF1XzIuanBnIiwic2xpZGVzaG93IjoiMTZkNjY4M2IifQ%3D%3D\">\n\t\t\t\t\t<div class=\"e-gallery-image elementor-gallery-item__image\" data-thumbnail=\"https:\/\/www.speziell.net\/beta\/wp-content\/uploads\/2026\/05\/2025_Palmberg_2Levels_by_speziell_Aufbau_2-1024x751.jpg\" data-width=\"800\" data-height=\"587\" aria-label=\"Palmberg: Stuhl 2Levels by Designstudio speziell\u00ae \u2013 Zwischen den Formholzteilen sitzt die H\u00f6henverstellung\" role=\"img\" ><\/div>\n\t\t\t\t\t\t\t\t\t\t\t\t\t\t<\/a>\n\t\t\t\t\t\t\t<a class=\"e-gallery-item elementor-gallery-item elementor-animated-content\" href=\"https:\/\/www.speziell.net\/beta\/wp-content\/uploads\/2026\/05\/2025_Palmberg_2Levels_by_speziell_Sitzlabor_Einrichten-der-Sitzmaschine_Detail.jpg\" data-elementor-open-lightbox=\"yes\" data-elementor-lightbox-slideshow=\"16d6683b\" data-elementor-lightbox-title=\"2025_Palmberg_2Levels_by_speziell_Sitzlabor_Einrichten der Sitzmaschine_Detail\" data-elementor-lightbox-description=\"Palmberg: Stuhl 2Levels by Designstudio speziell\u00ae \u2013 Die Sitzmaschine l\u00e4sst feine Einstellungen zu\" data-e-action-hash=\"#elementor-action%3Aaction%3Dlightbox%26settings%3DeyJpZCI6NjMwOCwidXJsIjoiaHR0cHM6XC9cL3d3dy5zcGV6aWVsbC5uZXRcL2JldGFcL3dwLWNvbnRlbnRcL3VwbG9hZHNcLzIwMjZcLzA1XC8yMDI1X1BhbG1iZXJnXzJMZXZlbHNfYnlfc3BlemllbGxfU2l0emxhYm9yX0VpbnJpY2h0ZW4tZGVyLVNpdHptYXNjaGluZV9EZXRhaWwuanBnIiwic2xpZGVzaG93IjoiMTZkNjY4M2IifQ%3D%3D\">\n\t\t\t\t\t<div class=\"e-gallery-image elementor-gallery-item__image\" data-thumbnail=\"https:\/\/www.speziell.net\/beta\/wp-content\/uploads\/2026\/05\/2025_Palmberg_2Levels_by_speziell_Sitzlabor_Einrichten-der-Sitzmaschine_Detail-751x1024.jpg\" data-width=\"751\" data-height=\"1024\" aria-label=\"Palmberg: Stuhl 2Levels by Designstudio speziell\u00ae \u2013 Die Sitzmaschine l\u00e4sst feine Einstellungen zu\" role=\"img\" ><\/div>\n\t\t\t\t\t\t\t\t\t\t\t\t\t\t<\/a>\n\t\t\t\t\t\t\t<a class=\"e-gallery-item elementor-gallery-item elementor-animated-content\" href=\"https:\/\/www.speziell.net\/beta\/wp-content\/uploads\/2026\/05\/2025_Palmberg_2Levels_by_speziell_Aufbau_1.jpg\" data-elementor-open-lightbox=\"yes\" data-elementor-lightbox-slideshow=\"16d6683b\" data-elementor-lightbox-title=\"2025_Palmberg_2Levels_by_speziell_Aufbau_1\" data-elementor-lightbox-description=\"Palmberg: Stuhl 2Levels by Designstudio speziell\u00ae \u2013 Der Stuhl besteht aus zwei gepolsterten Formholzschalen\" data-e-action-hash=\"#elementor-action%3Aaction%3Dlightbox%26settings%3DeyJpZCI6NjMwNSwidXJsIjoiaHR0cHM6XC9cL3d3dy5zcGV6aWVsbC5uZXRcL2JldGFcL3dwLWNvbnRlbnRcL3VwbG9hZHNcLzIwMjZcLzA1XC8yMDI1X1BhbG1iZXJnXzJMZXZlbHNfYnlfc3BlemllbGxfQXVmYmF1XzEuanBnIiwic2xpZGVzaG93IjoiMTZkNjY4M2IifQ%3D%3D\">\n\t\t\t\t\t<div class=\"e-gallery-image elementor-gallery-item__image\" data-thumbnail=\"https:\/\/www.speziell.net\/beta\/wp-content\/uploads\/2026\/05\/2025_Palmberg_2Levels_by_speziell_Aufbau_1-1024x751.jpg\" data-width=\"800\" data-height=\"587\" aria-label=\"Palmberg: Stuhl 2Levels by Designstudio speziell\u00ae \u2013 Der Stuhl besteht aus zwei gepolsterten Formholzschalen\" role=\"img\" ><\/div>\n\t\t\t\t\t\t\t\t\t\t\t\t\t\t<\/a>\n\t\t\t\t\t\t\t<a class=\"e-gallery-item elementor-gallery-item elementor-animated-content\" href=\"https:\/\/www.speziell.net\/beta\/wp-content\/uploads\/2026\/05\/2025_Palmberg_2Levels_by_speziell_Sitzlabor_Sitzen_Sybille.jpg\" data-elementor-open-lightbox=\"yes\" data-elementor-lightbox-slideshow=\"16d6683b\" data-elementor-lightbox-title=\"2025_Palmberg_2Levels_by_speziell_Sitzlabor_Sitzen_Sybille\" data-elementor-lightbox-description=\"Palmberg: Stuhl 2Levels by Designstudio speziell\u00ae \u2013 Ergonomie der Sitzfunktion (Sybille Fleckenstein)\" data-e-action-hash=\"#elementor-action%3Aaction%3Dlightbox%26settings%3DeyJpZCI6NjMxMiwidXJsIjoiaHR0cHM6XC9cL3d3dy5zcGV6aWVsbC5uZXRcL2JldGFcL3dwLWNvbnRlbnRcL3VwbG9hZHNcLzIwMjZcLzA1XC8yMDI1X1BhbG1iZXJnXzJMZXZlbHNfYnlfc3BlemllbGxfU2l0emxhYm9yX1NpdHplbl9TeWJpbGxlLmpwZyIsInNsaWRlc2hvdyI6IjE2ZDY2ODNiIn0%3D\">\n\t\t\t\t\t<div class=\"e-gallery-image elementor-gallery-item__image\" data-thumbnail=\"https:\/\/www.speziell.net\/beta\/wp-content\/uploads\/2026\/05\/2025_Palmberg_2Levels_by_speziell_Sitzlabor_Sitzen_Sybille-751x1024.jpg\" data-width=\"751\" data-height=\"1024\" aria-label=\"Palmberg: Stuhl 2Levels by Designstudio speziell\u00ae \u2013 Ergonomie der Sitzfunktion (Sybille Fleckenstein)\" role=\"img\" ><\/div>\n\t\t\t\t\t\t\t\t\t\t\t\t\t\t<\/a>\n\t\t\t\t\t\t\t<a class=\"e-gallery-item elementor-gallery-item elementor-animated-content\" href=\"https:\/\/www.speziell.net\/beta\/wp-content\/uploads\/2026\/05\/2025_Palmberg_2Levels_by_speziell_Sitzlabor_Stehhilfe_Sybille.jpg\" data-elementor-open-lightbox=\"yes\" data-elementor-lightbox-slideshow=\"16d6683b\" data-elementor-lightbox-title=\"2025_Palmberg_2Levels_by_speziell_Sitzlabor_Stehhilfe_Sybille\" data-elementor-lightbox-description=\"Palmberg: Stuhl 2Levels by Designstudio speziell\u00ae \u2013 Ergonomie der Stehfunktion (Sybille Fleckenstein)\" data-e-action-hash=\"#elementor-action%3Aaction%3Dlightbox%26settings%3DeyJpZCI6NjMxMywidXJsIjoiaHR0cHM6XC9cL3d3dy5zcGV6aWVsbC5uZXRcL2JldGFcL3dwLWNvbnRlbnRcL3VwbG9hZHNcLzIwMjZcLzA1XC8yMDI1X1BhbG1iZXJnXzJMZXZlbHNfYnlfc3BlemllbGxfU2l0emxhYm9yX1N0ZWhoaWxmZV9TeWJpbGxlLmpwZyIsInNsaWRlc2hvdyI6IjE2ZDY2ODNiIn0%3D\">\n\t\t\t\t\t<div class=\"e-gallery-image elementor-gallery-item__image\" data-thumbnail=\"https:\/\/www.speziell.net\/beta\/wp-content\/uploads\/2026\/05\/2025_Palmberg_2Levels_by_speziell_Sitzlabor_Stehhilfe_Sybille-751x1024.jpg\" data-width=\"751\" data-height=\"1024\" aria-label=\"Palmberg: Stuhl 2Levels by Designstudio speziell\u00ae \u2013 Ergonomie der Stehfunktion (Sybille Fleckenstein)\" role=\"img\" ><\/div>\n\t\t\t\t\t\t\t\t\t\t\t\t\t\t<\/a>\n\t\t\t\t\t\t\t<a class=\"e-gallery-item elementor-gallery-item elementor-animated-content\" href=\"https:\/\/www.speziell.net\/beta\/wp-content\/uploads\/2026\/05\/2025_Palmberg_2Levels_by_speziell_Sitzlabor_Probe-gepolsterter-Prototypen.jpg\" data-elementor-open-lightbox=\"yes\" data-elementor-lightbox-slideshow=\"16d6683b\" data-elementor-lightbox-title=\"2025_Palmberg_2Levels_by_speziell_Sitzlabor_Probe gepolsterter Prototypen\" data-elementor-lightbox-description=\"Palmberg: Stuhl 2Levels by Designstudio speziell\u00ae \u2013 Jens Pohlmann testet die Stehfunktion des ersten gepolsterten Prototyps\" data-e-action-hash=\"#elementor-action%3Aaction%3Dlightbox%26settings%3DeyJpZCI6NjMwOSwidXJsIjoiaHR0cHM6XC9cL3d3dy5zcGV6aWVsbC5uZXRcL2JldGFcL3dwLWNvbnRlbnRcL3VwbG9hZHNcLzIwMjZcLzA1XC8yMDI1X1BhbG1iZXJnXzJMZXZlbHNfYnlfc3BlemllbGxfU2l0emxhYm9yX1Byb2JlLWdlcG9sc3RlcnRlci1Qcm90b3R5cGVuLmpwZyIsInNsaWRlc2hvdyI6IjE2ZDY2ODNiIn0%3D\">\n\t\t\t\t\t<div class=\"e-gallery-image elementor-gallery-item__image\" data-thumbnail=\"https:\/\/www.speziell.net\/beta\/wp-content\/uploads\/2026\/05\/2025_Palmberg_2Levels_by_speziell_Sitzlabor_Probe-gepolsterter-Prototypen-751x1024.jpg\" data-width=\"751\" data-height=\"1024\" aria-label=\"Palmberg: Stuhl 2Levels by Designstudio speziell\u00ae \u2013 Jens Pohlmann testet die Stehfunktion des ersten gepolsterten Prototyps\" role=\"img\" ><\/div>\n\t\t\t\t\t\t\t\t\t\t\t\t\t\t<\/a>\n\t\t\t\t\t\t\t<a class=\"e-gallery-item elementor-gallery-item elementor-animated-content\" href=\"https:\/\/www.speziell.net\/beta\/wp-content\/uploads\/2026\/05\/2025_Palmberg_2Levels_by_speziell_Sitzlabor_Probe-gepolsterter-Prototypen_2.jpg\" data-elementor-open-lightbox=\"yes\" data-elementor-lightbox-slideshow=\"16d6683b\" data-elementor-lightbox-title=\"2025_Palmberg_2Levels_by_speziell_Sitzlabor_Probe gepolsterter Prototypen_2\" data-elementor-lightbox-description=\"Palmberg: Stuhl 2Levels by Designstudio speziell\u00ae \u2013 Sybille Fleckenstein testet die Stehfunktion des ersten gepolsterten Prototyps\" data-e-action-hash=\"#elementor-action%3Aaction%3Dlightbox%26settings%3DeyJpZCI6NjMxMCwidXJsIjoiaHR0cHM6XC9cL3d3dy5zcGV6aWVsbC5uZXRcL2JldGFcL3dwLWNvbnRlbnRcL3VwbG9hZHNcLzIwMjZcLzA1XC8yMDI1X1BhbG1iZXJnXzJMZXZlbHNfYnlfc3BlemllbGxfU2l0emxhYm9yX1Byb2JlLWdlcG9sc3RlcnRlci1Qcm90b3R5cGVuXzIuanBnIiwic2xpZGVzaG93IjoiMTZkNjY4M2IifQ%3D%3D\">\n\t\t\t\t\t<div class=\"e-gallery-image elementor-gallery-item__image\" data-thumbnail=\"https:\/\/www.speziell.net\/beta\/wp-content\/uploads\/2026\/05\/2025_Palmberg_2Levels_by_speziell_Sitzlabor_Probe-gepolsterter-Prototypen_2-751x1024.jpg\" data-width=\"751\" data-height=\"1024\" aria-label=\"Palmberg: Stuhl 2Levels by Designstudio speziell\u00ae \u2013 Sybille Fleckenstein testet die Stehfunktion des ersten gepolsterten Prototyps\" role=\"img\" ><\/div>\n\t\t\t\t\t\t\t\t\t\t\t\t\t\t<\/a>\n\t\t\t\t\t\t\t<a class=\"e-gallery-item elementor-gallery-item elementor-animated-content\" href=\"https:\/\/www.speziell.net\/beta\/wp-content\/uploads\/2026\/05\/2025_Palmberg_2Levels_by_speziell_Sitzlabor_Probe-gepolsterter-Prototypen_3.jpg\" data-elementor-open-lightbox=\"yes\" data-elementor-lightbox-slideshow=\"16d6683b\" data-elementor-lightbox-title=\"2025_Palmberg_2Levels_by_speziell_Sitzlabor_Probe gepolsterter Prototypen_3\" data-elementor-lightbox-description=\"Palmberg: Stuhl 2Levels by Designstudio speziell\u00ae \u2013 Sybille Fleckenstein testet die Sitzfunktion des ersten gepolsterten Prototyps\" data-e-action-hash=\"#elementor-action%3Aaction%3Dlightbox%26settings%3DeyJpZCI6NjMxMSwidXJsIjoiaHR0cHM6XC9cL3d3dy5zcGV6aWVsbC5uZXRcL2JldGFcL3dwLWNvbnRlbnRcL3VwbG9hZHNcLzIwMjZcLzA1XC8yMDI1X1BhbG1iZXJnXzJMZXZlbHNfYnlfc3BlemllbGxfU2l0emxhYm9yX1Byb2JlLWdlcG9sc3RlcnRlci1Qcm90b3R5cGVuXzMuanBnIiwic2xpZGVzaG93IjoiMTZkNjY4M2IifQ%3D%3D\">\n\t\t\t\t\t<div class=\"e-gallery-image elementor-gallery-item__image\" data-thumbnail=\"https:\/\/www.speziell.net\/beta\/wp-content\/uploads\/2026\/05\/2025_Palmberg_2Levels_by_speziell_Sitzlabor_Probe-gepolsterter-Prototypen_3-751x1024.jpg\" data-width=\"751\" data-height=\"1024\" aria-label=\"Palmberg: Stuhl 2Levels by Designstudio speziell\u00ae \u2013 Sybille Fleckenstein testet die Sitzfunktion des ersten gepolsterten Prototyps\" role=\"img\" ><\/div>\n\t\t\t\t\t\t\t\t\t\t\t\t\t\t<\/a>\n\t\t\t\t\t<\/div>\n\t\t\t\t\t<\/div>\n\t\t\t\t<\/div>\n\t\t\t\t\t<\/div>\n\t\t<\/div>\n\t\t\t\t\t<\/div>\n\t\t<\/section>\n\t\t\t\t<\/div>\n\t\t","protected":false},"excerpt":{"rendered":"<p>Palmberg: 2Levels Zweiseitig nutzbarer Stuhl 2Levels erm\u00f6glicht, bzw. unterst\u00fctzt zwei Arbeitspositionen: Stehen und Sitzen. Mit einer einfachen H\u00f6henverstellung lassen sich die Ebenen an verschiedene K\u00f6rpergr\u00f6\u00dfen anpassen. Die kurze Sitzfl\u00e4che an der R\u00fcckenlehne dient auch als Griff, um den Stuhl anzuheben und an eine andere Position zu rollen. Beim seitlichen Sitzen auf dem unteren Level (z.B. [&hellip;]<\/p>\n","protected":false},"author":3,"featured_media":6314,"parent":0,"menu_order":0,"comment_status":"closed","ping_status":"closed","template":"","meta":{"footnotes":""},"class_list":["post-6302","page","type-page","status-publish","has-post-thumbnail","hentry"],"_links":{"self":[{"href":"https:\/\/www.speziell.net\/beta\/wp-json\/wp\/v2\/pages\/6302","targetHints":{"allow":["GET"]}}],"collection":[{"href":"https:\/\/www.speziell.net\/beta\/wp-json\/wp\/v2\/pages"}],"about":[{"href":"https:\/\/www.speziell.net\/beta\/wp-json\/wp\/v2\/types\/page"}],"author":[{"embeddable":true,"href":"https:\/\/www.speziell.net\/beta\/wp-json\/wp\/v2\/users\/3"}],"replies":[{"embeddable":true,"href":"https:\/\/www.speziell.net\/beta\/wp-json\/wp\/v2\/comments?post=6302"}],"version-history":[{"count":13,"href":"https:\/\/www.speziell.net\/beta\/wp-json\/wp\/v2\/pages\/6302\/revisions"}],"predecessor-version":[{"id":6364,"href":"https:\/\/www.speziell.net\/beta\/wp-json\/wp\/v2\/pages\/6302\/revisions\/6364"}],"wp:featuredmedia":[{"embeddable":true,"href":"https:\/\/www.speziell.net\/beta\/wp-json\/wp\/v2\/media\/6314"}],"wp:attachment":[{"href":"https:\/\/www.speziell.net\/beta\/wp-json\/wp\/v2\/media?parent=6302"}],"curies":[{"name":"wp","href":"https:\/\/api.w.org\/{rel}","templated":true}]}}